{"id":828,"date":"2025-04-04T07:22:58","date_gmt":"2025-04-04T07:22:58","guid":{"rendered":"http:\/\/horizons28.com\/handelskonten\/"},"modified":"2025-04-14T14:33:16","modified_gmt":"2025-04-14T14:33:16","slug":"handelskonten","status":"publish","type":"page","link":"https:\/\/horizons28.com\/de\/handelskonten\/","title":{"rendered":"Handelskonten"},"content":{"rendered":"\n<h1>\n\t\tMa\u00dfgeschneiderte Konten. F\u00fcr H\u00e4ndler konzipiert. \n\t<\/h1>\n\t<p>Handeln Sie Devisen, Indizes, Kryptow\u00e4hrungen, Aktien und mehr mit Kontentypen, die f\u00fcr Ihre pers\u00f6nliche Handelsstrategie entwickelt wurden.<\/p>\n\t\t\t\t<img loading=\"lazy\" decoding=\"async\" src=\"http:\/\/horizons28.com\/wp-content\/uploads\/2025\/04\/account-types.png\" alt=\"Account Types\" itemprop=\"image\" height=\"500\" width=\"600\" title=\"account-types\" onerror=\"this.style.display='none'\"  \/>\n\t<p><strong>BRONZE<\/strong><\/p>\n<strong>$10.000<\/strong><br \/>\n<strong>Mindesteinlage<\/strong>\n\t<strong>Hebel:<\/strong><br \/>\nBis zu 1:10\n<p><strong>Handelsakademie<\/strong><\/p>\n<strong>Markt\u00fcberblick:<\/strong><br \/>\nW\u00f6chentlich\n<p><strong>Kontomanager<\/strong><\/p>\n<strong>Portfoliobericht:<\/strong><br \/>\nW\u00f6chentlich\n\t\t\t<a href=\"https:\/\/area.horizons28.net\/auth\/registration\" target=\"_blank\" rel=\"noopener\">\n\t\t\t\t\t\t\tKonto er\u00f6ffnen\n\t\t\t\t\t<\/a>\n\t<p><strong>SILBER<\/strong><\/p>\n<strong>$25.000<\/strong><br \/>\n<strong>Mindesteinlage<\/strong>\n\t<strong>Hebel:<\/strong><br \/>\nBis zu 1:10\n<p><strong>Handelsakademie<\/strong><\/p>\n<strong>Markt\u00fcberblick:<\/strong><br \/>\nW\u00f6chentlich\n<p><strong>Kontomanager<\/strong><\/p>\n<strong>Portfoliobericht:<\/strong><br \/>\nW\u00f6chentlich\n<strong>Portfoliomanager:<\/strong><br \/>\nPers\u00f6nlich\n<strong>Analystenberatung:<\/strong><br \/>\nW\u00f6chentlich\n\t\t\t<a href=\"https:\/\/area.horizons28.net\/auth\/registration\" target=\"_blank\" rel=\"noopener\">\n\t\t\t\t\t\t\tKonto er\u00f6ffnen\n\t\t\t\t\t<\/a>\n\t<p><strong>GOLD<\/strong><\/p>\n<strong>$50.000<\/strong><br \/>\n<strong>Mindesteinlage<\/strong>\n\t<strong>Hebel:<\/strong><br \/>\nBis zu 1:50\n<p><strong>Handelsakademie<\/strong><\/p>\n<strong>Markt\u00fcberblick:<\/strong><br \/>\nW\u00f6chentlich\n<p><strong>Kontomanager<\/strong><\/p>\n<strong>Portfoliobericht:<\/strong><br \/>\nW\u00f6chentlich\n<strong>Analystenberatung:<\/strong><br \/>\nT\u00e4glich\n<strong>Live-Webinar:<\/strong><br \/>\nW\u00f6chentlich\n<strong>H\u00e4ndlerschulung:<\/strong><br \/>\nMa\u00dfgeschneidert\n<strong>Marktsignale:<\/strong><br \/>\nT\u00e4glich\n<p><strong>VIP-Veranstaltungen<\/strong><\/p>\n<strong>Swap-Rabatt:<\/strong><br \/>\n25%\n\t\t\t<a href=\"https:\/\/area.horizons28.net\/auth\/registration\" target=\"_blank\" rel=\"noopener\">\n\t\t\t\t\t\t\tKonto er\u00f6ffnen\n\t\t\t\t\t<\/a>\n\t<p><strong>PLATIN<\/strong><\/p>\n<strong>$100.000<\/strong><br \/>\n<strong>Mindesteinlage<\/strong>\n\t<strong>Hebel:<\/strong><br \/>\nBis zu 1:50\n<p><strong>Handelsakademie<\/strong><\/p>\n<strong>Markt\u00fcberblick:<\/strong><br \/>\nW\u00f6chentlich\n<p><strong>Kontomanager<\/strong><\/p>\n<strong>Portfoliobericht:<\/strong><br \/>\nW\u00f6chentlich\n<strong>Analystenberatung:<\/strong><br \/>\nT\u00e4glich\n<strong>Live-Webinar:<\/strong><br \/>\nW\u00f6chentlich\n<strong>H\u00e4ndlerschulung:<\/strong><br \/>\nMa\u00dfgeschneidert\n<strong>Marktsignale:<\/strong><br \/>\nT\u00e4glich\n<p><strong>VIP-Veranstaltungen<\/strong><\/p>\n<strong>Buchhaltungsberatung:<\/strong><br \/>\nMonatlich\n<strong>Konto\u00fcberwachung:<br \/>\n<\/strong>24\/7\n<p><strong>Jahres\u00fcbersicht<\/strong><\/p>\n<strong>Swap-Rabatt:<\/strong><br \/>\n25%\n\t\t\t<a href=\"https:\/\/area.horizons28.net\/auth\/registration\" target=\"_blank\" rel=\"noopener\">\n\t\t\t\t\t\t\tKonto er\u00f6ffnen\n\t\t\t\t\t<\/a>\n\t<p><strong>VIP<\/strong><\/p>\n<strong>$1.000.000<\/strong><br \/>\n<strong>Mindesteinlage<\/strong>\n\t<strong>Hebel:<\/strong><br \/>\nBis zu 1:50\n<p><strong>Handelsakademie<\/strong><\/p>\n<strong>Markt\u00fcberblick:<\/strong><br \/>\nW\u00f6chentlich\n<p><strong>Kontomanager<\/strong><\/p>\n<strong>Portfoliobericht:<\/strong><br \/>\nW\u00f6chentlich\n<strong>Analystenberatung:<\/strong><br \/>\nT\u00e4glich\n<strong>Live-Webinar:<\/strong><br \/>\nW\u00f6chentlich\n<strong>H\u00e4ndlerschulung:<\/strong><br \/>\nMa\u00dfgeschneidert\n<strong>Marktsignale:<\/strong><br \/>\nT\u00e4glich\n<p><strong>VIP-Veranstaltungen<\/strong><\/p>\n<strong>Buchhaltungsberatung:<\/strong><br \/>\nMonatlich\n<strong>Konto\u00fcberwachung:<br \/>\n<\/strong>24\/7\n<p><strong>Jahres\u00fcbersicht<\/strong><\/p>\n<strong>Swap-Rabatt:<\/strong><br \/>\n25%\n\t\t\t\t\t<a href=\"#\" id=\"fl-accordion--label-0\" tabindex=\"0\" aria-controls=\"fl-accordion--panel-0\">Weitere Funktionen<\/a>\n\t\t\t\t\t\t\t\t\t\t\t<a href=\"#\" id=\"fl-accordion--icon-0\" tabindex=\"-1\"><i title=\"Expand\">Expand<\/i><\/a>\n\t\t\t\t\t<strong>Analystenberatung:<\/strong><br \/>\nT\u00e4glich\n<strong>Live-Webinar:<\/strong><br \/>\nW\u00f6chentlich\n<strong>H\u00e4ndlerschulung:<\/strong><br \/>\nMa\u00dfgeschneidert\n<strong>Marktsignale:<\/strong><br \/>\nT\u00e4glich\n<strong>Buchhaltungsberatung:<\/strong><br \/>\nMonatlich\n<strong>Konto\u00fcberwachung:<\/strong><br \/>\n24\/7\n<strong>Arbitrage:<\/strong><br \/>\nNicht erlaubt\n<p><strong>VIP-Veranstaltungen<\/strong><\/p>\n<strong>VIP-Handelsausf\u00fchrung:<\/strong><br \/>\nJa\n<strong>Auszahlung:<\/strong><br \/>\nSofortige Auszahlung ohne Genehmigungen\n<p><strong>Zugang zu sofortiger Kreditfazilit\u00e4t<\/strong><\/p>\n<p><strong>Bis zu $10.000 Einzahlungsbonus<\/strong><\/p>\n\t\t\t<a href=\"https:\/\/area.horizons28.net\/auth\/registration\" target=\"_blank\" rel=\"noopener\">\n\t\t\t\t\t\t\tKonto er\u00f6ffnen\n\t\t\t\t\t<\/a>\n\n","protected":false},"excerpt":{"rendered":"<p>Ma\u00dfgeschneiderte Konten. F\u00fcr H\u00e4ndler konzipiert. Handeln Sie Devisen, Indizes, Kryptow\u00e4hrungen, Aktien und mehr mit Kontentypen, die f\u00fcr Ihre pers\u00f6nliche Handelsstrategie entwickelt wurden. BRONZE $10.000 Mindesteinlage Hebel: Bis zu 1:10 Handelsakademie Markt\u00fcberblick: W\u00f6chentlich Kontomanager Portfoliobericht: W\u00f6chentlich Konto er\u00f6ffnen SILBER $25.000 Mindesteinlage Hebel: Bis zu 1:10 Handelsakademie Markt\u00fcberblick: W\u00f6chentlich Kontomanager Portfoliobericht: W\u00f6chentlich Portfoliomanager: Pers\u00f6nlich Analystenberatung: W\u00f6chentlich Konto&hellip;<\/p>\n","protected":false},"author":1,"featured_media":0,"parent":0,"menu_order":0,"comment_status":"closed","ping_status":"closed","template":"","meta":{"footnotes":""},"class_list":["post-828","page","type-page","status-publish","hentry"],"yoast_head":"<!-- This site is optimized with the Yoast SEO plugin v27.3 - https:\/\/yoast.com\/product\/yoast-seo-wordpress\/ -->\n<title>Handelskonten | Ideale Konfiguration bei Horizons28<\/title>\n<meta name=\"description\" content=\"Horizons28 Konten: Passend f\u00fcr alle Trader, Strategien und Ziele\" \/>\n<meta name=\"robots\" content=\"index, follow, max-snippet:-1, max-image-preview:large, max-video-preview:-1\" \/>\n<link rel=\"canonical\" href=\"https:\/\/horizons28.com\/de\/handelskonten\/\" \/>\n<meta property=\"og:locale\" content=\"de_DE\" \/>\n<meta property=\"og:type\" content=\"article\" \/>\n<meta property=\"og:title\" content=\"Handelskonten | Ideale Konfiguration bei Horizons28\" \/>\n<meta property=\"og:description\" content=\"Horizons28 Konten: Passend f\u00fcr alle Trader, Strategien und Ziele\" \/>\n<meta property=\"og:url\" content=\"https:\/\/horizons28.com\/de\/handelskonten\/\" \/>\n<meta property=\"og:site_name\" content=\"Horizons28\" \/>\n<meta property=\"article:modified_time\" content=\"2025-04-14T14:33:16+00:00\" \/>\n<meta property=\"og:image\" content=\"http:\/\/horizons28.com\/wp-content\/uploads\/2025\/04\/account-types.png\" \/>\n<meta name=\"twitter:card\" content=\"summary_large_image\" \/>\n<meta name=\"twitter:label1\" content=\"Gesch\u00e4tzte Lesezeit\" \/>\n\t<meta name=\"twitter:data1\" content=\"1\u00a0Minute\" \/>\n<script type=\"application\/ld+json\" class=\"yoast-schema-graph\">{\"@context\":\"https:\\\/\\\/schema.org\",\"@graph\":[{\"@type\":\"WebPage\",\"@id\":\"https:\\\/\\\/horizons28.com\\\/de\\\/handelskonten\\\/\",\"url\":\"https:\\\/\\\/horizons28.com\\\/de\\\/handelskonten\\\/\",\"name\":\"Handelskonten | Ideale Konfiguration bei Horizons28\",\"isPartOf\":{\"@id\":\"https:\\\/\\\/horizons28.com\\\/de\\\/#website\"},\"primaryImageOfPage\":{\"@id\":\"https:\\\/\\\/horizons28.com\\\/de\\\/handelskonten\\\/#primaryimage\"},\"image\":{\"@id\":\"https:\\\/\\\/horizons28.com\\\/de\\\/handelskonten\\\/#primaryimage\"},\"thumbnailUrl\":\"http:\\\/\\\/horizons28.com\\\/wp-content\\\/uploads\\\/2025\\\/04\\\/account-types.png\",\"datePublished\":\"2025-04-04T07:22:58+00:00\",\"dateModified\":\"2025-04-14T14:33:16+00:00\",\"description\":\"Horizons28 Konten: Passend f\u00fcr alle Trader, Strategien und Ziele\",\"breadcrumb\":{\"@id\":\"https:\\\/\\\/horizons28.com\\\/de\\\/handelskonten\\\/#breadcrumb\"},\"inLanguage\":\"de\",\"potentialAction\":[{\"@type\":\"ReadAction\",\"target\":[\"https:\\\/\\\/horizons28.com\\\/de\\\/handelskonten\\\/\"]}]},{\"@type\":\"ImageObject\",\"inLanguage\":\"de\",\"@id\":\"https:\\\/\\\/horizons28.com\\\/de\\\/handelskonten\\\/#primaryimage\",\"url\":\"http:\\\/\\\/horizons28.com\\\/wp-content\\\/uploads\\\/2025\\\/04\\\/account-types.png\",\"contentUrl\":\"http:\\\/\\\/horizons28.com\\\/wp-content\\\/uploads\\\/2025\\\/04\\\/account-types.png\"},{\"@type\":\"BreadcrumbList\",\"@id\":\"https:\\\/\\\/horizons28.com\\\/de\\\/handelskonten\\\/#breadcrumb\",\"itemListElement\":[{\"@type\":\"ListItem\",\"position\":1,\"name\":\"Home\",\"item\":\"https:\\\/\\\/horizons28.com\\\/de\\\/\"},{\"@type\":\"ListItem\",\"position\":2,\"name\":\"Handelskonten\"}]},{\"@type\":\"WebSite\",\"@id\":\"https:\\\/\\\/horizons28.com\\\/de\\\/#website\",\"url\":\"https:\\\/\\\/horizons28.com\\\/de\\\/\",\"name\":\"Horizons28\",\"description\":\"\",\"potentialAction\":[{\"@type\":\"SearchAction\",\"target\":{\"@type\":\"EntryPoint\",\"urlTemplate\":\"https:\\\/\\\/horizons28.com\\\/de\\\/?s={search_term_string}\"},\"query-input\":{\"@type\":\"PropertyValueSpecification\",\"valueRequired\":true,\"valueName\":\"search_term_string\"}}],\"inLanguage\":\"de\"}]}<\/script>\n<!-- \/ Yoast SEO plugin. -->","yoast_head_json":{"title":"Handelskonten | Ideale Konfiguration bei Horizons28","description":"Horizons28 Konten: Passend f\u00fcr alle Trader, Strategien und Ziele","robots":{"index":"index","follow":"follow","max-snippet":"max-snippet:-1","max-image-preview":"max-image-preview:large","max-video-preview":"max-video-preview:-1"},"canonical":"https:\/\/horizons28.com\/de\/handelskonten\/","og_locale":"de_DE","og_type":"article","og_title":"Handelskonten | Ideale Konfiguration bei Horizons28","og_description":"Horizons28 Konten: Passend f\u00fcr alle Trader, Strategien und Ziele","og_url":"https:\/\/horizons28.com\/de\/handelskonten\/","og_site_name":"Horizons28","article_modified_time":"2025-04-14T14:33:16+00:00","og_image":[{"url":"http:\/\/horizons28.com\/wp-content\/uploads\/2025\/04\/account-types.png","type":"","width":"","height":""}],"twitter_card":"summary_large_image","twitter_misc":{"Gesch\u00e4tzte Lesezeit":"1\u00a0Minute"},"schema":{"@context":"https:\/\/schema.org","@graph":[{"@type":"WebPage","@id":"https:\/\/horizons28.com\/de\/handelskonten\/","url":"https:\/\/horizons28.com\/de\/handelskonten\/","name":"Handelskonten | Ideale Konfiguration bei Horizons28","isPartOf":{"@id":"https:\/\/horizons28.com\/de\/#website"},"primaryImageOfPage":{"@id":"https:\/\/horizons28.com\/de\/handelskonten\/#primaryimage"},"image":{"@id":"https:\/\/horizons28.com\/de\/handelskonten\/#primaryimage"},"thumbnailUrl":"http:\/\/horizons28.com\/wp-content\/uploads\/2025\/04\/account-types.png","datePublished":"2025-04-04T07:22:58+00:00","dateModified":"2025-04-14T14:33:16+00:00","description":"Horizons28 Konten: Passend f\u00fcr alle Trader, Strategien und Ziele","breadcrumb":{"@id":"https:\/\/horizons28.com\/de\/handelskonten\/#breadcrumb"},"inLanguage":"de","potentialAction":[{"@type":"ReadAction","target":["https:\/\/horizons28.com\/de\/handelskonten\/"]}]},{"@type":"ImageObject","inLanguage":"de","@id":"https:\/\/horizons28.com\/de\/handelskonten\/#primaryimage","url":"http:\/\/horizons28.com\/wp-content\/uploads\/2025\/04\/account-types.png","contentUrl":"http:\/\/horizons28.com\/wp-content\/uploads\/2025\/04\/account-types.png"},{"@type":"BreadcrumbList","@id":"https:\/\/horizons28.com\/de\/handelskonten\/#breadcrumb","itemListElement":[{"@type":"ListItem","position":1,"name":"Home","item":"https:\/\/horizons28.com\/de\/"},{"@type":"ListItem","position":2,"name":"Handelskonten"}]},{"@type":"WebSite","@id":"https:\/\/horizons28.com\/de\/#website","url":"https:\/\/horizons28.com\/de\/","name":"Horizons28","description":"","potentialAction":[{"@type":"SearchAction","target":{"@type":"EntryPoint","urlTemplate":"https:\/\/horizons28.com\/de\/?s={search_term_string}"},"query-input":{"@type":"PropertyValueSpecification","valueRequired":true,"valueName":"search_term_string"}}],"inLanguage":"de"}]}},"_links":{"self":[{"href":"https:\/\/horizons28.com\/de\/wp-json\/wp\/v2\/pages\/828","targetHints":{"allow":["GET"]}}],"collection":[{"href":"https:\/\/horizons28.com\/de\/wp-json\/wp\/v2\/pages"}],"about":[{"href":"https:\/\/horizons28.com\/de\/wp-json\/wp\/v2\/types\/page"}],"author":[{"embeddable":true,"href":"https:\/\/horizons28.com\/de\/wp-json\/wp\/v2\/users\/1"}],"replies":[{"embeddable":true,"href":"https:\/\/horizons28.com\/de\/wp-json\/wp\/v2\/comments?post=828"}],"version-history":[{"count":1,"href":"https:\/\/horizons28.com\/de\/wp-json\/wp\/v2\/pages\/828\/revisions"}],"predecessor-version":[{"id":1023,"href":"https:\/\/horizons28.com\/de\/wp-json\/wp\/v2\/pages\/828\/revisions\/1023"}],"wp:attachment":[{"href":"https:\/\/horizons28.com\/de\/wp-json\/wp\/v2\/media?parent=828"}],"curies":[{"name":"wp","href":"https:\/\/api.w.org\/{rel}","templated":true}]}}