{"id":838,"date":"2025-04-03T11:39:07","date_gmt":"2025-04-03T11:39:07","guid":{"rendered":"http:\/\/horizons28.com\/handelsplattform\/"},"modified":"2025-04-14T14:26:29","modified_gmt":"2025-04-14T14:26:29","slug":"handelsplattform","status":"publish","type":"page","link":"https:\/\/horizons28.com\/de\/handelsplattform\/","title":{"rendered":"Handelsplattform"},"content":{"rendered":"\n<h1>\n\t\tHorizons28. Alles-in-Einem-Handel. \n\t<\/h1>\n\t<p>Handeln Sie mit blitzschneller Ausf\u00fchrung, Echtzeit-Preisgestaltung, fortschrittlichen Charting-Werkzeugen und einer benutzerfreundlichen Oberfl\u00e4che.<\/p>\n\t\t\t<a href=\"https:\/\/area.horizons28.net\/auth\/registration\" target=\"_blank\" rel=\"noopener\">\n\t\t\t\t\t\t\tTritt Horizons28 bei\n\t\t\t<\/a>\n\t\t\t\t<img loading=\"lazy\" decoding=\"async\" src=\"http:\/\/horizons28.com\/wp-content\/uploads\/2025\/04\/horizons28-trading-platform.png\" alt=\"Horizons28 Trading Platform\" itemprop=\"image\" height=\"500\" width=\"600\" title=\"horizons28-trading-platform\" onerror=\"this.style.display='none'\"  \/>\n\t\t\t<h2>Horizons28: Ihre Alles-in-Einem-Web-Handelserfahrung<\/h2>\t\t\t\n\t\t\t\t<p>Horizons28 ist eine leistungsstarke webbasierte Plattform f\u00fcr H\u00e4ndler, die Geschwindigkeit, Flexibilit\u00e4t und Kontrolle fordern. Angetrieben von einer Infrastruktur der n\u00e4chsten Generation bietet sie ein nahtloses Handelserlebnis ohne Downloads oder Installationen und erm\u00f6glicht Ihnen sofortigen Zugang zu den globalen M\u00e4rkten von jedem Ger\u00e4t aus. <\/p>\n<h3>\n\t\tKeine Downloads. Keine Grenzen. Handeln Sie \u00fcberall.  \n\t<\/h3>\n\t<p>Mit Horizons28 ist das Handeln so einfach wie das \u00d6ffnen Ihres Browsers.<\/p>\n<p>Ob Sie einen Desktop-Computer, Laptop oder ein mobiles Ger\u00e4t verwenden, die Plattform l\u00e4uft reibungslos auf Windows, macOS, Linux, iOS und Android. <strong>Keine Einrichtung erforderlich \u2013 melden Sie sich an und beginnen Sie mit dem Handel.<\/strong><\/p>\n<p>Jede Sitzung ist durch Ende-zu-Ende-Verschl\u00fcsselung gesch\u00fctzt und h\u00e4lt Ihre Daten selbst in gemeinsam genutzten oder \u00f6ffentlichen Netzwerken sicher.<\/p>\n<h3>\n\t\tF\u00fcr Geschwindigkeit konzipiert: Cloud-gest\u00fctzte Ausf\u00fchrung\n\t<\/h3>\n\t<p>Horizons28 bietet ultraschnelle Ausf\u00fchrung durch Nutzung von Cloud-Architektur und professionellen Rechenzentren.<\/p>\n<p>Trades werden durch Umgebungen mit geringer Latenz geleitet f\u00fcr <strong>schnellere Ausf\u00fchrungen und pr\u00e4zisere Auftragsabwicklung<\/strong>.<\/p>\n<p>Ob beim Scalping oder bei der Verwaltung gro\u00dfer Positionen, Sie profitieren von <strong>rapidem Orderfluss mit minimaler Slippage<\/strong>.<\/p>\n<p>Handeln Sie \u00fcber alle unsere Anlageklassen hinweg mit au\u00dfergew\u00f6hnlicher Handelsausf\u00fchrung.<\/p>\n<h3>\n\t\tIntelligentes Handeln mit algorithmischen F\u00e4higkeiten\n\t<\/h3>\n\t<p>Automatisieren Sie Ihre Strategie mit Unterst\u00fctzung f\u00fcr algorithmisches Handeln. Horizons28 erm\u00f6glicht es Ihnen, <strong>benutzerdefinierte Skripte und Bots direkt innerhalb der Plattform auszuf\u00fchren<\/strong> und auf Gelegenheiten ohne manuelle Eingabe zu reagieren. <\/p>\n<p>F\u00fcr fortgeschrittene Benutzer ist die Plattform auch f\u00fcr <strong>Hochfrequenzhandel<\/strong> optimiert und erm\u00f6glicht eine schnelle, automatisierte Handelsausf\u00fchrung mit konsistenter Leistung unter Druck.<\/p>\n<h3>\n\t\tPassen Sie Ihre Ansicht mit mehreren Optionen an\n\t<\/h3>\n\t<p>Analysieren Sie die M\u00e4rkte auf Ihre Weise mit mehreren Chartfenstern und flexibler Zeitrahmenauswahl. <strong>Vergleichen Sie Assets nebeneinander oder betrachten Sie das gleiche Instrument \u00fcber verschiedene Zeitrahmen hinweg<\/strong> \u2013 von Einminuten-Scalping-Ansichten bis hin zu langfristigen Tagescharts.<\/p>\n<p>Das fortschrittliche Charting-System von Horizons28 unterst\u00fctzt <strong>Zeichenwerkzeuge, Indikatoren und Overlays<\/strong>, um jedem Handelsstil gerecht zu werden.<\/p>\n<h3>\n\t\tBereit, smarter zu handeln? Erleben Sie echte Geschwindigkeit, echte M\u00e4rkte und echte Ergebnisse.\n\t<\/h3>\n\t\t\t<a href=\"https:\/\/area.horizons28.net\/auth\/registration\" target=\"_blank\" rel=\"noopener\">\n\t\t\t\t\t\t\tTritt Horizons28 bei\n\t\t\t<\/a>\n\n","protected":false},"excerpt":{"rendered":"<p>Horizons28. Alles-in-Einem-Handel. Handeln Sie mit blitzschneller Ausf\u00fchrung, Echtzeit-Preisgestaltung, fortschrittlichen Charting-Werkzeugen und einer benutzerfreundlichen Oberfl\u00e4che. Tritt Horizons28 bei Horizons28: Ihre Alles-in-Einem-Web-Handelserfahrung Horizons28 ist eine leistungsstarke webbasierte Plattform f\u00fcr H\u00e4ndler, die Geschwindigkeit, Flexibilit\u00e4t und Kontrolle fordern. Angetrieben von einer Infrastruktur der n\u00e4chsten Generation bietet sie ein nahtloses Handelserlebnis ohne Downloads oder Installationen und erm\u00f6glicht Ihnen sofortigen Zugang&hellip;<\/p>\n","protected":false},"author":1,"featured_media":0,"parent":0,"menu_order":0,"comment_status":"closed","ping_status":"closed","template":"","meta":{"footnotes":""},"class_list":["post-838","page","type-page","status-publish","hentry"],"yoast_head":"<!-- This site is optimized with the Yoast SEO plugin v27.5 - https:\/\/yoast.com\/product\/yoast-seo-wordpress\/ -->\n<title>Horizons28: Schnelle sichere Handelsplattform<\/title>\n<meta name=\"description\" content=\"Horizons28: Schnelle Ausf\u00fchrung, robuste Tools, nahtloses Handelserlebnis\" \/>\n<meta name=\"robots\" content=\"index, follow, max-snippet:-1, max-image-preview:large, max-video-preview:-1\" \/>\n<link rel=\"canonical\" href=\"https:\/\/horizons28.com\/de\/handelsplattform\/\" \/>\n<meta property=\"og:locale\" content=\"de_DE\" \/>\n<meta property=\"og:type\" content=\"article\" \/>\n<meta property=\"og:title\" content=\"Horizons28: Schnelle sichere Handelsplattform\" \/>\n<meta property=\"og:description\" content=\"Horizons28: Schnelle Ausf\u00fchrung, robuste Tools, nahtloses Handelserlebnis\" \/>\n<meta property=\"og:url\" content=\"https:\/\/horizons28.com\/de\/handelsplattform\/\" \/>\n<meta property=\"og:site_name\" content=\"Horizons28\" \/>\n<meta property=\"article:modified_time\" content=\"2025-04-14T14:26:29+00:00\" \/>\n<meta property=\"og:image\" content=\"http:\/\/horizons28.com\/wp-content\/uploads\/2025\/04\/horizons28-trading-platform.png\" \/>\n<meta name=\"twitter:card\" content=\"summary_large_image\" \/>\n<meta name=\"twitter:label1\" content=\"Gesch\u00e4tzte Lesezeit\" \/>\n\t<meta name=\"twitter:data1\" content=\"2\u00a0Minuten\" \/>\n<script type=\"application\/ld+json\" class=\"yoast-schema-graph\">{\"@context\":\"https:\\\/\\\/schema.org\",\"@graph\":[{\"@type\":\"WebPage\",\"@id\":\"https:\\\/\\\/horizons28.com\\\/de\\\/handelsplattform\\\/\",\"url\":\"https:\\\/\\\/horizons28.com\\\/de\\\/handelsplattform\\\/\",\"name\":\"Horizons28: Schnelle sichere Handelsplattform\",\"isPartOf\":{\"@id\":\"http:\\\/\\\/horizons28.com\\\/de\\\/#website\"},\"primaryImageOfPage\":{\"@id\":\"https:\\\/\\\/horizons28.com\\\/de\\\/handelsplattform\\\/#primaryimage\"},\"image\":{\"@id\":\"https:\\\/\\\/horizons28.com\\\/de\\\/handelsplattform\\\/#primaryimage\"},\"thumbnailUrl\":\"http:\\\/\\\/horizons28.com\\\/wp-content\\\/uploads\\\/2025\\\/04\\\/horizons28-trading-platform.png\",\"datePublished\":\"2025-04-03T11:39:07+00:00\",\"dateModified\":\"2025-04-14T14:26:29+00:00\",\"description\":\"Horizons28: Schnelle Ausf\u00fchrung, robuste Tools, nahtloses Handelserlebnis\",\"breadcrumb\":{\"@id\":\"https:\\\/\\\/horizons28.com\\\/de\\\/handelsplattform\\\/#breadcrumb\"},\"inLanguage\":\"de\",\"potentialAction\":[{\"@type\":\"ReadAction\",\"target\":[\"https:\\\/\\\/horizons28.com\\\/de\\\/handelsplattform\\\/\"]}]},{\"@type\":\"ImageObject\",\"inLanguage\":\"de\",\"@id\":\"https:\\\/\\\/horizons28.com\\\/de\\\/handelsplattform\\\/#primaryimage\",\"url\":\"http:\\\/\\\/horizons28.com\\\/wp-content\\\/uploads\\\/2025\\\/04\\\/horizons28-trading-platform.png\",\"contentUrl\":\"http:\\\/\\\/horizons28.com\\\/wp-content\\\/uploads\\\/2025\\\/04\\\/horizons28-trading-platform.png\"},{\"@type\":\"BreadcrumbList\",\"@id\":\"https:\\\/\\\/horizons28.com\\\/de\\\/handelsplattform\\\/#breadcrumb\",\"itemListElement\":[{\"@type\":\"ListItem\",\"position\":1,\"name\":\"Home\",\"item\":\"https:\\\/\\\/horizons28.com\\\/de\\\/\"},{\"@type\":\"ListItem\",\"position\":2,\"name\":\"Handelsplattform\"}]},{\"@type\":\"WebSite\",\"@id\":\"http:\\\/\\\/horizons28.com\\\/de\\\/#website\",\"url\":\"http:\\\/\\\/horizons28.com\\\/de\\\/\",\"name\":\"Horizons28\",\"description\":\"\",\"potentialAction\":[{\"@type\":\"SearchAction\",\"target\":{\"@type\":\"EntryPoint\",\"urlTemplate\":\"http:\\\/\\\/horizons28.com\\\/de\\\/?s={search_term_string}\"},\"query-input\":{\"@type\":\"PropertyValueSpecification\",\"valueRequired\":true,\"valueName\":\"search_term_string\"}}],\"inLanguage\":\"de\"}]}<\/script>\n<!-- \/ Yoast SEO plugin. -->","yoast_head_json":{"title":"Horizons28: Schnelle sichere Handelsplattform","description":"Horizons28: Schnelle Ausf\u00fchrung, robuste Tools, nahtloses Handelserlebnis","robots":{"index":"index","follow":"follow","max-snippet":"max-snippet:-1","max-image-preview":"max-image-preview:large","max-video-preview":"max-video-preview:-1"},"canonical":"https:\/\/horizons28.com\/de\/handelsplattform\/","og_locale":"de_DE","og_type":"article","og_title":"Horizons28: Schnelle sichere Handelsplattform","og_description":"Horizons28: Schnelle Ausf\u00fchrung, robuste Tools, nahtloses Handelserlebnis","og_url":"https:\/\/horizons28.com\/de\/handelsplattform\/","og_site_name":"Horizons28","article_modified_time":"2025-04-14T14:26:29+00:00","og_image":[{"url":"http:\/\/horizons28.com\/wp-content\/uploads\/2025\/04\/horizons28-trading-platform.png","type":"","width":"","height":""}],"twitter_card":"summary_large_image","twitter_misc":{"Gesch\u00e4tzte Lesezeit":"2\u00a0Minuten"},"schema":{"@context":"https:\/\/schema.org","@graph":[{"@type":"WebPage","@id":"https:\/\/horizons28.com\/de\/handelsplattform\/","url":"https:\/\/horizons28.com\/de\/handelsplattform\/","name":"Horizons28: Schnelle sichere Handelsplattform","isPartOf":{"@id":"http:\/\/horizons28.com\/de\/#website"},"primaryImageOfPage":{"@id":"https:\/\/horizons28.com\/de\/handelsplattform\/#primaryimage"},"image":{"@id":"https:\/\/horizons28.com\/de\/handelsplattform\/#primaryimage"},"thumbnailUrl":"http:\/\/horizons28.com\/wp-content\/uploads\/2025\/04\/horizons28-trading-platform.png","datePublished":"2025-04-03T11:39:07+00:00","dateModified":"2025-04-14T14:26:29+00:00","description":"Horizons28: Schnelle Ausf\u00fchrung, robuste Tools, nahtloses Handelserlebnis","breadcrumb":{"@id":"https:\/\/horizons28.com\/de\/handelsplattform\/#breadcrumb"},"inLanguage":"de","potentialAction":[{"@type":"ReadAction","target":["https:\/\/horizons28.com\/de\/handelsplattform\/"]}]},{"@type":"ImageObject","inLanguage":"de","@id":"https:\/\/horizons28.com\/de\/handelsplattform\/#primaryimage","url":"http:\/\/horizons28.com\/wp-content\/uploads\/2025\/04\/horizons28-trading-platform.png","contentUrl":"http:\/\/horizons28.com\/wp-content\/uploads\/2025\/04\/horizons28-trading-platform.png"},{"@type":"BreadcrumbList","@id":"https:\/\/horizons28.com\/de\/handelsplattform\/#breadcrumb","itemListElement":[{"@type":"ListItem","position":1,"name":"Home","item":"https:\/\/horizons28.com\/de\/"},{"@type":"ListItem","position":2,"name":"Handelsplattform"}]},{"@type":"WebSite","@id":"http:\/\/horizons28.com\/de\/#website","url":"http:\/\/horizons28.com\/de\/","name":"Horizons28","description":"","potentialAction":[{"@type":"SearchAction","target":{"@type":"EntryPoint","urlTemplate":"http:\/\/horizons28.com\/de\/?s={search_term_string}"},"query-input":{"@type":"PropertyValueSpecification","valueRequired":true,"valueName":"search_term_string"}}],"inLanguage":"de"}]}},"_links":{"self":[{"href":"https:\/\/horizons28.com\/de\/wp-json\/wp\/v2\/pages\/838","targetHints":{"allow":["GET"]}}],"collection":[{"href":"https:\/\/horizons28.com\/de\/wp-json\/wp\/v2\/pages"}],"about":[{"href":"https:\/\/horizons28.com\/de\/wp-json\/wp\/v2\/types\/page"}],"author":[{"embeddable":true,"href":"https:\/\/horizons28.com\/de\/wp-json\/wp\/v2\/users\/1"}],"replies":[{"embeddable":true,"href":"https:\/\/horizons28.com\/de\/wp-json\/wp\/v2\/comments?post=838"}],"version-history":[{"count":2,"href":"https:\/\/horizons28.com\/de\/wp-json\/wp\/v2\/pages\/838\/revisions"}],"predecessor-version":[{"id":1016,"href":"https:\/\/horizons28.com\/de\/wp-json\/wp\/v2\/pages\/838\/revisions\/1016"}],"wp:attachment":[{"href":"https:\/\/horizons28.com\/de\/wp-json\/wp\/v2\/media?parent=838"}],"curies":[{"name":"wp","href":"https:\/\/api.w.org\/{rel}","templated":true}]}}