{"id":873,"date":"2025-04-04T07:20:13","date_gmt":"2025-04-04T07:20:13","guid":{"rendered":"http:\/\/horizons28.com\/investitionspool\/"},"modified":"2025-04-14T14:38:32","modified_gmt":"2025-04-14T14:38:32","slug":"investitionspool","status":"publish","type":"page","link":"https:\/\/horizons28.com\/de\/investitionspool\/","title":{"rendered":"Investitionspool"},"content":{"rendered":"\n<h1>\n\t\tInvestieren Sie intelligenter. Gemeinsam. \n\t<\/h1>\n\t<p>Verb\u00fcnden Sie sich mit Investoren, um Zugang zu diversifizierten, hochpotentiellen Anlagem\u00f6glichkeiten auf den globalen M\u00e4rkten zu erhalten.<\/p>\n\t\t\t<a href=\"https:\/\/area.horizons28.net\/auth\/registration\" target=\"_blank\" rel=\"noopener\">\n\t\t\t\t\t\t\tTritt Horizons28 bei\n\t\t\t<\/a>\n\t\t\t\t<img loading=\"lazy\" decoding=\"async\" src=\"http:\/\/horizons28.com\/wp-content\/uploads\/2025\/04\/horizons28-investment-pool.png\" alt=\"Horizons28 Investment Pool\" itemprop=\"image\" height=\"500\" width=\"600\" title=\"horizons28-investment-pool\" onerror=\"this.style.display='none'\"  \/>\n<h2>\n\t\tHorizons28 Investitionspool\n\t<\/h2>\n\t<p>Betreten Sie die Zukunft des Investierens mit dem <strong>Horizons28 Investitionspool<\/strong> \u2013 einer modernen Plattform, die Investoren zusammenbringt, um zu kooperieren, Gelder zu b\u00fcndeln und <strong>exklusive Wachstumschancen<\/strong> zu nutzen. Ob Sie neu im Investmentbereich sind oder bereits Erfahrung haben, unsere Gemeinschaft <strong>hilft Ihnen, ein st\u00e4rkeres Portfolio aufzubauen und gleichzeitig bedeutungsvolle finanzielle Verbindungen zu kn\u00fcpfen.<\/strong> <\/p>\n<h2>\n\t\tGemeinsam investieren\n\t<\/h2>\n\t<p>B\u00fcndeln Sie Ihr Kapital mit anderen, um erstklassige Investitionsm\u00f6glichkeiten zu erschlie\u00dfen.<\/p>\n<h2>\n\t\tGemeinsam lernen\n\t<\/h2>\n\t<p>Teilen Sie Strategien und Ideen mit anderen Investoren und Finanzexperten.<\/p>\n<h2>\n\t\tGemeinsam profitieren\n\t<\/h2>\n\t<p>Verteilen Sie Ihre Investitionen \u00fcber verschiedene M\u00e4rkte, um Ihr Kapital zu sch\u00fctzen und zu vermehren.<\/p>\n<h3>\n\t\tFunktionen des Investitionspools\n\t<\/h3>\n<h3>\n\t\tEntdecken Sie intelligenteres Investieren mit Horizons28\n\t<\/h3>\n\t<p>Der Horizons28 Investmentpool ist darauf ausgelegt, <strong>Investoren dabei zu helfen, ihr Geld durch Zusammenarbeit und Zugang zu kuratierten Investitionsprojekten zu vermehren<\/strong>. Ob Sie gerade erst anfangen oder bereits Verm\u00f6gen aufbauen, <strong>dies ist Ihr Tor zu intelligenteren, besser vernetzten Investitionen<\/strong>. <\/p>\n\t\t<h4>Zugang zu erstklassigen Investmentdeals<\/h4>\t\t\t\n\t\t\t\t<p>Erschlie\u00dfen Sie hochpotenzielle M\u00f6glichkeiten, die normalerweise nur gro\u00dfen Investoren zur Verf\u00fcgung stehen.<\/p>\n\t\t<h4>Reduzieren Sie Ihr Risiko<\/h4>\t\t\t\n\t\t\t\t<p>Diversifizieren Sie Ihre Mittel \u00fcber verschiedene Branchen und Anlageklassen und reduzieren Sie Ihr Handelsrisiko.<\/p>\n\t\t<h4>Erweitern Sie Ihr Netzwerk<\/h4>\t\t\t\n\t\t\t\t<p>Vernetzen Sie sich mit Marktanalysten, erfahrenen Investoren und Unternehmern.<\/p>\n\t\t<h4>Verfolgen Sie Ihre Investitionen<\/h4>\t\t\t\n\t\t\t\t<p>Betrachten Sie Echtzeit-Performancedaten mit vollst\u00e4ndiger Transparenz und Plattformschutz.<\/p>\n<h5>\n\t\tBeginnen Sie in 4 einfachen Schritten\n\t<\/h5>\n\t\t\t\t\t\t\t\t\t\t\t\t\t\t\t<h5>1<\/h5>\n\t\t\t\t\t\t<p>Registrieren und verifizieren Sie sich<\/p>\t\t\t\t\t\n\t\t\t<!-- END .front -->\n\t\t\t\t\t\t<p>Erstellen Sie Ihr Konto durch unseren schnellen Registrierungsprozess.<\/p>\t\t\t\t\t\n\t\t\t<!-- END .back -->\n\t\t <!-- ifb-flip-box -->\n\t <!-- flip-box -->\n\t\t\t\t\t\t\t\t\t\t\t\t\t\t\t<h5>2<\/h5>\n\t\t\t\t\t\t<p>Treten Sie dem Pool bei<\/p>\t\t\t\t\t\n\t\t\t<!-- END .front -->\n\t\t\t\t\t\t<p>W\u00e4hlen Sie, wie viel Sie investieren m\u00f6chten, und tragen Sie zum Gemeinschaftspool bei.<\/p>\t\t\t\t\t\n\t\t\t<!-- END .back -->\n\t\t <!-- ifb-flip-box -->\n\t <!-- flip-box -->\n\t\t\t\t\t\t\t\t\t\t\t\t\t\t\t<h5>3<\/h5>\n\t\t\t\t\t\t<p>W\u00e4hlen Sie Investitionen<\/p>\t\t\t\t\t\n\t\t\t<!-- END .front -->\n\t\t\t\t\t\t<p>W\u00e4hlen Sie aus einer Vielzahl handverlesener, vielversprechender Projekte.<\/p>\t\t\t\t\t\n\t\t\t<!-- END .back -->\n\t\t <!-- ifb-flip-box -->\n\t <!-- flip-box -->\n\t\t\t\t\t\t\t\t\t\t\t\t\t\t\t<h5>4<\/h5>\n\t\t\t\t\t\t<p>\u00dcberwachen  Anpassen<\/p>\t\t\t\t\t\n\t\t\t<!-- END .front -->\n\t\t\t\t\t\t<p>\u00dcberwachen Sie Ihre Performance und reinvestieren Sie Gewinne w\u00e4hrend Ihres Wachstums.<\/p>\t\t\t\t\t\n\t\t\t<!-- END .back -->\n\t\t <!-- ifb-flip-box -->\n\t <!-- flip-box -->\n<h3>\n\t\tBereit, smarter zu handeln? Erleben Sie echte Geschwindigkeit, echte M\u00e4rkte und echte Ergebnisse.\n\t<\/h3>\n\t\t\t<a href=\"https:\/\/area.horizons28.net\/auth\/registration\" target=\"_blank\" rel=\"noopener\">\n\t\t\t\t\t\t\tTritt Horizons28 bei\n\t\t\t<\/a>\n<h1>\n\t\tErkunden Sie unsere Investitionsm\u00f6glichkeiten\n\t<\/h1>\n\t<p>Mit Horizons28 haben Sie Zugang zu einer breiten Palette von Anlagem\u00f6glichkeiten:<\/p>\n<strong>Aktien  ETFs<\/strong><br \/>\nInvestieren Sie in gut recherchierte Aktien und diversifizierte b\u00f6rsengehandelte Fonds.\n<strong>Nachhaltige Investitionen<\/strong><br \/>\nUnterst\u00fctzen Sie umweltfreundliche und sozial verantwortliche Unternehmungen, die auch solide Renditen liefern.\n\t\t\t\t<img loading=\"lazy\" decoding=\"async\" src=\"http:\/\/horizons28.com\/wp-content\/uploads\/2025\/04\/investment-options.png\" alt=\"Investment Options\" itemprop=\"image\" height=\"580\" width=\"813\" title=\"investment-options\" onerror=\"this.style.display='none'\"  \/>\n\t<p>Der Horizons28 Investitionspool ist f\u00fcr ein breites Spektrum von Teilnehmern konzipiert. <strong>Er ist ideal f\u00fcr Kleinanleger, die langfristigen Verm\u00f6gensaufbau anstreben, f\u00fcr Unternehmer und Kleinunternehmer, die innovative Finanzierungsm\u00f6glichkeiten suchen, sowie f\u00fcr aufstrebende H\u00e4ndler, die in einem unterst\u00fctzenden Investitionsumfeld lernen und wachsen m\u00f6chten.<\/strong><\/p>\n<h3>\n\t\tBereit, smarter zu handeln? Erleben Sie echte Geschwindigkeit, echte M\u00e4rkte und echte Ergebnisse.\n\t<\/h3>\n\t\t\t<a href=\"https:\/\/area.horizons28.net\/auth\/registration\" target=\"_blank\" rel=\"noopener\">\n\t\t\t\t\t\t\tTritt Horizons28 bei\n\t\t\t<\/a>\n\n","protected":false},"excerpt":{"rendered":"<p>Investieren Sie intelligenter. Gemeinsam. Verb\u00fcnden Sie sich mit Investoren, um Zugang zu diversifizierten, hochpotentiellen Anlagem\u00f6glichkeiten auf den globalen M\u00e4rkten zu erhalten. Tritt Horizons28 bei Horizons28 Investitionspool Betreten Sie die Zukunft des Investierens mit dem Horizons28 Investitionspool \u2013 einer modernen Plattform, die Investoren zusammenbringt, um zu kooperieren, Gelder zu b\u00fcndeln und exklusive Wachstumschancen zu nutzen. Ob&hellip;<\/p>\n","protected":false},"author":1,"featured_media":0,"parent":0,"menu_order":0,"comment_status":"closed","ping_status":"closed","template":"","meta":{"footnotes":""},"class_list":["post-873","page","type-page","status-publish","hentry"],"yoast_head":"<!-- This site is optimized with the Yoast SEO plugin v27.3 - https:\/\/yoast.com\/product\/yoast-seo-wordpress\/ -->\n<title>Investitionspool | Kollaboratives Investieren mit Horizons28<\/title>\n<meta name=\"description\" content=\"Horizons28 Investitionspool: Gemeinsam Kapital vermehren und diversifizierte Hochrendite-Chancen nutzen.\" \/>\n<meta name=\"robots\" content=\"index, follow, max-snippet:-1, max-image-preview:large, max-video-preview:-1\" \/>\n<link rel=\"canonical\" href=\"https:\/\/horizons28.com\/de\/investitionspool\/\" \/>\n<meta property=\"og:locale\" content=\"de_DE\" \/>\n<meta property=\"og:type\" content=\"article\" \/>\n<meta property=\"og:title\" content=\"Investitionspool | Kollaboratives Investieren mit Horizons28\" \/>\n<meta property=\"og:description\" content=\"Horizons28 Investitionspool: Gemeinsam Kapital vermehren und diversifizierte Hochrendite-Chancen nutzen.\" \/>\n<meta property=\"og:url\" content=\"https:\/\/horizons28.com\/de\/investitionspool\/\" \/>\n<meta property=\"og:site_name\" content=\"Horizons28\" \/>\n<meta property=\"article:modified_time\" content=\"2025-04-14T14:38:32+00:00\" \/>\n<meta property=\"og:image\" content=\"http:\/\/horizons28.com\/wp-content\/uploads\/2025\/04\/horizons28-investment-pool.png\" \/>\n<meta name=\"twitter:card\" content=\"summary_large_image\" \/>\n<meta name=\"twitter:label1\" content=\"Gesch\u00e4tzte Lesezeit\" \/>\n\t<meta name=\"twitter:data1\" content=\"2\u00a0Minuten\" \/>\n<script type=\"application\/ld+json\" class=\"yoast-schema-graph\">{\"@context\":\"https:\\\/\\\/schema.org\",\"@graph\":[{\"@type\":\"WebPage\",\"@id\":\"https:\\\/\\\/horizons28.com\\\/de\\\/investitionspool\\\/\",\"url\":\"https:\\\/\\\/horizons28.com\\\/de\\\/investitionspool\\\/\",\"name\":\"Investitionspool | Kollaboratives Investieren mit Horizons28\",\"isPartOf\":{\"@id\":\"https:\\\/\\\/horizons28.com\\\/de\\\/#website\"},\"primaryImageOfPage\":{\"@id\":\"https:\\\/\\\/horizons28.com\\\/de\\\/investitionspool\\\/#primaryimage\"},\"image\":{\"@id\":\"https:\\\/\\\/horizons28.com\\\/de\\\/investitionspool\\\/#primaryimage\"},\"thumbnailUrl\":\"http:\\\/\\\/horizons28.com\\\/wp-content\\\/uploads\\\/2025\\\/04\\\/horizons28-investment-pool.png\",\"datePublished\":\"2025-04-04T07:20:13+00:00\",\"dateModified\":\"2025-04-14T14:38:32+00:00\",\"description\":\"Horizons28 Investitionspool: Gemeinsam Kapital vermehren und diversifizierte Hochrendite-Chancen nutzen.\",\"breadcrumb\":{\"@id\":\"https:\\\/\\\/horizons28.com\\\/de\\\/investitionspool\\\/#breadcrumb\"},\"inLanguage\":\"de\",\"potentialAction\":[{\"@type\":\"ReadAction\",\"target\":[\"https:\\\/\\\/horizons28.com\\\/de\\\/investitionspool\\\/\"]}]},{\"@type\":\"ImageObject\",\"inLanguage\":\"de\",\"@id\":\"https:\\\/\\\/horizons28.com\\\/de\\\/investitionspool\\\/#primaryimage\",\"url\":\"http:\\\/\\\/horizons28.com\\\/wp-content\\\/uploads\\\/2025\\\/04\\\/horizons28-investment-pool.png\",\"contentUrl\":\"http:\\\/\\\/horizons28.com\\\/wp-content\\\/uploads\\\/2025\\\/04\\\/horizons28-investment-pool.png\"},{\"@type\":\"BreadcrumbList\",\"@id\":\"https:\\\/\\\/horizons28.com\\\/de\\\/investitionspool\\\/#breadcrumb\",\"itemListElement\":[{\"@type\":\"ListItem\",\"position\":1,\"name\":\"Home\",\"item\":\"https:\\\/\\\/horizons28.com\\\/de\\\/\"},{\"@type\":\"ListItem\",\"position\":2,\"name\":\"Investitionspool\"}]},{\"@type\":\"WebSite\",\"@id\":\"https:\\\/\\\/horizons28.com\\\/de\\\/#website\",\"url\":\"https:\\\/\\\/horizons28.com\\\/de\\\/\",\"name\":\"Horizons28\",\"description\":\"\",\"potentialAction\":[{\"@type\":\"SearchAction\",\"target\":{\"@type\":\"EntryPoint\",\"urlTemplate\":\"https:\\\/\\\/horizons28.com\\\/de\\\/?s={search_term_string}\"},\"query-input\":{\"@type\":\"PropertyValueSpecification\",\"valueRequired\":true,\"valueName\":\"search_term_string\"}}],\"inLanguage\":\"de\"}]}<\/script>\n<!-- \/ Yoast SEO plugin. -->","yoast_head_json":{"title":"Investitionspool | Kollaboratives Investieren mit Horizons28","description":"Horizons28 Investitionspool: Gemeinsam Kapital vermehren und diversifizierte Hochrendite-Chancen nutzen.","robots":{"index":"index","follow":"follow","max-snippet":"max-snippet:-1","max-image-preview":"max-image-preview:large","max-video-preview":"max-video-preview:-1"},"canonical":"https:\/\/horizons28.com\/de\/investitionspool\/","og_locale":"de_DE","og_type":"article","og_title":"Investitionspool | Kollaboratives Investieren mit Horizons28","og_description":"Horizons28 Investitionspool: Gemeinsam Kapital vermehren und diversifizierte Hochrendite-Chancen nutzen.","og_url":"https:\/\/horizons28.com\/de\/investitionspool\/","og_site_name":"Horizons28","article_modified_time":"2025-04-14T14:38:32+00:00","og_image":[{"url":"http:\/\/horizons28.com\/wp-content\/uploads\/2025\/04\/horizons28-investment-pool.png","type":"","width":"","height":""}],"twitter_card":"summary_large_image","twitter_misc":{"Gesch\u00e4tzte Lesezeit":"2\u00a0Minuten"},"schema":{"@context":"https:\/\/schema.org","@graph":[{"@type":"WebPage","@id":"https:\/\/horizons28.com\/de\/investitionspool\/","url":"https:\/\/horizons28.com\/de\/investitionspool\/","name":"Investitionspool | Kollaboratives Investieren mit Horizons28","isPartOf":{"@id":"https:\/\/horizons28.com\/de\/#website"},"primaryImageOfPage":{"@id":"https:\/\/horizons28.com\/de\/investitionspool\/#primaryimage"},"image":{"@id":"https:\/\/horizons28.com\/de\/investitionspool\/#primaryimage"},"thumbnailUrl":"http:\/\/horizons28.com\/wp-content\/uploads\/2025\/04\/horizons28-investment-pool.png","datePublished":"2025-04-04T07:20:13+00:00","dateModified":"2025-04-14T14:38:32+00:00","description":"Horizons28 Investitionspool: Gemeinsam Kapital vermehren und diversifizierte Hochrendite-Chancen nutzen.","breadcrumb":{"@id":"https:\/\/horizons28.com\/de\/investitionspool\/#breadcrumb"},"inLanguage":"de","potentialAction":[{"@type":"ReadAction","target":["https:\/\/horizons28.com\/de\/investitionspool\/"]}]},{"@type":"ImageObject","inLanguage":"de","@id":"https:\/\/horizons28.com\/de\/investitionspool\/#primaryimage","url":"http:\/\/horizons28.com\/wp-content\/uploads\/2025\/04\/horizons28-investment-pool.png","contentUrl":"http:\/\/horizons28.com\/wp-content\/uploads\/2025\/04\/horizons28-investment-pool.png"},{"@type":"BreadcrumbList","@id":"https:\/\/horizons28.com\/de\/investitionspool\/#breadcrumb","itemListElement":[{"@type":"ListItem","position":1,"name":"Home","item":"https:\/\/horizons28.com\/de\/"},{"@type":"ListItem","position":2,"name":"Investitionspool"}]},{"@type":"WebSite","@id":"https:\/\/horizons28.com\/de\/#website","url":"https:\/\/horizons28.com\/de\/","name":"Horizons28","description":"","potentialAction":[{"@type":"SearchAction","target":{"@type":"EntryPoint","urlTemplate":"https:\/\/horizons28.com\/de\/?s={search_term_string}"},"query-input":{"@type":"PropertyValueSpecification","valueRequired":true,"valueName":"search_term_string"}}],"inLanguage":"de"}]}},"_links":{"self":[{"href":"https:\/\/horizons28.com\/de\/wp-json\/wp\/v2\/pages\/873","targetHints":{"allow":["GET"]}}],"collection":[{"href":"https:\/\/horizons28.com\/de\/wp-json\/wp\/v2\/pages"}],"about":[{"href":"https:\/\/horizons28.com\/de\/wp-json\/wp\/v2\/types\/page"}],"author":[{"embeddable":true,"href":"https:\/\/horizons28.com\/de\/wp-json\/wp\/v2\/users\/1"}],"replies":[{"embeddable":true,"href":"https:\/\/horizons28.com\/de\/wp-json\/wp\/v2\/comments?post=873"}],"version-history":[{"count":1,"href":"https:\/\/horizons28.com\/de\/wp-json\/wp\/v2\/pages\/873\/revisions"}],"predecessor-version":[{"id":1029,"href":"https:\/\/horizons28.com\/de\/wp-json\/wp\/v2\/pages\/873\/revisions\/1029"}],"wp:attachment":[{"href":"https:\/\/horizons28.com\/de\/wp-json\/wp\/v2\/media?parent=873"}],"curies":[{"name":"wp","href":"https:\/\/api.w.org\/{rel}","templated":true}]}}