{"id":789,"date":"2025-04-02T14:13:42","date_gmt":"2025-04-02T14:13:42","guid":{"rendered":"http:\/\/horizons28.com\/instrumentos\/"},"modified":"2025-04-15T07:12:44","modified_gmt":"2025-04-15T07:12:44","slug":"instrumentos","status":"publish","type":"page","link":"https:\/\/horizons28.com\/es\/instrumentos\/","title":{"rendered":"Instrumentos"},"content":{"rendered":"\n<h1>\n\t\tTodos los Mercados. Una Sola Plataforma. \n\t<\/h1>\n\t<p>Elija entre una amplia gama de instrumentos de trading, incluyendo forex, \u00edndices, materias primas, criptomonedas y acciones.<\/p>\n\t\t\t<a href=\"https:\/\/area.horizons28.net\/auth\/registration\" target=\"_blank\" rel=\"noopener\">\n\t\t\t\t\t\t\t\u00danete a Horizons28\n\t\t\t<\/a>\n\t\t\t\t<img loading=\"lazy\" decoding=\"async\" src=\"http:\/\/horizons28.com\/wp-content\/uploads\/2025\/04\/horizons28-instruments.png\" alt=\"horizons28-instruments\" itemprop=\"image\" height=\"500\" width=\"600\" title=\"horizons28-instruments\" onerror=\"this.style.display='none'\"  \/>\n\t\t\t<h2>Lista de Instrumentos de Horizons28 \u2013 Opere con Forex, Criptomonedas, Acciones y M\u00e1s<\/h2>\t\t\t\n\t\t\t\t<p>Seleccione entre una amplia gama de instrumentos de trading, incluyendo forex, \u00edndices, materias primas, criptomonedas y acciones. Disfrute de condiciones de trading flexibles, precios en tiempo real y acceso a los mercados globales, todo en un solo lugar. <\/p>\n\t\t\t\t<img loading=\"lazy\" decoding=\"async\" src=\"http:\/\/horizons28.com\/wp-content\/uploads\/2025\/04\/instruments-mobile.png\" alt=\"Mobile Trading Instruments\" itemprop=\"image\" height=\"1160\" width=\"610\" title=\"instruments-mobile\" onerror=\"this.style.display='none'\"  \/>\n\t\t\t<h4>DIVISAS FOREX<\/h4>\t\t\t\n\t\t\t\t<p>Opere con <strong>pares de divisas mayores, menores y ex\u00f3ticos<\/strong> con spreads competitivos y ejecuci\u00f3n r\u00e1pida. Desde EUR\/USD hasta pares menos conocidos, Horizons28 le proporciona las herramientas para <strong>aprovechar los movimientos de precios globales.<\/strong> <\/p>\n\t\t\t<h4>\u00cdNDICES<\/h4>\t\t\t\n\t\t\t\t<p>Acceda a los \u00edndices l\u00edderes mundiales como el <strong>S&amp;P 500, DAX 30 y FTSE 100.<\/strong> El trading de \u00edndices le permite capturar tendencias del mercado sin centrarse en acciones individuales \u2013 <strong>todo con una ejecuci\u00f3n eficiente.<\/strong><\/p>\n\t\t\t<h4>MATERIAS PRIMAS<\/h4>\t\t\t\n\t\t\t\t<p>Diversifique con <strong>energ\u00eda, metales y materias primas agr\u00edcolas<\/strong> \u2013 opere con precios en tiempo real <strong>del oro, petr\u00f3leo, gas natural<\/strong> y m\u00e1s desde una plataforma integrada.<\/p>\n\t\t\t<h4>ACCIONES<\/h4>\t\t\t\n\t\t\t\t<p>Invierta en las principales empresas globales, incluyendo <strong>Apple, Tesla y Amazon<\/strong>. Opere con acciones individuales de manera r\u00e1pida y precisa y <strong>aproveche los movimientos del mercado impulsados por las empresas<\/strong>. <\/p>\n\t\t\t<h4>CRIPTOMONEDAS<\/h4>\t\t\t\n\t\t\t\t<p>Ingrese al mercado de criptomonedas 24\/7 con <strong>Bitcoin, Ethereum<\/strong> y m\u00e1s. Horizons28 le permite <strong>operar con activos digitales con acceso r\u00e1pido y alta flexibilidad<\/strong> \u2013 no se requieren cuentas adicionales. <\/p>\n<h3>\n\t\t\u00bfListo para operar de forma m\u00e1s inteligente? Experimenta verdadera velocidad, mercados reales y resultados aut\u00e9nticos.\n\t<\/h3>\n\t\t\t<a href=\"https:\/\/area.horizons28.net\/auth\/registration\" target=\"_blank\" rel=\"noopener\">\n\t\t\t\t\t\t\t\u00danete a Horizons28\n\t\t\t<\/a>\n\n","protected":false},"excerpt":{"rendered":"<p>Todos los Mercados. Una Sola Plataforma. Elija entre una amplia gama de instrumentos de trading, incluyendo forex, \u00edndices, materias primas, criptomonedas y acciones. \u00danete a Horizons28 Lista de Instrumentos de Horizons28 \u2013 Opere con Forex, Criptomonedas, Acciones y M\u00e1s Seleccione entre una amplia gama de instrumentos de trading, incluyendo forex, \u00edndices, materias primas, criptomonedas y&hellip;<\/p>\n","protected":false},"author":1,"featured_media":0,"parent":0,"menu_order":0,"comment_status":"closed","ping_status":"closed","template":"","meta":{"footnotes":""},"class_list":["post-789","page","type-page","status-publish","hentry"],"yoast_head":"<!-- This site is optimized with the Yoast SEO plugin v27.3 - https:\/\/yoast.com\/product\/yoast-seo-wordpress\/ -->\n<title>Instrumentos de Trading | Forex, Criptomonedas, \u00cdndices y M\u00e1s | Horizons28<\/title>\n<meta name=\"description\" content=\"Opere forex, acciones, \u00edndices, materias primas y criptos en Horizons28.\" \/>\n<meta name=\"robots\" content=\"index, follow, max-snippet:-1, max-image-preview:large, max-video-preview:-1\" \/>\n<link rel=\"canonical\" href=\"https:\/\/horizons28.com\/es\/instrumentos\/\" \/>\n<meta property=\"og:locale\" content=\"es_ES\" \/>\n<meta property=\"og:type\" content=\"article\" \/>\n<meta property=\"og:title\" content=\"Instrumentos de Trading | Forex, Criptomonedas, \u00cdndices y M\u00e1s | Horizons28\" \/>\n<meta property=\"og:description\" content=\"Opere forex, acciones, \u00edndices, materias primas y criptos en Horizons28.\" \/>\n<meta property=\"og:url\" content=\"https:\/\/horizons28.com\/es\/instrumentos\/\" \/>\n<meta property=\"og:site_name\" content=\"Horizons28\" \/>\n<meta property=\"article:modified_time\" content=\"2025-04-15T07:12:44+00:00\" \/>\n<meta property=\"og:image\" content=\"http:\/\/horizons28.com\/wp-content\/uploads\/2025\/04\/horizons28-instruments.png\" \/>\n<meta name=\"twitter:card\" content=\"summary_large_image\" \/>\n<meta name=\"twitter:label1\" content=\"Tiempo de lectura\" \/>\n\t<meta name=\"twitter:data1\" content=\"1 minuto\" \/>\n<script type=\"application\/ld+json\" class=\"yoast-schema-graph\">{\"@context\":\"https:\\\/\\\/schema.org\",\"@graph\":[{\"@type\":\"WebPage\",\"@id\":\"https:\\\/\\\/horizons28.com\\\/es\\\/instrumentos\\\/\",\"url\":\"https:\\\/\\\/horizons28.com\\\/es\\\/instrumentos\\\/\",\"name\":\"Instrumentos de Trading | Forex, Criptomonedas, \u00cdndices y M\u00e1s | Horizons28\",\"isPartOf\":{\"@id\":\"https:\\\/\\\/horizons28.com\\\/es\\\/#website\"},\"primaryImageOfPage\":{\"@id\":\"https:\\\/\\\/horizons28.com\\\/es\\\/instrumentos\\\/#primaryimage\"},\"image\":{\"@id\":\"https:\\\/\\\/horizons28.com\\\/es\\\/instrumentos\\\/#primaryimage\"},\"thumbnailUrl\":\"http:\\\/\\\/horizons28.com\\\/wp-content\\\/uploads\\\/2025\\\/04\\\/horizons28-instruments.png\",\"datePublished\":\"2025-04-02T14:13:42+00:00\",\"dateModified\":\"2025-04-15T07:12:44+00:00\",\"description\":\"Opere forex, acciones, \u00edndices, materias primas y criptos en Horizons28.\",\"breadcrumb\":{\"@id\":\"https:\\\/\\\/horizons28.com\\\/es\\\/instrumentos\\\/#breadcrumb\"},\"inLanguage\":\"es\",\"potentialAction\":[{\"@type\":\"ReadAction\",\"target\":[\"https:\\\/\\\/horizons28.com\\\/es\\\/instrumentos\\\/\"]}]},{\"@type\":\"ImageObject\",\"inLanguage\":\"es\",\"@id\":\"https:\\\/\\\/horizons28.com\\\/es\\\/instrumentos\\\/#primaryimage\",\"url\":\"http:\\\/\\\/horizons28.com\\\/wp-content\\\/uploads\\\/2025\\\/04\\\/horizons28-instruments.png\",\"contentUrl\":\"http:\\\/\\\/horizons28.com\\\/wp-content\\\/uploads\\\/2025\\\/04\\\/horizons28-instruments.png\"},{\"@type\":\"BreadcrumbList\",\"@id\":\"https:\\\/\\\/horizons28.com\\\/es\\\/instrumentos\\\/#breadcrumb\",\"itemListElement\":[{\"@type\":\"ListItem\",\"position\":1,\"name\":\"Home\",\"item\":\"https:\\\/\\\/horizons28.com\\\/es\\\/\"},{\"@type\":\"ListItem\",\"position\":2,\"name\":\"Instrumentos\"}]},{\"@type\":\"WebSite\",\"@id\":\"https:\\\/\\\/horizons28.com\\\/es\\\/#website\",\"url\":\"https:\\\/\\\/horizons28.com\\\/es\\\/\",\"name\":\"Horizons28\",\"description\":\"\",\"potentialAction\":[{\"@type\":\"SearchAction\",\"target\":{\"@type\":\"EntryPoint\",\"urlTemplate\":\"https:\\\/\\\/horizons28.com\\\/es\\\/?s={search_term_string}\"},\"query-input\":{\"@type\":\"PropertyValueSpecification\",\"valueRequired\":true,\"valueName\":\"search_term_string\"}}],\"inLanguage\":\"es\"}]}<\/script>\n<!-- \/ Yoast SEO plugin. -->","yoast_head_json":{"title":"Instrumentos de Trading | Forex, Criptomonedas, \u00cdndices y M\u00e1s | Horizons28","description":"Opere forex, acciones, \u00edndices, materias primas y criptos en Horizons28.","robots":{"index":"index","follow":"follow","max-snippet":"max-snippet:-1","max-image-preview":"max-image-preview:large","max-video-preview":"max-video-preview:-1"},"canonical":"https:\/\/horizons28.com\/es\/instrumentos\/","og_locale":"es_ES","og_type":"article","og_title":"Instrumentos de Trading | Forex, Criptomonedas, \u00cdndices y M\u00e1s | Horizons28","og_description":"Opere forex, acciones, \u00edndices, materias primas y criptos en Horizons28.","og_url":"https:\/\/horizons28.com\/es\/instrumentos\/","og_site_name":"Horizons28","article_modified_time":"2025-04-15T07:12:44+00:00","og_image":[{"url":"http:\/\/horizons28.com\/wp-content\/uploads\/2025\/04\/horizons28-instruments.png","type":"","width":"","height":""}],"twitter_card":"summary_large_image","twitter_misc":{"Tiempo de lectura":"1 minuto"},"schema":{"@context":"https:\/\/schema.org","@graph":[{"@type":"WebPage","@id":"https:\/\/horizons28.com\/es\/instrumentos\/","url":"https:\/\/horizons28.com\/es\/instrumentos\/","name":"Instrumentos de Trading | Forex, Criptomonedas, \u00cdndices y M\u00e1s | Horizons28","isPartOf":{"@id":"https:\/\/horizons28.com\/es\/#website"},"primaryImageOfPage":{"@id":"https:\/\/horizons28.com\/es\/instrumentos\/#primaryimage"},"image":{"@id":"https:\/\/horizons28.com\/es\/instrumentos\/#primaryimage"},"thumbnailUrl":"http:\/\/horizons28.com\/wp-content\/uploads\/2025\/04\/horizons28-instruments.png","datePublished":"2025-04-02T14:13:42+00:00","dateModified":"2025-04-15T07:12:44+00:00","description":"Opere forex, acciones, \u00edndices, materias primas y criptos en Horizons28.","breadcrumb":{"@id":"https:\/\/horizons28.com\/es\/instrumentos\/#breadcrumb"},"inLanguage":"es","potentialAction":[{"@type":"ReadAction","target":["https:\/\/horizons28.com\/es\/instrumentos\/"]}]},{"@type":"ImageObject","inLanguage":"es","@id":"https:\/\/horizons28.com\/es\/instrumentos\/#primaryimage","url":"http:\/\/horizons28.com\/wp-content\/uploads\/2025\/04\/horizons28-instruments.png","contentUrl":"http:\/\/horizons28.com\/wp-content\/uploads\/2025\/04\/horizons28-instruments.png"},{"@type":"BreadcrumbList","@id":"https:\/\/horizons28.com\/es\/instrumentos\/#breadcrumb","itemListElement":[{"@type":"ListItem","position":1,"name":"Home","item":"https:\/\/horizons28.com\/es\/"},{"@type":"ListItem","position":2,"name":"Instrumentos"}]},{"@type":"WebSite","@id":"https:\/\/horizons28.com\/es\/#website","url":"https:\/\/horizons28.com\/es\/","name":"Horizons28","description":"","potentialAction":[{"@type":"SearchAction","target":{"@type":"EntryPoint","urlTemplate":"https:\/\/horizons28.com\/es\/?s={search_term_string}"},"query-input":{"@type":"PropertyValueSpecification","valueRequired":true,"valueName":"search_term_string"}}],"inLanguage":"es"}]}},"_links":{"self":[{"href":"https:\/\/horizons28.com\/es\/wp-json\/wp\/v2\/pages\/789","targetHints":{"allow":["GET"]}}],"collection":[{"href":"https:\/\/horizons28.com\/es\/wp-json\/wp\/v2\/pages"}],"about":[{"href":"https:\/\/horizons28.com\/es\/wp-json\/wp\/v2\/types\/page"}],"author":[{"embeddable":true,"href":"https:\/\/horizons28.com\/es\/wp-json\/wp\/v2\/users\/1"}],"replies":[{"embeddable":true,"href":"https:\/\/horizons28.com\/es\/wp-json\/wp\/v2\/comments?post=789"}],"version-history":[{"count":1,"href":"https:\/\/horizons28.com\/es\/wp-json\/wp\/v2\/pages\/789\/revisions"}],"predecessor-version":[{"id":1153,"href":"https:\/\/horizons28.com\/es\/wp-json\/wp\/v2\/pages\/789\/revisions\/1153"}],"wp:attachment":[{"href":"https:\/\/horizons28.com\/es\/wp-json\/wp\/v2\/media?parent=789"}],"curies":[{"name":"wp","href":"https:\/\/api.w.org\/{rel}","templated":true}]}}