{"id":811,"date":"2025-04-04T07:19:14","date_gmt":"2025-04-04T07:19:14","guid":{"rendered":"http:\/\/horizons28.com\/negociacion-de-gaps\/"},"modified":"2025-04-15T07:17:59","modified_gmt":"2025-04-15T07:17:59","slug":"negociacion-de-gaps","status":"publish","type":"page","link":"https:\/\/horizons28.com\/es\/negociacion-de-gaps\/","title":{"rendered":"Negociaci\u00f3n de Gaps"},"content":{"rendered":"\n<h1>\n\t\tReaccione M\u00e1s R\u00e1pido. Negocie con Mayor Inteligencia. \n\t<\/h1>\n\t<p>Utilice las herramientas y estrategias personalizadas de negociaci\u00f3n de gaps de Horizons28 para identificar, validar y negociar eficientemente los gaps del mercado.<\/p>\n\t\t\t<a href=\"https:\/\/area.horizons28.net\/auth\/registration\" target=\"_blank\" rel=\"noopener\">\n\t\t\t\t\t\t\t\u00danete a Horizons28\n\t\t\t<\/a>\n\t\t\t\t<img loading=\"lazy\" decoding=\"async\" src=\"http:\/\/horizons28.com\/wp-content\/uploads\/2025\/04\/horizons28-gap-trading.png\" alt=\"Horisons28 Gap Trading\" itemprop=\"image\" height=\"500\" width=\"600\" title=\"horizons28-gap-trading\" onerror=\"this.style.display='none'\"  \/>\n<h2>\n\t\t\u00a1Haga que la Volatilidad del Mercado Trabaje para Usted!\n\t<\/h2>\n\t<p>La negociaci\u00f3n de gaps es una <strong>estrategia din\u00e1mica a corto plazo que aprovecha los saltos o ca\u00eddas repentinas de precios<\/strong> entre los precios de cierre y apertura del mercado. Estos gaps a menudo ocurren debido a noticias nocturnas, informes de ganancias o informes econ\u00f3micos.  <strong>En Horizons28, le ayudamos a convertir estos momentos en poderosas oportunidades de beneficio.<\/strong><\/p>\n<h2>\n\t\tBasado en el Momentum\n\t<\/h2>\n\t<p>Los gaps de precios son a menudo el resultado de fuertes cambios en el sentimiento o el momentum del mercado con un potencial de negociaci\u00f3n significativo. Al interpretar la historia detr\u00e1s del gap y captar la acci\u00f3n temprana del precio, <strong>los operadores pueden anticipar una acci\u00f3n significativa del precio<\/strong> antes de que el resto del mercado se ponga al d\u00eda con la tendencia. <\/p>\n<h2>\n\t\tConfiguraciones Basadas en Datos\n\t<\/h2>\n\t<p>Las formaciones de gaps t\u00edpicamente siguen a eventos de mercado impactantes, <strong>haci\u00e9ndolas m\u00e1s f\u00e1ciles de rastrear y m\u00e1s predecibles<\/strong> que el ruido aleatorio del mercado. Estas configuraciones son ideales para entradas de alta convicci\u00f3n. Esta naturaleza de seguimiento de tendencias hace que la negociaci\u00f3n de gaps sea <strong>una adici\u00f3n ideal para las estrategias automatizadas.<\/strong>  <\/p>\n<h2>\n\t\tOperaciones a Corto Plazo\n\t<\/h2>\n\t<p>Las operaciones de gaps son t\u00edpicamente de corta duraci\u00f3n, haci\u00e9ndolas ideales para operadores intrad\u00eda y de swing que buscan retornos r\u00e1pidos sin largos per\u00edodos de tenencia. La naturaleza de la negociaci\u00f3n de gaps la convierte en una opci\u00f3n atractiva para <strong>cualquier operador que busque obtener beneficios a corto plazo<\/strong> de los mercados mientras minimiza el riesgo de la operaci\u00f3n. <\/p>\n<h3>\n\t\tNegociaci\u00f3n de Gaps Con Horizons28\n\t<\/h3>\n<h3>\n\t\tDetecte Gaps. Aproveche las Oportunidades. \n\t<\/h3>\n\t<p>La negociaci\u00f3n de gaps es una <strong>estrategia din\u00e1mica a corto plazo que aprovecha los saltos o ca\u00eddas repentinas de precios<\/strong> entre los precios de cierre y apertura del mercado. Estos gaps a menudo ocurren debido a noticias nocturnas, informes de ganancias o informes econ\u00f3micos.  <strong>En Horizons28, le ayudamos a convertir estos momentos en poderosas oportunidades de beneficio.<\/strong><\/p>\n\t\t<h4>Inteligencia de Mercado<\/h4>\t\t\t\n\t\t\t\t<p>Obtenga percepciones y an\u00e1lisis de mercado accionables y expertos, centrados en las formaciones diarias de gaps en los mercados globales.<\/p>\n\t\t<h4>Se\u00f1ales de Negociaci\u00f3n Instant\u00e1neas<\/h4>\t\t\t\n\t\t\t\t<p>Reciba ideas de negociaci\u00f3n accionables, incluyendo alertas en tiempo real con niveles claros de entrada, stop-loss y toma de beneficios.<\/p>\n\t\t<h4>Indicadores Especializados<\/h4>\t\t\t\n\t\t\t\t<p>Utilice indicadores de gaps propietarios en nuestra plataforma de negociaci\u00f3n Horizons28 para detectar y validar oportunidades con confianza.<\/p>\n\t\t<h4>Soporte Dedicado<\/h4>\t\t\t\n\t\t\t\t<p>Trabaje con entrenadores de negociaci\u00f3n experimentados y gestores de cuentas personales para perfeccionar su enfoque de negociaci\u00f3n de gaps.<\/p>\n<h3>\n\t\tTecnolog\u00eda Horizons28\n\t<\/h3>\n<h3>\n\t\tTipos de Gaps de Precios que Puede Negociar\n\t<\/h3>\n\t\t\t<h4>De Ruptura<\/h4>\t\t\t\n\t\t\t\t<p><strong>Qu\u00e9 es:<\/strong> Un salto de precio m\u00e1s all\u00e1 de un nivel de resistencia o soporte despu\u00e9s de una consolidaci\u00f3n.<\/p>\n<p><strong>Por qu\u00e9 importa:<\/strong> Se\u00f1ala una potencial nueva tendencia, lo cual es excelente para captar el momentum temprano.<\/p>\n\t\t\t<h4>De Continuaci\u00f3n<\/h4>\t\t\t\n\t\t\t\t<p><strong>Qu\u00e9 es:<\/strong> Un gap en medio de una tendencia que muestra que la tendencia est\u00e1 ganando fuerza y momentum.<\/p>\n<p><strong>Por qu\u00e9 importa:<\/strong> Perfecto para operadores que a\u00f1aden a sus posiciones durante movimientos direccionales fuertes.<\/p>\n\t\t\t<h4>De Reversi\u00f3n<\/h4>\t\t\t\n\t\t\t\t<p><strong>Qu\u00e9 es:<\/strong> Un aumento final en el precio de un activo que a menudo se\u00f1ala el final de una tendencia particular.<\/p>\n<p><strong>Por qu\u00e9 importa:<\/strong> Ideal para configuraciones contrarias y operadores de reversi\u00f3n que buscan beneficiarse de los retrocesos de precios.<\/p>\n<h1>\n\t\tDomine el Mercado con Estrategias de Gaps M\u00e1s Inteligentes\n\t<\/h1>\n\t<p>El ecosistema de negociaci\u00f3n centrado en gaps de Horizons28 est\u00e1 construido para <strong>ayudarle a capitalizar eficientemente los saltos de precios,<\/strong> independientemente de su experiencia en negociaci\u00f3n. Con s\u00f3lidas herramientas de gesti\u00f3n de riesgos integradas en la plataforma, <strong>puede negociar de manera m\u00e1s inteligente y proteger su capital con confianza<\/strong>. La interfaz f\u00e1cil de usar hace que incluso las estrategias complejas sean f\u00e1ciles de ejecutar, por lo que puede actuar r\u00e1pidamente sin necesidad de un trasfondo t\u00e9cnico. <strong>Adem\u00e1s, mientras negocia, tendr\u00e1 acceso a un conjunto completo de recursos educativos<\/strong> \u2013 incluyendo gu\u00edas paso a paso, webinars en vivo y coaching individual \u2013 para perfeccionar continuamente sus habilidades y crecer como operador.  <\/p>\n\t\t\t\t<img loading=\"lazy\" decoding=\"async\" src=\"http:\/\/horizons28.com\/wp-content\/uploads\/2025\/04\/gap-trading-strategies.png\" alt=\"Gap Trading Strategies\" itemprop=\"image\" height=\"580\" width=\"813\" title=\"gap-trading-strategies\" onerror=\"this.style.display='none'\"  \/>\n<h5>\n\t\tInicie Su Trayecto de Negociaci\u00f3n de Gaps Con Horizons28\n\t<\/h5>\n\t\t\t\t\t\t\t\t\t\t\t\t\t\t\t<h5>1<\/h5>\n\t\t\t\t\t\t<p>Acceda a Su Cuenta<\/p>\t\t\t\t\t\n\t\t\t<!-- END .front -->\n\t\t\t\t\t\t<p>Reg\u00edstrese o inicie sesi\u00f3n en su cuenta de Horizons28 para comenzar a negociar.<\/p>\t\t\t\t\t\n\t\t\t<!-- END .back -->\n\t\t <!-- ifb-flip-box -->\n\t <!-- flip-box -->\n\t\t\t\t\t\t\t\t\t\t\t\t\t\t\t<h5>2<\/h5>\n\t\t\t\t\t\t<p>Domine los Fundamentos<\/p>\t\t\t\t\t\n\t\t\t<!-- END .front -->\n\t\t\t\t\t\t<p>Explore nuestra biblioteca de recursos de negociaci\u00f3n de gaps y tutoriales de estrategias.<\/p>\t\t\t\t\t\n\t\t\t<!-- END .back -->\n\t\t <!-- ifb-flip-box -->\n\t <!-- flip-box -->\n\t\t\t\t\t\t\t\t\t\t\t\t\t\t\t<h5>3<\/h5>\n\t\t\t\t\t\t<p>Utilice Nuestro Soporte<\/p>\t\t\t\t\t\n\t\t\t<!-- END .front -->\n\t\t\t\t\t\t<p>Utilice nuestras se\u00f1ales, herramientas y orientaci\u00f3n experta para ejecutar operaciones de gaps de alto potencial.<\/p>\t\t\t\t\t\n\t\t\t<!-- END .back -->\n\t\t <!-- ifb-flip-box -->\n\t <!-- flip-box -->\n<h3>\n\t\t\u00bfListo para operar de forma m\u00e1s inteligente? Experimenta verdadera velocidad, mercados reales y resultados aut\u00e9nticos.\n\t<\/h3>\n\t\t\t<a href=\"https:\/\/area.horizons28.net\/auth\/registration\" target=\"_blank\" rel=\"noopener\">\n\t\t\t\t\t\t\t\u00danete a Horizons28\n\t\t\t<\/a>\n\n","protected":false},"excerpt":{"rendered":"<p>Reaccione M\u00e1s R\u00e1pido. Negocie con Mayor Inteligencia. Utilice las herramientas y estrategias personalizadas de negociaci\u00f3n de gaps de Horizons28 para identificar, validar y negociar eficientemente los gaps del mercado. \u00danete a Horizons28 \u00a1Haga que la Volatilidad del Mercado Trabaje para Usted! La negociaci\u00f3n de gaps es una estrategia din\u00e1mica a corto plazo que aprovecha los&hellip;<\/p>\n","protected":false},"author":1,"featured_media":0,"parent":0,"menu_order":0,"comment_status":"closed","ping_status":"closed","template":"","meta":{"footnotes":""},"class_list":["post-811","page","type-page","status-publish","hentry"],"yoast_head":"<!-- This site is optimized with the Yoast SEO plugin v27.5 - https:\/\/yoast.com\/product\/yoast-seo-wordpress\/ -->\n<title>Estrategias de Negociaci\u00f3n de Gaps | Capitalice los Saltos de Precios con Horizons28<\/title>\n<meta name=\"description\" content=\"Aprenda c\u00f3mo negociar eficazmente los saltos de precios con Horizons28. Explore estrategias, herramientas y consejos para una negociaci\u00f3n de gaps rentable.\" \/>\n<meta name=\"robots\" content=\"index, follow, max-snippet:-1, max-image-preview:large, max-video-preview:-1\" \/>\n<link rel=\"canonical\" href=\"https:\/\/horizons28.com\/es\/negociacion-de-gaps\/\" \/>\n<meta property=\"og:locale\" content=\"es_ES\" \/>\n<meta property=\"og:type\" content=\"article\" \/>\n<meta property=\"og:title\" content=\"Estrategias de Negociaci\u00f3n de Gaps | Capitalice los Saltos de Precios con Horizons28\" \/>\n<meta property=\"og:description\" content=\"Aprenda c\u00f3mo negociar eficazmente los saltos de precios con Horizons28. Explore estrategias, herramientas y consejos para una negociaci\u00f3n de gaps rentable.\" \/>\n<meta property=\"og:url\" content=\"https:\/\/horizons28.com\/es\/negociacion-de-gaps\/\" \/>\n<meta property=\"og:site_name\" content=\"Horizons28\" \/>\n<meta property=\"article:modified_time\" content=\"2025-04-15T07:17:59+00:00\" \/>\n<meta property=\"og:image\" content=\"http:\/\/horizons28.com\/wp-content\/uploads\/2025\/04\/horizons28-gap-trading.png\" \/>\n<meta name=\"twitter:card\" content=\"summary_large_image\" \/>\n<meta name=\"twitter:label1\" content=\"Tiempo de lectura\" \/>\n\t<meta name=\"twitter:data1\" content=\"4 minutos\" \/>\n<script type=\"application\/ld+json\" class=\"yoast-schema-graph\">{\"@context\":\"https:\\\/\\\/schema.org\",\"@graph\":[{\"@type\":\"WebPage\",\"@id\":\"https:\\\/\\\/horizons28.com\\\/es\\\/negociacion-de-gaps\\\/\",\"url\":\"https:\\\/\\\/horizons28.com\\\/es\\\/negociacion-de-gaps\\\/\",\"name\":\"Estrategias de Negociaci\u00f3n de Gaps | Capitalice los Saltos de Precios con Horizons28\",\"isPartOf\":{\"@id\":\"https:\\\/\\\/horizons28.com\\\/es\\\/#website\"},\"primaryImageOfPage\":{\"@id\":\"https:\\\/\\\/horizons28.com\\\/es\\\/negociacion-de-gaps\\\/#primaryimage\"},\"image\":{\"@id\":\"https:\\\/\\\/horizons28.com\\\/es\\\/negociacion-de-gaps\\\/#primaryimage\"},\"thumbnailUrl\":\"http:\\\/\\\/horizons28.com\\\/wp-content\\\/uploads\\\/2025\\\/04\\\/horizons28-gap-trading.png\",\"datePublished\":\"2025-04-04T07:19:14+00:00\",\"dateModified\":\"2025-04-15T07:17:59+00:00\",\"description\":\"Aprenda c\u00f3mo negociar eficazmente los saltos de precios con Horizons28. Explore estrategias, herramientas y consejos para una negociaci\u00f3n de gaps rentable.\",\"breadcrumb\":{\"@id\":\"https:\\\/\\\/horizons28.com\\\/es\\\/negociacion-de-gaps\\\/#breadcrumb\"},\"inLanguage\":\"es\",\"potentialAction\":[{\"@type\":\"ReadAction\",\"target\":[\"https:\\\/\\\/horizons28.com\\\/es\\\/negociacion-de-gaps\\\/\"]}]},{\"@type\":\"ImageObject\",\"inLanguage\":\"es\",\"@id\":\"https:\\\/\\\/horizons28.com\\\/es\\\/negociacion-de-gaps\\\/#primaryimage\",\"url\":\"http:\\\/\\\/horizons28.com\\\/wp-content\\\/uploads\\\/2025\\\/04\\\/horizons28-gap-trading.png\",\"contentUrl\":\"http:\\\/\\\/horizons28.com\\\/wp-content\\\/uploads\\\/2025\\\/04\\\/horizons28-gap-trading.png\"},{\"@type\":\"BreadcrumbList\",\"@id\":\"https:\\\/\\\/horizons28.com\\\/es\\\/negociacion-de-gaps\\\/#breadcrumb\",\"itemListElement\":[{\"@type\":\"ListItem\",\"position\":1,\"name\":\"Home\",\"item\":\"https:\\\/\\\/horizons28.com\\\/es\\\/\"},{\"@type\":\"ListItem\",\"position\":2,\"name\":\"Negociaci\u00f3n de Gaps\"}]},{\"@type\":\"WebSite\",\"@id\":\"https:\\\/\\\/horizons28.com\\\/es\\\/#website\",\"url\":\"https:\\\/\\\/horizons28.com\\\/es\\\/\",\"name\":\"Horizons28\",\"description\":\"\",\"potentialAction\":[{\"@type\":\"SearchAction\",\"target\":{\"@type\":\"EntryPoint\",\"urlTemplate\":\"https:\\\/\\\/horizons28.com\\\/es\\\/?s={search_term_string}\"},\"query-input\":{\"@type\":\"PropertyValueSpecification\",\"valueRequired\":true,\"valueName\":\"search_term_string\"}}],\"inLanguage\":\"es\"}]}<\/script>\n<!-- \/ Yoast SEO plugin. -->","yoast_head_json":{"title":"Estrategias de Negociaci\u00f3n de Gaps | Capitalice los Saltos de Precios con Horizons28","description":"Aprenda c\u00f3mo negociar eficazmente los saltos de precios con Horizons28. Explore estrategias, herramientas y consejos para una negociaci\u00f3n de gaps rentable.","robots":{"index":"index","follow":"follow","max-snippet":"max-snippet:-1","max-image-preview":"max-image-preview:large","max-video-preview":"max-video-preview:-1"},"canonical":"https:\/\/horizons28.com\/es\/negociacion-de-gaps\/","og_locale":"es_ES","og_type":"article","og_title":"Estrategias de Negociaci\u00f3n de Gaps | Capitalice los Saltos de Precios con Horizons28","og_description":"Aprenda c\u00f3mo negociar eficazmente los saltos de precios con Horizons28. Explore estrategias, herramientas y consejos para una negociaci\u00f3n de gaps rentable.","og_url":"https:\/\/horizons28.com\/es\/negociacion-de-gaps\/","og_site_name":"Horizons28","article_modified_time":"2025-04-15T07:17:59+00:00","og_image":[{"url":"http:\/\/horizons28.com\/wp-content\/uploads\/2025\/04\/horizons28-gap-trading.png","type":"","width":"","height":""}],"twitter_card":"summary_large_image","twitter_misc":{"Tiempo de lectura":"4 minutos"},"schema":{"@context":"https:\/\/schema.org","@graph":[{"@type":"WebPage","@id":"https:\/\/horizons28.com\/es\/negociacion-de-gaps\/","url":"https:\/\/horizons28.com\/es\/negociacion-de-gaps\/","name":"Estrategias de Negociaci\u00f3n de Gaps | Capitalice los Saltos de Precios con Horizons28","isPartOf":{"@id":"https:\/\/horizons28.com\/es\/#website"},"primaryImageOfPage":{"@id":"https:\/\/horizons28.com\/es\/negociacion-de-gaps\/#primaryimage"},"image":{"@id":"https:\/\/horizons28.com\/es\/negociacion-de-gaps\/#primaryimage"},"thumbnailUrl":"http:\/\/horizons28.com\/wp-content\/uploads\/2025\/04\/horizons28-gap-trading.png","datePublished":"2025-04-04T07:19:14+00:00","dateModified":"2025-04-15T07:17:59+00:00","description":"Aprenda c\u00f3mo negociar eficazmente los saltos de precios con Horizons28. Explore estrategias, herramientas y consejos para una negociaci\u00f3n de gaps rentable.","breadcrumb":{"@id":"https:\/\/horizons28.com\/es\/negociacion-de-gaps\/#breadcrumb"},"inLanguage":"es","potentialAction":[{"@type":"ReadAction","target":["https:\/\/horizons28.com\/es\/negociacion-de-gaps\/"]}]},{"@type":"ImageObject","inLanguage":"es","@id":"https:\/\/horizons28.com\/es\/negociacion-de-gaps\/#primaryimage","url":"http:\/\/horizons28.com\/wp-content\/uploads\/2025\/04\/horizons28-gap-trading.png","contentUrl":"http:\/\/horizons28.com\/wp-content\/uploads\/2025\/04\/horizons28-gap-trading.png"},{"@type":"BreadcrumbList","@id":"https:\/\/horizons28.com\/es\/negociacion-de-gaps\/#breadcrumb","itemListElement":[{"@type":"ListItem","position":1,"name":"Home","item":"https:\/\/horizons28.com\/es\/"},{"@type":"ListItem","position":2,"name":"Negociaci\u00f3n de Gaps"}]},{"@type":"WebSite","@id":"https:\/\/horizons28.com\/es\/#website","url":"https:\/\/horizons28.com\/es\/","name":"Horizons28","description":"","potentialAction":[{"@type":"SearchAction","target":{"@type":"EntryPoint","urlTemplate":"https:\/\/horizons28.com\/es\/?s={search_term_string}"},"query-input":{"@type":"PropertyValueSpecification","valueRequired":true,"valueName":"search_term_string"}}],"inLanguage":"es"}]}},"_links":{"self":[{"href":"https:\/\/horizons28.com\/es\/wp-json\/wp\/v2\/pages\/811","targetHints":{"allow":["GET"]}}],"collection":[{"href":"https:\/\/horizons28.com\/es\/wp-json\/wp\/v2\/pages"}],"about":[{"href":"https:\/\/horizons28.com\/es\/wp-json\/wp\/v2\/types\/page"}],"author":[{"embeddable":true,"href":"https:\/\/horizons28.com\/es\/wp-json\/wp\/v2\/users\/1"}],"replies":[{"embeddable":true,"href":"https:\/\/horizons28.com\/es\/wp-json\/wp\/v2\/comments?post=811"}],"version-history":[{"count":1,"href":"https:\/\/horizons28.com\/es\/wp-json\/wp\/v2\/pages\/811\/revisions"}],"predecessor-version":[{"id":1160,"href":"https:\/\/horizons28.com\/es\/wp-json\/wp\/v2\/pages\/811\/revisions\/1160"}],"wp:attachment":[{"href":"https:\/\/horizons28.com\/es\/wp-json\/wp\/v2\/media?parent=811"}],"curies":[{"name":"wp","href":"https:\/\/api.w.org\/{rel}","templated":true}]}}