{"id":858,"date":"2025-04-04T07:20:25","date_gmt":"2025-04-04T07:20:25","guid":{"rendered":"http:\/\/horizons28.com\/liquidez-de-negociacion\/"},"modified":"2025-04-15T07:21:59","modified_gmt":"2025-04-15T07:21:59","slug":"liquidez-de-negociacion","status":"publish","type":"page","link":"https:\/\/horizons28.com\/es\/liquidez-de-negociacion\/","title":{"rendered":"Liquidez de Negociaci\u00f3n"},"content":{"rendered":"\n<h1>\n\t\tLiquidez Inteligente. Acceso Instant\u00e1neo. \n\t<\/h1>\n\t<p>Acceda a liquidez instant\u00e1nea para respaldar una negociaci\u00f3n fluida, una ejecuci\u00f3n m\u00e1s r\u00e1pida y un rendimiento ininterrumpido del mercado.<\/p>\n\t\t\t<a href=\"https:\/\/area.horizons28.net\/auth\/registration\" target=\"_blank\" rel=\"noopener\">\n\t\t\t\t\t\t\t\u00danete a Horizons28\n\t\t\t<\/a>\n\t\t\t\t<img loading=\"lazy\" decoding=\"async\" src=\"http:\/\/horizons28.com\/wp-content\/uploads\/2025\/04\/trade-liquidity.png\" alt=\"Trade Liquidity\" itemprop=\"image\" height=\"500\" width=\"600\" title=\"trade-liquidity\" onerror=\"this.style.display='none'\"  \/>\n<h2>\n\t\t\u00bfQu\u00e9 Es la Liquidez de Negociaci\u00f3n de Horizons28?\n\t<\/h2>\n\t<p>La Liquidez de Negociaci\u00f3n de Horizons28 es una soluci\u00f3n financiera dise\u00f1ada espec\u00edficamente que proporciona a las corredur\u00edas acceso r\u00e1pido a reservas de liquidez. <strong>Esto garantiza una negociaci\u00f3n fluida e ininterrumpida incluso durante condiciones de mercado de alto volumen o volatilidad.<\/strong> Nuestro apoyo de liquidez mejora el rendimiento y la fiabilidad en todas las operaciones de negociaci\u00f3n.<\/p>\n<h2>\n\t\tAcceso R\u00e1pido a Capital\n\t<\/h2>\n\t<p>Evite tiempos de inactividad e interrupciones en las operaciones con liquidez inmediata disponible exactamente cuando se necesita.<\/p>\n<h2>\n\t\tEjecuci\u00f3n Mejorada\n\t<\/h2>\n\t<p>Acelere la ejecuci\u00f3n de operaciones y minimice el deslizamiento con acceso constante a fondos, para una mejor experiencia de negociaci\u00f3n.<\/p>\n<h2>\n\t\tProtecci\u00f3n contra la Volatilidad\n\t<\/h2>\n\t<p>Estabilice las operaciones durante alta volatilidad o picos del mercado con amortiguadores de liquidez integrados para una mejor protecci\u00f3n contra el riesgo de negociaci\u00f3n.<\/p>\n<h2>\n\t\tT\u00e9rminos Flexibles\n\t<\/h2>\n\t<p>Ofrecemos opciones de reembolso que se ajustan a los ciclos de flujo de caja y objetivos operativos de su corredur\u00eda, sin programas r\u00edgidos.<\/p>\n<h2>\n\t\tEscalable para el Crecimiento\n\t<\/h2>\n\t<p>Ya sea que est\u00e9 expandi\u00e9ndose a nuevos mercados o manejando vol\u00famenes de negociaci\u00f3n incrementados, nuestra soluci\u00f3n se adapta a sus necesidades.<\/p>\n<h2>\n\t\tConfianza del Cliente\n\t<\/h2>\n\t<p>La ejecuci\u00f3n consistente y la negociaci\u00f3n ininterrumpida generan credibilidad con sus clientes, reforzando su marca.<\/p>\n<h3>\n\t\tExplore los Beneficios\n\t<\/h3>\n<h3>\n\t\tCaracter\u00edsticas de la Liquidez de Negociaci\u00f3n de Horizons28\n\t<\/h3>\n\t<p>El Fondo de Inversi\u00f3n Horizons28 est\u00e1 dise\u00f1ado para <strong>ayudar a los inversores a hacer crecer su dinero mediante la colaboraci\u00f3n y el acceso a proyectos de inversi\u00f3n seleccionados<\/strong>. Ya sea que est\u00e9 empezando o ya construyendo riqueza, <strong>esta es su puerta de entrada a una inversi\u00f3n m\u00e1s inteligente y conectada.<\/strong> <\/p>\n\t\t<h4>Condiciones L\u00edderes en la Industria<\/h4>\t\t\t\n\t\t\t\t<p>Obtenga liquidez en t\u00e9rminos altamente competitivos, ayud\u00e1ndole a gestionar costos sin comprometer el rendimiento.<\/p>\n\t\t<h4>Transparencia Total<\/h4>\t\t\t\n\t\t\t\t<p>Todos los acuerdos son claros, directos y libres de tarifas ocultas o cargos inesperados para una total transparencia.<\/p>\n\t\t<h4>Soporte Enfocado en el Corredor<\/h4>\t\t\t\n\t\t\t\t<p>Se le asignar\u00e1 un experto dedicado de Horizons28 que comprende su negocio y le ayuda a optimizar su estrategia de liquidez.<\/p>\n\t\t<h4>Integraci\u00f3n Perfecta<\/h4>\t\t\t\n\t\t\t\t<p>Nuestros adelantos de liquidez se integran sin esfuerzo con sus sistemas y proveedores existentes, sin dolores de cabeza tecnol\u00f3gicos, solo operaciones fluidas.<\/p>\n<h5>\n\t\tC\u00f3mo funciona\n\t<\/h5>\n\t\t\t\t\t\t\t\t\t\t\t\t\t\t\t<h5>1<\/h5>\n\t\t\t\t\t\t<p>Evaluaci\u00f3n<\/p>\t\t\t\t\t\n\t\t\t<!-- END .front -->\n\t\t\t\t\t\t<p>Analizamos su actividad de negociaci\u00f3n, necesidades de liquidez y trayectoria de crecimiento para dise\u00f1ar la soluci\u00f3n adecuada para su corredur\u00eda.<\/p>\t\t\t\t\t\n\t\t\t<!-- END .back -->\n\t\t <!-- ifb-flip-box -->\n\t <!-- flip-box -->\n\t\t\t\t\t\t\t\t\t\t\t\t\t\t\t<h5>2<\/h5>\n\t\t\t\t\t\t<p>Aprobaci\u00f3n<\/p>\t\t\t\t\t\n\t\t\t<!-- END .front -->\n\t\t\t\t\t\t<p>Una vez aprobado, recibir\u00e1 acceso inmediato a la reserva de liquidez acordada, lista para respaldar sus operaciones.<\/p>\t\t\t\t\t\n\t\t\t<!-- END .back -->\n\t\t <!-- ifb-flip-box -->\n\t <!-- flip-box -->\n\t\t\t\t\t\t\t\t\t\t\t\t\t\t\t<h5>3<\/h5>\n\t\t\t\t\t\t<p>Integraci\u00f3n<\/p>\t\t\t\t\t\n\t\t\t<!-- END .front -->\n\t\t\t\t\t\t<p>Los fondos se integran perfectamente en su marco de liquidez con una m\u00ednima interrupci\u00f3n operativa.<\/p>\t\t\t\t\t\n\t\t\t<!-- END .back -->\n\t\t <!-- ifb-flip-box -->\n\t <!-- flip-box -->\n\t\t\t\t\t\t\t\t\t\t\t\t\t\t\t<h5>4<\/h5>\n\t\t\t\t\t\t<p>Reembolso<\/p>\t\t\t\t\t\n\t\t\t<!-- END .front -->\n\t\t\t\t\t\t<p>Reembolse el adelanto de liquidez en un cronograma que se ajuste a su estructura financiera y requisitos de corredur\u00eda.<\/p>\t\t\t\t\t\n\t\t\t<!-- END .back -->\n\t\t <!-- ifb-flip-box -->\n\t <!-- flip-box -->\n<h3>\n\t\t\u00bfListo para operar de forma m\u00e1s inteligente? Experimenta verdadera velocidad, mercados reales y resultados aut\u00e9nticos.\n\t<\/h3>\n\t\t\t<a href=\"https:\/\/area.horizons28.net\/auth\/registration\" target=\"_blank\" rel=\"noopener\">\n\t\t\t\t\t\t\t\u00danete a Horizons28\n\t\t\t<\/a>\n<h1>\n\t\tAs\u00f3ciese con Horizons28 Hoy\n\t<\/h1>\n\t<p><strong>Potencie su corredur\u00eda con la liquidez que necesita<\/strong> para escalar con confianza, mejorar la ejecuci\u00f3n y mantener la confianza del cliente. Construyamos una base m\u00e1s s\u00f3lida para el crecimiento: con\u00e9ctese hoy con un especialista en Liquidez de Negociaci\u00f3n de Horizons28. <\/p>\n<p>Nuestras soluciones de liquidez personalizadas est\u00e1n dise\u00f1adas para alinearse con sus objetivos comerciales, proporcionando la flexibilidad y el apoyo que necesita para operar a plena capacidad. Desde una ejecuci\u00f3n de operaciones m\u00e1s fluida hasta una mayor resistencia del mercado, <strong>Horizons28 proporciona a su corredur\u00eda las herramientas para prosperar en cualquier entorno de mercado.<\/strong> <\/p>\n\t\t\t\t<img loading=\"lazy\" decoding=\"async\" src=\"http:\/\/horizons28.com\/wp-content\/uploads\/2025\/04\/partner-with-us.png\" alt=\"Partner With Us\" itemprop=\"image\" height=\"580\" width=\"813\" title=\"partner-with-us\" onerror=\"this.style.display='none'\"  \/>\n<h3>\n\t\t\u00bfListo para operar de forma m\u00e1s inteligente? Experimenta verdadera velocidad, mercados reales y resultados aut\u00e9nticos.\n\t<\/h3>\n\t\t\t<a href=\"https:\/\/area.horizons28.net\/auth\/registration\" target=\"_blank\" rel=\"noopener\">\n\t\t\t\t\t\t\t\u00danete a Horizons28\n\t\t\t<\/a>\n\n","protected":false},"excerpt":{"rendered":"<p>Liquidez Inteligente. Acceso Instant\u00e1neo. Acceda a liquidez instant\u00e1nea para respaldar una negociaci\u00f3n fluida, una ejecuci\u00f3n m\u00e1s r\u00e1pida y un rendimiento ininterrumpido del mercado. \u00danete a Horizons28 \u00bfQu\u00e9 Es la Liquidez de Negociaci\u00f3n de Horizons28? La Liquidez de Negociaci\u00f3n de Horizons28 es una soluci\u00f3n financiera dise\u00f1ada espec\u00edficamente que proporciona a las corredur\u00edas acceso r\u00e1pido a reservas&hellip;<\/p>\n","protected":false},"author":1,"featured_media":0,"parent":0,"menu_order":0,"comment_status":"closed","ping_status":"closed","template":"","meta":{"footnotes":""},"class_list":["post-858","page","type-page","status-publish","hentry"],"yoast_head":"<!-- This site is optimized with the Yoast SEO plugin v27.3 - https:\/\/yoast.com\/product\/yoast-seo-wordpress\/ -->\n<title>Soluciones de Liquidez de Negociaci\u00f3n | Capital Instant\u00e1neo para Corredores | Horizons28<\/title>\n<meta name=\"description\" content=\"Liquidez r\u00e1pida y flexible para ejecuci\u00f3n y estabilidad. Horizons28 ayuda a su corredur\u00eda a crecer.\" \/>\n<meta name=\"robots\" content=\"index, follow, max-snippet:-1, max-image-preview:large, max-video-preview:-1\" \/>\n<link rel=\"canonical\" href=\"https:\/\/horizons28.com\/es\/liquidez-de-negociacion\/\" \/>\n<meta property=\"og:locale\" content=\"es_ES\" \/>\n<meta property=\"og:type\" content=\"article\" \/>\n<meta property=\"og:title\" content=\"Soluciones de Liquidez de Negociaci\u00f3n | Capital Instant\u00e1neo para Corredores | Horizons28\" \/>\n<meta property=\"og:description\" content=\"Liquidez r\u00e1pida y flexible para ejecuci\u00f3n y estabilidad. Horizons28 ayuda a su corredur\u00eda a crecer.\" \/>\n<meta property=\"og:url\" content=\"https:\/\/horizons28.com\/es\/liquidez-de-negociacion\/\" \/>\n<meta property=\"og:site_name\" content=\"Horizons28\" \/>\n<meta property=\"article:modified_time\" content=\"2025-04-15T07:21:59+00:00\" \/>\n<meta property=\"og:image\" content=\"http:\/\/horizons28.com\/wp-content\/uploads\/2025\/04\/trade-liquidity.png\" \/>\n<meta name=\"twitter:card\" content=\"summary_large_image\" \/>\n<meta name=\"twitter:label1\" content=\"Tiempo de lectura\" \/>\n\t<meta name=\"twitter:data1\" content=\"3 minutos\" \/>\n<script type=\"application\/ld+json\" class=\"yoast-schema-graph\">{\"@context\":\"https:\\\/\\\/schema.org\",\"@graph\":[{\"@type\":\"WebPage\",\"@id\":\"https:\\\/\\\/horizons28.com\\\/es\\\/liquidez-de-negociacion\\\/\",\"url\":\"https:\\\/\\\/horizons28.com\\\/es\\\/liquidez-de-negociacion\\\/\",\"name\":\"Soluciones de Liquidez de Negociaci\u00f3n | Capital Instant\u00e1neo para Corredores | Horizons28\",\"isPartOf\":{\"@id\":\"https:\\\/\\\/horizons28.com\\\/es\\\/#website\"},\"primaryImageOfPage\":{\"@id\":\"https:\\\/\\\/horizons28.com\\\/es\\\/liquidez-de-negociacion\\\/#primaryimage\"},\"image\":{\"@id\":\"https:\\\/\\\/horizons28.com\\\/es\\\/liquidez-de-negociacion\\\/#primaryimage\"},\"thumbnailUrl\":\"http:\\\/\\\/horizons28.com\\\/wp-content\\\/uploads\\\/2025\\\/04\\\/trade-liquidity.png\",\"datePublished\":\"2025-04-04T07:20:25+00:00\",\"dateModified\":\"2025-04-15T07:21:59+00:00\",\"description\":\"Liquidez r\u00e1pida y flexible para ejecuci\u00f3n y estabilidad. Horizons28 ayuda a su corredur\u00eda a crecer.\",\"breadcrumb\":{\"@id\":\"https:\\\/\\\/horizons28.com\\\/es\\\/liquidez-de-negociacion\\\/#breadcrumb\"},\"inLanguage\":\"es\",\"potentialAction\":[{\"@type\":\"ReadAction\",\"target\":[\"https:\\\/\\\/horizons28.com\\\/es\\\/liquidez-de-negociacion\\\/\"]}]},{\"@type\":\"ImageObject\",\"inLanguage\":\"es\",\"@id\":\"https:\\\/\\\/horizons28.com\\\/es\\\/liquidez-de-negociacion\\\/#primaryimage\",\"url\":\"http:\\\/\\\/horizons28.com\\\/wp-content\\\/uploads\\\/2025\\\/04\\\/trade-liquidity.png\",\"contentUrl\":\"http:\\\/\\\/horizons28.com\\\/wp-content\\\/uploads\\\/2025\\\/04\\\/trade-liquidity.png\"},{\"@type\":\"BreadcrumbList\",\"@id\":\"https:\\\/\\\/horizons28.com\\\/es\\\/liquidez-de-negociacion\\\/#breadcrumb\",\"itemListElement\":[{\"@type\":\"ListItem\",\"position\":1,\"name\":\"Home\",\"item\":\"https:\\\/\\\/horizons28.com\\\/es\\\/\"},{\"@type\":\"ListItem\",\"position\":2,\"name\":\"Liquidez de Negociaci\u00f3n\"}]},{\"@type\":\"WebSite\",\"@id\":\"https:\\\/\\\/horizons28.com\\\/es\\\/#website\",\"url\":\"https:\\\/\\\/horizons28.com\\\/es\\\/\",\"name\":\"Horizons28\",\"description\":\"\",\"potentialAction\":[{\"@type\":\"SearchAction\",\"target\":{\"@type\":\"EntryPoint\",\"urlTemplate\":\"https:\\\/\\\/horizons28.com\\\/es\\\/?s={search_term_string}\"},\"query-input\":{\"@type\":\"PropertyValueSpecification\",\"valueRequired\":true,\"valueName\":\"search_term_string\"}}],\"inLanguage\":\"es\"}]}<\/script>\n<!-- \/ Yoast SEO plugin. -->","yoast_head_json":{"title":"Soluciones de Liquidez de Negociaci\u00f3n | Capital Instant\u00e1neo para Corredores | Horizons28","description":"Liquidez r\u00e1pida y flexible para ejecuci\u00f3n y estabilidad. Horizons28 ayuda a su corredur\u00eda a crecer.","robots":{"index":"index","follow":"follow","max-snippet":"max-snippet:-1","max-image-preview":"max-image-preview:large","max-video-preview":"max-video-preview:-1"},"canonical":"https:\/\/horizons28.com\/es\/liquidez-de-negociacion\/","og_locale":"es_ES","og_type":"article","og_title":"Soluciones de Liquidez de Negociaci\u00f3n | Capital Instant\u00e1neo para Corredores | Horizons28","og_description":"Liquidez r\u00e1pida y flexible para ejecuci\u00f3n y estabilidad. Horizons28 ayuda a su corredur\u00eda a crecer.","og_url":"https:\/\/horizons28.com\/es\/liquidez-de-negociacion\/","og_site_name":"Horizons28","article_modified_time":"2025-04-15T07:21:59+00:00","og_image":[{"url":"http:\/\/horizons28.com\/wp-content\/uploads\/2025\/04\/trade-liquidity.png","type":"","width":"","height":""}],"twitter_card":"summary_large_image","twitter_misc":{"Tiempo de lectura":"3 minutos"},"schema":{"@context":"https:\/\/schema.org","@graph":[{"@type":"WebPage","@id":"https:\/\/horizons28.com\/es\/liquidez-de-negociacion\/","url":"https:\/\/horizons28.com\/es\/liquidez-de-negociacion\/","name":"Soluciones de Liquidez de Negociaci\u00f3n | Capital Instant\u00e1neo para Corredores | Horizons28","isPartOf":{"@id":"https:\/\/horizons28.com\/es\/#website"},"primaryImageOfPage":{"@id":"https:\/\/horizons28.com\/es\/liquidez-de-negociacion\/#primaryimage"},"image":{"@id":"https:\/\/horizons28.com\/es\/liquidez-de-negociacion\/#primaryimage"},"thumbnailUrl":"http:\/\/horizons28.com\/wp-content\/uploads\/2025\/04\/trade-liquidity.png","datePublished":"2025-04-04T07:20:25+00:00","dateModified":"2025-04-15T07:21:59+00:00","description":"Liquidez r\u00e1pida y flexible para ejecuci\u00f3n y estabilidad. Horizons28 ayuda a su corredur\u00eda a crecer.","breadcrumb":{"@id":"https:\/\/horizons28.com\/es\/liquidez-de-negociacion\/#breadcrumb"},"inLanguage":"es","potentialAction":[{"@type":"ReadAction","target":["https:\/\/horizons28.com\/es\/liquidez-de-negociacion\/"]}]},{"@type":"ImageObject","inLanguage":"es","@id":"https:\/\/horizons28.com\/es\/liquidez-de-negociacion\/#primaryimage","url":"http:\/\/horizons28.com\/wp-content\/uploads\/2025\/04\/trade-liquidity.png","contentUrl":"http:\/\/horizons28.com\/wp-content\/uploads\/2025\/04\/trade-liquidity.png"},{"@type":"BreadcrumbList","@id":"https:\/\/horizons28.com\/es\/liquidez-de-negociacion\/#breadcrumb","itemListElement":[{"@type":"ListItem","position":1,"name":"Home","item":"https:\/\/horizons28.com\/es\/"},{"@type":"ListItem","position":2,"name":"Liquidez de Negociaci\u00f3n"}]},{"@type":"WebSite","@id":"https:\/\/horizons28.com\/es\/#website","url":"https:\/\/horizons28.com\/es\/","name":"Horizons28","description":"","potentialAction":[{"@type":"SearchAction","target":{"@type":"EntryPoint","urlTemplate":"https:\/\/horizons28.com\/es\/?s={search_term_string}"},"query-input":{"@type":"PropertyValueSpecification","valueRequired":true,"valueName":"search_term_string"}}],"inLanguage":"es"}]}},"_links":{"self":[{"href":"https:\/\/horizons28.com\/es\/wp-json\/wp\/v2\/pages\/858","targetHints":{"allow":["GET"]}}],"collection":[{"href":"https:\/\/horizons28.com\/es\/wp-json\/wp\/v2\/pages"}],"about":[{"href":"https:\/\/horizons28.com\/es\/wp-json\/wp\/v2\/types\/page"}],"author":[{"embeddable":true,"href":"https:\/\/horizons28.com\/es\/wp-json\/wp\/v2\/users\/1"}],"replies":[{"embeddable":true,"href":"https:\/\/horizons28.com\/es\/wp-json\/wp\/v2\/comments?post=858"}],"version-history":[{"count":1,"href":"https:\/\/horizons28.com\/es\/wp-json\/wp\/v2\/pages\/858\/revisions"}],"predecessor-version":[{"id":1166,"href":"https:\/\/horizons28.com\/es\/wp-json\/wp\/v2\/pages\/858\/revisions\/1166"}],"wp:attachment":[{"href":"https:\/\/horizons28.com\/es\/wp-json\/wp\/v2\/media?parent=858"}],"curies":[{"name":"wp","href":"https:\/\/api.w.org\/{rel}","templated":true}]}}