{"id":781,"date":"2025-04-03T14:44:15","date_gmt":"2025-04-03T14:44:15","guid":{"rendered":"http:\/\/horizons28.com\/contactez-nous\/"},"modified":"2025-04-15T06:21:16","modified_gmt":"2025-04-15T06:21:16","slug":"contactez-nous","status":"publish","type":"page","link":"https:\/\/horizons28.com\/fr\/contactez-nous\/","title":{"rendered":"Contactez-nous"},"content":{"rendered":"\n<h1>\n\t\tHorizons28. Ici pour vous aider. \n\t<\/h1>\n\t<p>Contactez Horizons28 pour obtenir un soutien rapide et expert en mati\u00e8re de trading, de comptes et de solutions de plateforme \u2013 \u00e0 tout moment lorsque vous en avez besoin.<\/p>\n\t\t\t<a href=\"https:\/\/area.horizons28.net\/auth\/registration\" target=\"_blank\" rel=\"noopener\">\n\t\t\t\t\t\t\tRejoignez Horizons28\n\t\t\t<\/a>\n\t\t\t\t<img loading=\"lazy\" decoding=\"async\" src=\"http:\/\/horizons28.com\/wp-content\/uploads\/2025\/04\/contact-us.png\" alt=\"Contact Us\" itemprop=\"image\" height=\"500\" width=\"600\" title=\"contact-us\" onerror=\"this.style.display='none'\"  \/>\n\t\t\t<h4>Nous ne sommes qu&rsquo;\u00e0 un clic !<\/h4><h2>Envoyez-nous un message<\/h2>\n\t\t\t<h3>Comment l&rsquo;\u00e9quipe d&rsquo;Horizons28 peut-elle vous assister ?<\/h3>\n\t\t\t\t<p>Vous avez des questions ou besoin d&rsquo;aide ? Nous sommes l\u00e0 pour vous aider dans tous les domaines \u2013 des comptes de trading aux conseils sur la plateforme. <\/p>\n<p>Vous pouvez \u00e9galement nous contacter directement par courriel pour toute demande de renseignements.<\/p>\n\n","protected":false},"excerpt":{"rendered":"<p>Horizons28. Ici pour vous aider. Contactez Horizons28 pour obtenir un soutien rapide et expert en mati\u00e8re de trading, de comptes et de solutions de plateforme \u2013 \u00e0 tout moment lorsque vous en avez besoin. Rejoignez Horizons28 Nous ne sommes qu&rsquo;\u00e0 un clic ! Envoyez-nous un message Comment l&rsquo;\u00e9quipe d&rsquo;Horizons28 peut-elle vous assister ? Vous avez&hellip;<\/p>\n","protected":false},"author":1,"featured_media":0,"parent":0,"menu_order":0,"comment_status":"closed","ping_status":"closed","template":"","meta":{"footnotes":""},"class_list":["post-781","page","type-page","status-publish","hentry"],"yoast_head":"<!-- This site is optimized with the Yoast SEO plugin v27.3 - https:\/\/yoast.com\/product\/yoast-seo-wordpress\/ -->\n<title>Contactez Horizons28 | Nous sommes l\u00e0 pour vous aider<\/title>\n<meta name=\"description\" content=\"Contactez l&#039;\u00e9quipe Horizons28 pour aide, infos ou partenariats. Nous soutenons votre trading.\" \/>\n<meta name=\"robots\" content=\"index, follow, max-snippet:-1, max-image-preview:large, max-video-preview:-1\" \/>\n<link rel=\"canonical\" href=\"https:\/\/horizons28.com\/fr\/contactez-nous\/\" \/>\n<meta property=\"og:locale\" content=\"fr_FR\" \/>\n<meta property=\"og:type\" content=\"article\" \/>\n<meta property=\"og:title\" content=\"Contactez Horizons28 | Nous sommes l\u00e0 pour vous aider\" \/>\n<meta property=\"og:description\" content=\"Contactez l&#039;\u00e9quipe Horizons28 pour aide, infos ou partenariats. Nous soutenons votre trading.\" \/>\n<meta property=\"og:url\" content=\"https:\/\/horizons28.com\/fr\/contactez-nous\/\" \/>\n<meta property=\"og:site_name\" content=\"Horizons28\" \/>\n<meta property=\"article:modified_time\" content=\"2025-04-15T06:21:16+00:00\" \/>\n<meta property=\"og:image\" content=\"http:\/\/horizons28.com\/wp-content\/uploads\/2025\/04\/contact-us.png\" \/>\n<meta name=\"twitter:card\" content=\"summary_large_image\" \/>\n<script type=\"application\/ld+json\" class=\"yoast-schema-graph\">{\"@context\":\"https:\\\/\\\/schema.org\",\"@graph\":[{\"@type\":\"WebPage\",\"@id\":\"https:\\\/\\\/horizons28.com\\\/fr\\\/contactez-nous\\\/\",\"url\":\"https:\\\/\\\/horizons28.com\\\/fr\\\/contactez-nous\\\/\",\"name\":\"Contactez Horizons28 | Nous sommes l\u00e0 pour vous aider\",\"isPartOf\":{\"@id\":\"https:\\\/\\\/horizons28.com\\\/fr\\\/#website\"},\"primaryImageOfPage\":{\"@id\":\"https:\\\/\\\/horizons28.com\\\/fr\\\/contactez-nous\\\/#primaryimage\"},\"image\":{\"@id\":\"https:\\\/\\\/horizons28.com\\\/fr\\\/contactez-nous\\\/#primaryimage\"},\"thumbnailUrl\":\"http:\\\/\\\/horizons28.com\\\/wp-content\\\/uploads\\\/2025\\\/04\\\/contact-us.png\",\"datePublished\":\"2025-04-03T14:44:15+00:00\",\"dateModified\":\"2025-04-15T06:21:16+00:00\",\"description\":\"Contactez l'\u00e9quipe Horizons28 pour aide, infos ou partenariats. Nous soutenons votre trading.\",\"breadcrumb\":{\"@id\":\"https:\\\/\\\/horizons28.com\\\/fr\\\/contactez-nous\\\/#breadcrumb\"},\"inLanguage\":\"fr-FR\",\"potentialAction\":[{\"@type\":\"ReadAction\",\"target\":[\"https:\\\/\\\/horizons28.com\\\/fr\\\/contactez-nous\\\/\"]}]},{\"@type\":\"ImageObject\",\"inLanguage\":\"fr-FR\",\"@id\":\"https:\\\/\\\/horizons28.com\\\/fr\\\/contactez-nous\\\/#primaryimage\",\"url\":\"http:\\\/\\\/horizons28.com\\\/wp-content\\\/uploads\\\/2025\\\/04\\\/contact-us.png\",\"contentUrl\":\"http:\\\/\\\/horizons28.com\\\/wp-content\\\/uploads\\\/2025\\\/04\\\/contact-us.png\"},{\"@type\":\"BreadcrumbList\",\"@id\":\"https:\\\/\\\/horizons28.com\\\/fr\\\/contactez-nous\\\/#breadcrumb\",\"itemListElement\":[{\"@type\":\"ListItem\",\"position\":1,\"name\":\"Home\",\"item\":\"https:\\\/\\\/horizons28.com\\\/fr\\\/\"},{\"@type\":\"ListItem\",\"position\":2,\"name\":\"Contactez-nous\"}]},{\"@type\":\"WebSite\",\"@id\":\"https:\\\/\\\/horizons28.com\\\/fr\\\/#website\",\"url\":\"https:\\\/\\\/horizons28.com\\\/fr\\\/\",\"name\":\"Horizons28\",\"description\":\"\",\"potentialAction\":[{\"@type\":\"SearchAction\",\"target\":{\"@type\":\"EntryPoint\",\"urlTemplate\":\"https:\\\/\\\/horizons28.com\\\/fr\\\/?s={search_term_string}\"},\"query-input\":{\"@type\":\"PropertyValueSpecification\",\"valueRequired\":true,\"valueName\":\"search_term_string\"}}],\"inLanguage\":\"fr-FR\"}]}<\/script>\n<!-- \/ Yoast SEO plugin. -->","yoast_head_json":{"title":"Contactez Horizons28 | Nous sommes l\u00e0 pour vous aider","description":"Contactez l'\u00e9quipe Horizons28 pour aide, infos ou partenariats. Nous soutenons votre trading.","robots":{"index":"index","follow":"follow","max-snippet":"max-snippet:-1","max-image-preview":"max-image-preview:large","max-video-preview":"max-video-preview:-1"},"canonical":"https:\/\/horizons28.com\/fr\/contactez-nous\/","og_locale":"fr_FR","og_type":"article","og_title":"Contactez Horizons28 | Nous sommes l\u00e0 pour vous aider","og_description":"Contactez l'\u00e9quipe Horizons28 pour aide, infos ou partenariats. Nous soutenons votre trading.","og_url":"https:\/\/horizons28.com\/fr\/contactez-nous\/","og_site_name":"Horizons28","article_modified_time":"2025-04-15T06:21:16+00:00","og_image":[{"url":"http:\/\/horizons28.com\/wp-content\/uploads\/2025\/04\/contact-us.png","type":"","width":"","height":""}],"twitter_card":"summary_large_image","schema":{"@context":"https:\/\/schema.org","@graph":[{"@type":"WebPage","@id":"https:\/\/horizons28.com\/fr\/contactez-nous\/","url":"https:\/\/horizons28.com\/fr\/contactez-nous\/","name":"Contactez Horizons28 | Nous sommes l\u00e0 pour vous aider","isPartOf":{"@id":"https:\/\/horizons28.com\/fr\/#website"},"primaryImageOfPage":{"@id":"https:\/\/horizons28.com\/fr\/contactez-nous\/#primaryimage"},"image":{"@id":"https:\/\/horizons28.com\/fr\/contactez-nous\/#primaryimage"},"thumbnailUrl":"http:\/\/horizons28.com\/wp-content\/uploads\/2025\/04\/contact-us.png","datePublished":"2025-04-03T14:44:15+00:00","dateModified":"2025-04-15T06:21:16+00:00","description":"Contactez l'\u00e9quipe Horizons28 pour aide, infos ou partenariats. Nous soutenons votre trading.","breadcrumb":{"@id":"https:\/\/horizons28.com\/fr\/contactez-nous\/#breadcrumb"},"inLanguage":"fr-FR","potentialAction":[{"@type":"ReadAction","target":["https:\/\/horizons28.com\/fr\/contactez-nous\/"]}]},{"@type":"ImageObject","inLanguage":"fr-FR","@id":"https:\/\/horizons28.com\/fr\/contactez-nous\/#primaryimage","url":"http:\/\/horizons28.com\/wp-content\/uploads\/2025\/04\/contact-us.png","contentUrl":"http:\/\/horizons28.com\/wp-content\/uploads\/2025\/04\/contact-us.png"},{"@type":"BreadcrumbList","@id":"https:\/\/horizons28.com\/fr\/contactez-nous\/#breadcrumb","itemListElement":[{"@type":"ListItem","position":1,"name":"Home","item":"https:\/\/horizons28.com\/fr\/"},{"@type":"ListItem","position":2,"name":"Contactez-nous"}]},{"@type":"WebSite","@id":"https:\/\/horizons28.com\/fr\/#website","url":"https:\/\/horizons28.com\/fr\/","name":"Horizons28","description":"","potentialAction":[{"@type":"SearchAction","target":{"@type":"EntryPoint","urlTemplate":"https:\/\/horizons28.com\/fr\/?s={search_term_string}"},"query-input":{"@type":"PropertyValueSpecification","valueRequired":true,"valueName":"search_term_string"}}],"inLanguage":"fr-FR"}]}},"_links":{"self":[{"href":"https:\/\/horizons28.com\/fr\/wp-json\/wp\/v2\/pages\/781","targetHints":{"allow":["GET"]}}],"collection":[{"href":"https:\/\/horizons28.com\/fr\/wp-json\/wp\/v2\/pages"}],"about":[{"href":"https:\/\/horizons28.com\/fr\/wp-json\/wp\/v2\/types\/page"}],"author":[{"embeddable":true,"href":"https:\/\/horizons28.com\/fr\/wp-json\/wp\/v2\/users\/1"}],"replies":[{"embeddable":true,"href":"https:\/\/horizons28.com\/fr\/wp-json\/wp\/v2\/comments?post=781"}],"version-history":[{"count":1,"href":"https:\/\/horizons28.com\/fr\/wp-json\/wp\/v2\/pages\/781\/revisions"}],"predecessor-version":[{"id":1084,"href":"https:\/\/horizons28.com\/fr\/wp-json\/wp\/v2\/pages\/781\/revisions\/1084"}],"wp:attachment":[{"href":"https:\/\/horizons28.com\/fr\/wp-json\/wp\/v2\/media?parent=781"}],"curies":[{"name":"wp","href":"https:\/\/api.w.org\/{rel}","templated":true}]}}