{"id":785,"date":"2025-04-04T07:19:14","date_gmt":"2025-04-04T07:19:14","guid":{"rendered":"http:\/\/horizons28.com\/trading-sur-les-gaps\/"},"modified":"2025-04-15T06:15:52","modified_gmt":"2025-04-15T06:15:52","slug":"trading-sur-les-gaps","status":"publish","type":"page","link":"https:\/\/horizons28.com\/fr\/trading-sur-les-gaps\/","title":{"rendered":"Trading sur les Gaps"},"content":{"rendered":"\n<h1>\n\t\tR\u00e9agissez Plus Rapidement. Tradez Plus Intelligemment. \n\t<\/h1>\n\t<p>Utilisez les outils et strat\u00e9gies de trading sur les gaps personnalis\u00e9s d&rsquo;Horizons28 pour identifier, valider et n\u00e9gocier efficacement les \u00e9carts de march\u00e9.<\/p>\n\t\t\t<a href=\"https:\/\/area.horizons28.net\/auth\/registration\" target=\"_blank\" rel=\"noopener\">\n\t\t\t\t\t\t\tRejoignez Horizons28\n\t\t\t<\/a>\n\t\t\t\t<img loading=\"lazy\" decoding=\"async\" src=\"http:\/\/horizons28.com\/wp-content\/uploads\/2025\/04\/horizons28-gap-trading.png\" alt=\"Horisons28 Gap Trading\" itemprop=\"image\" height=\"500\" width=\"600\" title=\"horizons28-gap-trading\" onerror=\"this.style.display='none'\"  \/>\n<h2>\n\t\tFaites Travailler la Volatilit\u00e9 du March\u00e9 pour Vous !\n\t<\/h2>\n\t<p>Le trading sur les gaps est une <strong>strat\u00e9gie dynamique \u00e0 court terme qui tire parti des sauts ou des chutes soudains de prix<\/strong> entre les cours de cl\u00f4ture et d&rsquo;ouverture d&rsquo;un march\u00e9. Ces \u00e9carts surviennent souvent en raison de nouvelles nocturnes, de r\u00e9sultats financiers ou de rapports \u00e9conomiques.  <strong>Chez Horizons28, nous vous aidons \u00e0 transformer ces moments en puissantes opportunit\u00e9s de profit.<\/strong><\/p>\n<h2>\n\t\tBas\u00e9 sur l&rsquo;\u00c9lan\n\t<\/h2>\n\t<p>Les \u00e9carts de prix sont souvent le r\u00e9sultat de forts changements de sentiment ou d&rsquo;\u00e9lan du march\u00e9 avec un potentiel de trading significatif. En lisant l&rsquo;histoire derri\u00e8re l&rsquo;\u00e9cart et en captant l&rsquo;action des prix pr\u00e9coce, <strong>les traders peuvent anticiper une action significative des prix<\/strong> avant que le reste du march\u00e9 ne rattrape la tendance. <\/p>\n<h2>\n\t\tConfigurations Bas\u00e9es sur les Donn\u00e9es\n\t<\/h2>\n\t<p>Les formations d&rsquo;\u00e9carts suivent g\u00e9n\u00e9ralement des \u00e9v\u00e9nements de march\u00e9 impactants, <strong>les rendant plus faciles \u00e0 suivre et plus pr\u00e9visibles<\/strong> que le bruit al\u00e9atoire du march\u00e9. Ces configurations sont id\u00e9ales pour des entr\u00e9es \u00e0 forte conviction. Cette nature de suivi de tendance fait du trading sur les gaps <strong>un ajout id\u00e9al aux strat\u00e9gies automatis\u00e9es.<\/strong>  <\/p>\n<h2>\n\t\tTrades \u00e0 Court Terme\n\t<\/h2>\n\t<p>Les trades sur les gaps sont g\u00e9n\u00e9ralement de courte dur\u00e9e, ce qui les rend id\u00e9aux pour les traders intraday et swing recherchant des rendements rapides sans longues p\u00e9riodes de d\u00e9tention. La nature du trading sur les gaps en fait une option attrayante pour <strong>tout trader cherchant \u00e0 scalper des profits \u00e0 court terme<\/strong> sur les march\u00e9s tout en minimisant le risque de trading. <\/p>\n<h3>\n\t\tTrading sur les Gaps avec Horizons28\n\t<\/h3>\n<h3>\n\t\tRep\u00e9rez les Gaps. Saisissez les Opportunit\u00e9s. \n\t<\/h3>\n\t<p>Le trading sur les gaps est une <strong>strat\u00e9gie dynamique \u00e0 court terme qui tire parti des sauts ou des chutes soudains de prix<\/strong> entre les cours de cl\u00f4ture et d&rsquo;ouverture d&rsquo;un march\u00e9. Ces \u00e9carts surviennent souvent en raison de nouvelles nocturnes, de r\u00e9sultats financiers ou de rapports \u00e9conomiques.  <strong>Chez Horizons28, nous vous aidons \u00e0 transformer ces moments en puissantes opportunit\u00e9s de profit.<\/strong><\/p>\n\t\t<h4>Intelligence de march\u00e9<\/h4>\t\t\t\n\t\t\t\t<p>Obtenez des analyses et des aper\u00e7us de march\u00e9 experts, exploitables et r\u00e9els, ax\u00e9s sur les formations quotidiennes d&rsquo;\u00e9carts sur les march\u00e9s mondiaux.<\/p>\n\t\t<h4>Signaux de Trading Instantan\u00e9s<\/h4>\t\t\t\n\t\t\t\t<p>Recevez des id\u00e9es de trading exploitables, y compris des alertes en temps r\u00e9el avec des niveaux clairs d&rsquo;entr\u00e9e, de stop-loss et de prise de b\u00e9n\u00e9fices.<\/p>\n\t\t<h4>Indicateurs Sp\u00e9cialis\u00e9s<\/h4>\t\t\t\n\t\t\t\t<p>Utilisez des indicateurs d&rsquo;\u00e9carts propri\u00e9taires sur notre plateforme de trading Horizons28 pour rep\u00e9rer et valider en toute confiance les opportunit\u00e9s.<\/p>\n\t\t<h4>Support D\u00e9di\u00e9<\/h4>\t\t\t\n\t\t\t\t<p>Travaillez avec des coachs de trading exp\u00e9riment\u00e9s et des gestionnaires de compte personnels pour affiner votre approche du trading sur les gaps.<\/p>\n<h3>\n\t\tTechnologie Horizons28\n\t<\/h3>\n<h3>\n\t\tTypes d&rsquo;\u00c9carts de Prix que Vous Pouvez Trader\n\t<\/h3>\n\t\t\t<h4>Breakout<\/h4>\t\t\t\n\t\t\t\t<p><strong>De quoi s&rsquo;agit-il :<\/strong> Un bond de prix au-del\u00e0 d&rsquo;un niveau de r\u00e9sistance ou de support apr\u00e8s une consolidation.<\/p>\n<p><strong>Pourquoi c&rsquo;est important :<\/strong> Cela signale une nouvelle tendance potentielle, ce qui est excellent pour capter l&rsquo;\u00e9lan pr\u00e9coce.<\/p>\n\t\t\t<h4>Continuation<\/h4>\t\t\t\n\t\t\t\t<p><strong>De quoi s&rsquo;agit-il :<\/strong> Un \u00e9cart en milieu de tendance qui montre que la tendance gagne en force et en \u00e9lan.<\/p>\n<p><strong>Pourquoi c&rsquo;est important :<\/strong> Parfait pour les traders qui ajoutent \u00e0 leurs positions lors de mouvements directionnels forts.<\/p>\n\t\t\t<h4>Renversement<\/h4>\t\t\t\n\t\t\t\t<p><strong>De quoi s&rsquo;agit-il :<\/strong> Une derni\u00e8re pouss\u00e9e du prix d&rsquo;un actif qui indique souvent la fin d&rsquo;une tendance particuli\u00e8re.<\/p>\n<p><strong>Pourquoi c&rsquo;est important :<\/strong> Id\u00e9al pour les configurations contrariennes et les traders de renversement cherchant \u00e0 profiter des prix de repli.<\/p>\n<h1>\n\t\tMa\u00eetrisez le March\u00e9 avec des Strat\u00e9gies de Gap Plus Intelligentes\n\t<\/h1>\n\t<p>L&rsquo;\u00e9cosyst\u00e8me de trading ax\u00e9 sur les gaps d&rsquo;Horizons28 est con\u00e7u pour <strong>vous aider \u00e0 capitaliser efficacement sur les \u00e9carts de prix,<\/strong> quel que soit votre niveau d&rsquo;exp\u00e9rience en trading. Avec de solides outils de gestion des risques int\u00e9gr\u00e9s \u00e0 la plateforme, <strong>vous pouvez trader plus intelligemment et prot\u00e9ger votre capital en toute confiance<\/strong>. L&rsquo;interface conviviale rend m\u00eame les strat\u00e9gies complexes faciles \u00e0 ex\u00e9cuter, vous permettant d&rsquo;agir rapidement sans avoir besoin de connaissances techniques. <strong>De plus, en tradant, vous aurez acc\u00e8s \u00e0 une suite compl\u00e8te de ressources \u00e9ducatives<\/strong> \u2013 y compris des guides \u00e9tape par \u00e9tape, des webinaires en direct et du coaching individuel \u2013 pour continuellement affiner vos comp\u00e9tences et \u00e9voluer en tant que trader.  <\/p>\n\t\t\t\t<img loading=\"lazy\" decoding=\"async\" src=\"http:\/\/horizons28.com\/wp-content\/uploads\/2025\/04\/gap-trading-strategies.png\" alt=\"Gap Trading Strategies\" itemprop=\"image\" height=\"580\" width=\"813\" title=\"gap-trading-strategies\" onerror=\"this.style.display='none'\"  \/>\n<h5>\n\t\tCommencez Votre Parcours de Trading sur les Gaps avec Horizons28\n\t<\/h5>\n\t\t\t\t\t\t\t\t\t\t\t\t\t\t\t<h5>1<\/h5>\n\t\t\t\t\t\t<p>Acc\u00e9dez \u00e0 Votre Compte<\/p>\t\t\t\t\t\n\t\t\t<!-- END .front -->\n\t\t\t\t\t\t<p>Inscrivez-vous ou connectez-vous \u00e0 votre compte Horizons28 pour commencer \u00e0 trader.<\/p>\t\t\t\t\t\n\t\t\t<!-- END .back -->\n\t\t <!-- ifb-flip-box -->\n\t <!-- flip-box -->\n\t\t\t\t\t\t\t\t\t\t\t\t\t\t\t<h5>2<\/h5>\n\t\t\t\t\t\t<p>Ma\u00eetrisez les Bases<\/p>\t\t\t\t\t\n\t\t\t<!-- END .front -->\n\t\t\t\t\t\t<p>Explorez notre biblioth\u00e8que de ressources sur le trading des gaps et nos guides de strat\u00e9gie.<\/p>\t\t\t\t\t\n\t\t\t<!-- END .back -->\n\t\t <!-- ifb-flip-box -->\n\t <!-- flip-box -->\n\t\t\t\t\t\t\t\t\t\t\t\t\t\t\t<h5>3<\/h5>\n\t\t\t\t\t\t<p>Utilisez Notre Support<\/p>\t\t\t\t\t\n\t\t\t<!-- END .front -->\n\t\t\t\t\t\t<p>Utilisez nos signaux, nos outils et nos conseils d&rsquo;experts pour ex\u00e9cuter des transactions \u00e0 fort potentiel sur les \u00e9carts de cours.<\/p>\t\t\t\t\t\n\t\t\t<!-- END .back -->\n\t\t <!-- ifb-flip-box -->\n\t <!-- flip-box -->\n<h3>\n\t\tPr\u00eat \u00e0 trader plus intelligemment ? D\u00e9couvrez une vraie rapidit\u00e9, de vrais march\u00e9s et de vrais r\u00e9sultats.\n\t<\/h3>\n\t\t\t<a href=\"https:\/\/area.horizons28.net\/auth\/registration\" target=\"_blank\" rel=\"noopener\">\n\t\t\t\t\t\t\tRejoignez Horizons28\n\t\t\t<\/a>\n\n","protected":false},"excerpt":{"rendered":"<p>R\u00e9agissez Plus Rapidement. Tradez Plus Intelligemment. Utilisez les outils et strat\u00e9gies de trading sur les gaps personnalis\u00e9s d&rsquo;Horizons28 pour identifier, valider et n\u00e9gocier efficacement les \u00e9carts de march\u00e9. Rejoignez Horizons28 Faites Travailler la Volatilit\u00e9 du March\u00e9 pour Vous ! Le trading sur les gaps est une strat\u00e9gie dynamique \u00e0 court terme qui tire parti des&hellip;<\/p>\n","protected":false},"author":1,"featured_media":0,"parent":0,"menu_order":0,"comment_status":"closed","ping_status":"closed","template":"","meta":{"footnotes":""},"class_list":["post-785","page","type-page","status-publish","hentry"],"yoast_head":"<!-- This site is optimized with the Yoast SEO plugin v27.4 - https:\/\/yoast.com\/product\/yoast-seo-wordpress\/ -->\n<title>Strat\u00e9gies de Trading sur les Gaps | Capitalisez sur les \u00c9carts de Prix avec Horizons28<\/title>\n<meta name=\"description\" content=\"Apprenez \u00e0 trader les gaps avec Horizons28. Strat\u00e9gies et conseils pour un trading rentable.\" \/>\n<meta name=\"robots\" content=\"index, follow, max-snippet:-1, max-image-preview:large, max-video-preview:-1\" \/>\n<link rel=\"canonical\" href=\"https:\/\/horizons28.com\/fr\/trading-sur-les-gaps\/\" \/>\n<meta property=\"og:locale\" content=\"fr_FR\" \/>\n<meta property=\"og:type\" content=\"article\" \/>\n<meta property=\"og:title\" content=\"Strat\u00e9gies de Trading sur les Gaps | Capitalisez sur les \u00c9carts de Prix avec Horizons28\" \/>\n<meta property=\"og:description\" content=\"Apprenez \u00e0 trader les gaps avec Horizons28. Strat\u00e9gies et conseils pour un trading rentable.\" \/>\n<meta property=\"og:url\" content=\"https:\/\/horizons28.com\/fr\/trading-sur-les-gaps\/\" \/>\n<meta property=\"og:site_name\" content=\"Horizons28\" \/>\n<meta property=\"article:modified_time\" content=\"2025-04-15T06:15:52+00:00\" \/>\n<meta property=\"og:image\" content=\"http:\/\/horizons28.com\/wp-content\/uploads\/2025\/04\/horizons28-gap-trading.png\" \/>\n<meta name=\"twitter:card\" content=\"summary_large_image\" \/>\n<meta name=\"twitter:label1\" content=\"Dur\u00e9e de lecture estim\u00e9e\" \/>\n\t<meta name=\"twitter:data1\" content=\"4 minutes\" \/>\n<script type=\"application\/ld+json\" class=\"yoast-schema-graph\">{\"@context\":\"https:\\\/\\\/schema.org\",\"@graph\":[{\"@type\":\"WebPage\",\"@id\":\"https:\\\/\\\/horizons28.com\\\/fr\\\/trading-sur-les-gaps\\\/\",\"url\":\"https:\\\/\\\/horizons28.com\\\/fr\\\/trading-sur-les-gaps\\\/\",\"name\":\"Strat\u00e9gies de Trading sur les Gaps | Capitalisez sur les \u00c9carts de Prix avec Horizons28\",\"isPartOf\":{\"@id\":\"http:\\\/\\\/horizons28.com\\\/fr\\\/#website\"},\"primaryImageOfPage\":{\"@id\":\"https:\\\/\\\/horizons28.com\\\/fr\\\/trading-sur-les-gaps\\\/#primaryimage\"},\"image\":{\"@id\":\"https:\\\/\\\/horizons28.com\\\/fr\\\/trading-sur-les-gaps\\\/#primaryimage\"},\"thumbnailUrl\":\"http:\\\/\\\/horizons28.com\\\/wp-content\\\/uploads\\\/2025\\\/04\\\/horizons28-gap-trading.png\",\"datePublished\":\"2025-04-04T07:19:14+00:00\",\"dateModified\":\"2025-04-15T06:15:52+00:00\",\"description\":\"Apprenez \u00e0 trader les gaps avec Horizons28. Strat\u00e9gies et conseils pour un trading rentable.\",\"breadcrumb\":{\"@id\":\"https:\\\/\\\/horizons28.com\\\/fr\\\/trading-sur-les-gaps\\\/#breadcrumb\"},\"inLanguage\":\"fr-FR\",\"potentialAction\":[{\"@type\":\"ReadAction\",\"target\":[\"https:\\\/\\\/horizons28.com\\\/fr\\\/trading-sur-les-gaps\\\/\"]}]},{\"@type\":\"ImageObject\",\"inLanguage\":\"fr-FR\",\"@id\":\"https:\\\/\\\/horizons28.com\\\/fr\\\/trading-sur-les-gaps\\\/#primaryimage\",\"url\":\"http:\\\/\\\/horizons28.com\\\/wp-content\\\/uploads\\\/2025\\\/04\\\/horizons28-gap-trading.png\",\"contentUrl\":\"http:\\\/\\\/horizons28.com\\\/wp-content\\\/uploads\\\/2025\\\/04\\\/horizons28-gap-trading.png\"},{\"@type\":\"BreadcrumbList\",\"@id\":\"https:\\\/\\\/horizons28.com\\\/fr\\\/trading-sur-les-gaps\\\/#breadcrumb\",\"itemListElement\":[{\"@type\":\"ListItem\",\"position\":1,\"name\":\"Home\",\"item\":\"https:\\\/\\\/horizons28.com\\\/fr\\\/\"},{\"@type\":\"ListItem\",\"position\":2,\"name\":\"Trading sur les Gaps\"}]},{\"@type\":\"WebSite\",\"@id\":\"http:\\\/\\\/horizons28.com\\\/fr\\\/#website\",\"url\":\"http:\\\/\\\/horizons28.com\\\/fr\\\/\",\"name\":\"Horizons28\",\"description\":\"\",\"potentialAction\":[{\"@type\":\"SearchAction\",\"target\":{\"@type\":\"EntryPoint\",\"urlTemplate\":\"http:\\\/\\\/horizons28.com\\\/fr\\\/?s={search_term_string}\"},\"query-input\":{\"@type\":\"PropertyValueSpecification\",\"valueRequired\":true,\"valueName\":\"search_term_string\"}}],\"inLanguage\":\"fr-FR\"}]}<\/script>\n<!-- \/ Yoast SEO plugin. -->","yoast_head_json":{"title":"Strat\u00e9gies de Trading sur les Gaps | Capitalisez sur les \u00c9carts de Prix avec Horizons28","description":"Apprenez \u00e0 trader les gaps avec Horizons28. Strat\u00e9gies et conseils pour un trading rentable.","robots":{"index":"index","follow":"follow","max-snippet":"max-snippet:-1","max-image-preview":"max-image-preview:large","max-video-preview":"max-video-preview:-1"},"canonical":"https:\/\/horizons28.com\/fr\/trading-sur-les-gaps\/","og_locale":"fr_FR","og_type":"article","og_title":"Strat\u00e9gies de Trading sur les Gaps | Capitalisez sur les \u00c9carts de Prix avec Horizons28","og_description":"Apprenez \u00e0 trader les gaps avec Horizons28. Strat\u00e9gies et conseils pour un trading rentable.","og_url":"https:\/\/horizons28.com\/fr\/trading-sur-les-gaps\/","og_site_name":"Horizons28","article_modified_time":"2025-04-15T06:15:52+00:00","og_image":[{"url":"http:\/\/horizons28.com\/wp-content\/uploads\/2025\/04\/horizons28-gap-trading.png","type":"","width":"","height":""}],"twitter_card":"summary_large_image","twitter_misc":{"Dur\u00e9e de lecture estim\u00e9e":"4 minutes"},"schema":{"@context":"https:\/\/schema.org","@graph":[{"@type":"WebPage","@id":"https:\/\/horizons28.com\/fr\/trading-sur-les-gaps\/","url":"https:\/\/horizons28.com\/fr\/trading-sur-les-gaps\/","name":"Strat\u00e9gies de Trading sur les Gaps | Capitalisez sur les \u00c9carts de Prix avec Horizons28","isPartOf":{"@id":"http:\/\/horizons28.com\/fr\/#website"},"primaryImageOfPage":{"@id":"https:\/\/horizons28.com\/fr\/trading-sur-les-gaps\/#primaryimage"},"image":{"@id":"https:\/\/horizons28.com\/fr\/trading-sur-les-gaps\/#primaryimage"},"thumbnailUrl":"http:\/\/horizons28.com\/wp-content\/uploads\/2025\/04\/horizons28-gap-trading.png","datePublished":"2025-04-04T07:19:14+00:00","dateModified":"2025-04-15T06:15:52+00:00","description":"Apprenez \u00e0 trader les gaps avec Horizons28. Strat\u00e9gies et conseils pour un trading rentable.","breadcrumb":{"@id":"https:\/\/horizons28.com\/fr\/trading-sur-les-gaps\/#breadcrumb"},"inLanguage":"fr-FR","potentialAction":[{"@type":"ReadAction","target":["https:\/\/horizons28.com\/fr\/trading-sur-les-gaps\/"]}]},{"@type":"ImageObject","inLanguage":"fr-FR","@id":"https:\/\/horizons28.com\/fr\/trading-sur-les-gaps\/#primaryimage","url":"http:\/\/horizons28.com\/wp-content\/uploads\/2025\/04\/horizons28-gap-trading.png","contentUrl":"http:\/\/horizons28.com\/wp-content\/uploads\/2025\/04\/horizons28-gap-trading.png"},{"@type":"BreadcrumbList","@id":"https:\/\/horizons28.com\/fr\/trading-sur-les-gaps\/#breadcrumb","itemListElement":[{"@type":"ListItem","position":1,"name":"Home","item":"https:\/\/horizons28.com\/fr\/"},{"@type":"ListItem","position":2,"name":"Trading sur les Gaps"}]},{"@type":"WebSite","@id":"http:\/\/horizons28.com\/fr\/#website","url":"http:\/\/horizons28.com\/fr\/","name":"Horizons28","description":"","potentialAction":[{"@type":"SearchAction","target":{"@type":"EntryPoint","urlTemplate":"http:\/\/horizons28.com\/fr\/?s={search_term_string}"},"query-input":{"@type":"PropertyValueSpecification","valueRequired":true,"valueName":"search_term_string"}}],"inLanguage":"fr-FR"}]}},"_links":{"self":[{"href":"https:\/\/horizons28.com\/fr\/wp-json\/wp\/v2\/pages\/785","targetHints":{"allow":["GET"]}}],"collection":[{"href":"https:\/\/horizons28.com\/fr\/wp-json\/wp\/v2\/pages"}],"about":[{"href":"https:\/\/horizons28.com\/fr\/wp-json\/wp\/v2\/types\/page"}],"author":[{"embeddable":true,"href":"https:\/\/horizons28.com\/fr\/wp-json\/wp\/v2\/users\/1"}],"replies":[{"embeddable":true,"href":"https:\/\/horizons28.com\/fr\/wp-json\/wp\/v2\/comments?post=785"}],"version-history":[{"count":1,"href":"https:\/\/horizons28.com\/fr\/wp-json\/wp\/v2\/pages\/785\/revisions"}],"predecessor-version":[{"id":1076,"href":"https:\/\/horizons28.com\/fr\/wp-json\/wp\/v2\/pages\/785\/revisions\/1076"}],"wp:attachment":[{"href":"https:\/\/horizons28.com\/fr\/wp-json\/wp\/v2\/media?parent=785"}],"curies":[{"name":"wp","href":"https:\/\/api.w.org\/{rel}","templated":true}]}}