{"id":790,"date":"2025-04-03T14:20:16","date_gmt":"2025-04-03T14:20:16","guid":{"rendered":"http:\/\/horizons28.com\/faq\/"},"modified":"2025-04-15T06:24:54","modified_gmt":"2025-04-15T06:24:54","slug":"faq","status":"publish","type":"page","link":"https:\/\/horizons28.com\/fr\/faq\/","title":{"rendered":"FAQ"},"content":{"rendered":"\n<h1>\n\t\tVos questions. Des r\u00e9ponses claires. \n\t<\/h1>\n\t<p>Trouvez rapidement des r\u00e9ponses aux questions courantes concernant le trading, les comptes, les fonctionnalit\u00e9s et les outils de la plateforme.<\/p>\n\t\t\t<a href=\"https:\/\/area.horizons28.net\/auth\/registration\" target=\"_blank\" rel=\"noopener\">\n\t\t\t\t\t\t\tRejoignez Horizons28\n\t\t\t<\/a>\n\t\t\t\t<img loading=\"lazy\" decoding=\"async\" src=\"http:\/\/horizons28.com\/wp-content\/uploads\/2025\/04\/faq.png\" alt=\"FAQ\" itemprop=\"image\" height=\"500\" width=\"600\" title=\"faq\" onerror=\"this.style.display='none'\"  \/>\n<h1>\n\t\tQuestions fr\u00e9quemment pos\u00e9es\n\t<\/h1>\n\t<p>Trouvez des r\u00e9ponses aux questions les plus fr\u00e9quentes concernant l&rsquo;utilisation d&rsquo;Horizons28 \u2013 de la configuration du compte, des d\u00e9p\u00f4ts et des retraits aux outils de trading, aux fonctionnalit\u00e9s de la plateforme et aux instruments pris en charge. Que vous soyez novice ou exp\u00e9riment\u00e9, nos FAQ sont con\u00e7ues pour vous aider \u00e0 trader en toute confiance. <\/p>\n\t\t\t\t\t<a href=\"#\" id=\"fl-accordion--label-0\" tabindex=\"0\" aria-controls=\"fl-accordion--panel-0\">Qu&rsquo;est-ce qu&rsquo;Horizons28 ?<\/a>\n\t\t\t\t\t\t\t\t\t\t\t<a href=\"#\" id=\"fl-accordion--icon-0\" tabindex=\"-1\"><i title=\"Expand\">Expand<\/i><\/a>\n\t\t\t\t\t<p>Horizons28 est une plateforme de trading en ligne qui offre aux utilisateurs l&rsquo;acc\u00e8s \u00e0 une large gamme de march\u00e9s financiers, incluant le forex, les indices, les mati\u00e8res premi\u00e8res, les cryptomonnaies et les actions.<\/p>\n\t\t\t\t\t<a href=\"#\" id=\"fl-accordion--label-1\" tabindex=\"0\" aria-controls=\"fl-accordion--panel-1\">Quels types de comptes Horizons28 propose-t-il ?<\/a>\n\t\t\t\t\t\t\t\t\t\t\t<a href=\"#\" id=\"fl-accordion--icon-1\" tabindex=\"-1\"><i title=\"Expand\">Expand<\/i><\/a>\n\t\t\t\t\t<p>Horizons28 propose divers types de comptes con\u00e7us pour diff\u00e9rents niveaux d&rsquo;exp\u00e9rience, des d\u00e9butants aux traders avanc\u00e9s. Chaque compte est assorti de caract\u00e9ristiques et de conditions de trading uniques. <\/p>\n\t\t\t\t\t<a href=\"#\" id=\"fl-accordion--label-2\" tabindex=\"0\" aria-controls=\"fl-accordion--panel-2\">Comment puis-je commencer \u00e0 trader avec Horizons28 ?<\/a>\n\t\t\t\t\t\t\t\t\t\t\t<a href=\"#\" id=\"fl-accordion--icon-2\" tabindex=\"-1\"><i title=\"Expand\">Expand<\/i><\/a>\n\t\t\t\t\t<p>Pour commencer \u00e0 trader, cr\u00e9ez un compte sur le site web d&rsquo;Horizons28, compl\u00e9tez les \u00e9tapes de v\u00e9rification, d\u00e9posez des fonds et acc\u00e9dez \u00e0 la plateforme de trading.<\/p>\n\t\t\t\t\t<a href=\"#\" id=\"fl-accordion--label-3\" tabindex=\"0\" aria-controls=\"fl-accordion--panel-3\">Quels instruments puis-je trader sur Horizons28 ?<\/a>\n\t\t\t\t\t\t\t\t\t\t\t<a href=\"#\" id=\"fl-accordion--icon-3\" tabindex=\"-1\"><i title=\"Expand\">Expand<\/i><\/a>\n\t\t\t\t\t<p>Vous pouvez trader divers instruments, incluant les paires forex majeures et mineures, les indices mondiaux, les mati\u00e8res premi\u00e8res populaires, les cryptomonnaies et une s\u00e9lection d&rsquo;actions.<\/p>\n\t\t\t\t\t<a href=\"#\" id=\"fl-accordion--label-4\" tabindex=\"0\" aria-controls=\"fl-accordion--panel-4\">Un compte de d\u00e9monstration est-il disponible ?<\/a>\n\t\t\t\t\t\t\t\t\t\t\t<a href=\"#\" id=\"fl-accordion--icon-4\" tabindex=\"-1\"><i title=\"Expand\">Expand<\/i><\/a>\n\t\t\t\t\t<p>Oui, Horizons28 fournit un compte de d\u00e9monstration avec des fonds virtuels afin que vous puissiez vous entra\u00eener au trading et explorer la plateforme sans risque.<\/p>\n\t\t\t\t\t<a href=\"#\" id=\"fl-accordion--label-0\" tabindex=\"0\" aria-controls=\"fl-accordion--panel-0\">Quels sont les frais et commissions de trading ?<\/a>\n\t\t\t\t\t\t\t\t\t\t\t<a href=\"#\" id=\"fl-accordion--icon-0\" tabindex=\"-1\"><i title=\"Expand\">Expand<\/i><\/a>\n\t\t\t\t\t<p>Horizons28 offre des spreads comp\u00e9titifs et des co\u00fbts de trading bas. La plupart des trades sont sans commission, bien que les frais exacts puissent varier selon l&rsquo;instrument. <\/p>\n\t\t\t\t\t<a href=\"#\" id=\"fl-accordion--label-1\" tabindex=\"0\" aria-controls=\"fl-accordion--panel-1\">Puis-je utiliser des strat\u00e9gies de trading automatis\u00e9es ?<\/a>\n\t\t\t\t\t\t\t\t\t\t\t<a href=\"#\" id=\"fl-accordion--icon-1\" tabindex=\"-1\"><i title=\"Expand\">Expand<\/i><\/a>\n\t\t\t\t\t<p>Oui, Horizons28 prend en charge le trading automatis\u00e9, permettant aux utilisateurs d&rsquo;impl\u00e9menter des bots ou des strat\u00e9gies algorithmiques lorsque cela est compatible.<\/p>\n\t\t\t\t\t<a href=\"#\" id=\"fl-accordion--label-2\" tabindex=\"0\" aria-controls=\"fl-accordion--panel-2\">Comment puis-je d\u00e9poser et retirer des fonds ?<\/a>\n\t\t\t\t\t\t\t\t\t\t\t<a href=\"#\" id=\"fl-accordion--icon-2\" tabindex=\"-1\"><i title=\"Expand\">Expand<\/i><\/a>\n\t\t\t\t\t<p>Horizons28 prend en charge diverses m\u00e9thodes de paiement, incluant les virements bancaires, les cartes de cr\u00e9dit\/d\u00e9bit et les syst\u00e8mes de paiement en ligne. Les retraits sont g\u00e9n\u00e9ralement trait\u00e9s dans un d\u00e9lai de quelques jours ouvrables. <\/p>\n\t\t\t\t\t<a href=\"#\" id=\"fl-accordion--label-3\" tabindex=\"0\" aria-controls=\"fl-accordion--panel-3\">Puis-je trader sur des appareils mobiles ?<\/a>\n\t\t\t\t\t\t\t\t\t\t\t<a href=\"#\" id=\"fl-accordion--icon-3\" tabindex=\"-1\"><i title=\"Expand\">Expand<\/i><\/a>\n\t\t\t\t\t<p>La plateforme d&rsquo;Horizons28 est enti\u00e8rement responsive et fonctionne parfaitement sur tous les appareils mobiles. Vous n&rsquo;avez pas besoin de t\u00e9l\u00e9charger une application \u2013 il vous suffit de vous connecter via votre navigateur. <\/p>\n\t\t\t\t\t<a href=\"#\" id=\"fl-accordion--label-4\" tabindex=\"0\" aria-controls=\"fl-accordion--panel-4\">Comment puis-je contacter le support d&rsquo;Horizons28 ?<\/a>\n\t\t\t\t\t\t\t\t\t\t\t<a href=\"#\" id=\"fl-accordion--icon-4\" tabindex=\"-1\"><i title=\"Expand\">Expand<\/i><\/a>\n\t\t\t\t\t<p>Vous pouvez joindre notre \u00e9quipe de support via le chat en direct, par e-mail ou via le centre d&rsquo;aide int\u00e9gr\u00e9 \u00e0 la plateforme pour une assistance rapide.<\/p>\n\t<p>Vous ne trouvez pas ce que vous cherchez ? <a href=\"http:\/\/horizons28.com\/fr\/contactez-nous\/\"><strong>Contactez-nous directement<\/strong><\/a>, et nous nous ferons un plaisir de vous aider.<\/p>\n<h3>\n\t\tPr\u00eat \u00e0 trader plus intelligemment ? D\u00e9couvrez une vraie rapidit\u00e9, de vrais march\u00e9s et de vrais r\u00e9sultats.\n\t<\/h3>\n\t\t\t<a href=\"https:\/\/area.horizons28.net\/auth\/registration\" target=\"_blank\" rel=\"noopener\">\n\t\t\t\t\t\t\tRejoignez Horizons28\n\t\t\t<\/a>\n\n","protected":false},"excerpt":{"rendered":"<p>Vos questions. Des r\u00e9ponses claires. Trouvez rapidement des r\u00e9ponses aux questions courantes concernant le trading, les comptes, les fonctionnalit\u00e9s et les outils de la plateforme. Rejoignez Horizons28 Questions fr\u00e9quemment pos\u00e9es Trouvez des r\u00e9ponses aux questions les plus fr\u00e9quentes concernant l&rsquo;utilisation d&rsquo;Horizons28 \u2013 de la configuration du compte, des d\u00e9p\u00f4ts et des retraits aux outils de&hellip;<\/p>\n","protected":false},"author":1,"featured_media":0,"parent":0,"menu_order":0,"comment_status":"closed","ping_status":"closed","template":"","meta":{"footnotes":""},"class_list":["post-790","page","type-page","status-publish","hentry"],"yoast_head":"<!-- This site is optimized with the Yoast SEO plugin v27.4 - https:\/\/yoast.com\/product\/yoast-seo-wordpress\/ -->\n<title>Questions fr\u00e9quemment pos\u00e9es | Assistance Horizons28<\/title>\n<meta name=\"description\" content=\"R\u00e9ponses rapides aux questions fr\u00e9quentes sur Horizons28 : trading, comptes, paiements, etc.\" \/>\n<meta name=\"robots\" content=\"index, follow, max-snippet:-1, max-image-preview:large, max-video-preview:-1\" \/>\n<link rel=\"canonical\" href=\"https:\/\/horizons28.com\/fr\/faq\/\" \/>\n<meta property=\"og:locale\" content=\"fr_FR\" \/>\n<meta property=\"og:type\" content=\"article\" \/>\n<meta property=\"og:title\" content=\"Questions fr\u00e9quemment pos\u00e9es | Assistance Horizons28\" \/>\n<meta property=\"og:description\" content=\"R\u00e9ponses rapides aux questions fr\u00e9quentes sur Horizons28 : trading, comptes, paiements, etc.\" \/>\n<meta property=\"og:url\" content=\"https:\/\/horizons28.com\/fr\/faq\/\" \/>\n<meta property=\"og:site_name\" content=\"Horizons28\" \/>\n<meta property=\"article:modified_time\" content=\"2025-04-15T06:24:54+00:00\" \/>\n<meta property=\"og:image\" content=\"http:\/\/horizons28.com\/wp-content\/uploads\/2025\/04\/faq.png\" \/>\n<meta name=\"twitter:card\" content=\"summary_large_image\" \/>\n<meta name=\"twitter:label1\" content=\"Dur\u00e9e de lecture estim\u00e9e\" \/>\n\t<meta name=\"twitter:data1\" content=\"3 minutes\" \/>\n<script type=\"application\/ld+json\" class=\"yoast-schema-graph\">{\"@context\":\"https:\\\/\\\/schema.org\",\"@graph\":[{\"@type\":\"WebPage\",\"@id\":\"https:\\\/\\\/horizons28.com\\\/fr\\\/faq\\\/\",\"url\":\"https:\\\/\\\/horizons28.com\\\/fr\\\/faq\\\/\",\"name\":\"Questions fr\u00e9quemment pos\u00e9es | Assistance Horizons28\",\"isPartOf\":{\"@id\":\"http:\\\/\\\/horizons28.com\\\/fr\\\/#website\"},\"primaryImageOfPage\":{\"@id\":\"https:\\\/\\\/horizons28.com\\\/fr\\\/faq\\\/#primaryimage\"},\"image\":{\"@id\":\"https:\\\/\\\/horizons28.com\\\/fr\\\/faq\\\/#primaryimage\"},\"thumbnailUrl\":\"http:\\\/\\\/horizons28.com\\\/wp-content\\\/uploads\\\/2025\\\/04\\\/faq.png\",\"datePublished\":\"2025-04-03T14:20:16+00:00\",\"dateModified\":\"2025-04-15T06:24:54+00:00\",\"description\":\"R\u00e9ponses rapides aux questions fr\u00e9quentes sur Horizons28 : trading, comptes, paiements, etc.\",\"breadcrumb\":{\"@id\":\"https:\\\/\\\/horizons28.com\\\/fr\\\/faq\\\/#breadcrumb\"},\"inLanguage\":\"fr-FR\",\"potentialAction\":[{\"@type\":\"ReadAction\",\"target\":[\"https:\\\/\\\/horizons28.com\\\/fr\\\/faq\\\/\"]}]},{\"@type\":\"ImageObject\",\"inLanguage\":\"fr-FR\",\"@id\":\"https:\\\/\\\/horizons28.com\\\/fr\\\/faq\\\/#primaryimage\",\"url\":\"http:\\\/\\\/horizons28.com\\\/wp-content\\\/uploads\\\/2025\\\/04\\\/faq.png\",\"contentUrl\":\"http:\\\/\\\/horizons28.com\\\/wp-content\\\/uploads\\\/2025\\\/04\\\/faq.png\"},{\"@type\":\"BreadcrumbList\",\"@id\":\"https:\\\/\\\/horizons28.com\\\/fr\\\/faq\\\/#breadcrumb\",\"itemListElement\":[{\"@type\":\"ListItem\",\"position\":1,\"name\":\"Home\",\"item\":\"https:\\\/\\\/horizons28.com\\\/fr\\\/\"},{\"@type\":\"ListItem\",\"position\":2,\"name\":\"FAQ\"}]},{\"@type\":\"WebSite\",\"@id\":\"http:\\\/\\\/horizons28.com\\\/fr\\\/#website\",\"url\":\"http:\\\/\\\/horizons28.com\\\/fr\\\/\",\"name\":\"Horizons28\",\"description\":\"\",\"potentialAction\":[{\"@type\":\"SearchAction\",\"target\":{\"@type\":\"EntryPoint\",\"urlTemplate\":\"http:\\\/\\\/horizons28.com\\\/fr\\\/?s={search_term_string}\"},\"query-input\":{\"@type\":\"PropertyValueSpecification\",\"valueRequired\":true,\"valueName\":\"search_term_string\"}}],\"inLanguage\":\"fr-FR\"}]}<\/script>\n<!-- \/ Yoast SEO plugin. -->","yoast_head_json":{"title":"Questions fr\u00e9quemment pos\u00e9es | Assistance Horizons28","description":"R\u00e9ponses rapides aux questions fr\u00e9quentes sur Horizons28 : trading, comptes, paiements, etc.","robots":{"index":"index","follow":"follow","max-snippet":"max-snippet:-1","max-image-preview":"max-image-preview:large","max-video-preview":"max-video-preview:-1"},"canonical":"https:\/\/horizons28.com\/fr\/faq\/","og_locale":"fr_FR","og_type":"article","og_title":"Questions fr\u00e9quemment pos\u00e9es | Assistance Horizons28","og_description":"R\u00e9ponses rapides aux questions fr\u00e9quentes sur Horizons28 : trading, comptes, paiements, etc.","og_url":"https:\/\/horizons28.com\/fr\/faq\/","og_site_name":"Horizons28","article_modified_time":"2025-04-15T06:24:54+00:00","og_image":[{"url":"http:\/\/horizons28.com\/wp-content\/uploads\/2025\/04\/faq.png","type":"","width":"","height":""}],"twitter_card":"summary_large_image","twitter_misc":{"Dur\u00e9e de lecture estim\u00e9e":"3 minutes"},"schema":{"@context":"https:\/\/schema.org","@graph":[{"@type":"WebPage","@id":"https:\/\/horizons28.com\/fr\/faq\/","url":"https:\/\/horizons28.com\/fr\/faq\/","name":"Questions fr\u00e9quemment pos\u00e9es | Assistance Horizons28","isPartOf":{"@id":"http:\/\/horizons28.com\/fr\/#website"},"primaryImageOfPage":{"@id":"https:\/\/horizons28.com\/fr\/faq\/#primaryimage"},"image":{"@id":"https:\/\/horizons28.com\/fr\/faq\/#primaryimage"},"thumbnailUrl":"http:\/\/horizons28.com\/wp-content\/uploads\/2025\/04\/faq.png","datePublished":"2025-04-03T14:20:16+00:00","dateModified":"2025-04-15T06:24:54+00:00","description":"R\u00e9ponses rapides aux questions fr\u00e9quentes sur Horizons28 : trading, comptes, paiements, etc.","breadcrumb":{"@id":"https:\/\/horizons28.com\/fr\/faq\/#breadcrumb"},"inLanguage":"fr-FR","potentialAction":[{"@type":"ReadAction","target":["https:\/\/horizons28.com\/fr\/faq\/"]}]},{"@type":"ImageObject","inLanguage":"fr-FR","@id":"https:\/\/horizons28.com\/fr\/faq\/#primaryimage","url":"http:\/\/horizons28.com\/wp-content\/uploads\/2025\/04\/faq.png","contentUrl":"http:\/\/horizons28.com\/wp-content\/uploads\/2025\/04\/faq.png"},{"@type":"BreadcrumbList","@id":"https:\/\/horizons28.com\/fr\/faq\/#breadcrumb","itemListElement":[{"@type":"ListItem","position":1,"name":"Home","item":"https:\/\/horizons28.com\/fr\/"},{"@type":"ListItem","position":2,"name":"FAQ"}]},{"@type":"WebSite","@id":"http:\/\/horizons28.com\/fr\/#website","url":"http:\/\/horizons28.com\/fr\/","name":"Horizons28","description":"","potentialAction":[{"@type":"SearchAction","target":{"@type":"EntryPoint","urlTemplate":"http:\/\/horizons28.com\/fr\/?s={search_term_string}"},"query-input":{"@type":"PropertyValueSpecification","valueRequired":true,"valueName":"search_term_string"}}],"inLanguage":"fr-FR"}]}},"_links":{"self":[{"href":"https:\/\/horizons28.com\/fr\/wp-json\/wp\/v2\/pages\/790","targetHints":{"allow":["GET"]}}],"collection":[{"href":"https:\/\/horizons28.com\/fr\/wp-json\/wp\/v2\/pages"}],"about":[{"href":"https:\/\/horizons28.com\/fr\/wp-json\/wp\/v2\/types\/page"}],"author":[{"embeddable":true,"href":"https:\/\/horizons28.com\/fr\/wp-json\/wp\/v2\/users\/1"}],"replies":[{"embeddable":true,"href":"https:\/\/horizons28.com\/fr\/wp-json\/wp\/v2\/comments?post=790"}],"version-history":[{"count":1,"href":"https:\/\/horizons28.com\/fr\/wp-json\/wp\/v2\/pages\/790\/revisions"}],"predecessor-version":[{"id":1090,"href":"https:\/\/horizons28.com\/fr\/wp-json\/wp\/v2\/pages\/790\/revisions\/1090"}],"wp:attachment":[{"href":"https:\/\/horizons28.com\/fr\/wp-json\/wp\/v2\/media?parent=790"}],"curies":[{"name":"wp","href":"https:\/\/api.w.org\/{rel}","templated":true}]}}