{"id":810,"date":"2025-03-31T07:55:12","date_gmt":"2025-03-31T07:55:12","guid":{"rendered":"http:\/\/horizons28.com\/accueil\/"},"modified":"2025-04-15T06:06:36","modified_gmt":"2025-04-15T06:06:36","slug":"accueil","status":"publish","type":"page","link":"https:\/\/horizons28.com\/fr\/","title":{"rendered":"Accueil"},"content":{"rendered":"\n<h1>\n\t\tHorizons28. Tradez Plus Intelligemment. Croissez Plus Rapidement.  \n\t<\/h1>\n\t<p>Acc\u00e9dez aux March\u00e9s Financiers Mondiaux avec une Ex\u00e9cution Ultra-rapide et des Outils de Trading Puissants<\/p>\n\t\t\t<a href=\"https:\/\/area.horizons28.net\/auth\/registration\" target=\"_blank\" rel=\"noopener\">\n\t\t\t\t\t\t\tRejoignez Horizons28\n\t\t\t<\/a>\n\t\t\t\t<img loading=\"lazy\" decoding=\"async\" src=\"http:\/\/horizons28.com\/wp-content\/uploads\/2025\/04\/Horizons28-trading.png\" alt=\"Horizons28 Trading\" itemprop=\"image\" height=\"500\" width=\"600\" title=\"Horizons28-trading\" onerror=\"this.style.display='none'\"  \/>\n<h2>\n\t\tPlus de 100 000 transactions ex\u00e9cut\u00e9es quotidiennement avec un engagement total envers le succ\u00e8s des clients.\n\t<\/h2>\n\t\t600+\n\t\t\t\t\tInstruments N\u00e9gociables\n\t\t100%\n\t\t\t\t\tTaux d&rsquo;Ex\u00e9cution des Ordres\n\t\t0%\n\t\t\t\t\tVitesse d&rsquo;Ex\u00e9cution Moyenne\n<h2>\n\t\tPourquoi Choisir Horizons28 ?\n\t<\/h2>\n\t<p>Con\u00e7u pour les traders qui exigent davantage \u2013 <strong>Horizons28 <\/strong>combine une technologie de niveau institutionnel, un acc\u00e8s approfondi aux march\u00e9s et une conception centr\u00e9e sur l&rsquo;utilisateur pour offrir une exp\u00e9rience de trading fluide. <strong>Que vous pratiquiez le scalping, le swing trading ou l&rsquo;investissement \u00e0 long terme,<\/strong> vous trouverez les outils, la rapidit\u00e9 et le soutien n\u00e9cessaires pour garder une longueur d&rsquo;avance.<\/p>\n<h2>\n\t\tEx\u00e9cution \u00e0 Faible Latence\n\t<\/h2>\n\t<p>B\u00e9n\u00e9ficiez d&rsquo;une ex\u00e9cution des ordres ultra-rapide avec un glissement presque nul \u2013 con\u00e7u pour les traders qui valorisent la pr\u00e9cision et la performance dans toutes les conditions de march\u00e9.<\/p>\n<h2>\n\t\tAutomatisation Puissante\n\t<\/h2>\n\t<p>Tirez parti d&rsquo;algorithmes intelligents et personnalisables pour automatiser vos strat\u00e9gies, surveiller les march\u00e9s 24\/7 et ex\u00e9cuter des transactions automatiquement.<\/p>\n<h2>\n\t\tAcc\u00e8s Multi-actifs\n\t<\/h2>\n<p>Diversifiez votre portefeuille avec un acc\u00e8s \u00e0 plus de 150 instruments sur toutes les principales classes d&rsquo;actifs \u2013 n\u00e9gociez des opportunit\u00e9s mondiales \u00e0 partir d&rsquo;une plateforme unique.<\/p>\n<h2>\n\t\tTrading Haute Fr\u00e9quence\n\t<\/h2>\n<p>Optimis\u00e9 pour le trading haute fr\u00e9quence, offrant une latence ultra-faible, un acc\u00e8s \u00e0 une liquidit\u00e9 profonde et la stabilit\u00e9 n\u00e9cessaire pour ex\u00e9cuter des strat\u00e9gies \u00e0 grande \u00e9chelle ax\u00e9es sur la pr\u00e9cision.<\/p>\n<h2>\n\t\tGraphiques Avanc\u00e9s\n\t<\/h2>\n<p>Prenez des d\u00e9cisions de trading plus \u00e9clair\u00e9es gr\u00e2ce \u00e0 des donn\u00e9es de march\u00e9 en temps r\u00e9el, des graphiques personnalisables et des indicateurs techniques int\u00e9gr\u00e9s dans une interface \u00e9l\u00e9gante et intuitive.<\/p>\n<h2>\n\t\tSupport Expert\n\t<\/h2>\n<p>Tradez en toute tranquillit\u00e9 d&rsquo;esprit, sachant que vous \u00eates soutenu par une \u00e9quipe de support d\u00e9di\u00e9e et une plateforme con\u00e7ue pour la disponibilit\u00e9, la rapidit\u00e9 et la fiabilit\u00e9.<\/p>\n\t<p>Horizons28 est plus qu&rsquo;une plateforme \u2013 c&rsquo;est votre avantage sur les march\u00e9s !<\/p>\n<h3>\n\t\tHorizons28 AI Autotrader\n\t<\/h3>\n<h3>\n\t\tDes solutions de trading algorithmique avanc\u00e9es offrant pr\u00e9cision et performance pour chaque trader.\n\t<\/h3>\n\t\t<h3>Ex\u00e9cution Automatique<\/h3>\t\t\t\n\t\t\t\t<p>Laissez AutoTrader g\u00e9rer tout \u2013 de l&rsquo;analyse du march\u00e9 au placement des trades \u2013 en fonction de vos param\u00e8tres pr\u00e9d\u00e9finis.<\/p>\n\t\t<h3>Enti\u00e8rement personnalisable<\/h3>\t\t\t\n\t\t\t\t<p>Ajustez les niveaux de risque, la fr\u00e9quence de trading et les pr\u00e9f\u00e9rences d&rsquo;actifs pour correspondre pr\u00e9cis\u00e9ment \u00e0 vos objectifs de trading et \u00e0 votre profil de gestion des risques.<\/p>\n\t\t<h3>Strat\u00e9gies Test\u00e9es<\/h3>\t\t\t\n\t\t\t\t<p>Choisissez parmi des strat\u00e9gies \u00e9prouv\u00e9es avec des performances historiques v\u00e9rifi\u00e9es, ou construisez la v\u00f4tre en utilisant nos outils sophistiqu\u00e9s de trading automatique.<\/p>\n\t<p>AI Autotrader est un outil de trading avanc\u00e9 qui utilise l&rsquo;intelligence artificielle pour analyser les donn\u00e9es de march\u00e9, identifier les opportunit\u00e9s et ex\u00e9cuter automatiquement les transactions. Con\u00e7u pour minimiser l&rsquo;erreur humaine et maximiser l&rsquo;efficacit\u00e9, il s&rsquo;adapte aux conditions de march\u00e9 changeantes en temps r\u00e9el, aidant les traders \u00e0 rester en avance sans intervention manuelle constante. Il est id\u00e9al pour ceux qui recherchent une performance de trading plus intelligente, plus rapide et plus constante.  <\/p>\n\t\t\t\t<img loading=\"lazy\" decoding=\"async\" src=\"http:\/\/horizons28.com\/wp-content\/uploads\/2025\/04\/trading-performance.png\" alt=\"Trading Performance\" itemprop=\"image\" height=\"662\" width=\"746\" title=\"trading-performance\" onerror=\"this.style.display='none'\"  \/>\n<h2>\n\t\tMaximisez la performance de trading avec Horizons28\n\t<\/h2>\n\t<p>Notre mod\u00e8le de Traitement Direct (STP) assure un acc\u00e8s direct au march\u00e9 sans interf\u00e9rence d&rsquo;un bureau de n\u00e9gociation, tandis que la tarification transparente maintient vos co\u00fbts clairs et \u00e9quitables \u2013 toujours.<\/p>\n\t\t\t <p>Acc\u00e8s direct au march\u00e9<\/p>\t\t\n\t\t\t <p>Aucuns frais cach\u00e9s<\/p>\t\t\n\t\t\t <p>Ex\u00e9cution \u00c9quitable et Rapide<\/p>\n\t\t\t <p>Assistance Ax\u00e9e sur les Traders<\/p>\n\t\t\t<a href=\"https:\/\/area.horizons28.net\/auth\/registration\" target=\"_blank\" rel=\"noopener\">\n\t\t\t\t\t\t\tRejoignez Horizons28\n\t\t\t<\/a>\n<h1>\n\t\tExplorez les Principaux March\u00e9s Financiers Mondiaux\n\t<\/h1>\n\t<p>Horizons28 vous donne acc\u00e8s \u00e0 un large \u00e9ventail de march\u00e9s mondiaux \u2013 le tout \u00e0 partir d&rsquo;une seule plateforme. N\u00e9gociez des <strong>devises Forex<\/strong>, y compris les paires majeures, mineures et exotiques, avec une ex\u00e9cution ultra-rapide et une liquidit\u00e9 profonde. Sp\u00e9culez sur les <strong>mati\u00e8res premi\u00e8res<\/strong> comme l&rsquo;Or, le P\u00e9trole, l&rsquo;Argent et le Gaz Naturel. Achetez et vendez des <strong>actions<\/strong> d&rsquo;entreprises de premier plan et des <strong>indices<\/strong> cot\u00e9s sur les principales bourses mondiales. Plongez dans le monde 24\/7 des <strong>cryptomonnaies<\/strong>, y compris Bitcoin, Ethereum et Litecoin \u2013 \u00e0 tout moment, n&rsquo;importe o\u00f9.    <\/p>\n<p>Consultez notre <a href=\"http:\/\/horizons28.com\/fr\/instruments\/\"><strong>Index des Actifs<\/strong><\/a> pour plus d&rsquo;informations.<\/p>\n\t\t\t\t<img loading=\"lazy\" decoding=\"async\" src=\"http:\/\/horizons28.com\/wp-content\/uploads\/2025\/04\/Financial-Markets.png\" alt=\"Horizon28 Markets\" itemprop=\"image\" height=\"581\" width=\"1040\" title=\"Financial Markets\" onerror=\"this.style.display='none'\"  \/>\n<h3>\n\t\tRetours des Traders\n\t<\/h3>\n<h4>\n\t\tL&rsquo;avis de nos traders compte \u2013 des retours authentiques de v\u00e9ritables traders Horizons28.\n\t<\/h4>\n\t\t\t<p><em>\u00ab\u00a0Trader avec Horizons28 a \u00e9t\u00e9 un v\u00e9ritable changement de paradigme. La plateforme est incroyablement rapide et fluide. J&rsquo;obtiens les donn\u00e9es dont j&rsquo;ai besoin exactement quand j&rsquo;en ai besoin, et la tarification est toujours claire \u2013 pas de surprises, juste des r\u00e9sultats. J&rsquo;ai test\u00e9 d&rsquo;autres plateformes, mais aucune n&rsquo;\u00e9gale le niveau de performance et de confiance que j&rsquo;obtiens ici.\u00a0\u00bb<\/em><\/p>\n<p><strong>Luca<\/strong><\/p>\n\t\t\t<p><em>\u00ab\u00a0D\u00e8s mon inscription, tout m&rsquo;a sembl\u00e9 intuitif. Horizons28 rend le trading accessible sans faire de compromis sur les outils ou la vitesse. Les graphiques, l&rsquo;ex\u00e9cution, la vari\u00e9t\u00e9 des march\u00e9s \u2013 tout fonctionne parfaitement. C&rsquo;est fiable, direct, et une plateforme que j&rsquo;appr\u00e9cie r\u00e9ellement utiliser quotidiennement.\u00a0\u00bb<\/em><strong>Sofia<\/strong><\/p>\t\t\n\t\t\t<p><em>\u00ab J&rsquo;exerce le m\u00e9tier de trader depuis de nombreuses ann\u00e9es, et Horizons28 se classe ais\u00e9ment parmi les meilleures plateformes que j&rsquo;ai eu l&rsquo;occasion d&rsquo;utiliser. La fonctionnalit\u00e9 AutoTrader est d&rsquo;une puissance remarquable, et j&rsquo;appr\u00e9cie particuli\u00e8rement la transparence totale du syst\u00e8me. Le service d&rsquo;assistance est r\u00e9actif, l&rsquo;ex\u00e9cution est rapide, et je conserve un contr\u00f4le absolu sur mes strat\u00e9gies. \u00bb<\/em><strong>James<\/strong><\/p>\t\t\n<h3>\n\t\tPr\u00eat \u00e0 trader plus intelligemment ? D\u00e9couvrez une vraie rapidit\u00e9, de vrais march\u00e9s et de vrais r\u00e9sultats.\n\t<\/h3>\n\t\t\t<a href=\"https:\/\/area.horizons28.net\/auth\/registration\" target=\"_blank\" rel=\"noopener\">\n\t\t\t\t\t\t\tRejoignez Horizons28\n\t\t\t<\/a>\n\n","protected":false},"excerpt":{"rendered":"<p>Horizons28. Tradez Plus Intelligemment. Croissez Plus Rapidement. Acc\u00e9dez aux March\u00e9s Financiers Mondiaux avec une Ex\u00e9cution Ultra-rapide et des Outils de Trading Puissants Rejoignez Horizons28 Plus de 100 000 transactions ex\u00e9cut\u00e9es quotidiennement avec un engagement total envers le succ\u00e8s des clients. 600+ Instruments N\u00e9gociables 100% Taux d&rsquo;Ex\u00e9cution des Ordres 0% Vitesse d&rsquo;Ex\u00e9cution Moyenne Pourquoi Choisir Horizons28&hellip;<\/p>\n","protected":false},"author":1,"featured_media":0,"parent":0,"menu_order":0,"comment_status":"closed","ping_status":"closed","template":"","meta":{"footnotes":""},"class_list":["post-810","page","type-page","status-publish","hentry"],"yoast_head":"<!-- This site is optimized with the Yoast SEO plugin v27.3 - https:\/\/yoast.com\/product\/yoast-seo-wordpress\/ -->\n<title>Horizons28 | Le Trading Intelligent Commence Ici<\/title>\n<meta name=\"description\" content=\"Horizons28 : outils de trading, \u00e9pargne, strat\u00e9gies auto et investissements exclusifs.\" \/>\n<meta name=\"robots\" content=\"index, follow, max-snippet:-1, max-image-preview:large, max-video-preview:-1\" \/>\n<link rel=\"canonical\" href=\"https:\/\/horizons28.com\/fr\/\" \/>\n<meta property=\"og:locale\" content=\"fr_FR\" \/>\n<meta property=\"og:type\" content=\"article\" \/>\n<meta property=\"og:title\" content=\"Horizons28 | Le Trading Intelligent Commence Ici\" \/>\n<meta property=\"og:description\" content=\"Horizons28 : outils de trading, \u00e9pargne, strat\u00e9gies auto et investissements exclusifs.\" \/>\n<meta property=\"og:url\" content=\"https:\/\/horizons28.com\/fr\/\" \/>\n<meta property=\"og:site_name\" content=\"Horizons28\" \/>\n<meta property=\"article:modified_time\" content=\"2025-04-15T06:06:36+00:00\" \/>\n<meta property=\"og:image\" content=\"http:\/\/horizons28.com\/wp-content\/uploads\/2025\/04\/Horizons28-trading.png\" \/>\n<meta name=\"twitter:card\" content=\"summary_large_image\" \/>\n<meta name=\"twitter:label1\" content=\"Dur\u00e9e de lecture estim\u00e9e\" \/>\n\t<meta name=\"twitter:data1\" content=\"5 minutes\" \/>\n<script type=\"application\/ld+json\" class=\"yoast-schema-graph\">{\"@context\":\"https:\\\/\\\/schema.org\",\"@graph\":[{\"@type\":\"WebPage\",\"@id\":\"https:\\\/\\\/horizons28.com\\\/fr\\\/\",\"url\":\"https:\\\/\\\/horizons28.com\\\/fr\\\/\",\"name\":\"Horizons28 | Le Trading Intelligent Commence Ici\",\"isPartOf\":{\"@id\":\"https:\\\/\\\/horizons28.com\\\/fr\\\/#website\"},\"primaryImageOfPage\":{\"@id\":\"https:\\\/\\\/horizons28.com\\\/fr\\\/#primaryimage\"},\"image\":{\"@id\":\"https:\\\/\\\/horizons28.com\\\/fr\\\/#primaryimage\"},\"thumbnailUrl\":\"http:\\\/\\\/horizons28.com\\\/wp-content\\\/uploads\\\/2025\\\/04\\\/Horizons28-trading.png\",\"datePublished\":\"2025-03-31T07:55:12+00:00\",\"dateModified\":\"2025-04-15T06:06:36+00:00\",\"description\":\"Horizons28 : outils de trading, \u00e9pargne, strat\u00e9gies auto et investissements exclusifs.\",\"breadcrumb\":{\"@id\":\"https:\\\/\\\/horizons28.com\\\/fr\\\/#breadcrumb\"},\"inLanguage\":\"fr-FR\",\"potentialAction\":[{\"@type\":\"ReadAction\",\"target\":[\"https:\\\/\\\/horizons28.com\\\/fr\\\/\"]}]},{\"@type\":\"ImageObject\",\"inLanguage\":\"fr-FR\",\"@id\":\"https:\\\/\\\/horizons28.com\\\/fr\\\/#primaryimage\",\"url\":\"http:\\\/\\\/horizons28.com\\\/wp-content\\\/uploads\\\/2025\\\/04\\\/Horizons28-trading.png\",\"contentUrl\":\"http:\\\/\\\/horizons28.com\\\/wp-content\\\/uploads\\\/2025\\\/04\\\/Horizons28-trading.png\"},{\"@type\":\"BreadcrumbList\",\"@id\":\"https:\\\/\\\/horizons28.com\\\/fr\\\/#breadcrumb\",\"itemListElement\":[{\"@type\":\"ListItem\",\"position\":1,\"name\":\"Home\",\"item\":\"https:\\\/\\\/horizons28.com\\\/fr\\\/\"},{\"@type\":\"ListItem\",\"position\":2,\"name\":\"Accueil\"}]},{\"@type\":\"WebSite\",\"@id\":\"https:\\\/\\\/horizons28.com\\\/fr\\\/#website\",\"url\":\"https:\\\/\\\/horizons28.com\\\/fr\\\/\",\"name\":\"Horizons28\",\"description\":\"\",\"potentialAction\":[{\"@type\":\"SearchAction\",\"target\":{\"@type\":\"EntryPoint\",\"urlTemplate\":\"https:\\\/\\\/horizons28.com\\\/fr\\\/?s={search_term_string}\"},\"query-input\":{\"@type\":\"PropertyValueSpecification\",\"valueRequired\":true,\"valueName\":\"search_term_string\"}}],\"inLanguage\":\"fr-FR\"}]}<\/script>\n<!-- \/ Yoast SEO plugin. -->","yoast_head_json":{"title":"Horizons28 | Le Trading Intelligent Commence Ici","description":"Horizons28 : outils de trading, \u00e9pargne, strat\u00e9gies auto et investissements exclusifs.","robots":{"index":"index","follow":"follow","max-snippet":"max-snippet:-1","max-image-preview":"max-image-preview:large","max-video-preview":"max-video-preview:-1"},"canonical":"https:\/\/horizons28.com\/fr\/","og_locale":"fr_FR","og_type":"article","og_title":"Horizons28 | Le Trading Intelligent Commence Ici","og_description":"Horizons28 : outils de trading, \u00e9pargne, strat\u00e9gies auto et investissements exclusifs.","og_url":"https:\/\/horizons28.com\/fr\/","og_site_name":"Horizons28","article_modified_time":"2025-04-15T06:06:36+00:00","og_image":[{"url":"http:\/\/horizons28.com\/wp-content\/uploads\/2025\/04\/Horizons28-trading.png","type":"","width":"","height":""}],"twitter_card":"summary_large_image","twitter_misc":{"Dur\u00e9e de lecture estim\u00e9e":"5 minutes"},"schema":{"@context":"https:\/\/schema.org","@graph":[{"@type":"WebPage","@id":"https:\/\/horizons28.com\/fr\/","url":"https:\/\/horizons28.com\/fr\/","name":"Horizons28 | Le Trading Intelligent Commence Ici","isPartOf":{"@id":"https:\/\/horizons28.com\/fr\/#website"},"primaryImageOfPage":{"@id":"https:\/\/horizons28.com\/fr\/#primaryimage"},"image":{"@id":"https:\/\/horizons28.com\/fr\/#primaryimage"},"thumbnailUrl":"http:\/\/horizons28.com\/wp-content\/uploads\/2025\/04\/Horizons28-trading.png","datePublished":"2025-03-31T07:55:12+00:00","dateModified":"2025-04-15T06:06:36+00:00","description":"Horizons28 : outils de trading, \u00e9pargne, strat\u00e9gies auto et investissements exclusifs.","breadcrumb":{"@id":"https:\/\/horizons28.com\/fr\/#breadcrumb"},"inLanguage":"fr-FR","potentialAction":[{"@type":"ReadAction","target":["https:\/\/horizons28.com\/fr\/"]}]},{"@type":"ImageObject","inLanguage":"fr-FR","@id":"https:\/\/horizons28.com\/fr\/#primaryimage","url":"http:\/\/horizons28.com\/wp-content\/uploads\/2025\/04\/Horizons28-trading.png","contentUrl":"http:\/\/horizons28.com\/wp-content\/uploads\/2025\/04\/Horizons28-trading.png"},{"@type":"BreadcrumbList","@id":"https:\/\/horizons28.com\/fr\/#breadcrumb","itemListElement":[{"@type":"ListItem","position":1,"name":"Home","item":"https:\/\/horizons28.com\/fr\/"},{"@type":"ListItem","position":2,"name":"Accueil"}]},{"@type":"WebSite","@id":"https:\/\/horizons28.com\/fr\/#website","url":"https:\/\/horizons28.com\/fr\/","name":"Horizons28","description":"","potentialAction":[{"@type":"SearchAction","target":{"@type":"EntryPoint","urlTemplate":"https:\/\/horizons28.com\/fr\/?s={search_term_string}"},"query-input":{"@type":"PropertyValueSpecification","valueRequired":true,"valueName":"search_term_string"}}],"inLanguage":"fr-FR"}]}},"_links":{"self":[{"href":"https:\/\/horizons28.com\/fr\/wp-json\/wp\/v2\/pages\/810","targetHints":{"allow":["GET"]}}],"collection":[{"href":"https:\/\/horizons28.com\/fr\/wp-json\/wp\/v2\/pages"}],"about":[{"href":"https:\/\/horizons28.com\/fr\/wp-json\/wp\/v2\/types\/page"}],"author":[{"embeddable":true,"href":"https:\/\/horizons28.com\/fr\/wp-json\/wp\/v2\/users\/1"}],"replies":[{"embeddable":true,"href":"https:\/\/horizons28.com\/fr\/wp-json\/wp\/v2\/comments?post=810"}],"version-history":[{"count":2,"href":"https:\/\/horizons28.com\/fr\/wp-json\/wp\/v2\/pages\/810\/revisions"}],"predecessor-version":[{"id":1063,"href":"https:\/\/horizons28.com\/fr\/wp-json\/wp\/v2\/pages\/810\/revisions\/1063"}],"wp:attachment":[{"href":"https:\/\/horizons28.com\/fr\/wp-json\/wp\/v2\/media?parent=810"}],"curies":[{"name":"wp","href":"https:\/\/api.w.org\/{rel}","templated":true}]}}