{"id":842,"date":"2025-04-03T07:00:44","date_gmt":"2025-04-03T07:00:44","guid":{"rendered":"http:\/\/horizons28.com\/autotrader-ia\/"},"modified":"2025-04-15T06:08:45","modified_gmt":"2025-04-15T06:08:45","slug":"autotrader-ia","status":"publish","type":"page","link":"https:\/\/horizons28.com\/fr\/autotrader-ia\/","title":{"rendered":"Autotrader IA"},"content":{"rendered":"\n<h1>\n\t\tTrading plus intelligent. Enti\u00e8rement automatis\u00e9. \n\t<\/h1>\n\t<p>Automatisez votre strat\u00e9gie avec le trading pilot\u00e9 par l&rsquo;IA sur le forex, les indices, les mati\u00e8res premi\u00e8res, les cryptomonnaies et les actions.<\/p>\n\t\t\t<a href=\"https:\/\/area.horizons28.net\/auth\/registration\" target=\"_blank\" rel=\"noopener\">\n\t\t\t\t\t\t\tRejoignez Horizons28\n\t\t\t<\/a>\n\t\t\t\t<img loading=\"lazy\" decoding=\"async\" src=\"http:\/\/horizons28.com\/wp-content\/uploads\/2025\/04\/ai-autotrader.png\" alt=\"AI Autotrader\" itemprop=\"image\" height=\"500\" width=\"600\" title=\"ai-autotrader\" onerror=\"this.style.display='none'\"  \/>\n<h2>\n\t\tTrading plus intelligent avec l&rsquo;Autotrader IA\n\t<\/h2>\n\t<p>Bienvenue dans la prochaine g\u00e9n\u00e9ration de trading. <strong>L&rsquo;Autotrader IA de Horizons28 combine l&rsquo;automatisation intelligente<\/strong> avec une connaissance en temps r\u00e9el du march\u00e9 pour vous aider \u00e0 trader plus efficacement \u2013 avec moins d&rsquo;efforts. <strong>Il est rapide, flexible et travaille constamment pour vous.<\/strong><\/p>\n<h2>\n\t\tAnalyses propuls\u00e9es par l&rsquo;IA\n\t<\/h2>\n\t<p>Des algorithmes avanc\u00e9s scrutent les march\u00e9s 24\/7 pour d\u00e9tecter les tendances, les variations de prix et les points d&rsquo;entr\u00e9e \u2013 pour que vous n&rsquo;ayez pas \u00e0 le faire.<\/p>\n<h2>\n\t\tFonctionnement 24\/7\n\t<\/h2>\n\t<p>L&rsquo;IA travaille sans rel\u00e2che, surveillant les transactions et r\u00e9agissant instantan\u00e9ment aux conditions changeantes du march\u00e9.<\/p>\n<h2>\n\t\tContr\u00f4le automatique des risques\n\t<\/h2>\n\t<p>D\u00e9finissez vos limites et laissez le syst\u00e8me g\u00e9rer votre exposition. Il s&rsquo;ajustera en temps r\u00e9el pour prot\u00e9ger votre capital. <\/p>\n<h2>\n\t\tFonctionnement intuitif\n\t<\/h2>\n\t<p>Que vous soyez d\u00e9butant ou d\u00e9j\u00e0 exp\u00e9riment\u00e9, la plateforme est con\u00e7ue pour \u00eatre facile \u00e0 utiliser et claire.<\/p>\n<h2>\n\t\tSuivi des performances\n\t<\/h2>\n\t<p>Gardez le contr\u00f4le gr\u00e2ce \u00e0 un tableau de bord en direct. Surveillez les transactions, les profits et les ajustements dans une vue unique facile \u00e0 lire. <\/p>\n<h2>\n\t\tGestionnaires de r\u00e9ussite\n\t<\/h2>\n\t<p>Besoin d&rsquo;aide pour commencer ? Un gestionnaire de r\u00e9ussite d\u00e9di\u00e9 peut vous guider \u00e0 travers les strat\u00e9gies et les param\u00e8tres. <\/p>\n<h3>\n\t\tCaract\u00e9ristiques cl\u00e9s de l&rsquo;Autotrader IA\n\t<\/h3>\n<h3>\n\t\tTechnologie de trading automatis\u00e9 qui am\u00e9liore la vitesse, la pr\u00e9cision et la coh\u00e9rence dans toutes les conditions de march\u00e9.\n\t<\/h3>\n\t\t<h4>Analyse instantan\u00e9e du march\u00e9<\/h4>\t\t\t\n\t\t\t\t<p>Obtenez des donn\u00e9es en temps r\u00e9el trait\u00e9es par l&rsquo;IA pour des d\u00e9cisions de trading plus rapides et plus intelligentes.<\/p>\n\t\t<h4>Cr\u00e9ateur de strat\u00e9gies personnalis\u00e9es<\/h4>\t\t\t\n\t\t\t\t<p>Cr\u00e9ez ou ajustez des strat\u00e9gies en fonction de votre style de trading et de votre tol\u00e9rance au risque.<\/p>\n\t\t<h4>Ex\u00e9cution automatis\u00e9e<\/h4>\t\t\t\n\t\t\t\t<p>Plus de transactions manqu\u00e9es \u2013 votre strat\u00e9gie fonctionne en continu sans interf\u00e9rence \u00e9motionnelle.<\/p>\n\t\t<h4>Test r\u00e9trospectif de strat\u00e9gie<\/h4>\t\t\t\n\t\t\t\t<p>Testez vos id\u00e9es sur des donn\u00e9es historiques pour optimiser les performances avant de passer en direct.<\/p>\n<h5>\n\t\tCommencez en 4 \u00e9tapes simples\n\t<\/h5>\n\t\t\t\t\t\t\t\t\t\t\t\t\t\t\t<h5>1<\/h5>\n\t\t\t\t\t\t<p>Cr\u00e9ez votre profil<\/p>\t\t\t\t\t\n\t\t\t<!-- END .front -->\n\t\t\t\t\t\t<p>Inscrivez-vous et saisissez vos pr\u00e9f\u00e9rences de trading.<\/p>\t\t\t\t\t\n\t\t\t<!-- END .back -->\n\t\t <!-- ifb-flip-box -->\n\t <!-- flip-box -->\n\t\t\t\t\t\t\t\t\t\t\t\t\t\t\t<h5>2<\/h5>\n\t\t\t\t\t\t<p>Choisissez une strat\u00e9gie<\/p>\t\t\t\t\t\n\t\t\t<!-- END .front -->\n\t\t\t\t\t\t<p>Utilisez un plan pr\u00eat \u00e0 l&#8217;emploi ou construisez le v\u00f4tre \u00e0 partir de z\u00e9ro.<\/p>\t\t\t\t\t\n\t\t\t<!-- END .back -->\n\t\t <!-- ifb-flip-box -->\n\t <!-- flip-box -->\n\t\t\t\t\t\t\t\t\t\t\t\t\t\t\t<h5>3<\/h5>\n\t\t\t\t\t\t<p>Activez le trading IA<\/p>\t\t\t\t\t\n\t\t\t<!-- END .front -->\n\t\t\t\t\t\t<p>Activez le syst\u00e8me d&rsquo;IA \u2013 il commence instantan\u00e9ment \u00e0 scanner et \u00e0 trader.<\/p>\t\t\t\t\t\n\t\t\t<!-- END .back -->\n\t\t <!-- ifb-flip-box -->\n\t <!-- flip-box -->\n\t\t\t\t\t\t\t\t\t\t\t\t\t\t\t<h5>4<\/h5>\n\t\t\t\t\t\t<p>Suivez  Ajustez<\/p>\t\t\t\t\t\n\t\t\t<!-- END .front -->\n\t\t\t\t\t\t<p>Surveillez vos transactions en temps r\u00e9el et effectuez des mises \u00e0 jour \u00e0 tout moment.<\/p>\t\t\t\t\t\n\t\t\t<!-- END .back -->\n\t\t <!-- ifb-flip-box -->\n\t <!-- flip-box -->\n<h3>\n\t\tPr\u00eat \u00e0 trader plus intelligemment ? D\u00e9couvrez une vraie rapidit\u00e9, de vrais march\u00e9s et de vrais r\u00e9sultats.\n\t<\/h3>\n\t\t\t<a href=\"https:\/\/area.horizons28.net\/auth\/registration\" target=\"_blank\" rel=\"noopener\">\n\t\t\t\t\t\t\tRejoignez Horizons28\n\t\t\t<\/a>\n\n","protected":false},"excerpt":{"rendered":"<p>Trading plus intelligent. Enti\u00e8rement automatis\u00e9. Automatisez votre strat\u00e9gie avec le trading pilot\u00e9 par l&rsquo;IA sur le forex, les indices, les mati\u00e8res premi\u00e8res, les cryptomonnaies et les actions. Rejoignez Horizons28 Trading plus intelligent avec l&rsquo;Autotrader IA Bienvenue dans la prochaine g\u00e9n\u00e9ration de trading. L&rsquo;Autotrader IA de Horizons28 combine l&rsquo;automatisation intelligente avec une connaissance en temps r\u00e9el&hellip;<\/p>\n","protected":false},"author":1,"featured_media":0,"parent":0,"menu_order":0,"comment_status":"closed","ping_status":"closed","template":"","meta":{"footnotes":""},"class_list":["post-842","page","type-page","status-publish","hentry"],"yoast_head":"<!-- This site is optimized with the Yoast SEO plugin v27.3 - https:\/\/yoast.com\/product\/yoast-seo-wordpress\/ -->\n<title>Trading IA automatis\u00e9 avec Horizons28<\/title>\n<meta name=\"description\" content=\"Trading automatis\u00e9 par IA: Horizons28 optimise et ex\u00e9cute rapidement vos transactions\" \/>\n<meta name=\"robots\" content=\"index, follow, max-snippet:-1, max-image-preview:large, max-video-preview:-1\" \/>\n<link rel=\"canonical\" href=\"https:\/\/horizons28.com\/fr\/autotrader-ia\/\" \/>\n<meta property=\"og:locale\" content=\"fr_FR\" \/>\n<meta property=\"og:type\" content=\"article\" \/>\n<meta property=\"og:title\" content=\"Trading IA automatis\u00e9 avec Horizons28\" \/>\n<meta property=\"og:description\" content=\"Trading automatis\u00e9 par IA: Horizons28 optimise et ex\u00e9cute rapidement vos transactions\" \/>\n<meta property=\"og:url\" content=\"https:\/\/horizons28.com\/fr\/autotrader-ia\/\" \/>\n<meta property=\"og:site_name\" content=\"Horizons28\" \/>\n<meta property=\"article:modified_time\" content=\"2025-04-15T06:08:45+00:00\" \/>\n<meta property=\"og:image\" content=\"http:\/\/horizons28.com\/wp-content\/uploads\/2025\/04\/ai-autotrader.png\" \/>\n<meta name=\"twitter:card\" content=\"summary_large_image\" \/>\n<meta name=\"twitter:label1\" content=\"Dur\u00e9e de lecture estim\u00e9e\" \/>\n\t<meta name=\"twitter:data1\" content=\"2 minutes\" \/>\n<script type=\"application\/ld+json\" class=\"yoast-schema-graph\">{\"@context\":\"https:\\\/\\\/schema.org\",\"@graph\":[{\"@type\":\"WebPage\",\"@id\":\"https:\\\/\\\/horizons28.com\\\/fr\\\/autotrader-ia\\\/\",\"url\":\"https:\\\/\\\/horizons28.com\\\/fr\\\/autotrader-ia\\\/\",\"name\":\"Trading IA automatis\u00e9 avec Horizons28\",\"isPartOf\":{\"@id\":\"https:\\\/\\\/horizons28.com\\\/fr\\\/#website\"},\"primaryImageOfPage\":{\"@id\":\"https:\\\/\\\/horizons28.com\\\/fr\\\/autotrader-ia\\\/#primaryimage\"},\"image\":{\"@id\":\"https:\\\/\\\/horizons28.com\\\/fr\\\/autotrader-ia\\\/#primaryimage\"},\"thumbnailUrl\":\"http:\\\/\\\/horizons28.com\\\/wp-content\\\/uploads\\\/2025\\\/04\\\/ai-autotrader.png\",\"datePublished\":\"2025-04-03T07:00:44+00:00\",\"dateModified\":\"2025-04-15T06:08:45+00:00\",\"description\":\"Trading automatis\u00e9 par IA: Horizons28 optimise et ex\u00e9cute rapidement vos transactions\",\"breadcrumb\":{\"@id\":\"https:\\\/\\\/horizons28.com\\\/fr\\\/autotrader-ia\\\/#breadcrumb\"},\"inLanguage\":\"fr-FR\",\"potentialAction\":[{\"@type\":\"ReadAction\",\"target\":[\"https:\\\/\\\/horizons28.com\\\/fr\\\/autotrader-ia\\\/\"]}]},{\"@type\":\"ImageObject\",\"inLanguage\":\"fr-FR\",\"@id\":\"https:\\\/\\\/horizons28.com\\\/fr\\\/autotrader-ia\\\/#primaryimage\",\"url\":\"http:\\\/\\\/horizons28.com\\\/wp-content\\\/uploads\\\/2025\\\/04\\\/ai-autotrader.png\",\"contentUrl\":\"http:\\\/\\\/horizons28.com\\\/wp-content\\\/uploads\\\/2025\\\/04\\\/ai-autotrader.png\"},{\"@type\":\"BreadcrumbList\",\"@id\":\"https:\\\/\\\/horizons28.com\\\/fr\\\/autotrader-ia\\\/#breadcrumb\",\"itemListElement\":[{\"@type\":\"ListItem\",\"position\":1,\"name\":\"Home\",\"item\":\"https:\\\/\\\/horizons28.com\\\/fr\\\/\"},{\"@type\":\"ListItem\",\"position\":2,\"name\":\"Autotrader IA\"}]},{\"@type\":\"WebSite\",\"@id\":\"https:\\\/\\\/horizons28.com\\\/fr\\\/#website\",\"url\":\"https:\\\/\\\/horizons28.com\\\/fr\\\/\",\"name\":\"Horizons28\",\"description\":\"\",\"potentialAction\":[{\"@type\":\"SearchAction\",\"target\":{\"@type\":\"EntryPoint\",\"urlTemplate\":\"https:\\\/\\\/horizons28.com\\\/fr\\\/?s={search_term_string}\"},\"query-input\":{\"@type\":\"PropertyValueSpecification\",\"valueRequired\":true,\"valueName\":\"search_term_string\"}}],\"inLanguage\":\"fr-FR\"}]}<\/script>\n<!-- \/ Yoast SEO plugin. -->","yoast_head_json":{"title":"Trading IA automatis\u00e9 avec Horizons28","description":"Trading automatis\u00e9 par IA: Horizons28 optimise et ex\u00e9cute rapidement vos transactions","robots":{"index":"index","follow":"follow","max-snippet":"max-snippet:-1","max-image-preview":"max-image-preview:large","max-video-preview":"max-video-preview:-1"},"canonical":"https:\/\/horizons28.com\/fr\/autotrader-ia\/","og_locale":"fr_FR","og_type":"article","og_title":"Trading IA automatis\u00e9 avec Horizons28","og_description":"Trading automatis\u00e9 par IA: Horizons28 optimise et ex\u00e9cute rapidement vos transactions","og_url":"https:\/\/horizons28.com\/fr\/autotrader-ia\/","og_site_name":"Horizons28","article_modified_time":"2025-04-15T06:08:45+00:00","og_image":[{"url":"http:\/\/horizons28.com\/wp-content\/uploads\/2025\/04\/ai-autotrader.png","type":"","width":"","height":""}],"twitter_card":"summary_large_image","twitter_misc":{"Dur\u00e9e de lecture estim\u00e9e":"2 minutes"},"schema":{"@context":"https:\/\/schema.org","@graph":[{"@type":"WebPage","@id":"https:\/\/horizons28.com\/fr\/autotrader-ia\/","url":"https:\/\/horizons28.com\/fr\/autotrader-ia\/","name":"Trading IA automatis\u00e9 avec Horizons28","isPartOf":{"@id":"https:\/\/horizons28.com\/fr\/#website"},"primaryImageOfPage":{"@id":"https:\/\/horizons28.com\/fr\/autotrader-ia\/#primaryimage"},"image":{"@id":"https:\/\/horizons28.com\/fr\/autotrader-ia\/#primaryimage"},"thumbnailUrl":"http:\/\/horizons28.com\/wp-content\/uploads\/2025\/04\/ai-autotrader.png","datePublished":"2025-04-03T07:00:44+00:00","dateModified":"2025-04-15T06:08:45+00:00","description":"Trading automatis\u00e9 par IA: Horizons28 optimise et ex\u00e9cute rapidement vos transactions","breadcrumb":{"@id":"https:\/\/horizons28.com\/fr\/autotrader-ia\/#breadcrumb"},"inLanguage":"fr-FR","potentialAction":[{"@type":"ReadAction","target":["https:\/\/horizons28.com\/fr\/autotrader-ia\/"]}]},{"@type":"ImageObject","inLanguage":"fr-FR","@id":"https:\/\/horizons28.com\/fr\/autotrader-ia\/#primaryimage","url":"http:\/\/horizons28.com\/wp-content\/uploads\/2025\/04\/ai-autotrader.png","contentUrl":"http:\/\/horizons28.com\/wp-content\/uploads\/2025\/04\/ai-autotrader.png"},{"@type":"BreadcrumbList","@id":"https:\/\/horizons28.com\/fr\/autotrader-ia\/#breadcrumb","itemListElement":[{"@type":"ListItem","position":1,"name":"Home","item":"https:\/\/horizons28.com\/fr\/"},{"@type":"ListItem","position":2,"name":"Autotrader IA"}]},{"@type":"WebSite","@id":"https:\/\/horizons28.com\/fr\/#website","url":"https:\/\/horizons28.com\/fr\/","name":"Horizons28","description":"","potentialAction":[{"@type":"SearchAction","target":{"@type":"EntryPoint","urlTemplate":"https:\/\/horizons28.com\/fr\/?s={search_term_string}"},"query-input":{"@type":"PropertyValueSpecification","valueRequired":true,"valueName":"search_term_string"}}],"inLanguage":"fr-FR"}]}},"_links":{"self":[{"href":"https:\/\/horizons28.com\/fr\/wp-json\/wp\/v2\/pages\/842","targetHints":{"allow":["GET"]}}],"collection":[{"href":"https:\/\/horizons28.com\/fr\/wp-json\/wp\/v2\/pages"}],"about":[{"href":"https:\/\/horizons28.com\/fr\/wp-json\/wp\/v2\/types\/page"}],"author":[{"embeddable":true,"href":"https:\/\/horizons28.com\/fr\/wp-json\/wp\/v2\/users\/1"}],"replies":[{"embeddable":true,"href":"https:\/\/horizons28.com\/fr\/wp-json\/wp\/v2\/comments?post=842"}],"version-history":[{"count":1,"href":"https:\/\/horizons28.com\/fr\/wp-json\/wp\/v2\/pages\/842\/revisions"}],"predecessor-version":[{"id":1067,"href":"https:\/\/horizons28.com\/fr\/wp-json\/wp\/v2\/pages\/842\/revisions\/1067"}],"wp:attachment":[{"href":"https:\/\/horizons28.com\/fr\/wp-json\/wp\/v2\/media?parent=842"}],"curies":[{"name":"wp","href":"https:\/\/api.w.org\/{rel}","templated":true}]}}