{"id":874,"date":"2025-04-04T07:20:13","date_gmt":"2025-04-04T07:20:13","guid":{"rendered":"http:\/\/horizons28.com\/fonds-dinvestissement\/"},"modified":"2025-04-15T06:17:34","modified_gmt":"2025-04-15T06:17:34","slug":"fonds-dinvestissement","status":"publish","type":"page","link":"https:\/\/horizons28.com\/fr\/fonds-dinvestissement\/","title":{"rendered":"Fonds d&rsquo;investissement"},"content":{"rendered":"\n<h1>\n\t\tInvestissez plus intelligemment. Ensemble. \n\t<\/h1>\n\t<p>Unissez vos forces \u00e0 celles d&rsquo;autres investisseurs pour acc\u00e9der \u00e0 des opportunit\u00e9s diversifi\u00e9es et \u00e0 fort potentiel sur les march\u00e9s mondiaux.<\/p>\n\t\t\t<a href=\"https:\/\/area.horizons28.net\/auth\/registration\" target=\"_blank\" rel=\"noopener\">\n\t\t\t\t\t\t\tRejoignez Horizons28\n\t\t\t<\/a>\n\t\t\t\t<img loading=\"lazy\" decoding=\"async\" src=\"http:\/\/horizons28.com\/wp-content\/uploads\/2025\/04\/horizons28-investment-pool.png\" alt=\"Horizons28 Investment Pool\" itemprop=\"image\" height=\"500\" width=\"600\" title=\"horizons28-investment-pool\" onerror=\"this.style.display='none'\"  \/>\n<h2>\n\t\tFonds d&rsquo;investissement Horizons28\n\t<\/h2>\n\t<p>Entrez dans l&rsquo;avenir de l&rsquo;investissement avec le <strong>fonds d&rsquo;investissement Horizons28<\/strong> \u2013 une plateforme moderne qui rassemble les investisseurs pour collaborer, mutualiser les fonds et acc\u00e9der \u00e0 des <strong>opportunit\u00e9s de croissance exclusives<\/strong>. Que vous soyez novice en investissement ou d\u00e9j\u00e0 exp\u00e9riment\u00e9, notre communaut\u00e9 <strong>vous aide \u00e0 construire un portefeuille plus solide tout en \u00e9tablissant des connexions financi\u00e8res significatives.<\/strong> <\/p>\n<h2>\n\t\tInvestir ensemble\n\t<\/h2>\n\t<p>Mutualisez votre capital avec d&rsquo;autres pour d\u00e9bloquer des opportunit\u00e9s d&rsquo;investissement premium.<\/p>\n<h2>\n\t\tApprendre ensemble\n\t<\/h2>\n\t<p>Partagez des strat\u00e9gies et des id\u00e9es avec d&rsquo;autres investisseurs et des professionnels de la finance.<\/p>\n<h2>\n\t\tProfiter ensemble\n\t<\/h2>\n\t<p>R\u00e9partissez votre investissement sur diff\u00e9rents march\u00e9s pour prot\u00e9ger et faire fructifier votre capital.<\/p>\n<h3>\n\t\tCaract\u00e9ristiques du fonds d&rsquo;investissement\n\t<\/h3>\n<h3>\n\t\tD\u00e9couvrez un investissement plus intelligent avec Horizons28\n\t<\/h3>\n\t<p>Le pool d&rsquo;investissement Horizons28 est con\u00e7u pour <strong>aider les investisseurs \u00e0 faire fructifier leur argent gr\u00e2ce \u00e0 la collaboration et \u00e0 l&rsquo;acc\u00e8s \u00e0 des projets d&rsquo;investissement s\u00e9lectionn\u00e9s<\/strong>. Que vous d\u00e9butiez ou que vous construisiez d\u00e9j\u00e0 votre patrimoine, <strong>c&rsquo;est votre porte d&rsquo;entr\u00e9e vers un investissement plus intelligent et plus connect\u00e9.<\/strong> <\/p>\n\t\t<h4>Acc\u00e9dez \u00e0 des opportunit\u00e9s d&rsquo;investissement premium<\/h4>\t\t\t\n\t\t\t\t<p>Participez \u00e0 des opportunit\u00e9s \u00e0 fort potentiel g\u00e9n\u00e9ralement r\u00e9serv\u00e9es aux grands investisseurs.<\/p>\n\t\t<h4>R\u00e9duisez vos risques<\/h4>\t\t\t\n\t\t\t\t<p>Diversifiez vos fonds \u00e0 travers diff\u00e9rents secteurs et types d&rsquo;actifs et r\u00e9duisez votre exposition aux risques de trading.<\/p>\n\t\t<h4>\u00c9largissez votre r\u00e9seau<\/h4>\t\t\t\n\t\t\t\t<p>Entrez en contact avec des analystes de march\u00e9, des investisseurs exp\u00e9riment\u00e9s et des entrepreneurs.<\/p>\n\t\t<h4>Suivez vos investissements<\/h4>\t\t\t\n\t\t\t\t<p>Visualisez les donn\u00e9es de performance en temps r\u00e9el avec une transparence totale et la protection de la plateforme.<\/p>\n<h5>\n\t\tCommencez en 4 \u00e9tapes simples\n\t<\/h5>\n\t\t\t\t\t\t\t\t\t\t\t\t\t\t\t<h5>1<\/h5>\n\t\t\t\t\t\t<p>Inscrivez-vous et v\u00e9rifiez<\/p>\t\t\t\t\t\n\t\t\t<!-- END .front -->\n\t\t\t\t\t\t<p>Cr\u00e9ez votre compte via notre processus d&rsquo;inscription rapide.<\/p>\t\t\t\t\t\n\t\t\t<!-- END .back -->\n\t\t <!-- ifb-flip-box -->\n\t <!-- flip-box -->\n\t\t\t\t\t\t\t\t\t\t\t\t\t\t\t<h5>2<\/h5>\n\t\t\t\t\t\t<p>Rejoignez le fonds<\/p>\t\t\t\t\t\n\t\t\t<!-- END .front -->\n\t\t\t\t\t\t<p>Choisissez le montant que vous souhaitez investir et contribuez au fonds communautaire.<\/p>\t\t\t\t\t\n\t\t\t<!-- END .back -->\n\t\t <!-- ifb-flip-box -->\n\t <!-- flip-box -->\n\t\t\t\t\t\t\t\t\t\t\t\t\t\t\t<h5>3<\/h5>\n\t\t\t\t\t\t<p>S\u00e9lectionnez l&rsquo;investissement<\/p>\t\t\t\t\t\n\t\t\t<!-- END .front -->\n\t\t\t\t\t\t<p>Choisissez parmi une vari\u00e9t\u00e9 de projets soigneusement s\u00e9lectionn\u00e9s \u00e0 fort potentiel.<\/p>\t\t\t\t\t\n\t\t\t<!-- END .back -->\n\t\t <!-- ifb-flip-box -->\n\t <!-- flip-box -->\n\t\t\t\t\t\t\t\t\t\t\t\t\t\t\t<h5>4<\/h5>\n\t\t\t\t\t\t<p>Suivez  Ajustez<\/p>\t\t\t\t\t\n\t\t\t<!-- END .front -->\n\t\t\t\t\t\t<p>Surveillez vos performances et r\u00e9investissez les b\u00e9n\u00e9fices au fur et \u00e0 mesure de votre croissance.<\/p>\t\t\t\t\t\n\t\t\t<!-- END .back -->\n\t\t <!-- ifb-flip-box -->\n\t <!-- flip-box -->\n<h3>\n\t\tPr\u00eat \u00e0 trader plus intelligemment ? D\u00e9couvrez une vraie rapidit\u00e9, de vrais march\u00e9s et de vrais r\u00e9sultats.\n\t<\/h3>\n\t\t\t<a href=\"https:\/\/area.horizons28.net\/auth\/registration\" target=\"_blank\" rel=\"noopener\">\n\t\t\t\t\t\t\tRejoignez Horizons28\n\t\t\t<\/a>\n<h1>\n\t\tExplorez nos options d&rsquo;investissement\n\t<\/h1>\n\t<p>Avec Horizons28, vous pouvez acc\u00e9der \u00e0 un large \u00e9ventail de choix d&rsquo;investissement :<\/p>\n<strong>Actions et ETF<\/strong><br \/>\nInvestissez dans des actions bien \u00e9tudi\u00e9es et des fonds n\u00e9goci\u00e9s en bourse diversifi\u00e9s.\n<strong>Investissements durables<\/strong><br \/>\nSoutenez des entreprises \u00e9cologiques et socialement responsables qui offrent \u00e9galement des rendements solides.\n\t\t\t\t<img loading=\"lazy\" decoding=\"async\" src=\"http:\/\/horizons28.com\/wp-content\/uploads\/2025\/04\/investment-options.png\" alt=\"Investment Options\" itemprop=\"image\" height=\"580\" width=\"813\" title=\"investment-options\" onerror=\"this.style.display='none'\"  \/>\n\t<p>Le fonds d&rsquo;investissement Horizons28 est con\u00e7u pour un large \u00e9ventail de participants. <strong>Il est id\u00e9al pour les investisseurs quotidiens visant \u00e0 constituer un patrimoine \u00e0 long terme, les entrepreneurs et les propri\u00e9taires de petites entreprises \u00e0 la recherche d&rsquo;opportunit\u00e9s de financement innovantes, ainsi que les traders en herbe qui souhaitent apprendre et se d\u00e9velopper dans un environnement d&rsquo;investissement favorable.<\/strong><\/p>\n<h3>\n\t\tPr\u00eat \u00e0 trader plus intelligemment ? D\u00e9couvrez une vraie rapidit\u00e9, de vrais march\u00e9s et de vrais r\u00e9sultats.\n\t<\/h3>\n\t\t\t<a href=\"https:\/\/area.horizons28.net\/auth\/registration\" target=\"_blank\" rel=\"noopener\">\n\t\t\t\t\t\t\tRejoignez Horizons28\n\t\t\t<\/a>\n\n","protected":false},"excerpt":{"rendered":"<p>Investissez plus intelligemment. Ensemble. Unissez vos forces \u00e0 celles d&rsquo;autres investisseurs pour acc\u00e9der \u00e0 des opportunit\u00e9s diversifi\u00e9es et \u00e0 fort potentiel sur les march\u00e9s mondiaux. Rejoignez Horizons28 Fonds d&rsquo;investissement Horizons28 Entrez dans l&rsquo;avenir de l&rsquo;investissement avec le fonds d&rsquo;investissement Horizons28 \u2013 une plateforme moderne qui rassemble les investisseurs pour collaborer, mutualiser les fonds et acc\u00e9der&hellip;<\/p>\n","protected":false},"author":1,"featured_media":0,"parent":0,"menu_order":0,"comment_status":"closed","ping_status":"closed","template":"","meta":{"footnotes":""},"class_list":["post-874","page","type-page","status-publish","hentry"],"yoast_head":"<!-- This site is optimized with the Yoast SEO plugin v27.5 - https:\/\/yoast.com\/product\/yoast-seo-wordpress\/ -->\n<title>Fonds d&#039;investissement collaboratif Horizons28<\/title>\n<meta name=\"description\" content=\"Rejoignez Horizons28 : investissez en communaut\u00e9, diversifiez et maximisez vos rendements.\" \/>\n<meta name=\"robots\" content=\"index, follow, max-snippet:-1, max-image-preview:large, max-video-preview:-1\" \/>\n<link rel=\"canonical\" href=\"https:\/\/horizons28.com\/fr\/fonds-dinvestissement\/\" \/>\n<meta property=\"og:locale\" content=\"fr_FR\" \/>\n<meta property=\"og:type\" content=\"article\" \/>\n<meta property=\"og:title\" content=\"Fonds d&#039;investissement collaboratif Horizons28\" \/>\n<meta property=\"og:description\" content=\"Rejoignez Horizons28 : investissez en communaut\u00e9, diversifiez et maximisez vos rendements.\" \/>\n<meta property=\"og:url\" content=\"https:\/\/horizons28.com\/fr\/fonds-dinvestissement\/\" \/>\n<meta property=\"og:site_name\" content=\"Horizons28\" \/>\n<meta property=\"article:modified_time\" content=\"2025-04-15T06:17:34+00:00\" \/>\n<meta property=\"og:image\" content=\"http:\/\/horizons28.com\/wp-content\/uploads\/2025\/04\/horizons28-investment-pool.png\" \/>\n<meta name=\"twitter:card\" content=\"summary_large_image\" \/>\n<meta name=\"twitter:label1\" content=\"Dur\u00e9e de lecture estim\u00e9e\" \/>\n\t<meta name=\"twitter:data1\" content=\"3 minutes\" \/>\n<script type=\"application\/ld+json\" class=\"yoast-schema-graph\">{\"@context\":\"https:\\\/\\\/schema.org\",\"@graph\":[{\"@type\":\"WebPage\",\"@id\":\"https:\\\/\\\/horizons28.com\\\/fr\\\/fonds-dinvestissement\\\/\",\"url\":\"https:\\\/\\\/horizons28.com\\\/fr\\\/fonds-dinvestissement\\\/\",\"name\":\"Fonds d'investissement collaboratif Horizons28\",\"isPartOf\":{\"@id\":\"https:\\\/\\\/horizons28.com\\\/fr\\\/#website\"},\"primaryImageOfPage\":{\"@id\":\"https:\\\/\\\/horizons28.com\\\/fr\\\/fonds-dinvestissement\\\/#primaryimage\"},\"image\":{\"@id\":\"https:\\\/\\\/horizons28.com\\\/fr\\\/fonds-dinvestissement\\\/#primaryimage\"},\"thumbnailUrl\":\"http:\\\/\\\/horizons28.com\\\/wp-content\\\/uploads\\\/2025\\\/04\\\/horizons28-investment-pool.png\",\"datePublished\":\"2025-04-04T07:20:13+00:00\",\"dateModified\":\"2025-04-15T06:17:34+00:00\",\"description\":\"Rejoignez Horizons28 : investissez en communaut\u00e9, diversifiez et maximisez vos rendements.\",\"breadcrumb\":{\"@id\":\"https:\\\/\\\/horizons28.com\\\/fr\\\/fonds-dinvestissement\\\/#breadcrumb\"},\"inLanguage\":\"fr-FR\",\"potentialAction\":[{\"@type\":\"ReadAction\",\"target\":[\"https:\\\/\\\/horizons28.com\\\/fr\\\/fonds-dinvestissement\\\/\"]}]},{\"@type\":\"ImageObject\",\"inLanguage\":\"fr-FR\",\"@id\":\"https:\\\/\\\/horizons28.com\\\/fr\\\/fonds-dinvestissement\\\/#primaryimage\",\"url\":\"http:\\\/\\\/horizons28.com\\\/wp-content\\\/uploads\\\/2025\\\/04\\\/horizons28-investment-pool.png\",\"contentUrl\":\"http:\\\/\\\/horizons28.com\\\/wp-content\\\/uploads\\\/2025\\\/04\\\/horizons28-investment-pool.png\"},{\"@type\":\"BreadcrumbList\",\"@id\":\"https:\\\/\\\/horizons28.com\\\/fr\\\/fonds-dinvestissement\\\/#breadcrumb\",\"itemListElement\":[{\"@type\":\"ListItem\",\"position\":1,\"name\":\"Home\",\"item\":\"https:\\\/\\\/horizons28.com\\\/fr\\\/\"},{\"@type\":\"ListItem\",\"position\":2,\"name\":\"Fonds d&rsquo;investissement\"}]},{\"@type\":\"WebSite\",\"@id\":\"https:\\\/\\\/horizons28.com\\\/fr\\\/#website\",\"url\":\"https:\\\/\\\/horizons28.com\\\/fr\\\/\",\"name\":\"Horizons28\",\"description\":\"\",\"potentialAction\":[{\"@type\":\"SearchAction\",\"target\":{\"@type\":\"EntryPoint\",\"urlTemplate\":\"https:\\\/\\\/horizons28.com\\\/fr\\\/?s={search_term_string}\"},\"query-input\":{\"@type\":\"PropertyValueSpecification\",\"valueRequired\":true,\"valueName\":\"search_term_string\"}}],\"inLanguage\":\"fr-FR\"}]}<\/script>\n<!-- \/ Yoast SEO plugin. -->","yoast_head_json":{"title":"Fonds d'investissement collaboratif Horizons28","description":"Rejoignez Horizons28 : investissez en communaut\u00e9, diversifiez et maximisez vos rendements.","robots":{"index":"index","follow":"follow","max-snippet":"max-snippet:-1","max-image-preview":"max-image-preview:large","max-video-preview":"max-video-preview:-1"},"canonical":"https:\/\/horizons28.com\/fr\/fonds-dinvestissement\/","og_locale":"fr_FR","og_type":"article","og_title":"Fonds d'investissement collaboratif Horizons28","og_description":"Rejoignez Horizons28 : investissez en communaut\u00e9, diversifiez et maximisez vos rendements.","og_url":"https:\/\/horizons28.com\/fr\/fonds-dinvestissement\/","og_site_name":"Horizons28","article_modified_time":"2025-04-15T06:17:34+00:00","og_image":[{"url":"http:\/\/horizons28.com\/wp-content\/uploads\/2025\/04\/horizons28-investment-pool.png","type":"","width":"","height":""}],"twitter_card":"summary_large_image","twitter_misc":{"Dur\u00e9e de lecture estim\u00e9e":"3 minutes"},"schema":{"@context":"https:\/\/schema.org","@graph":[{"@type":"WebPage","@id":"https:\/\/horizons28.com\/fr\/fonds-dinvestissement\/","url":"https:\/\/horizons28.com\/fr\/fonds-dinvestissement\/","name":"Fonds d'investissement collaboratif Horizons28","isPartOf":{"@id":"https:\/\/horizons28.com\/fr\/#website"},"primaryImageOfPage":{"@id":"https:\/\/horizons28.com\/fr\/fonds-dinvestissement\/#primaryimage"},"image":{"@id":"https:\/\/horizons28.com\/fr\/fonds-dinvestissement\/#primaryimage"},"thumbnailUrl":"http:\/\/horizons28.com\/wp-content\/uploads\/2025\/04\/horizons28-investment-pool.png","datePublished":"2025-04-04T07:20:13+00:00","dateModified":"2025-04-15T06:17:34+00:00","description":"Rejoignez Horizons28 : investissez en communaut\u00e9, diversifiez et maximisez vos rendements.","breadcrumb":{"@id":"https:\/\/horizons28.com\/fr\/fonds-dinvestissement\/#breadcrumb"},"inLanguage":"fr-FR","potentialAction":[{"@type":"ReadAction","target":["https:\/\/horizons28.com\/fr\/fonds-dinvestissement\/"]}]},{"@type":"ImageObject","inLanguage":"fr-FR","@id":"https:\/\/horizons28.com\/fr\/fonds-dinvestissement\/#primaryimage","url":"http:\/\/horizons28.com\/wp-content\/uploads\/2025\/04\/horizons28-investment-pool.png","contentUrl":"http:\/\/horizons28.com\/wp-content\/uploads\/2025\/04\/horizons28-investment-pool.png"},{"@type":"BreadcrumbList","@id":"https:\/\/horizons28.com\/fr\/fonds-dinvestissement\/#breadcrumb","itemListElement":[{"@type":"ListItem","position":1,"name":"Home","item":"https:\/\/horizons28.com\/fr\/"},{"@type":"ListItem","position":2,"name":"Fonds d&rsquo;investissement"}]},{"@type":"WebSite","@id":"https:\/\/horizons28.com\/fr\/#website","url":"https:\/\/horizons28.com\/fr\/","name":"Horizons28","description":"","potentialAction":[{"@type":"SearchAction","target":{"@type":"EntryPoint","urlTemplate":"https:\/\/horizons28.com\/fr\/?s={search_term_string}"},"query-input":{"@type":"PropertyValueSpecification","valueRequired":true,"valueName":"search_term_string"}}],"inLanguage":"fr-FR"}]}},"_links":{"self":[{"href":"https:\/\/horizons28.com\/fr\/wp-json\/wp\/v2\/pages\/874","targetHints":{"allow":["GET"]}}],"collection":[{"href":"https:\/\/horizons28.com\/fr\/wp-json\/wp\/v2\/pages"}],"about":[{"href":"https:\/\/horizons28.com\/fr\/wp-json\/wp\/v2\/types\/page"}],"author":[{"embeddable":true,"href":"https:\/\/horizons28.com\/fr\/wp-json\/wp\/v2\/users\/1"}],"replies":[{"embeddable":true,"href":"https:\/\/horizons28.com\/fr\/wp-json\/wp\/v2\/comments?post=874"}],"version-history":[{"count":1,"href":"https:\/\/horizons28.com\/fr\/wp-json\/wp\/v2\/pages\/874\/revisions"}],"predecessor-version":[{"id":1078,"href":"https:\/\/horizons28.com\/fr\/wp-json\/wp\/v2\/pages\/874\/revisions\/1078"}],"wp:attachment":[{"href":"https:\/\/horizons28.com\/fr\/wp-json\/wp\/v2\/media?parent=874"}],"curies":[{"name":"wp","href":"https:\/\/api.w.org\/{rel}","templated":true}]}}