{"id":716,"date":"2025-04-07T12:16:18","date_gmt":"2025-04-07T12:16:18","guid":{"rendered":"http:\/\/horizons28.com\/politika-povlacenja\/"},"modified":"2025-04-15T09:12:21","modified_gmt":"2025-04-15T09:12:21","slug":"politika-povlacenja","status":"publish","type":"page","link":"https:\/\/horizons28.com\/hr\/politika-povlacenja\/","title":{"rendered":"Politika povla\u010denja"},"content":{"rendered":"\n\n\t<p><strong>Zadnje a\u017euriranje: 5. o\u017eujka 2025<\/strong><\/p>\n<p>U Horizons28 (u daljnjem tekstu &#8220;Horizons28&#8221;, &#8220;mi&#8221;, &#8220;nas&#8221; ili &#8220;tvrtka&#8221;) posve\u0107eni smo osiguravanju glatkog i transparentnog procesa povla\u010denja sredstava s va\u0161eg ra\u010duna za trgovanje. Ova Pravila povla\u010denja iznose glavne smjernice, korake i uvjete koji reguliraju povla\u010denje sredstava. Kori\u0161tenjem na\u0161e platforme, prihva\u0107ate i suglasni ste po\u0161tivati \u200b\u200buvjete predstavljene u ovoj politici.  <\/p>\n<h3>1. Podobnost za povla\u010denje<\/h3>\n<p>Da biste zatra\u017eili isplatu sa svog Horizons28 ra\u010duna, moraju biti ispunjeni sljede\u0107i zahtjevi:<\/p>\n<p>Va\u0161 ra\u010dun mora biti uspje\u0161no verificiran u skladu s na\u0161im postupcima Upoznajte svog kupca (KYC) i Procedurama protiv pranja novca (AML).<\/p>\n<ul>\n<li>Va\u0161 ra\u010dun mora odr\u017eavati pozitivan saldo (tj. ne mora podlijegati zahtjevima za marginom ili pokazivati \u200b\u200bnegativan saldo).<\/li>\n<li>Sredstva ne smiju biti trenuta\u010dno vezana za aktivna trgovanja ili slu\u017eiti kao kolateral\/mar\u017ea.<\/li>\n<li>Zahtjev za povla\u010denje mora zadovoljiti minimalni prag za povla\u010denje koji je postavio Horizons28.<\/li>\n<\/ul>\n<h3>2. Proces povla\u010denja<\/h3>\n<h4>2.1 Podno\u0161enje zahtjeva<\/h4>\n<p>Isplate se mogu pokrenuti prijavom na va\u0161 Horizons28 ra\u010dun i podno\u0161enjem zahtjeva putem na\u0161eg sigurnog portala. Morat \u0107ete navesti iznos povla\u010denja i odabrati \u017eeljeni na\u010din pla\u0107anja. <\/p>\n<h4>2.2 Vremenski okvir obrade<\/h4>\n<p>Nakon \u0161to podnesete zahtjev, nastojimo ga obraditi u roku od 3 radna dana. Imajte na umu da ukupno vrijeme za primanje sredstava mo\u017ee varirati ovisno o va\u0161em statusu potvrde i odabranom na\u010dinu pla\u0107anja. <\/p>\n<ul>\n<li>Bankovni transferi: obi\u010dno 3-5 radnih dana<\/li>\n<li>Isplate kriptovalute: Obra\u0111uju se unutar 24 sata<\/li>\n<\/ul>\n<h4>2.3 Primjenjive naknade<\/h4>\n<p>Horizons28 mo\u017ee primijeniti naknadu za obradu isplata. Sve takve naknade bit \u0107e jasno prikazane prije nego \u0161to potvrdite svoj zahtjev. Naknade ovise o odabranom na\u010dinu pla\u0107anja i mogu se promijeniti bez prethodne najave. Dodatne naknade banaka ili procesora pla\u0107anja odgovornost su klijenta.   <\/p>\n<h3>3. Mogu\u0107nosti pla\u0107anja<\/h3>\n<p>Horizons28 nudi vi\u0161e na\u010dina isplate koji odgovaraju va\u0161im potrebama:<\/p>\n<ul>\n<li>Lokalni i me\u0111unarodni bankovni transferi<\/li>\n<li>Kriptovalute (npr. Bitcoin, Ethereum)<\/li>\n<li>Ostale opcije kao \u0161to su bankovni prijenosi i kreditne\/debitne kartice<\/li>\n<\/ul>\n<p>Dostupnost odre\u0111enih metoda povla\u010denja mo\u017ee se razlikovati ovisno o lokaciji i valuti.<\/p>\n<h3>4. Ograni\u010denja povla\u010denja<\/h3>\n<p>Zahtjevi za isplatu podlije\u017eu unaprijed definiranim ograni\u010denjima kako bi se odr\u017eala u\u010dinkovitost platforme i sigurnost korisnika.<\/p>\n<strong>Minimalni iznos povla\u010denja: 50 USD<\/strong><br \/>\n Za ve\u0107a povla\u010denja, Horizons28 mo\u017ee zatra\u017eiti dodatnu provjeru identiteta ili dokumentaciju.\n<h3>5. Provjera i sigurnost ra\u010duna<\/h3>\n<h4>5.1 Provjera identiteta<\/h4>\n<p>Kako bi bili u skladu s pravnim standardima i pobolj\u0161ali sigurnost platforme, svi korisnici moraju dovr\u0161iti provjeru identiteta prije odobrenja bilo kakvog povla\u010denja. Ovaj proces mo\u017ee uklju\u010divati: <\/p>\n<ul>\n<li>Va\u017ee\u0107i slu\u017ebeni osobni dokument s fotografijom ili voza\u010dka dozvola<\/li>\n<li>Dokaz o adresi stanovanja (npr. ra\u010dun za re\u017eije ili bankovni izvod)<\/li>\n<li>Dodatni dokumenti prema zahtjevu<\/li>\n<\/ul>\n<h4>5.2 Sigurnosna ograni\u010denja<\/h4>\n<p>Horizons28 mo\u017ee odgoditi ili ograni\u010diti povla\u010denja ako postoji sumnja na prijevaru, kr\u0161enje pravila ili regulatornu intervenciju. Zadr\u017eavamo pravo uskrate obrade u takvim slu\u010dajevima u istra\u017ene i sigurnosne svrhe. <\/p>\n<h3>6. Odbijeni ili odgo\u0111eni zahtjevi<\/h3>\n<p>Va\u0161 zahtjev za povla\u010denje mo\u017ee biti odgo\u0111en ili odbijen iz sljede\u0107ih razloga:<\/p>\n<ul>\n<li>Nedovoljan saldo ili zahtjevi za mar\u017eom na \u010dekanju<\/li>\n<li>Nepotvr\u0111eni ili nepotpuni korisni\u010dki profil<\/li>\n<li>Pogre\u0161ke u detaljima povla\u010denja<\/li>\n<li>Sumnja na kr\u0161enje uvjeta ili la\u017enu aktivnost<\/li>\n<li>Tehni\u010dki smetnje sa sustavima pla\u0107anja ili platformom<\/li>\n<\/ul>\n<p>Ako va\u0161 zahtjev bude odgo\u0111en ili odbijen, Horizons28 \u0107e vas obavijestiti s razlogom i savjetovati kako postupiti.<\/p>\n<h3>7. Mjenja\u010dnica i naknade<\/h3>\n<p>Kada isplata uklju\u010duje konverziju valute (npr. USD u EUR), primijenjeni te\u010daj odra\u017eavat \u0107e tr\u017ei\u0161ne te\u010dajeve u trenutku obrade. Pretvorbe valuta tako\u0111er mogu sadr\u017eavati dodatne naknade ovisno o metodi isplate i kori\u0161tenom pru\u017eatelju usluga.<\/p>\n<h3>8. Promjene Politike povla\u010denja<\/h3>\n<p>Horizons28 zadr\u017eava pravo izmjene ili a\u017euriranja ovih Pravila povla\u010denja u bilo kojem trenutku. Sve promjene bit \u0107e priop\u0107ene putem odgovaraju\u0107ih kanala i objavljene na na\u0161oj web stranici. Va\u0161e daljnje kori\u0161tenje na\u0161ih usluga nakon a\u017euriranja predstavlja prihva\u0107anje revidirane politike.<\/p>\n<h6>\n\t\tHorizons28\n\t<\/h6>\n\tWeWork<br \/>\n90 York Wy<br \/>\nLondon N1 9AG<br \/>\nUjedinjeno Kraljevstvo\nE-po\u0161ta: support@horizons28.com<br \/>\nTelefon: +44 203 9618 738\n<p>Kori\u0161tenjem usluga Horizons28 potvr\u0111ujete da ste pro\u010ditali i razumjeli sadr\u017eaj ovog dokumenta.<\/p>\n<p><strong>Datum stupanja na snagu: 5. o\u017eujka 2025.<\/strong><\/p>\n<h3>\n\t\tSpremni za pametnije trgovanje? Iskusite pravu brzinu, stvarna tr\u017ei\u0161ta i stvarne rezultate.\n\t<\/h3>\n\t\t\t<a href=\"https:\/\/area.horizons28.net\/auth\/registration\" target=\"_blank\" rel=\"noopener\">\n\t\t\t\t\t\t\tPridru\u017ei se Horizons28\n\t\t\t<\/a>\n\n","protected":false},"excerpt":{"rendered":"<p>Zadnje a\u017euriranje: 5. o\u017eujka 2025 U Horizons28 (u daljnjem tekstu &#8220;Horizons28&#8221;, &#8220;mi&#8221;, &#8220;nas&#8221; ili &#8220;tvrtka&#8221;) posve\u0107eni smo osiguravanju glatkog i transparentnog procesa povla\u010denja sredstava s va\u0161eg ra\u010duna za trgovanje. Ova Pravila povla\u010denja iznose glavne smjernice, korake i uvjete koji reguliraju povla\u010denje sredstava. Kori\u0161tenjem na\u0161e platforme, prihva\u0107ate i suglasni ste po\u0161tivati \u200b\u200buvjete predstavljene u ovoj politici.&hellip;<\/p>\n","protected":false},"author":1,"featured_media":0,"parent":0,"menu_order":0,"comment_status":"closed","ping_status":"closed","template":"","meta":{"footnotes":""},"class_list":["post-716","page","type-page","status-publish","hentry"],"yoast_head":"<!-- This site is optimized with the Yoast SEO plugin v27.4 - https:\/\/yoast.com\/product\/yoast-seo-wordpress\/ -->\n<title>Politika povla\u010denja | Brzo i sigurno povla\u010denje sredstava na Horizons28<\/title>\n<meta name=\"description\" content=\"Saznajte kako isplate rade na Horizons28, uklju\u010duju\u0107i vremena obrade, podr\u017eane metode i sigurne transakcijske protokole.\" \/>\n<meta name=\"robots\" content=\"index, follow, max-snippet:-1, max-image-preview:large, max-video-preview:-1\" \/>\n<link rel=\"canonical\" href=\"https:\/\/horizons28.com\/hr\/politika-povlacenja\/\" \/>\n<meta property=\"og:locale\" content=\"hr_HR\" \/>\n<meta property=\"og:type\" content=\"article\" \/>\n<meta property=\"og:title\" content=\"Politika povla\u010denja | Brzo i sigurno povla\u010denje sredstava na Horizons28\" \/>\n<meta property=\"og:description\" content=\"Saznajte kako isplate rade na Horizons28, uklju\u010duju\u0107i vremena obrade, podr\u017eane metode i sigurne transakcijske protokole.\" \/>\n<meta property=\"og:url\" content=\"https:\/\/horizons28.com\/hr\/politika-povlacenja\/\" \/>\n<meta property=\"og:site_name\" content=\"Horizons28\" \/>\n<meta property=\"article:modified_time\" content=\"2025-04-15T09:12:21+00:00\" \/>\n<meta name=\"twitter:card\" content=\"summary_large_image\" \/>\n<meta name=\"twitter:label1\" content=\"Procijenjeno vrijeme \u010ditanja\" \/>\n\t<meta name=\"twitter:data1\" content=\"4 minute\" \/>\n<script type=\"application\/ld+json\" class=\"yoast-schema-graph\">{\"@context\":\"https:\\\/\\\/schema.org\",\"@graph\":[{\"@type\":\"WebPage\",\"@id\":\"https:\\\/\\\/horizons28.com\\\/hr\\\/politika-povlacenja\\\/\",\"url\":\"https:\\\/\\\/horizons28.com\\\/hr\\\/politika-povlacenja\\\/\",\"name\":\"Politika povla\u010denja | Brzo i sigurno povla\u010denje sredstava na Horizons28\",\"isPartOf\":{\"@id\":\"http:\\\/\\\/horizons28.com\\\/hr\\\/#website\"},\"datePublished\":\"2025-04-07T12:16:18+00:00\",\"dateModified\":\"2025-04-15T09:12:21+00:00\",\"description\":\"Saznajte kako isplate rade na Horizons28, uklju\u010duju\u0107i vremena obrade, podr\u017eane metode i sigurne transakcijske protokole.\",\"breadcrumb\":{\"@id\":\"https:\\\/\\\/horizons28.com\\\/hr\\\/politika-povlacenja\\\/#breadcrumb\"},\"inLanguage\":\"hr\",\"potentialAction\":[{\"@type\":\"ReadAction\",\"target\":[\"https:\\\/\\\/horizons28.com\\\/hr\\\/politika-povlacenja\\\/\"]}]},{\"@type\":\"BreadcrumbList\",\"@id\":\"https:\\\/\\\/horizons28.com\\\/hr\\\/politika-povlacenja\\\/#breadcrumb\",\"itemListElement\":[{\"@type\":\"ListItem\",\"position\":1,\"name\":\"Home\",\"item\":\"https:\\\/\\\/horizons28.com\\\/hr\\\/\"},{\"@type\":\"ListItem\",\"position\":2,\"name\":\"Politika povla\u010denja\"}]},{\"@type\":\"WebSite\",\"@id\":\"http:\\\/\\\/horizons28.com\\\/hr\\\/#website\",\"url\":\"http:\\\/\\\/horizons28.com\\\/hr\\\/\",\"name\":\"Horizons28\",\"description\":\"\",\"potentialAction\":[{\"@type\":\"SearchAction\",\"target\":{\"@type\":\"EntryPoint\",\"urlTemplate\":\"http:\\\/\\\/horizons28.com\\\/hr\\\/?s={search_term_string}\"},\"query-input\":{\"@type\":\"PropertyValueSpecification\",\"valueRequired\":true,\"valueName\":\"search_term_string\"}}],\"inLanguage\":\"hr\"}]}<\/script>\n<!-- \/ Yoast SEO plugin. -->","yoast_head_json":{"title":"Politika povla\u010denja | Brzo i sigurno povla\u010denje sredstava na Horizons28","description":"Saznajte kako isplate rade na Horizons28, uklju\u010duju\u0107i vremena obrade, podr\u017eane metode i sigurne transakcijske protokole.","robots":{"index":"index","follow":"follow","max-snippet":"max-snippet:-1","max-image-preview":"max-image-preview:large","max-video-preview":"max-video-preview:-1"},"canonical":"https:\/\/horizons28.com\/hr\/politika-povlacenja\/","og_locale":"hr_HR","og_type":"article","og_title":"Politika povla\u010denja | Brzo i sigurno povla\u010denje sredstava na Horizons28","og_description":"Saznajte kako isplate rade na Horizons28, uklju\u010duju\u0107i vremena obrade, podr\u017eane metode i sigurne transakcijske protokole.","og_url":"https:\/\/horizons28.com\/hr\/politika-povlacenja\/","og_site_name":"Horizons28","article_modified_time":"2025-04-15T09:12:21+00:00","twitter_card":"summary_large_image","twitter_misc":{"Procijenjeno vrijeme \u010ditanja":"4 minute"},"schema":{"@context":"https:\/\/schema.org","@graph":[{"@type":"WebPage","@id":"https:\/\/horizons28.com\/hr\/politika-povlacenja\/","url":"https:\/\/horizons28.com\/hr\/politika-povlacenja\/","name":"Politika povla\u010denja | Brzo i sigurno povla\u010denje sredstava na Horizons28","isPartOf":{"@id":"http:\/\/horizons28.com\/hr\/#website"},"datePublished":"2025-04-07T12:16:18+00:00","dateModified":"2025-04-15T09:12:21+00:00","description":"Saznajte kako isplate rade na Horizons28, uklju\u010duju\u0107i vremena obrade, podr\u017eane metode i sigurne transakcijske protokole.","breadcrumb":{"@id":"https:\/\/horizons28.com\/hr\/politika-povlacenja\/#breadcrumb"},"inLanguage":"hr","potentialAction":[{"@type":"ReadAction","target":["https:\/\/horizons28.com\/hr\/politika-povlacenja\/"]}]},{"@type":"BreadcrumbList","@id":"https:\/\/horizons28.com\/hr\/politika-povlacenja\/#breadcrumb","itemListElement":[{"@type":"ListItem","position":1,"name":"Home","item":"https:\/\/horizons28.com\/hr\/"},{"@type":"ListItem","position":2,"name":"Politika povla\u010denja"}]},{"@type":"WebSite","@id":"http:\/\/horizons28.com\/hr\/#website","url":"http:\/\/horizons28.com\/hr\/","name":"Horizons28","description":"","potentialAction":[{"@type":"SearchAction","target":{"@type":"EntryPoint","urlTemplate":"http:\/\/horizons28.com\/hr\/?s={search_term_string}"},"query-input":{"@type":"PropertyValueSpecification","valueRequired":true,"valueName":"search_term_string"}}],"inLanguage":"hr"}]}},"_links":{"self":[{"href":"https:\/\/horizons28.com\/hr\/wp-json\/wp\/v2\/pages\/716","targetHints":{"allow":["GET"]}}],"collection":[{"href":"https:\/\/horizons28.com\/hr\/wp-json\/wp\/v2\/pages"}],"about":[{"href":"https:\/\/horizons28.com\/hr\/wp-json\/wp\/v2\/types\/page"}],"author":[{"embeddable":true,"href":"https:\/\/horizons28.com\/hr\/wp-json\/wp\/v2\/users\/1"}],"replies":[{"embeddable":true,"href":"https:\/\/horizons28.com\/hr\/wp-json\/wp\/v2\/comments?post=716"}],"version-history":[{"count":1,"href":"https:\/\/horizons28.com\/hr\/wp-json\/wp\/v2\/pages\/716\/revisions"}],"predecessor-version":[{"id":1308,"href":"https:\/\/horizons28.com\/hr\/wp-json\/wp\/v2\/pages\/716\/revisions\/1308"}],"wp:attachment":[{"href":"https:\/\/horizons28.com\/hr\/wp-json\/wp\/v2\/media?parent=716"}],"curies":[{"name":"wp","href":"https:\/\/api.w.org\/{rel}","templated":true}]}}