{"id":746,"date":"2025-04-03T11:39:07","date_gmt":"2025-04-03T11:39:07","guid":{"rendered":"http:\/\/horizons28.com\/platforma-za-trgovanje\/"},"modified":"2025-04-15T08:51:52","modified_gmt":"2025-04-15T08:51:52","slug":"platforma-za-trgovanje","status":"publish","type":"page","link":"https:\/\/horizons28.com\/hr\/platforma-za-trgovanje\/","title":{"rendered":"Platforma za trgovanje"},"content":{"rendered":"\n<h1>\n\t\tHorizonti28. Trgovanje sve u jednom. \n\t<\/h1>\n\t<p>Trgujte sa munjevito brzim izvr\u0161enjem, odre\u0111ivanjem cijena u stvarnom vremenu, naprednim alatima za grafikone i su\u010deljem koje je jednostavno za korisnika.<\/p>\n\t\t\t<a href=\"https:\/\/area.horizons28.net\/auth\/registration\" target=\"_blank\" rel=\"noopener\">\n\t\t\t\t\t\t\tPridru\u017ei se Horizons28\n\t\t\t<\/a>\n\t\t\t\t<img loading=\"lazy\" decoding=\"async\" src=\"http:\/\/horizons28.com\/wp-content\/uploads\/2025\/04\/horizons28-trading-platform.png\" alt=\"Horizons28 Trading Platform\" itemprop=\"image\" height=\"500\" width=\"600\" title=\"horizons28-trading-platform\" onerror=\"this.style.display='none'\"  \/>\n\t\t\t<h2>Horizons28: Va\u0161e sveobuhvatno iskustvo web trgovanja<\/h2>\t\t\t\n\t\t\t\t<p>Horizons28 je web platforma visokih performansi za trgovce koji zahtijevaju brzinu, fleksibilnost i kontrolu. Pokretan infrastrukturom sljede\u0107e generacije, pru\u017ea besprijekorno iskustvo trgovanja bez preuzimanja ili instalacije-daju\u0107i vam trenutni pristup globalnim tr\u017ei\u0161tima s bilo kojeg ure\u0111aja. <\/p>\n<h3>\n\t\tNema preuzimanja. Bez ograni\u010denja. Trgujte bilo gdje.  \n\t<\/h3>\n\t<p>Uz Horizons28, trgovanje je jednostavno poput otvaranja va\u0161eg preglednika.<\/p>\n<p> Bez obzira koristite li stolno ra\u010dunalo, prijenosno ra\u010dunalo ili mobilni ure\u0111aj, platforma radi glatko na Windowsima, macOS-u, Linuxu, iOS-u i Androidu. <strong>Nije potrebno postavljanje \u2013 prijavite se i po\u010dnite trgovati.<\/strong><\/p>\n<p> Svaka je sesija za\u0161ti\u0107ena end-to-end enkripcijom, \u010duvaju\u0107i va\u0161e podatke sigurnima \u010dak i na dijeljenim ili javnim mre\u017eama.<\/p>\n<h3>\n\t\tStvoren za brzinu: izvo\u0111enje u oblaku\n\t<\/h3>\n\t<p>Horizons28 pru\u017ea ultrabrzu izvedbu koriste\u0107i arhitekturu oblaka i podatkovne centre profesionalne razine.<\/p>\n<p> Trgovine se usmjeravaju kroz okru\u017eenja niske latencije radi <strong>br\u017eeg ispunjavanja i preciznijeg rukovanja narud\u017ebama<\/strong> .<\/p>\n<p> Bilo da skalpirate ili upravljate velikim pozicijama, imate koristi od <strong>brzog protoka naloga s minimalnim proklizavanjem<\/strong> .<\/p>\n<p> Trgujte svim na\u0161im klasama imovine s iznimnim izvr\u0161enjem trgovine.<\/p>\n<h3>\n\t\tPametno trgovanje s algoritamskim mogu\u0107nostima\n\t<\/h3>\n\t<p>Automatizirajte svoju strategiju uz podr\u0161ku za algoritamsko trgovanje. Horizons28 vam omogu\u0107uje pokretanje <strong>prilago\u0111enih skripti i botova izravno unutar platforme<\/strong> i djelovanje na mogu\u0107nostima bez ru\u010dnog unosa. <\/p>\n<p>Za napredne korisnike, platforma je tako\u0111er optimizirana za <strong>visokofrekventno trgovanje<\/strong> , omogu\u0107uju\u0107i brzo, automatizirano izvr\u0161enje trgovine s dosljednom izvedbom pod pritiskom.<\/p>\n<h3>\n\t\tPrilagodite svoj prikaz s vi\u0161e opcija\n\t<\/h3>\n\t<p>Analizirajte tr\u017ei\u0161ta na svoj na\u010din pomo\u0107u vi\u0161e prozora grafikona i fleksibilnog odabira vremenskog okvira. <strong>Usporedite imovinu usporedno ili pregledajte isti instrument kroz razli\u010dite vremenske okvire<\/strong> s-od jednominutnih pregleda skaliranja do dugoro\u010dnih dnevnih grafikona.<\/p>\n<p> Napredni sustav grafikona Horizons28 podr\u017eava <strong>alate za crtanje, indikatore i slojeve<\/strong> koji odgovaraju svakom stilu trgovanja.<\/p>\n<h3>\n\t\tSpremni za pametnije trgovanje? Iskusite pravu brzinu, stvarna tr\u017ei\u0161ta i stvarne rezultate.\n\t<\/h3>\n\t\t\t<a href=\"https:\/\/area.horizons28.net\/auth\/registration\" target=\"_blank\" rel=\"noopener\">\n\t\t\t\t\t\t\tPridru\u017ei se Horizons28\n\t\t\t<\/a>\n\n","protected":false},"excerpt":{"rendered":"<p>Horizonti28. Trgovanje sve u jednom. Trgujte sa munjevito brzim izvr\u0161enjem, odre\u0111ivanjem cijena u stvarnom vremenu, naprednim alatima za grafikone i su\u010deljem koje je jednostavno za korisnika. Pridru\u017ei se Horizons28 Horizons28: Va\u0161e sveobuhvatno iskustvo web trgovanja Horizons28 je web platforma visokih performansi za trgovce koji zahtijevaju brzinu, fleksibilnost i kontrolu. Pokretan infrastrukturom sljede\u0107e generacije, pru\u017ea besprijekorno&hellip;<\/p>\n","protected":false},"author":1,"featured_media":0,"parent":0,"menu_order":0,"comment_status":"closed","ping_status":"closed","template":"","meta":{"footnotes":""},"class_list":["post-746","page","type-page","status-publish","hentry"],"yoast_head":"<!-- This site is optimized with the Yoast SEO plugin v27.3 - https:\/\/yoast.com\/product\/yoast-seo-wordpress\/ -->\n<title>Platforma za trgovanje | Brz, siguran i mo\u0107an | Horizonti28<\/title>\n<meta name=\"description\" content=\"Trgujte s povjerenjem na naprednoj platformi Horizons28. U\u017eivajte u brzom izvr\u0161enju, robusnim alatima i besprijekornom iskustvu trgovanja.\" \/>\n<meta name=\"robots\" content=\"index, follow, max-snippet:-1, max-image-preview:large, max-video-preview:-1\" \/>\n<link rel=\"canonical\" href=\"https:\/\/horizons28.com\/hr\/platforma-za-trgovanje\/\" \/>\n<meta property=\"og:locale\" content=\"hr_HR\" \/>\n<meta property=\"og:type\" content=\"article\" \/>\n<meta property=\"og:title\" content=\"Platforma za trgovanje | Brz, siguran i mo\u0107an | Horizonti28\" \/>\n<meta property=\"og:description\" content=\"Trgujte s povjerenjem na naprednoj platformi Horizons28. U\u017eivajte u brzom izvr\u0161enju, robusnim alatima i besprijekornom iskustvu trgovanja.\" \/>\n<meta property=\"og:url\" content=\"https:\/\/horizons28.com\/hr\/platforma-za-trgovanje\/\" \/>\n<meta property=\"og:site_name\" content=\"Horizons28\" \/>\n<meta property=\"article:modified_time\" content=\"2025-04-15T08:51:52+00:00\" \/>\n<meta property=\"og:image\" content=\"http:\/\/horizons28.com\/wp-content\/uploads\/2025\/04\/horizons28-trading-platform.png\" \/>\n<meta name=\"twitter:card\" content=\"summary_large_image\" \/>\n<meta name=\"twitter:label1\" content=\"Procijenjeno vrijeme \u010ditanja\" \/>\n\t<meta name=\"twitter:data1\" content=\"2 minute\" \/>\n<script type=\"application\/ld+json\" class=\"yoast-schema-graph\">{\"@context\":\"https:\\\/\\\/schema.org\",\"@graph\":[{\"@type\":\"WebPage\",\"@id\":\"https:\\\/\\\/horizons28.com\\\/hr\\\/platforma-za-trgovanje\\\/\",\"url\":\"https:\\\/\\\/horizons28.com\\\/hr\\\/platforma-za-trgovanje\\\/\",\"name\":\"Platforma za trgovanje | Brz, siguran i mo\u0107an | Horizonti28\",\"isPartOf\":{\"@id\":\"https:\\\/\\\/horizons28.com\\\/hr\\\/#website\"},\"primaryImageOfPage\":{\"@id\":\"https:\\\/\\\/horizons28.com\\\/hr\\\/platforma-za-trgovanje\\\/#primaryimage\"},\"image\":{\"@id\":\"https:\\\/\\\/horizons28.com\\\/hr\\\/platforma-za-trgovanje\\\/#primaryimage\"},\"thumbnailUrl\":\"http:\\\/\\\/horizons28.com\\\/wp-content\\\/uploads\\\/2025\\\/04\\\/horizons28-trading-platform.png\",\"datePublished\":\"2025-04-03T11:39:07+00:00\",\"dateModified\":\"2025-04-15T08:51:52+00:00\",\"description\":\"Trgujte s povjerenjem na naprednoj platformi Horizons28. U\u017eivajte u brzom izvr\u0161enju, robusnim alatima i besprijekornom iskustvu trgovanja.\",\"breadcrumb\":{\"@id\":\"https:\\\/\\\/horizons28.com\\\/hr\\\/platforma-za-trgovanje\\\/#breadcrumb\"},\"inLanguage\":\"hr\",\"potentialAction\":[{\"@type\":\"ReadAction\",\"target\":[\"https:\\\/\\\/horizons28.com\\\/hr\\\/platforma-za-trgovanje\\\/\"]}]},{\"@type\":\"ImageObject\",\"inLanguage\":\"hr\",\"@id\":\"https:\\\/\\\/horizons28.com\\\/hr\\\/platforma-za-trgovanje\\\/#primaryimage\",\"url\":\"http:\\\/\\\/horizons28.com\\\/wp-content\\\/uploads\\\/2025\\\/04\\\/horizons28-trading-platform.png\",\"contentUrl\":\"http:\\\/\\\/horizons28.com\\\/wp-content\\\/uploads\\\/2025\\\/04\\\/horizons28-trading-platform.png\"},{\"@type\":\"BreadcrumbList\",\"@id\":\"https:\\\/\\\/horizons28.com\\\/hr\\\/platforma-za-trgovanje\\\/#breadcrumb\",\"itemListElement\":[{\"@type\":\"ListItem\",\"position\":1,\"name\":\"Home\",\"item\":\"https:\\\/\\\/horizons28.com\\\/hr\\\/\"},{\"@type\":\"ListItem\",\"position\":2,\"name\":\"Platforma za trgovanje\"}]},{\"@type\":\"WebSite\",\"@id\":\"https:\\\/\\\/horizons28.com\\\/hr\\\/#website\",\"url\":\"https:\\\/\\\/horizons28.com\\\/hr\\\/\",\"name\":\"Horizons28\",\"description\":\"\",\"potentialAction\":[{\"@type\":\"SearchAction\",\"target\":{\"@type\":\"EntryPoint\",\"urlTemplate\":\"https:\\\/\\\/horizons28.com\\\/hr\\\/?s={search_term_string}\"},\"query-input\":{\"@type\":\"PropertyValueSpecification\",\"valueRequired\":true,\"valueName\":\"search_term_string\"}}],\"inLanguage\":\"hr\"}]}<\/script>\n<!-- \/ Yoast SEO plugin. -->","yoast_head_json":{"title":"Platforma za trgovanje | Brz, siguran i mo\u0107an | Horizonti28","description":"Trgujte s povjerenjem na naprednoj platformi Horizons28. U\u017eivajte u brzom izvr\u0161enju, robusnim alatima i besprijekornom iskustvu trgovanja.","robots":{"index":"index","follow":"follow","max-snippet":"max-snippet:-1","max-image-preview":"max-image-preview:large","max-video-preview":"max-video-preview:-1"},"canonical":"https:\/\/horizons28.com\/hr\/platforma-za-trgovanje\/","og_locale":"hr_HR","og_type":"article","og_title":"Platforma za trgovanje | Brz, siguran i mo\u0107an | Horizonti28","og_description":"Trgujte s povjerenjem na naprednoj platformi Horizons28. U\u017eivajte u brzom izvr\u0161enju, robusnim alatima i besprijekornom iskustvu trgovanja.","og_url":"https:\/\/horizons28.com\/hr\/platforma-za-trgovanje\/","og_site_name":"Horizons28","article_modified_time":"2025-04-15T08:51:52+00:00","og_image":[{"url":"http:\/\/horizons28.com\/wp-content\/uploads\/2025\/04\/horizons28-trading-platform.png","type":"","width":"","height":""}],"twitter_card":"summary_large_image","twitter_misc":{"Procijenjeno vrijeme \u010ditanja":"2 minute"},"schema":{"@context":"https:\/\/schema.org","@graph":[{"@type":"WebPage","@id":"https:\/\/horizons28.com\/hr\/platforma-za-trgovanje\/","url":"https:\/\/horizons28.com\/hr\/platforma-za-trgovanje\/","name":"Platforma za trgovanje | Brz, siguran i mo\u0107an | Horizonti28","isPartOf":{"@id":"https:\/\/horizons28.com\/hr\/#website"},"primaryImageOfPage":{"@id":"https:\/\/horizons28.com\/hr\/platforma-za-trgovanje\/#primaryimage"},"image":{"@id":"https:\/\/horizons28.com\/hr\/platforma-za-trgovanje\/#primaryimage"},"thumbnailUrl":"http:\/\/horizons28.com\/wp-content\/uploads\/2025\/04\/horizons28-trading-platform.png","datePublished":"2025-04-03T11:39:07+00:00","dateModified":"2025-04-15T08:51:52+00:00","description":"Trgujte s povjerenjem na naprednoj platformi Horizons28. U\u017eivajte u brzom izvr\u0161enju, robusnim alatima i besprijekornom iskustvu trgovanja.","breadcrumb":{"@id":"https:\/\/horizons28.com\/hr\/platforma-za-trgovanje\/#breadcrumb"},"inLanguage":"hr","potentialAction":[{"@type":"ReadAction","target":["https:\/\/horizons28.com\/hr\/platforma-za-trgovanje\/"]}]},{"@type":"ImageObject","inLanguage":"hr","@id":"https:\/\/horizons28.com\/hr\/platforma-za-trgovanje\/#primaryimage","url":"http:\/\/horizons28.com\/wp-content\/uploads\/2025\/04\/horizons28-trading-platform.png","contentUrl":"http:\/\/horizons28.com\/wp-content\/uploads\/2025\/04\/horizons28-trading-platform.png"},{"@type":"BreadcrumbList","@id":"https:\/\/horizons28.com\/hr\/platforma-za-trgovanje\/#breadcrumb","itemListElement":[{"@type":"ListItem","position":1,"name":"Home","item":"https:\/\/horizons28.com\/hr\/"},{"@type":"ListItem","position":2,"name":"Platforma za trgovanje"}]},{"@type":"WebSite","@id":"https:\/\/horizons28.com\/hr\/#website","url":"https:\/\/horizons28.com\/hr\/","name":"Horizons28","description":"","potentialAction":[{"@type":"SearchAction","target":{"@type":"EntryPoint","urlTemplate":"https:\/\/horizons28.com\/hr\/?s={search_term_string}"},"query-input":{"@type":"PropertyValueSpecification","valueRequired":true,"valueName":"search_term_string"}}],"inLanguage":"hr"}]}},"_links":{"self":[{"href":"https:\/\/horizons28.com\/hr\/wp-json\/wp\/v2\/pages\/746","targetHints":{"allow":["GET"]}}],"collection":[{"href":"https:\/\/horizons28.com\/hr\/wp-json\/wp\/v2\/pages"}],"about":[{"href":"https:\/\/horizons28.com\/hr\/wp-json\/wp\/v2\/types\/page"}],"author":[{"embeddable":true,"href":"https:\/\/horizons28.com\/hr\/wp-json\/wp\/v2\/users\/1"}],"replies":[{"embeddable":true,"href":"https:\/\/horizons28.com\/hr\/wp-json\/wp\/v2\/comments?post=746"}],"version-history":[{"count":2,"href":"https:\/\/horizons28.com\/hr\/wp-json\/wp\/v2\/pages\/746\/revisions"}],"predecessor-version":[{"id":1279,"href":"https:\/\/horizons28.com\/hr\/wp-json\/wp\/v2\/pages\/746\/revisions\/1279"}],"wp:attachment":[{"href":"https:\/\/horizons28.com\/hr\/wp-json\/wp\/v2\/media?parent=746"}],"curies":[{"name":"wp","href":"https:\/\/api.w.org\/{rel}","templated":true}]}}