{"id":749,"date":"2025-04-03T07:00:44","date_gmt":"2025-04-03T07:00:44","guid":{"rendered":"http:\/\/horizons28.com\/ai-autotrader\/"},"modified":"2025-04-15T08:52:51","modified_gmt":"2025-04-15T08:52:51","slug":"ai-autotrader","status":"publish","type":"page","link":"https:\/\/horizons28.com\/hr\/ai-autotrader\/","title":{"rendered":"AI Autotrader"},"content":{"rendered":"\n<h1>\n\t\tPametnije trgovanje. Potpuno automatizirano. \n\t<\/h1>\n\t<p>Automatizirajte svoju strategiju s trgovanjem vo\u0111enim umjetnom inteligencijom na forexu, indeksima, robama, kriptovalutama i dionicama.<\/p>\n\t\t\t<a href=\"https:\/\/area.horizons28.net\/auth\/registration\" target=\"_blank\" rel=\"noopener\">\n\t\t\t\t\t\t\tPridru\u017ei se Horizons28\n\t\t\t<\/a>\n\t\t\t\t<img loading=\"lazy\" decoding=\"async\" src=\"http:\/\/horizons28.com\/wp-content\/uploads\/2025\/04\/ai-autotrader.png\" alt=\"AI Autotrader\" itemprop=\"image\" height=\"500\" width=\"600\" title=\"ai-autotrader\" onerror=\"this.style.display='none'\"  \/>\n<h2>\n\t\tPametnije trgovanje uz AI Autotrader\n\t<\/h2>\n\t<p>Dobrodo\u0161li u sljede\u0107u generaciju trgovanja. <strong>AI Autotrader tvrtke Horizons28 kombinira inteligentnu automatizaciju<\/strong> sa svije\u0161\u0107u o tr\u017ei\u0161tu u stvarnom vremenu kako bi vam pomogao da trgujete u\u010dinkovitije \u2013 uz manje truda. <strong>Brz je, fleksibilan i uvijek radi za vas.<\/strong><\/p>\n<h2>\n\t\tUvidi pokretani umjetnom inteligencijom\n\t<\/h2>\n\t<p>Napredni algoritmi skeniraju tr\u017ei\u0161ta 24\/7 kako bi otkrili trendove, promjene cijena i ulazne to\u010dke-tako da vi ne morate.<\/p>\n<h2>\n\t\tRad 24\/7\n\t<\/h2>\n\t<p>AI radi 24 sata dnevno, nadzire trgovinu i trenuta\u010dno reagira na promjenjive tr\u017ei\u0161ne uvjete.<\/p>\n<h2>\n\t\tAutomatska kontrola rizika\n\t<\/h2>\n\t<p>Postavite svoje granice i pustite sustav da upravlja va\u0161om izlo\u017eeno\u0161\u0107u. Prilagodit \u0107e se u stvarnom vremenu kako bi za\u0161titio va\u0161 kapital. <\/p>\n<h2>\n\t\tIntuitivan rad\n\t<\/h2>\n\t<p>Bez obzira na to jeste li tek po\u010deli ili ste ve\u0107 iskusni, platforma je napravljena za jednostavno kori\u0161tenje i jasno\u0107u.<\/p>\n<h2>\n\t\tPra\u0107enje izvedbe\n\t<\/h2>\n\t<p>Zadr\u017eite kontrolu uz kontrolnu plo\u010du u\u017eivo. Pratite trgovine, dobit i prilagodbe u jednom preglednom pregledu. <\/p>\n<h2>\n\t\tMenad\u017eeri uspjeha\n\t<\/h2>\n\t<p>Trebate li pomo\u0107 za po\u010detak? Posve\u0107eni upravitelj uspjeha mo\u017ee vas provesti kroz strategije i postavke. <\/p>\n<h3>\n\t\tKlju\u010dne zna\u010dajke AI Autotrader\n\t<\/h3>\n<h3>\n\t\tAutomatizirana tehnologija trgovanja koja pobolj\u0161ava brzinu, to\u010dnost i dosljednost u svim tr\u017ei\u0161nim uvjetima.\n\t<\/h3>\n\t\t<h4>Trenuta\u010dna analiza tr\u017ei\u0161ta<\/h4>\t\t\t\n\t\t\t\t<p>Dobijte podatke u stvarnom vremenu koje obra\u0111uje AI za br\u017ee i pametnije odluke o trgovanju.<\/p>\n\t\t<h4>Izra\u0111iva\u010d prilago\u0111ene strategije<\/h4>\t\t\t\n\t\t\t\t<p>Stvorite ili prilagodite strategije na temelju va\u0161eg stila trgovanja i udobnosti rizika.<\/p>\n\t\t<h4>Automatizirano izvr\u0161enje<\/h4>\t\t\t\n\t\t\t\t<p>Nema vi\u0161e propu\u0161tenih trgovina-va\u0161a strategija radi kontinuirano bez emocionalnog uplitanja.<\/p>\n\t\t<h4>Testiranje strategije<\/h4>\t\t\t\n\t\t\t\t<p>Testirajte svoje ideje u odnosu na povijesne podatke kako biste optimizirali izvedbu prije pokretanja.<\/p>\n<h5>\n\t\tZapo\u010dnite u 4 jednostavna koraka\n\t<\/h5>\n\t\t\t\t\t\t\t\t\t\t\t\t\t\t\t<h5>1<\/h5>\n\t\t\t\t\t\t<p>Izradite svoj profil<\/p>\t\t\t\t\t\n\t\t\t<!-- END .front -->\n\t\t\t\t\t\t<p>Prijavite se i unesite svoje postavke trgovanja.<\/p>\t\t\t\t\t\n\t\t\t<!-- END .back -->\n\t\t <!-- ifb-flip-box -->\n\t <!-- flip-box -->\n\t\t\t\t\t\t\t\t\t\t\t\t\t\t\t<h5>2<\/h5>\n\t\t\t\t\t\t<p>Odaberite strategiju<\/p>\t\t\t\t\t\n\t\t\t<!-- END .front -->\n\t\t\t\t\t\t<p>Upotrijebite gotov plan ili napravite vlastiti od nule.<\/p>\t\t\t\t\t\n\t\t\t<!-- END .back -->\n\t\t <!-- ifb-flip-box -->\n\t <!-- flip-box -->\n\t\t\t\t\t\t\t\t\t\t\t\t\t\t\t<h5>3<\/h5>\n\t\t\t\t\t\t<p>Omogu\u0107i AI trgovanje<\/p>\t\t\t\t\t\n\t\t\t<!-- END .front -->\n\t\t\t\t\t\t<p>Aktivirajte AI sustav-trenuta\u010dno po\u010dinje skenirati i trgovati.<\/p>\t\t\t\t\t\n\t\t\t<!-- END .back -->\n\t\t <!-- ifb-flip-box -->\n\t <!-- flip-box -->\n\t\t\t\t\t\t\t\t\t\t\t\t\t\t\t<h5>4<\/h5>\n\t\t\t\t\t\t<p>Pra\u0107enje i pode\u0161avanje<\/p>\t\t\t\t\t\n\t\t\t<!-- END .front -->\n\t\t\t\t\t\t<p>Pratite svoja trgovanja u stvarnom vremenu i a\u017eurirajte ih u bilo kojem trenutku.<\/p>\t\t\t\t\t\n\t\t\t<!-- END .back -->\n\t\t <!-- ifb-flip-box -->\n\t <!-- flip-box -->\n<h3>\n\t\tSpremni za pametnije trgovanje? Iskusite pravu brzinu, stvarna tr\u017ei\u0161ta i stvarne rezultate.\n\t<\/h3>\n\t\t\t<a href=\"https:\/\/area.horizons28.net\/auth\/registration\" target=\"_blank\" rel=\"noopener\">\n\t\t\t\t\t\t\tPridru\u017ei se Horizons28\n\t\t\t<\/a>\n\n","protected":false},"excerpt":{"rendered":"<p>Pametnije trgovanje. Potpuno automatizirano. Automatizirajte svoju strategiju s trgovanjem vo\u0111enim umjetnom inteligencijom na forexu, indeksima, robama, kriptovalutama i dionicama. Pridru\u017ei se Horizons28 Pametnije trgovanje uz AI Autotrader Dobrodo\u0161li u sljede\u0107u generaciju trgovanja. AI Autotrader tvrtke Horizons28 kombinira inteligentnu automatizaciju sa svije\u0161\u0107u o tr\u017ei\u0161tu u stvarnom vremenu kako bi vam pomogao da trgujete u\u010dinkovitije \u2013 uz&hellip;<\/p>\n","protected":false},"author":1,"featured_media":0,"parent":0,"menu_order":0,"comment_status":"closed","ping_status":"closed","template":"","meta":{"footnotes":""},"class_list":["post-749","page","type-page","status-publish","hentry"],"yoast_head":"<!-- This site is optimized with the Yoast SEO plugin v27.3 - https:\/\/yoast.com\/product\/yoast-seo-wordpress\/ -->\n<title>AI Autotrader | Pametno, automatizirano trgovanje uz Horizons28<\/title>\n<meta name=\"description\" content=\"Do\u017eivite potpuno automatizirano trgovanje koje pokre\u0107e AI. Neka Horizons28 Autotrader optimizira strategije i izvr\u0161ava trgovine brzinom i precizno\u0161\u0107u.\" \/>\n<meta name=\"robots\" content=\"index, follow, max-snippet:-1, max-image-preview:large, max-video-preview:-1\" \/>\n<link rel=\"canonical\" href=\"https:\/\/horizons28.com\/hr\/ai-autotrader\/\" \/>\n<meta property=\"og:locale\" content=\"hr_HR\" \/>\n<meta property=\"og:type\" content=\"article\" \/>\n<meta property=\"og:title\" content=\"AI Autotrader | Pametno, automatizirano trgovanje uz Horizons28\" \/>\n<meta property=\"og:description\" content=\"Do\u017eivite potpuno automatizirano trgovanje koje pokre\u0107e AI. Neka Horizons28 Autotrader optimizira strategije i izvr\u0161ava trgovine brzinom i precizno\u0161\u0107u.\" \/>\n<meta property=\"og:url\" content=\"https:\/\/horizons28.com\/hr\/ai-autotrader\/\" \/>\n<meta property=\"og:site_name\" content=\"Horizons28\" \/>\n<meta property=\"article:modified_time\" content=\"2025-04-15T08:52:51+00:00\" \/>\n<meta property=\"og:image\" content=\"http:\/\/horizons28.com\/wp-content\/uploads\/2025\/04\/ai-autotrader.png\" \/>\n<meta name=\"twitter:card\" content=\"summary_large_image\" \/>\n<meta name=\"twitter:label1\" content=\"Procijenjeno vrijeme \u010ditanja\" \/>\n\t<meta name=\"twitter:data1\" content=\"2 minute\" \/>\n<script type=\"application\/ld+json\" class=\"yoast-schema-graph\">{\"@context\":\"https:\\\/\\\/schema.org\",\"@graph\":[{\"@type\":\"WebPage\",\"@id\":\"https:\\\/\\\/horizons28.com\\\/hr\\\/ai-autotrader\\\/\",\"url\":\"https:\\\/\\\/horizons28.com\\\/hr\\\/ai-autotrader\\\/\",\"name\":\"AI Autotrader | Pametno, automatizirano trgovanje uz Horizons28\",\"isPartOf\":{\"@id\":\"https:\\\/\\\/horizons28.com\\\/hr\\\/#website\"},\"primaryImageOfPage\":{\"@id\":\"https:\\\/\\\/horizons28.com\\\/hr\\\/ai-autotrader\\\/#primaryimage\"},\"image\":{\"@id\":\"https:\\\/\\\/horizons28.com\\\/hr\\\/ai-autotrader\\\/#primaryimage\"},\"thumbnailUrl\":\"http:\\\/\\\/horizons28.com\\\/wp-content\\\/uploads\\\/2025\\\/04\\\/ai-autotrader.png\",\"datePublished\":\"2025-04-03T07:00:44+00:00\",\"dateModified\":\"2025-04-15T08:52:51+00:00\",\"description\":\"Do\u017eivite potpuno automatizirano trgovanje koje pokre\u0107e AI. Neka Horizons28 Autotrader optimizira strategije i izvr\u0161ava trgovine brzinom i precizno\u0161\u0107u.\",\"breadcrumb\":{\"@id\":\"https:\\\/\\\/horizons28.com\\\/hr\\\/ai-autotrader\\\/#breadcrumb\"},\"inLanguage\":\"hr\",\"potentialAction\":[{\"@type\":\"ReadAction\",\"target\":[\"https:\\\/\\\/horizons28.com\\\/hr\\\/ai-autotrader\\\/\"]}]},{\"@type\":\"ImageObject\",\"inLanguage\":\"hr\",\"@id\":\"https:\\\/\\\/horizons28.com\\\/hr\\\/ai-autotrader\\\/#primaryimage\",\"url\":\"http:\\\/\\\/horizons28.com\\\/wp-content\\\/uploads\\\/2025\\\/04\\\/ai-autotrader.png\",\"contentUrl\":\"http:\\\/\\\/horizons28.com\\\/wp-content\\\/uploads\\\/2025\\\/04\\\/ai-autotrader.png\"},{\"@type\":\"BreadcrumbList\",\"@id\":\"https:\\\/\\\/horizons28.com\\\/hr\\\/ai-autotrader\\\/#breadcrumb\",\"itemListElement\":[{\"@type\":\"ListItem\",\"position\":1,\"name\":\"Home\",\"item\":\"https:\\\/\\\/horizons28.com\\\/hr\\\/\"},{\"@type\":\"ListItem\",\"position\":2,\"name\":\"AI Autotrader\"}]},{\"@type\":\"WebSite\",\"@id\":\"https:\\\/\\\/horizons28.com\\\/hr\\\/#website\",\"url\":\"https:\\\/\\\/horizons28.com\\\/hr\\\/\",\"name\":\"Horizons28\",\"description\":\"\",\"potentialAction\":[{\"@type\":\"SearchAction\",\"target\":{\"@type\":\"EntryPoint\",\"urlTemplate\":\"https:\\\/\\\/horizons28.com\\\/hr\\\/?s={search_term_string}\"},\"query-input\":{\"@type\":\"PropertyValueSpecification\",\"valueRequired\":true,\"valueName\":\"search_term_string\"}}],\"inLanguage\":\"hr\"}]}<\/script>\n<!-- \/ Yoast SEO plugin. -->","yoast_head_json":{"title":"AI Autotrader | Pametno, automatizirano trgovanje uz Horizons28","description":"Do\u017eivite potpuno automatizirano trgovanje koje pokre\u0107e AI. Neka Horizons28 Autotrader optimizira strategije i izvr\u0161ava trgovine brzinom i precizno\u0161\u0107u.","robots":{"index":"index","follow":"follow","max-snippet":"max-snippet:-1","max-image-preview":"max-image-preview:large","max-video-preview":"max-video-preview:-1"},"canonical":"https:\/\/horizons28.com\/hr\/ai-autotrader\/","og_locale":"hr_HR","og_type":"article","og_title":"AI Autotrader | Pametno, automatizirano trgovanje uz Horizons28","og_description":"Do\u017eivite potpuno automatizirano trgovanje koje pokre\u0107e AI. Neka Horizons28 Autotrader optimizira strategije i izvr\u0161ava trgovine brzinom i precizno\u0161\u0107u.","og_url":"https:\/\/horizons28.com\/hr\/ai-autotrader\/","og_site_name":"Horizons28","article_modified_time":"2025-04-15T08:52:51+00:00","og_image":[{"url":"http:\/\/horizons28.com\/wp-content\/uploads\/2025\/04\/ai-autotrader.png","type":"","width":"","height":""}],"twitter_card":"summary_large_image","twitter_misc":{"Procijenjeno vrijeme \u010ditanja":"2 minute"},"schema":{"@context":"https:\/\/schema.org","@graph":[{"@type":"WebPage","@id":"https:\/\/horizons28.com\/hr\/ai-autotrader\/","url":"https:\/\/horizons28.com\/hr\/ai-autotrader\/","name":"AI Autotrader | Pametno, automatizirano trgovanje uz Horizons28","isPartOf":{"@id":"https:\/\/horizons28.com\/hr\/#website"},"primaryImageOfPage":{"@id":"https:\/\/horizons28.com\/hr\/ai-autotrader\/#primaryimage"},"image":{"@id":"https:\/\/horizons28.com\/hr\/ai-autotrader\/#primaryimage"},"thumbnailUrl":"http:\/\/horizons28.com\/wp-content\/uploads\/2025\/04\/ai-autotrader.png","datePublished":"2025-04-03T07:00:44+00:00","dateModified":"2025-04-15T08:52:51+00:00","description":"Do\u017eivite potpuno automatizirano trgovanje koje pokre\u0107e AI. Neka Horizons28 Autotrader optimizira strategije i izvr\u0161ava trgovine brzinom i precizno\u0161\u0107u.","breadcrumb":{"@id":"https:\/\/horizons28.com\/hr\/ai-autotrader\/#breadcrumb"},"inLanguage":"hr","potentialAction":[{"@type":"ReadAction","target":["https:\/\/horizons28.com\/hr\/ai-autotrader\/"]}]},{"@type":"ImageObject","inLanguage":"hr","@id":"https:\/\/horizons28.com\/hr\/ai-autotrader\/#primaryimage","url":"http:\/\/horizons28.com\/wp-content\/uploads\/2025\/04\/ai-autotrader.png","contentUrl":"http:\/\/horizons28.com\/wp-content\/uploads\/2025\/04\/ai-autotrader.png"},{"@type":"BreadcrumbList","@id":"https:\/\/horizons28.com\/hr\/ai-autotrader\/#breadcrumb","itemListElement":[{"@type":"ListItem","position":1,"name":"Home","item":"https:\/\/horizons28.com\/hr\/"},{"@type":"ListItem","position":2,"name":"AI Autotrader"}]},{"@type":"WebSite","@id":"https:\/\/horizons28.com\/hr\/#website","url":"https:\/\/horizons28.com\/hr\/","name":"Horizons28","description":"","potentialAction":[{"@type":"SearchAction","target":{"@type":"EntryPoint","urlTemplate":"https:\/\/horizons28.com\/hr\/?s={search_term_string}"},"query-input":{"@type":"PropertyValueSpecification","valueRequired":true,"valueName":"search_term_string"}}],"inLanguage":"hr"}]}},"_links":{"self":[{"href":"https:\/\/horizons28.com\/hr\/wp-json\/wp\/v2\/pages\/749","targetHints":{"allow":["GET"]}}],"collection":[{"href":"https:\/\/horizons28.com\/hr\/wp-json\/wp\/v2\/pages"}],"about":[{"href":"https:\/\/horizons28.com\/hr\/wp-json\/wp\/v2\/types\/page"}],"author":[{"embeddable":true,"href":"https:\/\/horizons28.com\/hr\/wp-json\/wp\/v2\/users\/1"}],"replies":[{"embeddable":true,"href":"https:\/\/horizons28.com\/hr\/wp-json\/wp\/v2\/comments?post=749"}],"version-history":[{"count":1,"href":"https:\/\/horizons28.com\/hr\/wp-json\/wp\/v2\/pages\/749\/revisions"}],"predecessor-version":[{"id":1281,"href":"https:\/\/horizons28.com\/hr\/wp-json\/wp\/v2\/pages\/749\/revisions\/1281"}],"wp:attachment":[{"href":"https:\/\/horizons28.com\/hr\/wp-json\/wp\/v2\/media?parent=749"}],"curies":[{"name":"wp","href":"https:\/\/api.w.org\/{rel}","templated":true}]}}