{"id":753,"date":"2025-04-02T14:13:42","date_gmt":"2025-04-02T14:13:42","guid":{"rendered":"http:\/\/horizons28.com\/instrumenti\/"},"modified":"2025-04-15T08:56:10","modified_gmt":"2025-04-15T08:56:10","slug":"instrumenti","status":"publish","type":"page","link":"https:\/\/horizons28.com\/hr\/instrumenti\/","title":{"rendered":"instrumenti"},"content":{"rendered":"\n<h1>\n\t\tSva tr\u017ei\u0161ta. Jedna platforma. \n\t<\/h1>\n\t<p>Odaberite iz \u0161irokog spektra instrumenata za trgovanje, uklju\u010duju\u0107i forex, indekse, robu, kriptovalute i dionice.<\/p>\n\t\t\t<a href=\"https:\/\/area.horizons28.net\/auth\/registration\" target=\"_blank\" rel=\"noopener\">\n\t\t\t\t\t\t\tPridru\u017ei se Horizons28\n\t\t\t<\/a>\n\t\t\t\t<img loading=\"lazy\" decoding=\"async\" src=\"http:\/\/horizons28.com\/wp-content\/uploads\/2025\/04\/horizons28-instruments.png\" alt=\"horizons28-instruments\" itemprop=\"image\" height=\"500\" width=\"600\" title=\"horizons28-instruments\" onerror=\"this.style.display='none'\"  \/>\n\t\t\t<h2>Popis instrumenata Horizons28 \u2013 Trgujte Forexom, kripto, dionicama i vi\u0161e<\/h2>\t\t\t\n\t\t\t\t<p>Odaberite iz \u0161irokog spektra instrumenata za trgovanje, uklju\u010duju\u0107i forex, indekse, robu, kriptovalute i dionice. U\u017eivajte u fleksibilnim uvjetima trgovanja, cijenama u stvarnom vremenu i pristupu globalnim tr\u017ei\u0161tima \u2013 sve na jednom mjestu. <\/p>\n\t\t\t\t<img loading=\"lazy\" decoding=\"async\" src=\"http:\/\/horizons28.com\/wp-content\/uploads\/2025\/04\/instruments-mobile.png\" alt=\"Mobile Trading Instruments\" itemprop=\"image\" height=\"1160\" width=\"610\" title=\"instruments-mobile\" onerror=\"this.style.display='none'\"  \/>\n\t\t\t<h4>FOREX VALUTE<\/h4>\t\t\t\n\t\t\t\t<p>Trgujte <strong>glavnim, manjim i egzoti\u010dnim forex parovima<\/strong> s konkurentnim rasponima i brzim izvr\u0161enjem. Od EUR\/USD do manje poznatih parova, Horizons28 vam daje alate za <strong>iskori\u0161tavanje globalnih kretanja cijena.<\/strong> <\/p>\n\t\t\t<h4>INDEKSI<\/h4>\t\t\t\n\t\t\t\t<p>Pristupite vode\u0107im svjetskim indeksima kao \u0161to su <strong>S&amp;P 500, DAX 30 i FTSE 100.<\/strong> Trgovanje indeksima omogu\u0107uje vam da uhvatite tr\u017ei\u0161ne trendove bez fokusiranja na pojedina\u010dne dionice \u2013 <strong>sve uz u\u010dinkovito izvr\u0161enje.<\/strong><\/p>\n\t\t\t<h4>ROBA<\/h4>\t\t\t\n\t\t\t\t<p>Diverzificirajte se s <strong>energijom, metalima i poljoprivrednim proizvodima<\/strong> \u2013 trgujte <strong>cijenama zlata, nafte, prirodnog plina<\/strong> i vi\u0161e u stvarnom vremenu s jedne besprijekorne platforme.<\/p>\n\t\t\t<h4>DIONICE<\/h4>\t\t\t\n\t\t\t\t<p>Ula\u017eite u vrhunske svjetske tvrtke, uklju\u010duju\u0107i <strong>Apple, Teslu i Amazon<\/strong> . Trgujte pojedina\u010dnim dionicama brzo i precizno i <strong>\u200b\u200biskoristite tr\u017ei\u0161ne poteze koje pokre\u0107e tvrtka<\/strong> . <\/p>\n\t\t\t<h4>KRIPTOVALUTE<\/h4>\t\t\t\n\t\t\t\t<p>U\u0111ite na 24\/7 kripto tr\u017ei\u0161te s <strong>Bitcoinom, Ethereumom<\/strong> i vi\u0161e. Horizons28 omogu\u0107uje <strong>vam trgovanje digitalnom imovinom s brzim pristupom i visokom fleksibilno\u0161\u0107u<\/strong> \u2013 nisu potrebni dodatni ra\u010duni. <\/p>\n<h3>\n\t\tSpremni za pametnije trgovanje? Iskusite pravu brzinu, stvarna tr\u017ei\u0161ta i stvarne rezultate.\n\t<\/h3>\n\t\t\t<a href=\"https:\/\/area.horizons28.net\/auth\/registration\" target=\"_blank\" rel=\"noopener\">\n\t\t\t\t\t\t\tPridru\u017ei se Horizons28\n\t\t\t<\/a>\n\n","protected":false},"excerpt":{"rendered":"<p>Sva tr\u017ei\u0161ta. Jedna platforma. Odaberite iz \u0161irokog spektra instrumenata za trgovanje, uklju\u010duju\u0107i forex, indekse, robu, kriptovalute i dionice. Pridru\u017ei se Horizons28 Popis instrumenata Horizons28 \u2013 Trgujte Forexom, kripto, dionicama i vi\u0161e Odaberite iz \u0161irokog spektra instrumenata za trgovanje, uklju\u010duju\u0107i forex, indekse, robu, kriptovalute i dionice. U\u017eivajte u fleksibilnim uvjetima trgovanja, cijenama u stvarnom vremenu i&hellip;<\/p>\n","protected":false},"author":1,"featured_media":0,"parent":0,"menu_order":0,"comment_status":"closed","ping_status":"closed","template":"","meta":{"footnotes":""},"class_list":["post-753","page","type-page","status-publish","hentry"],"yoast_head":"<!-- This site is optimized with the Yoast SEO plugin v27.3 - https:\/\/yoast.com\/product\/yoast-seo-wordpress\/ -->\n<title>Instrumenti trgovanja | Forex, kripto, indeksi i vi\u0161e | Horizonti28<\/title>\n<meta name=\"description\" content=\"Pristupite \u0161irokom rasponu instrumenata za trgovanje uklju\u010duju\u0107i forex, dionice, indekse, robe i kripto na mo\u0107noj platformi Horizons28.\" \/>\n<meta name=\"robots\" content=\"index, follow, max-snippet:-1, max-image-preview:large, max-video-preview:-1\" \/>\n<link rel=\"canonical\" href=\"https:\/\/horizons28.com\/hr\/instrumenti\/\" \/>\n<meta property=\"og:locale\" content=\"hr_HR\" \/>\n<meta property=\"og:type\" content=\"article\" \/>\n<meta property=\"og:title\" content=\"Instrumenti trgovanja | Forex, kripto, indeksi i vi\u0161e | Horizonti28\" \/>\n<meta property=\"og:description\" content=\"Pristupite \u0161irokom rasponu instrumenata za trgovanje uklju\u010duju\u0107i forex, dionice, indekse, robe i kripto na mo\u0107noj platformi Horizons28.\" \/>\n<meta property=\"og:url\" content=\"https:\/\/horizons28.com\/hr\/instrumenti\/\" \/>\n<meta property=\"og:site_name\" content=\"Horizons28\" \/>\n<meta property=\"article:modified_time\" content=\"2025-04-15T08:56:10+00:00\" \/>\n<meta property=\"og:image\" content=\"http:\/\/horizons28.com\/wp-content\/uploads\/2025\/04\/horizons28-instruments.png\" \/>\n<meta name=\"twitter:card\" content=\"summary_large_image\" \/>\n<meta name=\"twitter:label1\" content=\"Procijenjeno vrijeme \u010ditanja\" \/>\n\t<meta name=\"twitter:data1\" content=\"1 minuta\" \/>\n<script type=\"application\/ld+json\" class=\"yoast-schema-graph\">{\"@context\":\"https:\\\/\\\/schema.org\",\"@graph\":[{\"@type\":\"WebPage\",\"@id\":\"https:\\\/\\\/horizons28.com\\\/hr\\\/instrumenti\\\/\",\"url\":\"https:\\\/\\\/horizons28.com\\\/hr\\\/instrumenti\\\/\",\"name\":\"Instrumenti trgovanja | Forex, kripto, indeksi i vi\u0161e | Horizonti28\",\"isPartOf\":{\"@id\":\"https:\\\/\\\/horizons28.com\\\/hr\\\/#website\"},\"primaryImageOfPage\":{\"@id\":\"https:\\\/\\\/horizons28.com\\\/hr\\\/instrumenti\\\/#primaryimage\"},\"image\":{\"@id\":\"https:\\\/\\\/horizons28.com\\\/hr\\\/instrumenti\\\/#primaryimage\"},\"thumbnailUrl\":\"http:\\\/\\\/horizons28.com\\\/wp-content\\\/uploads\\\/2025\\\/04\\\/horizons28-instruments.png\",\"datePublished\":\"2025-04-02T14:13:42+00:00\",\"dateModified\":\"2025-04-15T08:56:10+00:00\",\"description\":\"Pristupite \u0161irokom rasponu instrumenata za trgovanje uklju\u010duju\u0107i forex, dionice, indekse, robe i kripto na mo\u0107noj platformi Horizons28.\",\"breadcrumb\":{\"@id\":\"https:\\\/\\\/horizons28.com\\\/hr\\\/instrumenti\\\/#breadcrumb\"},\"inLanguage\":\"hr\",\"potentialAction\":[{\"@type\":\"ReadAction\",\"target\":[\"https:\\\/\\\/horizons28.com\\\/hr\\\/instrumenti\\\/\"]}]},{\"@type\":\"ImageObject\",\"inLanguage\":\"hr\",\"@id\":\"https:\\\/\\\/horizons28.com\\\/hr\\\/instrumenti\\\/#primaryimage\",\"url\":\"http:\\\/\\\/horizons28.com\\\/wp-content\\\/uploads\\\/2025\\\/04\\\/horizons28-instruments.png\",\"contentUrl\":\"http:\\\/\\\/horizons28.com\\\/wp-content\\\/uploads\\\/2025\\\/04\\\/horizons28-instruments.png\"},{\"@type\":\"BreadcrumbList\",\"@id\":\"https:\\\/\\\/horizons28.com\\\/hr\\\/instrumenti\\\/#breadcrumb\",\"itemListElement\":[{\"@type\":\"ListItem\",\"position\":1,\"name\":\"Home\",\"item\":\"https:\\\/\\\/horizons28.com\\\/hr\\\/\"},{\"@type\":\"ListItem\",\"position\":2,\"name\":\"instrumenti\"}]},{\"@type\":\"WebSite\",\"@id\":\"https:\\\/\\\/horizons28.com\\\/hr\\\/#website\",\"url\":\"https:\\\/\\\/horizons28.com\\\/hr\\\/\",\"name\":\"Horizons28\",\"description\":\"\",\"potentialAction\":[{\"@type\":\"SearchAction\",\"target\":{\"@type\":\"EntryPoint\",\"urlTemplate\":\"https:\\\/\\\/horizons28.com\\\/hr\\\/?s={search_term_string}\"},\"query-input\":{\"@type\":\"PropertyValueSpecification\",\"valueRequired\":true,\"valueName\":\"search_term_string\"}}],\"inLanguage\":\"hr\"}]}<\/script>\n<!-- \/ Yoast SEO plugin. -->","yoast_head_json":{"title":"Instrumenti trgovanja | Forex, kripto, indeksi i vi\u0161e | Horizonti28","description":"Pristupite \u0161irokom rasponu instrumenata za trgovanje uklju\u010duju\u0107i forex, dionice, indekse, robe i kripto na mo\u0107noj platformi Horizons28.","robots":{"index":"index","follow":"follow","max-snippet":"max-snippet:-1","max-image-preview":"max-image-preview:large","max-video-preview":"max-video-preview:-1"},"canonical":"https:\/\/horizons28.com\/hr\/instrumenti\/","og_locale":"hr_HR","og_type":"article","og_title":"Instrumenti trgovanja | Forex, kripto, indeksi i vi\u0161e | Horizonti28","og_description":"Pristupite \u0161irokom rasponu instrumenata za trgovanje uklju\u010duju\u0107i forex, dionice, indekse, robe i kripto na mo\u0107noj platformi Horizons28.","og_url":"https:\/\/horizons28.com\/hr\/instrumenti\/","og_site_name":"Horizons28","article_modified_time":"2025-04-15T08:56:10+00:00","og_image":[{"url":"http:\/\/horizons28.com\/wp-content\/uploads\/2025\/04\/horizons28-instruments.png","type":"","width":"","height":""}],"twitter_card":"summary_large_image","twitter_misc":{"Procijenjeno vrijeme \u010ditanja":"1 minuta"},"schema":{"@context":"https:\/\/schema.org","@graph":[{"@type":"WebPage","@id":"https:\/\/horizons28.com\/hr\/instrumenti\/","url":"https:\/\/horizons28.com\/hr\/instrumenti\/","name":"Instrumenti trgovanja | Forex, kripto, indeksi i vi\u0161e | Horizonti28","isPartOf":{"@id":"https:\/\/horizons28.com\/hr\/#website"},"primaryImageOfPage":{"@id":"https:\/\/horizons28.com\/hr\/instrumenti\/#primaryimage"},"image":{"@id":"https:\/\/horizons28.com\/hr\/instrumenti\/#primaryimage"},"thumbnailUrl":"http:\/\/horizons28.com\/wp-content\/uploads\/2025\/04\/horizons28-instruments.png","datePublished":"2025-04-02T14:13:42+00:00","dateModified":"2025-04-15T08:56:10+00:00","description":"Pristupite \u0161irokom rasponu instrumenata za trgovanje uklju\u010duju\u0107i forex, dionice, indekse, robe i kripto na mo\u0107noj platformi Horizons28.","breadcrumb":{"@id":"https:\/\/horizons28.com\/hr\/instrumenti\/#breadcrumb"},"inLanguage":"hr","potentialAction":[{"@type":"ReadAction","target":["https:\/\/horizons28.com\/hr\/instrumenti\/"]}]},{"@type":"ImageObject","inLanguage":"hr","@id":"https:\/\/horizons28.com\/hr\/instrumenti\/#primaryimage","url":"http:\/\/horizons28.com\/wp-content\/uploads\/2025\/04\/horizons28-instruments.png","contentUrl":"http:\/\/horizons28.com\/wp-content\/uploads\/2025\/04\/horizons28-instruments.png"},{"@type":"BreadcrumbList","@id":"https:\/\/horizons28.com\/hr\/instrumenti\/#breadcrumb","itemListElement":[{"@type":"ListItem","position":1,"name":"Home","item":"https:\/\/horizons28.com\/hr\/"},{"@type":"ListItem","position":2,"name":"instrumenti"}]},{"@type":"WebSite","@id":"https:\/\/horizons28.com\/hr\/#website","url":"https:\/\/horizons28.com\/hr\/","name":"Horizons28","description":"","potentialAction":[{"@type":"SearchAction","target":{"@type":"EntryPoint","urlTemplate":"https:\/\/horizons28.com\/hr\/?s={search_term_string}"},"query-input":{"@type":"PropertyValueSpecification","valueRequired":true,"valueName":"search_term_string"}}],"inLanguage":"hr"}]}},"_links":{"self":[{"href":"https:\/\/horizons28.com\/hr\/wp-json\/wp\/v2\/pages\/753","targetHints":{"allow":["GET"]}}],"collection":[{"href":"https:\/\/horizons28.com\/hr\/wp-json\/wp\/v2\/pages"}],"about":[{"href":"https:\/\/horizons28.com\/hr\/wp-json\/wp\/v2\/types\/page"}],"author":[{"embeddable":true,"href":"https:\/\/horizons28.com\/hr\/wp-json\/wp\/v2\/users\/1"}],"replies":[{"embeddable":true,"href":"https:\/\/horizons28.com\/hr\/wp-json\/wp\/v2\/comments?post=753"}],"version-history":[{"count":1,"href":"https:\/\/horizons28.com\/hr\/wp-json\/wp\/v2\/pages\/753\/revisions"}],"predecessor-version":[{"id":1283,"href":"https:\/\/horizons28.com\/hr\/wp-json\/wp\/v2\/pages\/753\/revisions\/1283"}],"wp:attachment":[{"href":"https:\/\/horizons28.com\/hr\/wp-json\/wp\/v2\/media?parent=753"}],"curies":[{"name":"wp","href":"https:\/\/api.w.org\/{rel}","templated":true}]}}