{"id":809,"date":"2025-03-31T07:55:12","date_gmt":"2025-03-31T07:55:12","guid":{"rendered":"http:\/\/horizons28.com\/casa\/"},"modified":"2025-04-15T06:35:50","modified_gmt":"2025-04-15T06:35:50","slug":"casa","status":"publish","type":"page","link":"https:\/\/horizons28.com\/it\/","title":{"rendered":"Casa"},"content":{"rendered":"\n<h1>\n\t\tHorizons28. Fai Trading in Modo Pi\u00f9 Intelligente. Cresci Pi\u00f9 Velocemente.  \n\t<\/h1>\n\t<p>Accedi ai Mercati Finanziari Globali con Esecuzione Ultra-Rapida e Potenti Strumenti di Trading<\/p>\n\t\t\t<a href=\"https:\/\/area.horizons28.net\/auth\/registration\" target=\"_blank\" rel=\"noopener\">\n\t\t\t\t\t\t\tUnisciti a Horizons28\n\t\t\t<\/a>\n\t\t\t\t<img loading=\"lazy\" decoding=\"async\" src=\"http:\/\/horizons28.com\/wp-content\/uploads\/2025\/04\/Horizons28-trading.png\" alt=\"Horizons28 Trading\" itemprop=\"image\" height=\"500\" width=\"600\" title=\"Horizons28-trading\" onerror=\"this.style.display='none'\"  \/>\n<h2>\n\t\tOltre 100.000 operazioni eseguite quotidianamente con impegno al 100% per il successo del cliente.\n\t<\/h2>\n\t\t600+\n\t\t\t\t\tStrumenti Negoziabili\n\t\t100%\n\t\t\t\t\tTasso di Esecuzione degli Ordini\n\t\t0%\n\t\t\t\t\tVelocit\u00e0 Media di Esecuzione\n<h2>\n\t\tPerch\u00e9 Horizons28?\n\t<\/h2>\n\t<p>Creato per i trader che pretendono di pi\u00f9 \u2013 <strong>Horizons28 <\/strong>combina tecnologia di livello istituzionale, accesso profondo al mercato e design incentrato sull&#8217;utente per offrire un&#8217;esperienza di trading senza interruzioni. <strong>Che tu faccia scalping, swing trading o investimenti a lungo termine,<\/strong> troverai gli strumenti, la velocit\u00e0 e il supporto per rimanere in vantaggio.<\/p>\n<h2>\n\t\tEsecuzione a Bassa Latenza\n\t<\/h2>\n\t<p>Sperimenta un&#8217;esecuzione degli ordini ultra-rapida con uno slittamento quasi nullo \u2013 progettato per i trader che apprezzano precisione e prestazioni in ogni condizione di mercato.<\/p>\n<h2>\n\t\tPotente Automazione\n\t<\/h2>\n\t<p>Sfrutta algoritmi intelligenti e personalizzabili per automatizzare le tue strategie, monitorare i mercati 24\/7 ed eseguire operazioni automaticamente.<\/p>\n<h2>\n\t\tAccesso Multi-Asset\n\t<\/h2>\n<p>Espandi il tuo portafoglio con l&#8217;accesso a oltre 150+ strumenti in tutte le principali classi di attivit\u00e0 \u2013 fai trading di opportunit\u00e0 globali da un&#8217;unica piattaforma.<\/p>\n<h2>\n\t\tTrading ad Alta Frequenza\n\t<\/h2>\n<p>Ottimizzato per il trading ad alta frequenza, offre latenza ultra-bassa, accesso a liquidit\u00e0 profonda e la stabilit\u00e0 necessaria per eseguire strategie di precisione su larga scala.<\/p>\n<h2>\n\t\tGrafici Avanzati\n\t<\/h2>\n<p>Prendi decisioni di trading pi\u00f9 intelligenti con dati di mercato in tempo reale, grafici personalizzabili e indicatori tecnici integrati in un&#8217;interfaccia elegante e intuitiva.<\/p>\n<h2>\n\t\tSupporto Esperto\n\t<\/h2>\n<p>Fai trading con tranquillit\u00e0, sapendo di essere supportato da un team dedicato e una piattaforma progettata per tempi di attivit\u00e0, velocit\u00e0 e affidabilit\u00e0.<\/p>\n\t<p>Horizons28 \u00e8 pi\u00f9 di una piattaforma \u2013 \u00e8 il tuo vantaggio nei mercati!<\/p>\n<h3>\n\t\tHorizons28 AI Autotrader\n\t<\/h3>\n<h3>\n\t\tSoluzioni di trading algoritmico avanzate che offrono precisione e prestazioni per ogni trader.\n\t<\/h3>\n\t\t<h3>Esecuzione Senza Mani<\/h3>\t\t\t\n\t\t\t\t<p>Lascia che AutoTrader gestisca tutto \u2013 dall&#8217;analisi del mercato al piazzamento delle operazioni \u2013 in base ai tuoi parametri predefiniti.<\/p>\n\t\t<h3>Completamente Personalizzabile<\/h3>\t\t\t\n\t\t\t\t<p>Regola i livelli di rischio, la frequenza di trading e le preferenze sugli asset per abbinare precisamente i tuoi obiettivi di trading e il profilo di gestione del rischio.<\/p>\n\t\t<h3>Strategie Testate<\/h3>\t\t\t\n\t\t\t\t<p>Scegli tra strategie dimostrate con performance storiche verificate, o costruisci la tua usando i nostri sofisticati strumenti di auto-trading.<\/p>\n\t<p>AI Autotrader \u00e8 uno strumento di trading avanzato che utilizza l&#8217;intelligenza artificiale per analizzare i dati di mercato, identificare opportunit\u00e0 ed eseguire operazioni automaticamente. Progettato per minimizzare l&#8217;errore umano e massimizzare l&#8217;efficienza, si adatta alle condizioni di mercato in tempo reale, aiutando i trader a rimanere in vantaggio senza costante input manuale. \u00c8 ideale per chi vuole prestazioni di trading pi\u00f9 intelligenti, veloci e coerenti.  <\/p>\n\t\t\t\t<img loading=\"lazy\" decoding=\"async\" src=\"http:\/\/horizons28.com\/wp-content\/uploads\/2025\/04\/trading-performance.png\" alt=\"Trading Performance\" itemprop=\"image\" height=\"662\" width=\"746\" title=\"trading-performance\" onerror=\"this.style.display='none'\"  \/>\n<h2>\n\t\tMassimizza le prestazioni di trading con Horizons28\n\t<\/h2>\n\t<p>Il nostro modello Straight-Through Processing (STP) garantisce un accesso diretto al mercato senza interferenze del dealing desk, mentre i prezzi trasparenti mantengono i tuoi costi chiari ed equi \u2013 sempre.<\/p>\n\t\t\t <p>Accesso diretto al mercato<\/p>\n\t\t\t <p>Nessun costo nascosto<\/p>\n\t\t\t <p>Esecuzione equa e veloce<\/p>\n\t\t\t <p>Supporto dedicato ai trader<\/p>\n\t\t\t<a href=\"https:\/\/area.horizons28.net\/auth\/registration\" target=\"_blank\" rel=\"noopener\">\n\t\t\t\t\t\t\tUnisciti a Horizons28\n\t\t\t<\/a>\n<h1>\n\t\tEsplora i Principali Mercati Finanziari Mondiali\n\t<\/h1>\n\t<p>Horizons28 ti d\u00e0 accesso a uno spettro completo di mercati globali-tutto da una sola piattaforma. Fai trading di <strong>valute Forex<\/strong>, incluse coppie principali, minori ed esotiche, con esecuzione ultra-rapida e liquidit\u00e0 profonda. Specula su <strong>materie prime<\/strong> come Oro, Petrolio, Argento e Gas Naturale. Compra e vendi <strong>azioni<\/strong> di aziende leader e <strong>indici<\/strong> quotati nelle principali borse globali. Accedi al mondo 24\/7 delle <strong>criptovalute<\/strong>, inclusi Bitcoin, Ethereum e Litecoin \u2013 in qualsiasi momento, ovunque.    <\/p>\n<p>Sfoglia il nostro <a href=\"http:\/\/horizons28.com\/it\/strumenti\/\"><strong>Indice degli Asset<\/strong><\/a> per maggiori informazioni.<\/p>\n\t\t\t\t<img loading=\"lazy\" decoding=\"async\" src=\"http:\/\/horizons28.com\/wp-content\/uploads\/2025\/04\/Financial-Markets.png\" alt=\"Horizon28 Markets\" itemprop=\"image\" height=\"581\" width=\"1040\" title=\"Financial Markets\" onerror=\"this.style.display='none'\"  \/>\n<h3>\n\t\tFeedback dei Trader\n\t<\/h3>\n<h4>\n\t\tQuello che dicono i nostri trader \u00e8 importante \u2013 feedback reali da veri trader di Horizons28.\n\t<\/h4>\n\t\t\t<p><em>&#8220;Fare trading con Horizons28 ha cambiato le carte in tavola. La piattaforma sembra incredibilmente veloce e fluida. Ottengo i dati di cui ho bisogno proprio quando ne ho bisogno, e i prezzi sono sempre chiari \u2013 nessuna sorpresa, solo risultati. Ho testato altre piattaforme, ma nessuna eguaglia il livello di prestazioni e fiducia che ottengo qui.&#8221;<\/em><\/p>\n<p><strong>Luca<\/strong><\/p>\n\t\t\t<p><em>&#8220;Dal momento in cui mi sono iscritto, tutto mi \u00e8 sembrato intuitivo. Horizons28 rende il trading accessibile senza tagliare gli angoli su strumenti o velocit\u00e0. I grafici, l&#8217;esecuzione, la variet\u00e0 di mercati-tutto funziona senza intoppi. \u00c8 affidabile, semplice e una piattaforma che effettivamente mi piace usare quotidianamente.&#8221;<\/em><strong>Sofia<\/strong><\/p>\t\t\n\t\t\t<p><em>&#8220;Faccio trading da anni, e Horizons28 \u00e8 facilmente tra le migliori piattaforme che ho usato. La funzione AutoTrader \u00e8 incredibilmente potente, e adoro quanto sia trasparente l&#8217;intero sistema. Il supporto \u00e8 reattivo, l&#8217;esecuzione \u00e8 veloce, e ho il pieno controllo delle mie strategie.&#8221;<\/em><strong>James<\/strong><\/p>\t\t\n<h3>\n\t\tPronto a fare trading in modo pi\u00f9 intelligente? Scopri la vera velocit\u00e0, i veri mercati e risultati reali.\n\t<\/h3>\n\t\t\t<a href=\"https:\/\/area.horizons28.net\/auth\/registration\" target=\"_blank\" rel=\"noopener\">\n\t\t\t\t\t\t\tUnisciti a Horizons28\n\t\t\t<\/a>\n\n","protected":false},"excerpt":{"rendered":"<p>Horizons28. Fai Trading in Modo Pi\u00f9 Intelligente. Cresci Pi\u00f9 Velocemente. Accedi ai Mercati Finanziari Globali con Esecuzione Ultra-Rapida e Potenti Strumenti di Trading Unisciti a Horizons28 Oltre 100.000 operazioni eseguite quotidianamente con impegno al 100% per il successo del cliente. 600+ Strumenti Negoziabili 100% Tasso di Esecuzione degli Ordini 0% Velocit\u00e0 Media di Esecuzione Perch\u00e9&hellip;<\/p>\n","protected":false},"author":1,"featured_media":0,"parent":0,"menu_order":0,"comment_status":"closed","ping_status":"closed","template":"","meta":{"footnotes":""},"class_list":["post-809","page","type-page","status-publish","hentry"],"yoast_head":"<!-- This site is optimized with the Yoast SEO plugin v27.3 - https:\/\/yoast.com\/product\/yoast-seo-wordpress\/ -->\n<title>Horizons28 | Il Trading Pi\u00f9 Intelligente Inizia Qui<\/title>\n<meta name=\"description\" content=\"Unisciti a Horizons28 e scopri strumenti di trading avanzati, risparmi ad alto interesse, strategie automatizzate e opportunit\u00e0 d&#039;investimento esclusive.\" \/>\n<meta name=\"robots\" content=\"index, follow, max-snippet:-1, max-image-preview:large, max-video-preview:-1\" \/>\n<link rel=\"canonical\" href=\"https:\/\/horizons28.com\/it\/\" \/>\n<meta property=\"og:locale\" content=\"it_IT\" \/>\n<meta property=\"og:type\" content=\"article\" \/>\n<meta property=\"og:title\" content=\"Horizons28 | Il Trading Pi\u00f9 Intelligente Inizia Qui\" \/>\n<meta property=\"og:description\" content=\"Unisciti a Horizons28 e scopri strumenti di trading avanzati, risparmi ad alto interesse, strategie automatizzate e opportunit\u00e0 d&#039;investimento esclusive.\" \/>\n<meta property=\"og:url\" content=\"https:\/\/horizons28.com\/it\/\" \/>\n<meta property=\"og:site_name\" content=\"Horizons28\" \/>\n<meta property=\"article:modified_time\" content=\"2025-04-15T06:35:50+00:00\" \/>\n<meta property=\"og:image\" content=\"http:\/\/horizons28.com\/wp-content\/uploads\/2025\/04\/Horizons28-trading.png\" \/>\n<meta name=\"twitter:card\" content=\"summary_large_image\" \/>\n<meta name=\"twitter:label1\" content=\"Tempo di lettura stimato\" \/>\n\t<meta name=\"twitter:data1\" content=\"4 minuti\" \/>\n<script type=\"application\/ld+json\" class=\"yoast-schema-graph\">{\"@context\":\"https:\\\/\\\/schema.org\",\"@graph\":[{\"@type\":\"WebPage\",\"@id\":\"https:\\\/\\\/horizons28.com\\\/it\\\/\",\"url\":\"https:\\\/\\\/horizons28.com\\\/it\\\/\",\"name\":\"Horizons28 | Il Trading Pi\u00f9 Intelligente Inizia Qui\",\"isPartOf\":{\"@id\":\"https:\\\/\\\/horizons28.com\\\/it\\\/#website\"},\"primaryImageOfPage\":{\"@id\":\"https:\\\/\\\/horizons28.com\\\/it\\\/#primaryimage\"},\"image\":{\"@id\":\"https:\\\/\\\/horizons28.com\\\/it\\\/#primaryimage\"},\"thumbnailUrl\":\"http:\\\/\\\/horizons28.com\\\/wp-content\\\/uploads\\\/2025\\\/04\\\/Horizons28-trading.png\",\"datePublished\":\"2025-03-31T07:55:12+00:00\",\"dateModified\":\"2025-04-15T06:35:50+00:00\",\"description\":\"Unisciti a Horizons28 e scopri strumenti di trading avanzati, risparmi ad alto interesse, strategie automatizzate e opportunit\u00e0 d'investimento esclusive.\",\"breadcrumb\":{\"@id\":\"https:\\\/\\\/horizons28.com\\\/it\\\/#breadcrumb\"},\"inLanguage\":\"it-IT\",\"potentialAction\":[{\"@type\":\"ReadAction\",\"target\":[\"https:\\\/\\\/horizons28.com\\\/it\\\/\"]}]},{\"@type\":\"ImageObject\",\"inLanguage\":\"it-IT\",\"@id\":\"https:\\\/\\\/horizons28.com\\\/it\\\/#primaryimage\",\"url\":\"http:\\\/\\\/horizons28.com\\\/wp-content\\\/uploads\\\/2025\\\/04\\\/Horizons28-trading.png\",\"contentUrl\":\"http:\\\/\\\/horizons28.com\\\/wp-content\\\/uploads\\\/2025\\\/04\\\/Horizons28-trading.png\"},{\"@type\":\"BreadcrumbList\",\"@id\":\"https:\\\/\\\/horizons28.com\\\/it\\\/#breadcrumb\",\"itemListElement\":[{\"@type\":\"ListItem\",\"position\":1,\"name\":\"Home\",\"item\":\"https:\\\/\\\/horizons28.com\\\/it\\\/\"},{\"@type\":\"ListItem\",\"position\":2,\"name\":\"Casa\"}]},{\"@type\":\"WebSite\",\"@id\":\"https:\\\/\\\/horizons28.com\\\/it\\\/#website\",\"url\":\"https:\\\/\\\/horizons28.com\\\/it\\\/\",\"name\":\"Horizons28\",\"description\":\"\",\"potentialAction\":[{\"@type\":\"SearchAction\",\"target\":{\"@type\":\"EntryPoint\",\"urlTemplate\":\"https:\\\/\\\/horizons28.com\\\/it\\\/?s={search_term_string}\"},\"query-input\":{\"@type\":\"PropertyValueSpecification\",\"valueRequired\":true,\"valueName\":\"search_term_string\"}}],\"inLanguage\":\"it-IT\"}]}<\/script>\n<!-- \/ Yoast SEO plugin. -->","yoast_head_json":{"title":"Horizons28 | Il Trading Pi\u00f9 Intelligente Inizia Qui","description":"Unisciti a Horizons28 e scopri strumenti di trading avanzati, risparmi ad alto interesse, strategie automatizzate e opportunit\u00e0 d'investimento esclusive.","robots":{"index":"index","follow":"follow","max-snippet":"max-snippet:-1","max-image-preview":"max-image-preview:large","max-video-preview":"max-video-preview:-1"},"canonical":"https:\/\/horizons28.com\/it\/","og_locale":"it_IT","og_type":"article","og_title":"Horizons28 | Il Trading Pi\u00f9 Intelligente Inizia Qui","og_description":"Unisciti a Horizons28 e scopri strumenti di trading avanzati, risparmi ad alto interesse, strategie automatizzate e opportunit\u00e0 d'investimento esclusive.","og_url":"https:\/\/horizons28.com\/it\/","og_site_name":"Horizons28","article_modified_time":"2025-04-15T06:35:50+00:00","og_image":[{"url":"http:\/\/horizons28.com\/wp-content\/uploads\/2025\/04\/Horizons28-trading.png","type":"","width":"","height":""}],"twitter_card":"summary_large_image","twitter_misc":{"Tempo di lettura stimato":"4 minuti"},"schema":{"@context":"https:\/\/schema.org","@graph":[{"@type":"WebPage","@id":"https:\/\/horizons28.com\/it\/","url":"https:\/\/horizons28.com\/it\/","name":"Horizons28 | Il Trading Pi\u00f9 Intelligente Inizia Qui","isPartOf":{"@id":"https:\/\/horizons28.com\/it\/#website"},"primaryImageOfPage":{"@id":"https:\/\/horizons28.com\/it\/#primaryimage"},"image":{"@id":"https:\/\/horizons28.com\/it\/#primaryimage"},"thumbnailUrl":"http:\/\/horizons28.com\/wp-content\/uploads\/2025\/04\/Horizons28-trading.png","datePublished":"2025-03-31T07:55:12+00:00","dateModified":"2025-04-15T06:35:50+00:00","description":"Unisciti a Horizons28 e scopri strumenti di trading avanzati, risparmi ad alto interesse, strategie automatizzate e opportunit\u00e0 d'investimento esclusive.","breadcrumb":{"@id":"https:\/\/horizons28.com\/it\/#breadcrumb"},"inLanguage":"it-IT","potentialAction":[{"@type":"ReadAction","target":["https:\/\/horizons28.com\/it\/"]}]},{"@type":"ImageObject","inLanguage":"it-IT","@id":"https:\/\/horizons28.com\/it\/#primaryimage","url":"http:\/\/horizons28.com\/wp-content\/uploads\/2025\/04\/Horizons28-trading.png","contentUrl":"http:\/\/horizons28.com\/wp-content\/uploads\/2025\/04\/Horizons28-trading.png"},{"@type":"BreadcrumbList","@id":"https:\/\/horizons28.com\/it\/#breadcrumb","itemListElement":[{"@type":"ListItem","position":1,"name":"Home","item":"https:\/\/horizons28.com\/it\/"},{"@type":"ListItem","position":2,"name":"Casa"}]},{"@type":"WebSite","@id":"https:\/\/horizons28.com\/it\/#website","url":"https:\/\/horizons28.com\/it\/","name":"Horizons28","description":"","potentialAction":[{"@type":"SearchAction","target":{"@type":"EntryPoint","urlTemplate":"https:\/\/horizons28.com\/it\/?s={search_term_string}"},"query-input":{"@type":"PropertyValueSpecification","valueRequired":true,"valueName":"search_term_string"}}],"inLanguage":"it-IT"}]}},"_links":{"self":[{"href":"https:\/\/horizons28.com\/it\/wp-json\/wp\/v2\/pages\/809","targetHints":{"allow":["GET"]}}],"collection":[{"href":"https:\/\/horizons28.com\/it\/wp-json\/wp\/v2\/pages"}],"about":[{"href":"https:\/\/horizons28.com\/it\/wp-json\/wp\/v2\/types\/page"}],"author":[{"embeddable":true,"href":"https:\/\/horizons28.com\/it\/wp-json\/wp\/v2\/users\/1"}],"replies":[{"embeddable":true,"href":"https:\/\/horizons28.com\/it\/wp-json\/wp\/v2\/comments?post=809"}],"version-history":[{"count":1,"href":"https:\/\/horizons28.com\/it\/wp-json\/wp\/v2\/pages\/809\/revisions"}],"predecessor-version":[{"id":1103,"href":"https:\/\/horizons28.com\/it\/wp-json\/wp\/v2\/pages\/809\/revisions\/1103"}],"wp:attachment":[{"href":"https:\/\/horizons28.com\/it\/wp-json\/wp\/v2\/media?parent=809"}],"curies":[{"name":"wp","href":"https:\/\/api.w.org\/{rel}","templated":true}]}}