{"id":717,"date":"2025-04-07T12:16:18","date_gmt":"2025-04-07T12:16:18","guid":{"rendered":"http:\/\/horizons28.com\/policy-for-aterkallande\/"},"modified":"2025-04-15T08:41:10","modified_gmt":"2025-04-15T08:41:10","slug":"policy-for-aterkallande","status":"publish","type":"page","link":"http:\/\/horizons28.com\/sv\/policy-for-aterkallande\/","title":{"rendered":"Policy f\u00f6r \u00e5terkallande"},"content":{"rendered":"\n\n\t<p><strong>Senast uppdaterad: 5 mars 2025<\/strong><\/p>\n<p>P\u00e5 Horizons28 (refererat till som &#8221;Horizons28&#8221;, &#8221;vi&#8221;, &#8221;oss&#8221; eller &#8221;f\u00f6retaget&#8221;) \u00e4r vi dedikerade till att s\u00e4kerst\u00e4lla en smidig och transparent process f\u00f6r att ta ut pengar fr\u00e5n ditt handelskonto. Denna uttagspolicy beskriver de viktigaste riktlinjerna, stegen och villkoren som styr uttag av medel. Genom att anv\u00e4nda v\u00e5r plattform bekr\u00e4ftar du och samtycker till att f\u00f6lja villkoren i denna policy.  <\/p>\n<h3>1. Ber\u00e4ttigande till \u00e5terkallelse<\/h3>\n<p>F\u00f6r att beg\u00e4ra ett uttag fr\u00e5n ditt Horizons28-konto m\u00e5ste f\u00f6ljande krav uppfyllas:<\/p>\n<p>Ditt konto m\u00e5ste verifieras i enlighet med v\u00e5ra rutiner f\u00f6r kundk\u00e4nnedom (KYC) och penningtv\u00e4tt (AML).<\/p>\n<ul>\n<li>Ditt konto m\u00e5ste ha ett positivt saldo (dvs. inte vara f\u00f6rem\u00e5l f\u00f6r marginals\u00e4kerhetskrav eller uppvisa ett negativt saldo).<\/li>\n<li>Fonderna f\u00e5r f\u00f6r n\u00e4rvarande inte vara knutna till aktiva aff\u00e4rer eller fungera som s\u00e4kerhet\/marginal.<\/li>\n<li>Beg\u00e4ran om uttag m\u00e5ste uppfylla den l\u00e4gsta uttagstr\u00f6skel som fastst\u00e4llts av Horizons28.<\/li>\n<\/ul>\n<h3>2. Process f\u00f6r \u00e5terkallande<\/h3>\n<h4>2.1 Skicka in en beg\u00e4ran<\/h4>\n<p>Uttag kan initieras genom att logga in p\u00e5 ditt Horizons28-konto och skicka in en beg\u00e4ran via v\u00e5r s\u00e4kra portal. Du m\u00e5ste ange uttagsbeloppet och v\u00e4lja en \u00f6nskad betalningsmetod. <\/p>\n<h4>2.2 Tidslinje f\u00f6r bearbetning<\/h4>\n<p>N\u00e4r din beg\u00e4ran har skickats in str\u00e4var vi efter att behandla den inom 3 arbetsdagar. Observera att den totala tiden det tar att f\u00e5 pengarna kan variera beroende p\u00e5 din verifieringsstatus och vald betalningsmetod. <\/p>\n<ul>\n<li>Bank\u00f6verf\u00f6ringar: Vanligtvis 3-5 arbetsdagar<\/li>\n<li>Uttag av kryptovaluta: Behandlas inom 24 timmar<\/li>\n<\/ul>\n<h4>2.3 Till\u00e4mpliga avgifter<\/h4>\n<p>Horizons28 kan till\u00e4mpa en behandlingsavgift f\u00f6r uttag. Eventuella s\u00e5dana avgifter kommer att visas tydligt innan du bekr\u00e4ftar din beg\u00e4ran. Avgifterna beror p\u00e5 den betalningsmetod som valts och kan \u00e4ndras utan f\u00f6reg\u00e5ende meddelande. Ytterligare avgifter fr\u00e5n banker eller betalningsf\u00f6rmedlare \u00e4r kundens ansvar.   <\/p>\n<h3>3. Betalningsalternativ<\/h3>\n<p>Horizons28 erbjuder flera uttagsmetoder f\u00f6r att passa dina behov:<\/p>\n<ul>\n<li>Lokala och internationella bank\u00f6verf\u00f6ringar<\/li>\n<li>Kryptovalutor (t.ex. Bitcoin, Ethereum)<\/li>\n<li>Andra alternativ s\u00e5som bank\u00f6verf\u00f6ring och kredit-\/betalkort<\/li>\n<\/ul>\n<p>Tillg\u00e5ngen till specifika uttagsmetoder kan variera beroende p\u00e5 plats och valuta.<\/p>\n<h3>4. Uttagsbegr\u00e4nsningar<\/h3>\n<p>Uttagsbeg\u00e4ran omfattas av f\u00f6rdefinierade gr\u00e4nser f\u00f6r att uppr\u00e4tth\u00e5lla plattformens effektivitet och anv\u00e4ndarnas s\u00e4kerhet.<\/p>\n<strong>Minsta uttagsbelopp: $ 50<\/strong><br \/>\nF\u00f6r st\u00f6rre uttag kan Horizons28 beg\u00e4ra ytterligare identitetsverifiering eller dokumentation.\n<h3>5. Kontoverifiering och s\u00e4kerhet<\/h3>\n<h4>5.1 Identitetsverifiering<\/h4>\n<p>F\u00f6r att f\u00f6lja r\u00e4ttsliga standarder och f\u00f6rb\u00e4ttra plattformens s\u00e4kerhet m\u00e5ste alla anv\u00e4ndare genomf\u00f6ra en identitetsverifiering innan ett uttag godk\u00e4nns. Denna process kan inkludera: <\/p>\n<ul>\n<li>Ett giltigt statligt utf\u00e4rdat foto-ID eller k\u00f6rkort<\/li>\n<li>Bevis p\u00e5 bostadsadress (t.ex. elr\u00e4kning eller kontoutdrag)<\/li>\n<li>Ytterligare dokument enligt beg\u00e4ran<\/li>\n<\/ul>\n<h4>5.2 S\u00e4kerhetsrestriktioner<\/h4>\n<p>Horizons28 kan f\u00f6rdr\u00f6ja eller begr\u00e4nsa uttag om det finns misstanke om bedr\u00e4geri, policybrott eller myndighetsingripande. Vi f\u00f6rbeh\u00e5ller oss r\u00e4tten att av utrednings- och s\u00e4kerhetssk\u00e4l avst\u00e5 fr\u00e5n behandling i s\u00e5dana fall. <\/p>\n<h3>6. Avvisade eller f\u00f6rsenade f\u00f6rfr\u00e5gningar<\/h3>\n<p>Din beg\u00e4ran om uttag kan f\u00f6rsenas eller avsl\u00e5s av f\u00f6ljande sk\u00e4l:<\/p>\n<ul>\n<li>Otillr\u00e4ckligt saldo eller p\u00e5g\u00e5ende marginals\u00e4kerhetskrav<\/li>\n<li>Overifierad eller ofullst\u00e4ndig anv\u00e4ndarprofil<\/li>\n<li>Fel i uttagsuppgifterna<\/li>\n<li>Misst\u00e4nkt brott mot villkoren eller bedr\u00e4glig verksamhet<\/li>\n<li>Tekniska st\u00f6rningar i betalningssystem eller plattformen<\/li>\n<\/ul>\n<p>Om din beg\u00e4ran f\u00f6rsenas eller avsl\u00e5s kommer Horizons28 att meddela dig orsaken till detta och ge dig r\u00e5d om hur du ska g\u00e5 vidare.<\/p>\n<h3>7. Valutav\u00e4xling och avgifter<\/h3>\n<p>N\u00e4r ett uttag inneb\u00e4r valutav\u00e4xling (t.ex. USD till EUR) kommer den v\u00e4xelkurs som till\u00e4mpas att \u00e5terspegla marknadskurserna vid tidpunkten f\u00f6r behandlingen. Valutakonverteringar kan ocks\u00e5 medf\u00f6ra extra avgifter beroende p\u00e5 vilken uttagsmetod och leverant\u00f6r som anv\u00e4nds.<\/p>\n<h3>8. \u00c4ndringar i policyn f\u00f6r \u00e5terkallande<\/h3>\n<p>Horizons28 f\u00f6rbeh\u00e5ller sig r\u00e4tten att n\u00e4r som helst \u00e4ndra eller uppdatera denna \u00e5terkallelsepolicy. Eventuella \u00e4ndringar kommer att kommuniceras via l\u00e4mpliga kanaler och l\u00e4ggas ut p\u00e5 v\u00e5r webbplats. Om du forts\u00e4tter att anv\u00e4nda v\u00e5ra tj\u00e4nster efter uppdateringar inneb\u00e4r det att du godk\u00e4nner den reviderade policyn.<\/p>\n<h6>\n\t\tHorizons28\n\t<\/h6>\n\tWeWork<br \/>\n90 York Wy<br \/>\nLondon N1 9AG<br \/>\nStorbritannien\nE-post: support@horizons28.com<br \/>\nTelefon: +44 203 9618 738\n<p>Genom att anv\u00e4nda Horizons28s tj\u00e4nster bekr\u00e4ftar du att du har l\u00e4st och f\u00f6rst\u00e5tt inneh\u00e5llet i detta dokument.<\/p>\n<p><strong>Ikrafttr\u00e4dandedatum: 5 mars 2025<\/strong><\/p>\n<h3>\n\t\tRedo att handla smartare? Upplev verklig hastighet, riktiga marknader och verkliga resultat.\n\t<\/h3>\n\t\t\t<a href=\"https:\/\/area.horizons28.net\/auth\/registration\" target=\"_blank\" rel=\"noopener\">\n\t\t\t\t\t\t\t\tG\u00e5 med i Horizons28\n\t\t\t<\/a>\n\n","protected":false},"excerpt":{"rendered":"<p>Senast uppdaterad: 5 mars 2025 P\u00e5 Horizons28 (refererat till som &#8221;Horizons28&#8221;, &#8221;vi&#8221;, &#8221;oss&#8221; eller &#8221;f\u00f6retaget&#8221;) \u00e4r vi dedikerade till att s\u00e4kerst\u00e4lla en smidig och transparent process f\u00f6r att ta ut pengar fr\u00e5n ditt handelskonto. Denna uttagspolicy beskriver de viktigaste riktlinjerna, stegen och villkoren som styr uttag av medel. Genom att anv\u00e4nda v\u00e5r plattform bekr\u00e4ftar du&hellip;<\/p>\n","protected":false},"author":1,"featured_media":0,"parent":0,"menu_order":0,"comment_status":"closed","ping_status":"closed","template":"","meta":{"footnotes":""},"class_list":["post-717","page","type-page","status-publish","hentry"],"yoast_head":"<!-- This site is optimized with the Yoast SEO plugin v27.5 - https:\/\/yoast.com\/product\/yoast-seo-wordpress\/ -->\n<title>Uttagspolicy | Snabba och s\u00e4kra uttag av medel hos Horizons28<\/title>\n<meta name=\"description\" content=\"F\u00f6rst\u00e5 hur uttag fungerar p\u00e5 Horizons28, inklusive behandlingstider, st\u00f6dda metoder och s\u00e4kra transaktionsprotokoll.\" \/>\n<meta name=\"robots\" content=\"index, follow, max-snippet:-1, max-image-preview:large, max-video-preview:-1\" \/>\n<link rel=\"canonical\" href=\"http:\/\/horizons28.com\/sv\/policy-for-aterkallande\/\" \/>\n<meta property=\"og:locale\" content=\"sv_SE\" \/>\n<meta property=\"og:type\" content=\"article\" \/>\n<meta property=\"og:title\" content=\"Uttagspolicy | Snabba och s\u00e4kra uttag av medel hos Horizons28\" \/>\n<meta property=\"og:description\" content=\"F\u00f6rst\u00e5 hur uttag fungerar p\u00e5 Horizons28, inklusive behandlingstider, st\u00f6dda metoder och s\u00e4kra transaktionsprotokoll.\" \/>\n<meta property=\"og:url\" content=\"http:\/\/horizons28.com\/sv\/policy-for-aterkallande\/\" \/>\n<meta property=\"og:site_name\" content=\"Horizons28\" \/>\n<meta property=\"article:modified_time\" content=\"2025-04-15T08:41:10+00:00\" \/>\n<meta name=\"twitter:card\" content=\"summary_large_image\" \/>\n<meta name=\"twitter:label1\" content=\"Ber\u00e4knad l\u00e4stid\" \/>\n\t<meta name=\"twitter:data1\" content=\"4 minuter\" \/>\n<script type=\"application\/ld+json\" class=\"yoast-schema-graph\">{\"@context\":\"https:\\\/\\\/schema.org\",\"@graph\":[{\"@type\":\"WebPage\",\"@id\":\"http:\\\/\\\/horizons28.com\\\/sv\\\/policy-for-aterkallande\\\/\",\"url\":\"http:\\\/\\\/horizons28.com\\\/sv\\\/policy-for-aterkallande\\\/\",\"name\":\"Uttagspolicy | Snabba och s\u00e4kra uttag av medel hos Horizons28\",\"isPartOf\":{\"@id\":\"http:\\\/\\\/horizons28.com\\\/sv\\\/#website\"},\"datePublished\":\"2025-04-07T12:16:18+00:00\",\"dateModified\":\"2025-04-15T08:41:10+00:00\",\"description\":\"F\u00f6rst\u00e5 hur uttag fungerar p\u00e5 Horizons28, inklusive behandlingstider, st\u00f6dda metoder och s\u00e4kra transaktionsprotokoll.\",\"breadcrumb\":{\"@id\":\"http:\\\/\\\/horizons28.com\\\/sv\\\/policy-for-aterkallande\\\/#breadcrumb\"},\"inLanguage\":\"sv-SE\",\"potentialAction\":[{\"@type\":\"ReadAction\",\"target\":[\"http:\\\/\\\/horizons28.com\\\/sv\\\/policy-for-aterkallande\\\/\"]}]},{\"@type\":\"BreadcrumbList\",\"@id\":\"http:\\\/\\\/horizons28.com\\\/sv\\\/policy-for-aterkallande\\\/#breadcrumb\",\"itemListElement\":[{\"@type\":\"ListItem\",\"position\":1,\"name\":\"Home\",\"item\":\"https:\\\/\\\/horizons28.com\\\/sv\\\/\"},{\"@type\":\"ListItem\",\"position\":2,\"name\":\"Policy f\u00f6r \u00e5terkallande\"}]},{\"@type\":\"WebSite\",\"@id\":\"http:\\\/\\\/horizons28.com\\\/sv\\\/#website\",\"url\":\"http:\\\/\\\/horizons28.com\\\/sv\\\/\",\"name\":\"Horizons28\",\"description\":\"\",\"potentialAction\":[{\"@type\":\"SearchAction\",\"target\":{\"@type\":\"EntryPoint\",\"urlTemplate\":\"http:\\\/\\\/horizons28.com\\\/sv\\\/?s={search_term_string}\"},\"query-input\":{\"@type\":\"PropertyValueSpecification\",\"valueRequired\":true,\"valueName\":\"search_term_string\"}}],\"inLanguage\":\"sv-SE\"}]}<\/script>\n<!-- \/ Yoast SEO plugin. -->","yoast_head_json":{"title":"Uttagspolicy | Snabba och s\u00e4kra uttag av medel hos Horizons28","description":"F\u00f6rst\u00e5 hur uttag fungerar p\u00e5 Horizons28, inklusive behandlingstider, st\u00f6dda metoder och s\u00e4kra transaktionsprotokoll.","robots":{"index":"index","follow":"follow","max-snippet":"max-snippet:-1","max-image-preview":"max-image-preview:large","max-video-preview":"max-video-preview:-1"},"canonical":"http:\/\/horizons28.com\/sv\/policy-for-aterkallande\/","og_locale":"sv_SE","og_type":"article","og_title":"Uttagspolicy | Snabba och s\u00e4kra uttag av medel hos Horizons28","og_description":"F\u00f6rst\u00e5 hur uttag fungerar p\u00e5 Horizons28, inklusive behandlingstider, st\u00f6dda metoder och s\u00e4kra transaktionsprotokoll.","og_url":"http:\/\/horizons28.com\/sv\/policy-for-aterkallande\/","og_site_name":"Horizons28","article_modified_time":"2025-04-15T08:41:10+00:00","twitter_card":"summary_large_image","twitter_misc":{"Ber\u00e4knad l\u00e4stid":"4 minuter"},"schema":{"@context":"https:\/\/schema.org","@graph":[{"@type":"WebPage","@id":"http:\/\/horizons28.com\/sv\/policy-for-aterkallande\/","url":"http:\/\/horizons28.com\/sv\/policy-for-aterkallande\/","name":"Uttagspolicy | Snabba och s\u00e4kra uttag av medel hos Horizons28","isPartOf":{"@id":"http:\/\/horizons28.com\/sv\/#website"},"datePublished":"2025-04-07T12:16:18+00:00","dateModified":"2025-04-15T08:41:10+00:00","description":"F\u00f6rst\u00e5 hur uttag fungerar p\u00e5 Horizons28, inklusive behandlingstider, st\u00f6dda metoder och s\u00e4kra transaktionsprotokoll.","breadcrumb":{"@id":"http:\/\/horizons28.com\/sv\/policy-for-aterkallande\/#breadcrumb"},"inLanguage":"sv-SE","potentialAction":[{"@type":"ReadAction","target":["http:\/\/horizons28.com\/sv\/policy-for-aterkallande\/"]}]},{"@type":"BreadcrumbList","@id":"http:\/\/horizons28.com\/sv\/policy-for-aterkallande\/#breadcrumb","itemListElement":[{"@type":"ListItem","position":1,"name":"Home","item":"https:\/\/horizons28.com\/sv\/"},{"@type":"ListItem","position":2,"name":"Policy f\u00f6r \u00e5terkallande"}]},{"@type":"WebSite","@id":"http:\/\/horizons28.com\/sv\/#website","url":"http:\/\/horizons28.com\/sv\/","name":"Horizons28","description":"","potentialAction":[{"@type":"SearchAction","target":{"@type":"EntryPoint","urlTemplate":"http:\/\/horizons28.com\/sv\/?s={search_term_string}"},"query-input":{"@type":"PropertyValueSpecification","valueRequired":true,"valueName":"search_term_string"}}],"inLanguage":"sv-SE"}]}},"_links":{"self":[{"href":"http:\/\/horizons28.com\/sv\/wp-json\/wp\/v2\/pages\/717","targetHints":{"allow":["GET"]}}],"collection":[{"href":"http:\/\/horizons28.com\/sv\/wp-json\/wp\/v2\/pages"}],"about":[{"href":"http:\/\/horizons28.com\/sv\/wp-json\/wp\/v2\/types\/page"}],"author":[{"embeddable":true,"href":"http:\/\/horizons28.com\/sv\/wp-json\/wp\/v2\/users\/1"}],"replies":[{"embeddable":true,"href":"http:\/\/horizons28.com\/sv\/wp-json\/wp\/v2\/comments?post=717"}],"version-history":[{"count":1,"href":"http:\/\/horizons28.com\/sv\/wp-json\/wp\/v2\/pages\/717\/revisions"}],"predecessor-version":[{"id":1264,"href":"http:\/\/horizons28.com\/sv\/wp-json\/wp\/v2\/pages\/717\/revisions\/1264"}],"wp:attachment":[{"href":"http:\/\/horizons28.com\/sv\/wp-json\/wp\/v2\/media?parent=717"}],"curies":[{"name":"wp","href":"https:\/\/api.w.org\/{rel}","templated":true}]}}