{"id":719,"date":"2025-04-07T12:15:51","date_gmt":"2025-04-07T12:15:51","guid":{"rendered":"http:\/\/horizons28.com\/villkor-och-anvisningar\/"},"modified":"2025-04-15T08:42:37","modified_gmt":"2025-04-15T08:42:37","slug":"villkor-och-anvisningar","status":"publish","type":"page","link":"https:\/\/horizons28.com\/sv\/villkor-och-anvisningar\/","title":{"rendered":"Villkor och anvisningar"},"content":{"rendered":"\n\n\t<p><strong>Senast uppdaterad: 5 mars 2025<\/strong><\/p>\n<p>V\u00e4lkommen till Horizons28, en omfattande handelsplattform som ger tillg\u00e5ng till en rad olika finansiella marknader och verktyg. Genom att anv\u00e4nda eller f\u00e5 tillg\u00e5ng till Horizons28-plattformen (&#8221;Plattformen&#8221;) samtycker du till att f\u00f6lja de villkor som beskrivs h\u00e4r (&#8221;Avtalet&#8221;). Om du inte accepterar dessa villkor, v\u00e4nligen avbryt anv\u00e4ndningen av Plattformen omedelbart.  <\/p>\n<h3>1: Inledning<\/h3>\n<h4>1.1: Syfte<\/h4>\n<p>Genom att registrera ett konto, surfa eller handla via Horizons28:s webbplats och tj\u00e4nster samtycker du till att f\u00f6lja dessa anv\u00e4ndarvillkor, v\u00e5r integritetspolicy och eventuella ytterligare policyer som vi tillhandah\u00e5ller. Om du inte h\u00e5ller med om n\u00e5gon del av dessa villkor f\u00e5r du inte anv\u00e4nda v\u00e5ra tj\u00e4nster. <\/p>\n<h4>1.2: St\u00f6dber\u00e4ttigande<\/h4>\n<p>Du m\u00e5ste vara 18 \u00e5r eller \u00e4ldre och ha laglig r\u00e4tt att ing\u00e5 ett bindande avtal f\u00f6r att anv\u00e4nda v\u00e5r Plattform. Genom att acceptera dessa villkor bekr\u00e4ftar du att du uppfyller beh\u00f6righetskraven. <\/p>\n<p>Observera: Medborgare i USA och Tyskland f\u00e5r inte anv\u00e4nda denna plattform.<\/p>\n<h3>2. Registrering av konto<\/h3>\n<h4>2.1: Skapande av konto<\/h4>\n<p>F\u00f6r att f\u00e5 tillg\u00e5ng till tj\u00e4nster p\u00e5 Horizons28 m\u00e5ste du skapa ett konto genom att tillhandah\u00e5lla korrekt och uppdaterad information, inklusive ditt namn, kontaktuppgifter, identitetshandlingar (om till\u00e4mpligt) och andra relevanta uppgifter.<\/p>\n<h4>2.2: Kontos\u00e4kerhet<\/h4>\n<p>Du \u00e4r fullt ansvarig f\u00f6r att h\u00e5lla dina inloggningsuppgifter, s\u00e5som anv\u00e4ndarnamn och l\u00f6senord, konfidentiella. Meddela Horizons28 omedelbart om du misst\u00e4nker att n\u00e5gon obeh\u00f6rig har f\u00e5tt tillg\u00e5ng till ditt konto. <\/p>\n<p>En personlig s\u00e4kerhetskod kommer att tilldelas vid registrering.<\/p>\n<p>\u00c4ven om vi vidtar s\u00e4kerhets\u00e5tg\u00e4rder kan vi inte garantera ett fullst\u00e4ndigt skydd av dina datorsystem. Vi ansvarar inte f\u00f6r dataf\u00f6rlust eller skada som uppst\u00e5r till f\u00f6ljd av anv\u00e4ndning av v\u00e5r webbplats. Du \u00e4r ansvarig f\u00f6r att skydda dina egna enheter och ditt konto.  <\/p>\n<h4>2.3: Verifiering av konto<\/h4>\n<p>Horizons28 kan verifiera din identitet och utf\u00f6ra n\u00f6dv\u00e4ndiga KYC-kontroller (Know Your Customer) och AML-kontroller (Anti-Money Laundering) i enlighet med till\u00e4mpliga r\u00e4ttsliga krav.<\/p>\n<h3>3. Handel p\u00e5 horisonten28<\/h3>\n<h4>3.1: Marknadstilltr\u00e4de<\/h4>\n<p>Horizons28 m\u00f6jligg\u00f6r handel p\u00e5 olika finansmarknader, inklusive valutor, aktier och r\u00e5varor. Du \u00e4r ansvarig f\u00f6r att f\u00f6rst\u00e5 marknadsriskerna och se till att du f\u00f6ljer de lagar som g\u00e4ller i din jurisdiktion. <\/p>\n<h4>3.2: Avgifter f\u00f6r handel<\/h4>\n<p>Avgifter kan tillkomma f\u00f6r dina aff\u00e4rer och kan inkludera spreadar, provisioner eller andra avgifter. Dessa kommer att redovisas innan du utf\u00f6r n\u00e5gon transaktion. Du samtycker till att betala alla till\u00e4mpliga kostnader.  <\/p>\n<h4>3.3: Verkst\u00e4llande av handel<\/h4>\n<p>Du kan l\u00e4gga k\u00f6p- eller s\u00e4ljorder p\u00e5 plattformen enligt dess g\u00e4llande villkor. Horizons28 garanterar inte att varje order utf\u00f6rs och ansvarar inte f\u00f6r eventuella f\u00f6rseningar eller fel under handelshanteringen. <\/p>\n<h4>3.4: Bekr\u00e4ftelse av marknadsrisk<\/h4>\n<p>Handel med finansiella instrument inneb\u00e4r en betydande risk, inklusive den potentiella f\u00f6rlusten av hela ditt kapital. Du bekr\u00e4ftar att Horizons28 inte b\u00e4r n\u00e5got ansvar f\u00f6r f\u00f6rluster som uppst\u00e5r under handel. <\/p>\n<h3>4. Anv\u00e4ndarens skyldigheter<\/h3>\n<h4>4.1: R\u00e4ttslig efterlevnad<\/h4>\n<p>Du samtycker till att f\u00f6lja alla till\u00e4mpliga lokala, nationella och internationella lagar och f\u00f6rordningar som r\u00f6r handel, skatter och andra finansiella aktiviteter.<\/p>\n<h4>4.2: F\u00f6rbjudet uppf\u00f6rande<\/h4>\n<p>Du f\u00e5r inte delta i olagliga, oetiska eller bedr\u00e4gliga aktiviteter p\u00e5 plattformen, inklusive men inte begr\u00e4nsat till:<\/p>\n<ul>\n<li>Att p\u00e5 konstgjord v\u00e4g p\u00e5verka priser eller volymer p\u00e5 marknaden.<\/li>\n<li>Deltagande i insiderhandel.<\/li>\n<li>Anv\u00e4nda Plattformen f\u00f6r penningtv\u00e4tt eller finansiering av terrorism.<\/li>\n<li>Anv\u00e4nder obeh\u00f6riga robotar eller automatiseringsverktyg f\u00f6r att utf\u00f6ra aff\u00e4rer.<\/li>\n<\/ul>\n<h4>4.3: Informationens riktighet<\/h4>\n<p>Du samtycker till att l\u00e4mna korrekt och aktuell information vid registrering och n\u00e4r du anv\u00e4nder Plattformen. Du \u00e5tar dig ocks\u00e5 att omedelbart uppdatera eventuella \u00e4ndringar av dina uppgifter. <\/p>\n<h3>5. Avgifter och betalning<\/h3>\n<h4>5.1: Avgiftsstruktur<\/h4>\n<p>Horizons28 kan komma att ta ut f\u00f6ljande avgifter:<\/p>\n<ul>\n<li>Provisioner eller spreads p\u00e5 avslut<\/li>\n<li>Avgifter f\u00f6r uttag<\/li>\n<li>Kontoh\u00e5llningsavgifter, i f\u00f6rekommande fall<\/li>\n<\/ul>\n<p>Alla avgifter kommer att meddelas dig innan du slutf\u00f6r n\u00e5gon transaktion. Horizons28 f\u00f6rbeh\u00e5ller sig r\u00e4tten att justera avgifterna efter f\u00f6reg\u00e5ende meddelande. <\/p>\n<h4>5.2: Betalningsalternativ<\/h4>\n<p>Du kan s\u00e4tta in pengar genom olika metoder som st\u00f6ds, till exempel kredit- \/ betalkort, bank\u00f6verf\u00f6ringar eller kryptovalutabetalningar. Alla ins\u00e4ttningar och uttag kan bli f\u00f6rem\u00e5l f\u00f6r verifiering. <\/p>\n<h3>6. Datasekretess och datas\u00e4kerhet<\/h3>\n<h4>6.1 \u00c5tagande om sekretess<\/h4>\n<p>Horizons28 behandlar dina personuppgifter i enlighet med sin integritetspolicy. Genom att anv\u00e4nda v\u00e5ra tj\u00e4nster samtycker du till insamling, anv\u00e4ndning och lagring av dina uppgifter enligt vad som anges i policyn. <\/p>\n<h4>6.2 Dataskydd<\/h4>\n<p>Vi anv\u00e4nder avancerad kryptering och s\u00e4kerhetsprotokoll enligt branschstandard f\u00f6r att skydda dina uppgifter. Inget system \u00e4r dock helt immunt mot intr\u00e5ng, och du \u00e4r medveten om de risker som \u00e4r f\u00f6rknippade med data\u00f6verf\u00f6ring online. <\/p>\n<h3>7. Avst\u00e4ngning och upps\u00e4gning<\/h3>\n<h4>7.1 Tillf\u00e4llig avst\u00e4ngning av konto<\/h4>\n<p>Horizons28 kan st\u00e4nga av eller begr\u00e4nsa din \u00e5tkomst till plattformen n\u00e4r som helst utan f\u00f6reg\u00e5ende meddelande om vi misst\u00e4nker brott mot dessa villkor eller olaglig aktivitet.<\/p>\n<h4>7.2 Avslutande av konto<\/h4>\n<p>Du kan beg\u00e4ra att st\u00e4nga ditt konto n\u00e4r som helst genom att kontakta v\u00e5rt supportteam. Horizons28 f\u00f6rbeh\u00e5ller sig ocks\u00e5 r\u00e4tten att avsluta ditt konto efter eget gottfinnande vid \u00f6vertr\u00e4delser av detta avtal eller av andra sk\u00e4l. <\/p>\n<h4>7.3 Konsekvenser av upps\u00e4gning<\/h4>\n<p>N\u00e4r ditt konto har st\u00e4ngts kommer alla v\u00e4ntande avgifter och transaktioner fortfarande att betalas. Tillg\u00e5ngen till plattformen kommer att \u00e5terkallas och alla aktiva positioner kan st\u00e4ngas. <\/p>\n<h3>8. \u00c4ndringsf\u00f6rslag<\/h3>\n<p>Horizons28 kan uppdatera eller revidera dessa villkor n\u00e4r som helst. Vi kommer att informera dig om eventuella betydande \u00e4ndringar, och fortsatt anv\u00e4ndning av plattformen kommer att betraktas som ditt godk\u00e4nnande av de uppdaterade villkoren. <\/p>\n<h6>\n\t\tHorizons28\n\t<\/h6>\n\tWeWork<br \/>\n90 York Wy<br \/>\nLondon N1 9AG<br \/>\nStorbritannien\nE-post: support@horizons28.com<br \/>\nTelefon: +44 203 9618 738\n<p>Genom att anv\u00e4nda Horizons28s tj\u00e4nster bekr\u00e4ftar du att du har l\u00e4st och f\u00f6rst\u00e5tt inneh\u00e5llet i detta dokument.<\/p>\n<p><strong>Ikrafttr\u00e4dandedatum: 5 mars 2025<\/strong><\/p>\n<h3>\n\t\tRedo att handla smartare? Upplev verklig hastighet, riktiga marknader och verkliga resultat.\n\t<\/h3>\n\t\t\t<a href=\"https:\/\/area.horizons28.net\/auth\/registration\" target=\"_blank\" rel=\"noopener\">\n\t\t\t\t\t\t\t\tG\u00e5 med i Horizons28\n\t\t\t<\/a>\n\n","protected":false},"excerpt":{"rendered":"<p>Senast uppdaterad: 5 mars 2025 V\u00e4lkommen till Horizons28, en omfattande handelsplattform som ger tillg\u00e5ng till en rad olika finansiella marknader och verktyg. Genom att anv\u00e4nda eller f\u00e5 tillg\u00e5ng till Horizons28-plattformen (&#8221;Plattformen&#8221;) samtycker du till att f\u00f6lja de villkor som beskrivs h\u00e4r (&#8221;Avtalet&#8221;). Om du inte accepterar dessa villkor, v\u00e4nligen avbryt anv\u00e4ndningen av Plattformen omedelbart. 1:&hellip;<\/p>\n","protected":false},"author":1,"featured_media":0,"parent":0,"menu_order":0,"comment_status":"closed","ping_status":"closed","template":"","meta":{"footnotes":""},"class_list":["post-719","page","type-page","status-publish","hentry"],"yoast_head":"<!-- This site is optimized with the Yoast SEO plugin v27.5 - https:\/\/yoast.com\/product\/yoast-seo-wordpress\/ -->\n<title>Villkor och best\u00e4mmelser | Anv\u00e4ndaravtal p\u00e5 Horizons28<\/title>\n<meta name=\"description\" content=\"G\u00e5 igenom villkoren f\u00f6r anv\u00e4ndning av Horizons28-plattformen. Anv\u00e4ndaransvar, regler f\u00f6r plattformsanv\u00e4ndning och efterlevnadsstandarder.\" \/>\n<meta name=\"robots\" content=\"index, follow, max-snippet:-1, max-image-preview:large, max-video-preview:-1\" \/>\n<link rel=\"canonical\" href=\"https:\/\/horizons28.com\/sv\/villkor-och-anvisningar\/\" \/>\n<meta property=\"og:locale\" content=\"sv_SE\" \/>\n<meta property=\"og:type\" content=\"article\" \/>\n<meta property=\"og:title\" content=\"Villkor och best\u00e4mmelser | Anv\u00e4ndaravtal p\u00e5 Horizons28\" \/>\n<meta property=\"og:description\" content=\"G\u00e5 igenom villkoren f\u00f6r anv\u00e4ndning av Horizons28-plattformen. Anv\u00e4ndaransvar, regler f\u00f6r plattformsanv\u00e4ndning och efterlevnadsstandarder.\" \/>\n<meta property=\"og:url\" content=\"https:\/\/horizons28.com\/sv\/villkor-och-anvisningar\/\" \/>\n<meta property=\"og:site_name\" content=\"Horizons28\" \/>\n<meta property=\"article:modified_time\" content=\"2025-04-15T08:42:37+00:00\" \/>\n<meta name=\"twitter:card\" content=\"summary_large_image\" \/>\n<meta name=\"twitter:label1\" content=\"Ber\u00e4knad l\u00e4stid\" \/>\n\t<meta name=\"twitter:data1\" content=\"5 minuter\" \/>\n<script type=\"application\/ld+json\" class=\"yoast-schema-graph\">{\"@context\":\"https:\\\/\\\/schema.org\",\"@graph\":[{\"@type\":\"WebPage\",\"@id\":\"https:\\\/\\\/horizons28.com\\\/sv\\\/villkor-och-anvisningar\\\/\",\"url\":\"https:\\\/\\\/horizons28.com\\\/sv\\\/villkor-och-anvisningar\\\/\",\"name\":\"Villkor och best\u00e4mmelser | Anv\u00e4ndaravtal p\u00e5 Horizons28\",\"isPartOf\":{\"@id\":\"http:\\\/\\\/horizons28.com\\\/sv\\\/#website\"},\"datePublished\":\"2025-04-07T12:15:51+00:00\",\"dateModified\":\"2025-04-15T08:42:37+00:00\",\"description\":\"G\u00e5 igenom villkoren f\u00f6r anv\u00e4ndning av Horizons28-plattformen. Anv\u00e4ndaransvar, regler f\u00f6r plattformsanv\u00e4ndning och efterlevnadsstandarder.\",\"breadcrumb\":{\"@id\":\"https:\\\/\\\/horizons28.com\\\/sv\\\/villkor-och-anvisningar\\\/#breadcrumb\"},\"inLanguage\":\"sv-SE\",\"potentialAction\":[{\"@type\":\"ReadAction\",\"target\":[\"https:\\\/\\\/horizons28.com\\\/sv\\\/villkor-och-anvisningar\\\/\"]}]},{\"@type\":\"BreadcrumbList\",\"@id\":\"https:\\\/\\\/horizons28.com\\\/sv\\\/villkor-och-anvisningar\\\/#breadcrumb\",\"itemListElement\":[{\"@type\":\"ListItem\",\"position\":1,\"name\":\"Home\",\"item\":\"https:\\\/\\\/horizons28.com\\\/sv\\\/\"},{\"@type\":\"ListItem\",\"position\":2,\"name\":\"Villkor och anvisningar\"}]},{\"@type\":\"WebSite\",\"@id\":\"http:\\\/\\\/horizons28.com\\\/sv\\\/#website\",\"url\":\"http:\\\/\\\/horizons28.com\\\/sv\\\/\",\"name\":\"Horizons28\",\"description\":\"\",\"potentialAction\":[{\"@type\":\"SearchAction\",\"target\":{\"@type\":\"EntryPoint\",\"urlTemplate\":\"http:\\\/\\\/horizons28.com\\\/sv\\\/?s={search_term_string}\"},\"query-input\":{\"@type\":\"PropertyValueSpecification\",\"valueRequired\":true,\"valueName\":\"search_term_string\"}}],\"inLanguage\":\"sv-SE\"}]}<\/script>\n<!-- \/ Yoast SEO plugin. -->","yoast_head_json":{"title":"Villkor och best\u00e4mmelser | Anv\u00e4ndaravtal p\u00e5 Horizons28","description":"G\u00e5 igenom villkoren f\u00f6r anv\u00e4ndning av Horizons28-plattformen. Anv\u00e4ndaransvar, regler f\u00f6r plattformsanv\u00e4ndning och efterlevnadsstandarder.","robots":{"index":"index","follow":"follow","max-snippet":"max-snippet:-1","max-image-preview":"max-image-preview:large","max-video-preview":"max-video-preview:-1"},"canonical":"https:\/\/horizons28.com\/sv\/villkor-och-anvisningar\/","og_locale":"sv_SE","og_type":"article","og_title":"Villkor och best\u00e4mmelser | Anv\u00e4ndaravtal p\u00e5 Horizons28","og_description":"G\u00e5 igenom villkoren f\u00f6r anv\u00e4ndning av Horizons28-plattformen. Anv\u00e4ndaransvar, regler f\u00f6r plattformsanv\u00e4ndning och efterlevnadsstandarder.","og_url":"https:\/\/horizons28.com\/sv\/villkor-och-anvisningar\/","og_site_name":"Horizons28","article_modified_time":"2025-04-15T08:42:37+00:00","twitter_card":"summary_large_image","twitter_misc":{"Ber\u00e4knad l\u00e4stid":"5 minuter"},"schema":{"@context":"https:\/\/schema.org","@graph":[{"@type":"WebPage","@id":"https:\/\/horizons28.com\/sv\/villkor-och-anvisningar\/","url":"https:\/\/horizons28.com\/sv\/villkor-och-anvisningar\/","name":"Villkor och best\u00e4mmelser | Anv\u00e4ndaravtal p\u00e5 Horizons28","isPartOf":{"@id":"http:\/\/horizons28.com\/sv\/#website"},"datePublished":"2025-04-07T12:15:51+00:00","dateModified":"2025-04-15T08:42:37+00:00","description":"G\u00e5 igenom villkoren f\u00f6r anv\u00e4ndning av Horizons28-plattformen. Anv\u00e4ndaransvar, regler f\u00f6r plattformsanv\u00e4ndning och efterlevnadsstandarder.","breadcrumb":{"@id":"https:\/\/horizons28.com\/sv\/villkor-och-anvisningar\/#breadcrumb"},"inLanguage":"sv-SE","potentialAction":[{"@type":"ReadAction","target":["https:\/\/horizons28.com\/sv\/villkor-och-anvisningar\/"]}]},{"@type":"BreadcrumbList","@id":"https:\/\/horizons28.com\/sv\/villkor-och-anvisningar\/#breadcrumb","itemListElement":[{"@type":"ListItem","position":1,"name":"Home","item":"https:\/\/horizons28.com\/sv\/"},{"@type":"ListItem","position":2,"name":"Villkor och anvisningar"}]},{"@type":"WebSite","@id":"http:\/\/horizons28.com\/sv\/#website","url":"http:\/\/horizons28.com\/sv\/","name":"Horizons28","description":"","potentialAction":[{"@type":"SearchAction","target":{"@type":"EntryPoint","urlTemplate":"http:\/\/horizons28.com\/sv\/?s={search_term_string}"},"query-input":{"@type":"PropertyValueSpecification","valueRequired":true,"valueName":"search_term_string"}}],"inLanguage":"sv-SE"}]}},"_links":{"self":[{"href":"https:\/\/horizons28.com\/sv\/wp-json\/wp\/v2\/pages\/719","targetHints":{"allow":["GET"]}}],"collection":[{"href":"https:\/\/horizons28.com\/sv\/wp-json\/wp\/v2\/pages"}],"about":[{"href":"https:\/\/horizons28.com\/sv\/wp-json\/wp\/v2\/types\/page"}],"author":[{"embeddable":true,"href":"https:\/\/horizons28.com\/sv\/wp-json\/wp\/v2\/users\/1"}],"replies":[{"embeddable":true,"href":"https:\/\/horizons28.com\/sv\/wp-json\/wp\/v2\/comments?post=719"}],"version-history":[{"count":1,"href":"https:\/\/horizons28.com\/sv\/wp-json\/wp\/v2\/pages\/719\/revisions"}],"predecessor-version":[{"id":1268,"href":"https:\/\/horizons28.com\/sv\/wp-json\/wp\/v2\/pages\/719\/revisions\/1268"}],"wp:attachment":[{"href":"https:\/\/horizons28.com\/sv\/wp-json\/wp\/v2\/media?parent=719"}],"curies":[{"name":"wp","href":"https:\/\/api.w.org\/{rel}","templated":true}]}}