{"id":732,"date":"2025-04-04T07:19:52","date_gmt":"2025-04-04T07:19:52","guid":{"rendered":"http:\/\/horizons28.com\/arbitragehandel\/"},"modified":"2025-04-15T08:31:04","modified_gmt":"2025-04-15T08:31:04","slug":"arbitragehandel","status":"publish","type":"page","link":"https:\/\/horizons28.com\/sv\/arbitragehandel\/","title":{"rendered":"Arbitragehandel"},"content":{"rendered":"\n<h1>\n\t\tSnabbare vinster. L\u00e4gre risk. \n\t<\/h1>\n\t<p>Utnyttja enkelt prisgap med h\u00f6g potential med realtidsarbitrage \u00f6ver krypto, forex, aktier och mer.<\/p>\n\t\t\t<a href=\"https:\/\/area.horizons28.net\/auth\/registration\" target=\"_blank\" rel=\"noopener\">\n\t\t\t\t\t\t\tG\u00e5 med i Horizons28\n\t\t\t<\/a>\n\t\t\t\t<img loading=\"lazy\" decoding=\"async\" src=\"http:\/\/horizons28.com\/wp-content\/uploads\/2025\/04\/arbitrage-trading.png\" alt=\"Arbitrage Trading\" itemprop=\"image\" height=\"507\" width=\"600\" title=\"arbitrage-trading\" onerror=\"this.style.display='none'\"  \/>\n<h2>\n\t\tVarf\u00f6r handla Arbitrage med Horizons28?\n\t<\/h2>\n\t<p>V\u00e4lkommen till <strong>smartare handel med l\u00e5g risk<\/strong>. Horizons28:s Arbitrage Engine identifierar prisskillnader i realtid p\u00e5 globala marknader - s\u00e5 att<strong>du kan handla snabbare, s\u00e4krare och mer l\u00f6nsamt<\/strong>. Den \u00e4r exakt, effektiv och ligger alltid ett steg f\u00f6re.  <\/p>\n<h2>\n\t\tMinskad risk\n\t<\/h2>\n\t<p>Arbitrage minimerar exponeringen genom att eliminera beroendet av marknadens riktning. N\u00e4r det utf\u00f6rs korrekt ger det en stabil avkastning baserad p\u00e5 prisgap i realtid. <\/p>\n<h2>\n\t\tBred tillg\u00e5ngst\u00e4ckning\n\t<\/h2>\n\t<p>Oavsett om du handlar med kryptovalutor, valutapar, globala aktier eller r\u00e5varor ger plattformen dig tillg\u00e5ng till priss\u00e4ttning p\u00e5 flera b\u00f6rser.<\/p>\n<h2>\n\t\tSnabba resultat\n\t<\/h2>\n\t<p>Med arbitrage kommer resultaten snabbt. Identifiera, genomf\u00f6r och realisera vinst - ofta p\u00e5 n\u00e5gra minuter, inte m\u00e5nader. Minimera din riskprofil samtidigt som du maximerar din vinstpotential.  <\/p>\n<h2>\n\t\tImmun mot gungor\n\t<\/h2>\n\t<p>Oavsett om du precis har kommit ig\u00e5ng eller redan \u00e4r ig\u00e5ng Arbitrage beror inte p\u00e5 om marknaden g\u00e5r upp eller ner. Denna strategi f\u00f6rblir effektiv \u00e4ven under volatila f\u00f6rh\u00e5llanden. <\/p>\n<h2>\n\t\tTillv\u00e4xt i stor skala\n\t<\/h2>\n\t<p>Upprepa lyckade aff\u00e4rer i st\u00f6rre volymer f\u00f6r att f\u00f6rst\u00e4rka avkastningen. Arbitrage \u00e4r idealiskt f\u00f6r b\u00e5de sm\u00e5skaliga och h\u00f6gfrekventa handlare. Sk\u00f6lj och upprepa!  <\/p>\n<h2>\n\t\tPerfekt f\u00f6r automatisering\n\t<\/h2>\n\t<p>Horizons28:s infrastruktur st\u00f6der automatisering, vilket g\u00f6r att du kan utf\u00f6ra aff\u00e4rer direkt och dra nytta av flyktiga m\u00f6jligheter utan manuellt ingripande.<\/p>\n<h3>\n\t\tArbitragehandel p\u00e5 Horizons28\n\t<\/h3>\n<h3>\n\t\tV\u00e4lkommen till smartare handel med l\u00e5g risk.\n\t<\/h3>\n\t<p>Horizons28:s Arbitrage Engine identifierar prisskillnader i realtid p\u00e5 globala marknader - <strong>s\u00e5 att du kan handla snabbare, s\u00e4krare och mer l\u00f6nsamt<\/strong>. Det \u00e4r exakt, effektivt och alltid ett steg f\u00f6re. <\/p>\n\t\t<h4>Verktyg p\u00e5 proffsniv\u00e5<\/h4>\t\t\t\n\t\t\t\t<p>F\u00e5 tillg\u00e5ng till en robust handelsinfrastruktur som st\u00f6ds av realtidsanalyser och djupg\u00e5ende marknadsdata.<\/p>\n\t\t<h4>Dedikerad support<\/h4>\t\t\t\n\t\t\t\t<p>V\u00e5ra tradingr\u00e5dgivare hj\u00e4lper dig att navigera bland strategier, verktyg och utf\u00f6rande.<\/p>\n\t\t<h4>Branschledande s\u00e4kerhet<\/h4>\t\t\t\n\t\t\t\t<p>Kryptering i toppklass och robusta protokoll f\u00f6r kontos\u00e4kerhet skyddar dina aff\u00e4rer och medel.<\/p>\n\t\t<h4>Ultral\u00e5ga kostnader<\/h4>\t\t\t\n\t\t\t\t<p>Minimera friktionen med v\u00e5r traderv\u00e4nliga avgiftsstruktur som \u00e4r utformad f\u00f6r h\u00f6gfrekvent aktivitet.<\/p>\n<h3>\n\t\tF\u00f6rb\u00e4ttrad handel med Horizons28\n\t<\/h3>\n<h3>\n\t\tUtforska popul\u00e4ra arbitragemetoder\n\t<\/h3>\n\t\t\t<h4>Arbitrage mellan olika marknader<\/h4>\t\t\t\n\t\t\t\t<p><strong>\u00d6versikt:<\/strong> K\u00f6p och s\u00e4lj samma tillg\u00e5ng p\u00e5 tv\u00e5 plattformar till olika priser.<\/p>\n<p><strong>Exempel:<\/strong> K\u00f6pa ETH p\u00e5 b\u00f6rs A f\u00f6r 1 820 USD och s\u00e4lja p\u00e5 b\u00f6rs B f\u00f6r 1 835 USD.<\/p>\n\t\t\t<h4>Algoritmiskt arbitrage<\/h4>\t\t\t\n\t\t\t\t<p><strong>\u00d6versikt:<\/strong> Anv\u00e4nd tradingbottar och datamodeller f\u00f6r att uppt\u00e4cka avvikelser i priss\u00e4ttningen.<\/p>\n<p><strong>Exempel:<\/strong> Implementera skript som automatiskt handlar baserat p\u00e5 kortsiktiga ineffektiviteter i aktie- eller valutapar.<\/p>\n\t\t\t<h4>Arbitrage i valutaslingan<\/h4>\t\t\t\n\t\t\t\t<p><strong>\u00d6versikt:<\/strong> Handla genom en cykel med tre valutor f\u00f6r att f\u00e5nga upp sm\u00e5 prisskillnader.<\/p>\n<p><strong>Exempel:<\/strong> Flytta USD \u2192 JPY \u2192 EUR \u2192 USD och s\u00e4kra nettovinsten.<\/p>\n<h5>\n\t\tKom ig\u00e5ng med Arbitrage p\u00e5 Horizons28\n\t<\/h5>\n\t\t\t\t\t\t\t\t\t\t\t\t\t\t\t<h5>1<\/h5>\n\t\t\t\t\t\t<p>F\u00e5 tillg\u00e5ng till ditt konto<\/p>\t\t\t\t\t\n\t\t\t<!-- END .front -->\n\t\t\t\t\t\t<p>Registrera dig med Horizons28 eller logga in f\u00f6r att starta.<\/p>\t\t\t\t\t\n\t\t\t<!-- END .back -->\n\t\t <!-- ifb-flip-box -->\n\t <!-- flip-box -->\n\t\t\t\t\t\t\t\t\t\t\t\t\t\t\t<h5>2<\/h5>\n\t\t\t\t\t\t<p>F\u00f6lj v\u00e5r utbildning<\/p>\t\t\t\t\t\n\t\t\t<!-- END .front -->\n\t\t\t\t\t\t<p>Bl\u00e4ddra bland v\u00e5ra arbitrageguider och ta del av strategifokuserade resurser.<\/p>\t\t\t\t\t\n\t\t\t<!-- END .back -->\n\t\t <!-- ifb-flip-box -->\n\t <!-- flip-box -->\n\t\t\t\t\t\t\t\t\t\t\t\t\t\t\t<h5>3<\/h5>\n\t\t\t\t\t\t<p>Handla med sj\u00e4lvf\u00f6rtroende<\/p>\t\t\t\t\t\n\t\t\t<!-- END .front -->\n\t\t\t\t\t\t<p>Anv\u00e4nd Horizons28:s precisionsverktyg f\u00f6r att g\u00f6ra aff\u00e4rer i realtid som omvandlar arbitrage till vinst.<\/p>\t\t\t\t\t\n\t\t\t<!-- END .back -->\n\t\t <!-- ifb-flip-box -->\n\t <!-- flip-box -->\n<h3>\n\t\tRedo att handla smartare? Upplev verklig hastighet, riktiga marknader och verkliga resultat.\n\t<\/h3>\n\t\t\t<a href=\"https:\/\/area.horizons28.net\/auth\/registration\" target=\"_blank\" rel=\"noopener\">\n\t\t\t\t\t\t\t\tG\u00e5 med i Horizons28\n\t\t\t<\/a>\n\n","protected":false},"excerpt":{"rendered":"<p>Snabbare vinster. L\u00e4gre risk. Utnyttja enkelt prisgap med h\u00f6g potential med realtidsarbitrage \u00f6ver krypto, forex, aktier och mer. G\u00e5 med i Horizons28 Varf\u00f6r handla Arbitrage med Horizons28? V\u00e4lkommen till smartare handel med l\u00e5g risk. Horizons28:s Arbitrage Engine identifierar prisskillnader i realtid p\u00e5 globala marknader - s\u00e5 attdu kan handla snabbare, s\u00e4krare och mer l\u00f6nsamt. Den&hellip;<\/p>\n","protected":false},"author":1,"featured_media":0,"parent":0,"menu_order":0,"comment_status":"closed","ping_status":"closed","template":"","meta":{"footnotes":""},"class_list":["post-732","page","type-page","status-publish","hentry"],"yoast_head":"<!-- This site is optimized with the Yoast SEO plugin v27.4 - https:\/\/yoast.com\/product\/yoast-seo-wordpress\/ -->\n<title>Arbitragehandel | Dra nytta av marknadens ineffektivitet med Horizons28<\/title>\n<meta name=\"description\" content=\"Uppt\u00e4ck riskhanterade m\u00f6jligheter till arbitragehandel p\u00e5 olika marknader. Maximera vinsterna genom smart, snabbt utf\u00f6rande med Horizons28.\" \/>\n<meta name=\"robots\" content=\"index, follow, max-snippet:-1, max-image-preview:large, max-video-preview:-1\" \/>\n<link rel=\"canonical\" href=\"https:\/\/horizons28.com\/sv\/arbitragehandel\/\" \/>\n<meta property=\"og:locale\" content=\"sv_SE\" \/>\n<meta property=\"og:type\" content=\"article\" \/>\n<meta property=\"og:title\" content=\"Arbitragehandel | Dra nytta av marknadens ineffektivitet med Horizons28\" \/>\n<meta property=\"og:description\" content=\"Uppt\u00e4ck riskhanterade m\u00f6jligheter till arbitragehandel p\u00e5 olika marknader. Maximera vinsterna genom smart, snabbt utf\u00f6rande med Horizons28.\" \/>\n<meta property=\"og:url\" content=\"https:\/\/horizons28.com\/sv\/arbitragehandel\/\" \/>\n<meta property=\"og:site_name\" content=\"Horizons28\" \/>\n<meta property=\"article:modified_time\" content=\"2025-04-15T08:31:04+00:00\" \/>\n<meta property=\"og:image\" content=\"http:\/\/horizons28.com\/wp-content\/uploads\/2025\/04\/arbitrage-trading.png\" \/>\n<meta name=\"twitter:card\" content=\"summary_large_image\" \/>\n<meta name=\"twitter:label1\" content=\"Ber\u00e4knad l\u00e4stid\" \/>\n\t<meta name=\"twitter:data1\" content=\"3 minuter\" \/>\n<script type=\"application\/ld+json\" class=\"yoast-schema-graph\">{\"@context\":\"https:\\\/\\\/schema.org\",\"@graph\":[{\"@type\":\"WebPage\",\"@id\":\"https:\\\/\\\/horizons28.com\\\/sv\\\/arbitragehandel\\\/\",\"url\":\"https:\\\/\\\/horizons28.com\\\/sv\\\/arbitragehandel\\\/\",\"name\":\"Arbitragehandel | Dra nytta av marknadens ineffektivitet med Horizons28\",\"isPartOf\":{\"@id\":\"http:\\\/\\\/horizons28.com\\\/sv\\\/#website\"},\"primaryImageOfPage\":{\"@id\":\"https:\\\/\\\/horizons28.com\\\/sv\\\/arbitragehandel\\\/#primaryimage\"},\"image\":{\"@id\":\"https:\\\/\\\/horizons28.com\\\/sv\\\/arbitragehandel\\\/#primaryimage\"},\"thumbnailUrl\":\"http:\\\/\\\/horizons28.com\\\/wp-content\\\/uploads\\\/2025\\\/04\\\/arbitrage-trading.png\",\"datePublished\":\"2025-04-04T07:19:52+00:00\",\"dateModified\":\"2025-04-15T08:31:04+00:00\",\"description\":\"Uppt\u00e4ck riskhanterade m\u00f6jligheter till arbitragehandel p\u00e5 olika marknader. Maximera vinsterna genom smart, snabbt utf\u00f6rande med Horizons28.\",\"breadcrumb\":{\"@id\":\"https:\\\/\\\/horizons28.com\\\/sv\\\/arbitragehandel\\\/#breadcrumb\"},\"inLanguage\":\"sv-SE\",\"potentialAction\":[{\"@type\":\"ReadAction\",\"target\":[\"https:\\\/\\\/horizons28.com\\\/sv\\\/arbitragehandel\\\/\"]}]},{\"@type\":\"ImageObject\",\"inLanguage\":\"sv-SE\",\"@id\":\"https:\\\/\\\/horizons28.com\\\/sv\\\/arbitragehandel\\\/#primaryimage\",\"url\":\"http:\\\/\\\/horizons28.com\\\/wp-content\\\/uploads\\\/2025\\\/04\\\/arbitrage-trading.png\",\"contentUrl\":\"http:\\\/\\\/horizons28.com\\\/wp-content\\\/uploads\\\/2025\\\/04\\\/arbitrage-trading.png\"},{\"@type\":\"BreadcrumbList\",\"@id\":\"https:\\\/\\\/horizons28.com\\\/sv\\\/arbitragehandel\\\/#breadcrumb\",\"itemListElement\":[{\"@type\":\"ListItem\",\"position\":1,\"name\":\"Home\",\"item\":\"https:\\\/\\\/horizons28.com\\\/sv\\\/\"},{\"@type\":\"ListItem\",\"position\":2,\"name\":\"Arbitragehandel\"}]},{\"@type\":\"WebSite\",\"@id\":\"http:\\\/\\\/horizons28.com\\\/sv\\\/#website\",\"url\":\"http:\\\/\\\/horizons28.com\\\/sv\\\/\",\"name\":\"Horizons28\",\"description\":\"\",\"potentialAction\":[{\"@type\":\"SearchAction\",\"target\":{\"@type\":\"EntryPoint\",\"urlTemplate\":\"http:\\\/\\\/horizons28.com\\\/sv\\\/?s={search_term_string}\"},\"query-input\":{\"@type\":\"PropertyValueSpecification\",\"valueRequired\":true,\"valueName\":\"search_term_string\"}}],\"inLanguage\":\"sv-SE\"}]}<\/script>\n<!-- \/ Yoast SEO plugin. -->","yoast_head_json":{"title":"Arbitragehandel | Dra nytta av marknadens ineffektivitet med Horizons28","description":"Uppt\u00e4ck riskhanterade m\u00f6jligheter till arbitragehandel p\u00e5 olika marknader. Maximera vinsterna genom smart, snabbt utf\u00f6rande med Horizons28.","robots":{"index":"index","follow":"follow","max-snippet":"max-snippet:-1","max-image-preview":"max-image-preview:large","max-video-preview":"max-video-preview:-1"},"canonical":"https:\/\/horizons28.com\/sv\/arbitragehandel\/","og_locale":"sv_SE","og_type":"article","og_title":"Arbitragehandel | Dra nytta av marknadens ineffektivitet med Horizons28","og_description":"Uppt\u00e4ck riskhanterade m\u00f6jligheter till arbitragehandel p\u00e5 olika marknader. Maximera vinsterna genom smart, snabbt utf\u00f6rande med Horizons28.","og_url":"https:\/\/horizons28.com\/sv\/arbitragehandel\/","og_site_name":"Horizons28","article_modified_time":"2025-04-15T08:31:04+00:00","og_image":[{"url":"http:\/\/horizons28.com\/wp-content\/uploads\/2025\/04\/arbitrage-trading.png","type":"","width":"","height":""}],"twitter_card":"summary_large_image","twitter_misc":{"Ber\u00e4knad l\u00e4stid":"3 minuter"},"schema":{"@context":"https:\/\/schema.org","@graph":[{"@type":"WebPage","@id":"https:\/\/horizons28.com\/sv\/arbitragehandel\/","url":"https:\/\/horizons28.com\/sv\/arbitragehandel\/","name":"Arbitragehandel | Dra nytta av marknadens ineffektivitet med Horizons28","isPartOf":{"@id":"http:\/\/horizons28.com\/sv\/#website"},"primaryImageOfPage":{"@id":"https:\/\/horizons28.com\/sv\/arbitragehandel\/#primaryimage"},"image":{"@id":"https:\/\/horizons28.com\/sv\/arbitragehandel\/#primaryimage"},"thumbnailUrl":"http:\/\/horizons28.com\/wp-content\/uploads\/2025\/04\/arbitrage-trading.png","datePublished":"2025-04-04T07:19:52+00:00","dateModified":"2025-04-15T08:31:04+00:00","description":"Uppt\u00e4ck riskhanterade m\u00f6jligheter till arbitragehandel p\u00e5 olika marknader. Maximera vinsterna genom smart, snabbt utf\u00f6rande med Horizons28.","breadcrumb":{"@id":"https:\/\/horizons28.com\/sv\/arbitragehandel\/#breadcrumb"},"inLanguage":"sv-SE","potentialAction":[{"@type":"ReadAction","target":["https:\/\/horizons28.com\/sv\/arbitragehandel\/"]}]},{"@type":"ImageObject","inLanguage":"sv-SE","@id":"https:\/\/horizons28.com\/sv\/arbitragehandel\/#primaryimage","url":"http:\/\/horizons28.com\/wp-content\/uploads\/2025\/04\/arbitrage-trading.png","contentUrl":"http:\/\/horizons28.com\/wp-content\/uploads\/2025\/04\/arbitrage-trading.png"},{"@type":"BreadcrumbList","@id":"https:\/\/horizons28.com\/sv\/arbitragehandel\/#breadcrumb","itemListElement":[{"@type":"ListItem","position":1,"name":"Home","item":"https:\/\/horizons28.com\/sv\/"},{"@type":"ListItem","position":2,"name":"Arbitragehandel"}]},{"@type":"WebSite","@id":"http:\/\/horizons28.com\/sv\/#website","url":"http:\/\/horizons28.com\/sv\/","name":"Horizons28","description":"","potentialAction":[{"@type":"SearchAction","target":{"@type":"EntryPoint","urlTemplate":"http:\/\/horizons28.com\/sv\/?s={search_term_string}"},"query-input":{"@type":"PropertyValueSpecification","valueRequired":true,"valueName":"search_term_string"}}],"inLanguage":"sv-SE"}]}},"_links":{"self":[{"href":"https:\/\/horizons28.com\/sv\/wp-json\/wp\/v2\/pages\/732","targetHints":{"allow":["GET"]}}],"collection":[{"href":"https:\/\/horizons28.com\/sv\/wp-json\/wp\/v2\/pages"}],"about":[{"href":"https:\/\/horizons28.com\/sv\/wp-json\/wp\/v2\/types\/page"}],"author":[{"embeddable":true,"href":"https:\/\/horizons28.com\/sv\/wp-json\/wp\/v2\/users\/1"}],"replies":[{"embeddable":true,"href":"https:\/\/horizons28.com\/sv\/wp-json\/wp\/v2\/comments?post=732"}],"version-history":[{"count":1,"href":"https:\/\/horizons28.com\/sv\/wp-json\/wp\/v2\/pages\/732\/revisions"}],"predecessor-version":[{"id":1245,"href":"https:\/\/horizons28.com\/sv\/wp-json\/wp\/v2\/pages\/732\/revisions\/1245"}],"wp:attachment":[{"href":"https:\/\/horizons28.com\/sv\/wp-json\/wp\/v2\/media?parent=732"}],"curies":[{"name":"wp","href":"https:\/\/api.w.org\/{rel}","templated":true}]}}