{"id":751,"date":"2025-04-02T14:13:42","date_gmt":"2025-04-02T14:13:42","guid":{"rendered":"http:\/\/horizons28.com\/instrument\/"},"modified":"2025-04-15T08:27:39","modified_gmt":"2025-04-15T08:27:39","slug":"instrument","status":"publish","type":"page","link":"https:\/\/horizons28.com\/sv\/instrument\/","title":{"rendered":"Instrument"},"content":{"rendered":"\n<h1>\n\t\tAlla marknader. En plattform. \n\t<\/h1>\n\t<p>V\u00e4lj bland ett brett utbud av handelsinstrument, inklusive valutor, index, r\u00e5varor, kryptovalutor och aktier.<\/p>\n\t\t\t<a href=\"https:\/\/area.horizons28.net\/auth\/registration\" target=\"_blank\" rel=\"noopener\">\n\t\t\t\t\t\t\tG\u00e5 med i Horizons28\n\t\t\t<\/a>\n\t\t\t\t<img loading=\"lazy\" decoding=\"async\" src=\"http:\/\/horizons28.com\/wp-content\/uploads\/2025\/04\/horizons28-instruments.png\" alt=\"horizons28-instruments\" itemprop=\"image\" height=\"500\" width=\"600\" title=\"horizons28-instruments\" onerror=\"this.style.display='none'\"  \/>\n\t\t\t<h2>Horizons28 Instrumentlista - Handel med Forex, Crypto, Stocks &amp; More<\/h2>\t\t\t\n\t\t\t\t<p>V\u00e4lj bland ett brett utbud av handelsinstrument, inklusive valutor, index, r\u00e5varor, kryptovalutor och aktier. Njut av flexibla handelsvillkor, priss\u00e4ttning i realtid och tillg\u00e5ng till globala marknader - allt p\u00e5 ett och samma st\u00e4lle. <\/p>\n\t\t\t\t<img loading=\"lazy\" decoding=\"async\" src=\"http:\/\/horizons28.com\/wp-content\/uploads\/2025\/04\/instruments-mobile.png\" alt=\"Mobile Trading Instruments\" itemprop=\"image\" height=\"1160\" width=\"610\" title=\"instruments-mobile\" onerror=\"this.style.display='none'\"  \/>\n\t\t\t<h4>FOREX VALUTOR<\/h4>\t\t\t\n\t\t\t\t<p>Handla med <strong>st\u00f6rre, mindre och exotiska valutapar<\/strong> med konkurrenskraftiga spreadar och snabb <strong>exekvering<\/strong>. Fr\u00e5n EUR\/USD till mindre k\u00e4nda par ger Horizons28 dig verktygen f\u00f6r att dra nytta <strong>av globala prisr\u00f6relser<\/strong>. <\/p>\n\t\t\t<h4>INDIKATIONER<\/h4>\t\t\t\n\t\t\t\t<p>F\u00e5 tillg\u00e5ng till v\u00e4rldens ledande index som <strong>S&amp;P 500, DAX 30 och FTSE 100.<\/strong> Med indexhandel kan du f\u00e5nga marknadstrender utan att fokusera p\u00e5 enskilda aktier - <strong>allt med effektiv exekvering<\/strong>.<\/p>\n\t\t\t<h4>HANDELSVAROR<\/h4>\t\t\t\n\t\t\t\t<p>Diversifiera med <strong>energi, metaller och jordbruksr\u00e5varor<\/strong> - handla <strong>realtidspriser p\u00e5 guld, olja, naturgas<\/strong> med mera fr\u00e5n en enda s\u00f6ml\u00f6s plattform.<\/p>\n\t\t\t<h4>STOCKS<\/h4>\t\t\t\n\t\t\t\t<p>Investera i globala toppf\u00f6retag, inklusive <strong>Apple, Tesla och Amazon.<\/strong> Handla enskilda aktier snabbt och exakt och dra <strong>nytta av f\u00f6retagsdrivna marknadsr\u00f6relser<\/strong>. <\/p>\n\t\t\t<h4>KRYPTOVALUTOR<\/h4>\t\t\t\n\t\t\t\t<p>G\u00e5 in p\u00e5 kryptomarknaden 24\/7 med <strong>Bitcoin, Ethereum<\/strong> och mer. Med Horizons28 kan <strong>du handla digitala tillg\u00e5ngar med snabb \u00e5tkomst och h\u00f6g flexibilitet<\/strong> - inga extra konton beh\u00f6vs. <\/p>\n<h3>\n\t\tRedo att handla smartare? Upplev verklig hastighet, riktiga marknader och verkliga resultat.\n\t<\/h3>\n\t\t\t<a href=\"https:\/\/area.horizons28.net\/auth\/registration\" target=\"_blank\" rel=\"noopener\">\n\t\t\t\t\t\t\t\tG\u00e5 med i Horizons28\n\t\t\t<\/a>\n\n","protected":false},"excerpt":{"rendered":"<p>Alla marknader. En plattform. V\u00e4lj bland ett brett utbud av handelsinstrument, inklusive valutor, index, r\u00e5varor, kryptovalutor och aktier. G\u00e5 med i Horizons28 Horizons28 Instrumentlista - Handel med Forex, Crypto, Stocks &amp; More V\u00e4lj bland ett brett utbud av handelsinstrument, inklusive valutor, index, r\u00e5varor, kryptovalutor och aktier. Njut av flexibla handelsvillkor, priss\u00e4ttning i realtid och tillg\u00e5ng&hellip;<\/p>\n","protected":false},"author":1,"featured_media":0,"parent":0,"menu_order":0,"comment_status":"closed","ping_status":"closed","template":"","meta":{"footnotes":""},"class_list":["post-751","page","type-page","status-publish","hentry"],"yoast_head":"<!-- This site is optimized with the Yoast SEO plugin v27.3 - https:\/\/yoast.com\/product\/yoast-seo-wordpress\/ -->\n<title>Handelsinstrument | Forex, Crypto, Indices &amp; More | Horizons28<\/title>\n<meta name=\"description\" content=\"F\u00e5 tillg\u00e5ng till ett brett utbud av handelsinstrument inklusive forex, aktier, index, r\u00e5varor och krypto p\u00e5 Horizons28:s kraftfulla plattform.\" \/>\n<meta name=\"robots\" content=\"index, follow, max-snippet:-1, max-image-preview:large, max-video-preview:-1\" \/>\n<link rel=\"canonical\" href=\"https:\/\/horizons28.com\/sv\/instrument\/\" \/>\n<meta property=\"og:locale\" content=\"sv_SE\" \/>\n<meta property=\"og:type\" content=\"article\" \/>\n<meta property=\"og:title\" content=\"Handelsinstrument | Forex, Crypto, Indices &amp; More | Horizons28\" \/>\n<meta property=\"og:description\" content=\"F\u00e5 tillg\u00e5ng till ett brett utbud av handelsinstrument inklusive forex, aktier, index, r\u00e5varor och krypto p\u00e5 Horizons28:s kraftfulla plattform.\" \/>\n<meta property=\"og:url\" content=\"https:\/\/horizons28.com\/sv\/instrument\/\" \/>\n<meta property=\"og:site_name\" content=\"Horizons28\" \/>\n<meta property=\"article:modified_time\" content=\"2025-04-15T08:27:39+00:00\" \/>\n<meta property=\"og:image\" content=\"http:\/\/horizons28.com\/wp-content\/uploads\/2025\/04\/horizons28-instruments.png\" \/>\n<meta name=\"twitter:card\" content=\"summary_large_image\" \/>\n<meta name=\"twitter:label1\" content=\"Ber\u00e4knad l\u00e4stid\" \/>\n\t<meta name=\"twitter:data1\" content=\"1 minut\" \/>\n<script type=\"application\/ld+json\" class=\"yoast-schema-graph\">{\"@context\":\"https:\\\/\\\/schema.org\",\"@graph\":[{\"@type\":\"WebPage\",\"@id\":\"https:\\\/\\\/horizons28.com\\\/sv\\\/instrument\\\/\",\"url\":\"https:\\\/\\\/horizons28.com\\\/sv\\\/instrument\\\/\",\"name\":\"Handelsinstrument | Forex, Crypto, Indices & More | Horizons28\",\"isPartOf\":{\"@id\":\"https:\\\/\\\/horizons28.com\\\/sv\\\/#website\"},\"primaryImageOfPage\":{\"@id\":\"https:\\\/\\\/horizons28.com\\\/sv\\\/instrument\\\/#primaryimage\"},\"image\":{\"@id\":\"https:\\\/\\\/horizons28.com\\\/sv\\\/instrument\\\/#primaryimage\"},\"thumbnailUrl\":\"http:\\\/\\\/horizons28.com\\\/wp-content\\\/uploads\\\/2025\\\/04\\\/horizons28-instruments.png\",\"datePublished\":\"2025-04-02T14:13:42+00:00\",\"dateModified\":\"2025-04-15T08:27:39+00:00\",\"description\":\"F\u00e5 tillg\u00e5ng till ett brett utbud av handelsinstrument inklusive forex, aktier, index, r\u00e5varor och krypto p\u00e5 Horizons28:s kraftfulla plattform.\",\"breadcrumb\":{\"@id\":\"https:\\\/\\\/horizons28.com\\\/sv\\\/instrument\\\/#breadcrumb\"},\"inLanguage\":\"sv-SE\",\"potentialAction\":[{\"@type\":\"ReadAction\",\"target\":[\"https:\\\/\\\/horizons28.com\\\/sv\\\/instrument\\\/\"]}]},{\"@type\":\"ImageObject\",\"inLanguage\":\"sv-SE\",\"@id\":\"https:\\\/\\\/horizons28.com\\\/sv\\\/instrument\\\/#primaryimage\",\"url\":\"http:\\\/\\\/horizons28.com\\\/wp-content\\\/uploads\\\/2025\\\/04\\\/horizons28-instruments.png\",\"contentUrl\":\"http:\\\/\\\/horizons28.com\\\/wp-content\\\/uploads\\\/2025\\\/04\\\/horizons28-instruments.png\"},{\"@type\":\"BreadcrumbList\",\"@id\":\"https:\\\/\\\/horizons28.com\\\/sv\\\/instrument\\\/#breadcrumb\",\"itemListElement\":[{\"@type\":\"ListItem\",\"position\":1,\"name\":\"Home\",\"item\":\"https:\\\/\\\/horizons28.com\\\/sv\\\/\"},{\"@type\":\"ListItem\",\"position\":2,\"name\":\"Instrument\"}]},{\"@type\":\"WebSite\",\"@id\":\"https:\\\/\\\/horizons28.com\\\/sv\\\/#website\",\"url\":\"https:\\\/\\\/horizons28.com\\\/sv\\\/\",\"name\":\"Horizons28\",\"description\":\"\",\"potentialAction\":[{\"@type\":\"SearchAction\",\"target\":{\"@type\":\"EntryPoint\",\"urlTemplate\":\"https:\\\/\\\/horizons28.com\\\/sv\\\/?s={search_term_string}\"},\"query-input\":{\"@type\":\"PropertyValueSpecification\",\"valueRequired\":true,\"valueName\":\"search_term_string\"}}],\"inLanguage\":\"sv-SE\"}]}<\/script>\n<!-- \/ Yoast SEO plugin. -->","yoast_head_json":{"title":"Handelsinstrument | Forex, Crypto, Indices & More | Horizons28","description":"F\u00e5 tillg\u00e5ng till ett brett utbud av handelsinstrument inklusive forex, aktier, index, r\u00e5varor och krypto p\u00e5 Horizons28:s kraftfulla plattform.","robots":{"index":"index","follow":"follow","max-snippet":"max-snippet:-1","max-image-preview":"max-image-preview:large","max-video-preview":"max-video-preview:-1"},"canonical":"https:\/\/horizons28.com\/sv\/instrument\/","og_locale":"sv_SE","og_type":"article","og_title":"Handelsinstrument | Forex, Crypto, Indices & More | Horizons28","og_description":"F\u00e5 tillg\u00e5ng till ett brett utbud av handelsinstrument inklusive forex, aktier, index, r\u00e5varor och krypto p\u00e5 Horizons28:s kraftfulla plattform.","og_url":"https:\/\/horizons28.com\/sv\/instrument\/","og_site_name":"Horizons28","article_modified_time":"2025-04-15T08:27:39+00:00","og_image":[{"url":"http:\/\/horizons28.com\/wp-content\/uploads\/2025\/04\/horizons28-instruments.png","type":"","width":"","height":""}],"twitter_card":"summary_large_image","twitter_misc":{"Ber\u00e4knad l\u00e4stid":"1 minut"},"schema":{"@context":"https:\/\/schema.org","@graph":[{"@type":"WebPage","@id":"https:\/\/horizons28.com\/sv\/instrument\/","url":"https:\/\/horizons28.com\/sv\/instrument\/","name":"Handelsinstrument | Forex, Crypto, Indices & More | Horizons28","isPartOf":{"@id":"https:\/\/horizons28.com\/sv\/#website"},"primaryImageOfPage":{"@id":"https:\/\/horizons28.com\/sv\/instrument\/#primaryimage"},"image":{"@id":"https:\/\/horizons28.com\/sv\/instrument\/#primaryimage"},"thumbnailUrl":"http:\/\/horizons28.com\/wp-content\/uploads\/2025\/04\/horizons28-instruments.png","datePublished":"2025-04-02T14:13:42+00:00","dateModified":"2025-04-15T08:27:39+00:00","description":"F\u00e5 tillg\u00e5ng till ett brett utbud av handelsinstrument inklusive forex, aktier, index, r\u00e5varor och krypto p\u00e5 Horizons28:s kraftfulla plattform.","breadcrumb":{"@id":"https:\/\/horizons28.com\/sv\/instrument\/#breadcrumb"},"inLanguage":"sv-SE","potentialAction":[{"@type":"ReadAction","target":["https:\/\/horizons28.com\/sv\/instrument\/"]}]},{"@type":"ImageObject","inLanguage":"sv-SE","@id":"https:\/\/horizons28.com\/sv\/instrument\/#primaryimage","url":"http:\/\/horizons28.com\/wp-content\/uploads\/2025\/04\/horizons28-instruments.png","contentUrl":"http:\/\/horizons28.com\/wp-content\/uploads\/2025\/04\/horizons28-instruments.png"},{"@type":"BreadcrumbList","@id":"https:\/\/horizons28.com\/sv\/instrument\/#breadcrumb","itemListElement":[{"@type":"ListItem","position":1,"name":"Home","item":"https:\/\/horizons28.com\/sv\/"},{"@type":"ListItem","position":2,"name":"Instrument"}]},{"@type":"WebSite","@id":"https:\/\/horizons28.com\/sv\/#website","url":"https:\/\/horizons28.com\/sv\/","name":"Horizons28","description":"","potentialAction":[{"@type":"SearchAction","target":{"@type":"EntryPoint","urlTemplate":"https:\/\/horizons28.com\/sv\/?s={search_term_string}"},"query-input":{"@type":"PropertyValueSpecification","valueRequired":true,"valueName":"search_term_string"}}],"inLanguage":"sv-SE"}]}},"_links":{"self":[{"href":"https:\/\/horizons28.com\/sv\/wp-json\/wp\/v2\/pages\/751","targetHints":{"allow":["GET"]}}],"collection":[{"href":"https:\/\/horizons28.com\/sv\/wp-json\/wp\/v2\/pages"}],"about":[{"href":"https:\/\/horizons28.com\/sv\/wp-json\/wp\/v2\/types\/page"}],"author":[{"embeddable":true,"href":"https:\/\/horizons28.com\/sv\/wp-json\/wp\/v2\/users\/1"}],"replies":[{"embeddable":true,"href":"https:\/\/horizons28.com\/sv\/wp-json\/wp\/v2\/comments?post=751"}],"version-history":[{"count":1,"href":"https:\/\/horizons28.com\/sv\/wp-json\/wp\/v2\/pages\/751\/revisions"}],"predecessor-version":[{"id":1240,"href":"https:\/\/horizons28.com\/sv\/wp-json\/wp\/v2\/pages\/751\/revisions\/1240"}],"wp:attachment":[{"href":"https:\/\/horizons28.com\/sv\/wp-json\/wp\/v2\/media?parent=751"}],"curies":[{"name":"wp","href":"https:\/\/api.w.org\/{rel}","templated":true}]}}